{"id":1143,"date":"2014-01-06T17:44:15","date_gmt":"2014-01-06T16:44:15","guid":{"rendered":"http:\/\/hgv-jesberg.de\/?p=1143"},"modified":"2023-03-09T14:53:16","modified_gmt":"2023-03-09T13:53:16","slug":"nazi-herrschaft-zusammenbruch-evakuierte-vertriebene-u-besatzer","status":"publish","type":"page","link":"https:\/\/buh-jesberg.de\/index.php\/nazi-herrschaft-zusammenbruch-evakuierte-vertriebene-u-besatzer\/","title":{"rendered":"Nazi-Herrschaft, Zusammenbruch, Evakuierte, Vertriebene u. Besatzer"},"content":{"rendered":"\t\t<div data-elementor-type=\"wp-post\" data-elementor-id=\"1143\" class=\"elementor elementor-1143\" data-elementor-post-type=\"page\">\n\t\t\t\t\t\t<section class=\"elementor-section elementor-top-section elementor-element elementor-element-1012126f elementor-section-boxed elementor-section-height-default elementor-section-height-default\" data-id=\"1012126f\" data-element_type=\"section\" data-e-type=\"section\">\n\t\t\t\t\t\t<div class=\"elementor-container elementor-column-gap-default\">\n\t\t\t\t\t<div class=\"elementor-column elementor-col-100 elementor-top-column elementor-element elementor-element-226bc0d8\" data-id=\"226bc0d8\" data-element_type=\"column\" data-e-type=\"column\">\n\t\t\t<div class=\"elementor-widget-wrap elementor-element-populated\">\n\t\t\t\t\t\t<div class=\"elementor-element elementor-element-507a9270 elementor-widget elementor-widget-text-editor\" data-id=\"507a9270\" data-element_type=\"widget\" data-e-type=\"widget\" data-widget_type=\"text-editor.default\">\n\t\t\t\t<div class=\"elementor-widget-container\">\n\t\t\t\t\t\t\t\t\t<p><b>Liebe Vereinsmitglieder, liebe Bewohner der Gro\u00dfgemeinde Jesberg!<\/b><\/p><p>Wir m\u00f6chten Sie zu einer weiteren <b>VEREINSVERANSTALTUNG <\/b>einladen:<\/p><p><b>Termin:<br \/>MITTWOCH, 22.JANUAR 2014, 15.30 UHR IM MAXIMILIAN-SCHLOSS.<\/b><\/p><p><b>Zu dieser Nachmittagsveranstaltung sorgt unser Vorstandsmitglied Sandra Kurzrock-Tomaszewski f\u00fcr KAFFEE UND KUCHEN.<\/b><\/p><p><b>Thema:<br \/>Wie hat sich die Nazi-Herrschaft, der Zusammenbruch, die Aufnahme von Evakuierten und Vertriebenen, der Einmarsch der amerikanischen Besatzer in unserem Jesberg ausgewirkt?<\/b><\/p><p><b>WAS K\u00d6NNEN ZEITZEUGEN AUS UNSERER GROSSGEMEINDE DAZU BERICHTEN?<\/b><\/p><p>Dazu sei erinnert an unseren Abend vom 20.9.2013 mit dem <b>REFERENTEN HERMANN SAUER <\/b>zu dieser Thematik\u00a0 <b>(Nazi-Herrschaft, Zusammenbruch, Evakuierte und Vertriebene, amerikanische Besatzer).<\/b><\/p><p><img decoding=\"async\" class=\"size-medium wp-image-4738 alignleft\" src=\"https:\/\/2023.buh-jesberg.de\/wp-content\/uploads\/2023\/02\/22-1-300x156.jpg\" alt=\"\" width=\"300\" height=\"156\" srcset=\"https:\/\/buh-jesberg.de\/wp-content\/uploads\/2023\/02\/22-1-300x156.jpg 300w, https:\/\/buh-jesberg.de\/wp-content\/uploads\/2023\/02\/22-1.jpg 643w\" sizes=\"(max-width: 300px) 100vw, 300px\" \/>Der Abend stie\u00df auf ganz ungew\u00f6hnlich gro\u00dfes Interesse in der Bev\u00f6lkerung, fast <b>100 Besucher<\/b>, eine wohl \u00e4u\u00dferst selten erreichte Teilnehmerzahl.<\/p><p>Als <b>Schwerpunkte<\/b> kamen &#8211; neben dem pers\u00f6nlichen Familienschicksal &#8211; heraus:<\/p><p><b>Schicksal der ca. 80 Juden<\/b>, die in Jesberg lebten und dann dem Hass zum Opfer fielen. Viele von ihnen konnten wohl noch auswandern, Verbliebene fanden ihr schreckliches Ende in deutschen Vernichtungslagern.<\/p><p><b>\u00dcber 90 gefallene Soldaten<\/b>, eine kolossal hohe Zahl, wenn man bedenkt, dass zu Beginn des Kriegs ca. 1000 Menschen in Jesberg lebten, H\u00e4lfte Frauen, von den verbleibenden 500 m\u00e4nnlichen Geschlechts sicher mehr als die H\u00e4lfte noch zu jung oder schon zu alt f\u00fcr den Einsatz als Soldaten. Folge: mehr als jeder dritte Jesberger Mann im Soldatenalter hat sein Leben in einem gr\u00f6\u00dfenwahnsinnigen Krieg verloren.<\/p><p>Eine gro\u00dfe <b>Bereicherung<\/b> erfuhr der Ort durch die <b>Evakuierten, Fl\u00fcchtlinge und Vertriebenen<\/b>, dadurch Anstieg der Bev\u00f6lkerung von zun\u00e4chst 1000 dann auf <b>1800 Bewohner<\/b>.<\/p><p>Zum Schluss besonders ber\u00fchrend der Bericht, er habe in den Unterlagen seines Vaters das sehr tragische Schicksal eines Jesbergers nachlesen k\u00f6nnen: Von <b>1936 an bis Kriegsende in verschiedenen Konzentrationslagern <\/b>und bei Kriegsende als einer von Wenigen im Konzentrationslager Buchenwald von den Amerikanern befreit &#8211; das Verbrechen des Lagerinsassen: eine nicht gew\u00fcnschte Religion, der er nicht abschwor.<\/p><p>So sehr es dem Referenten Sauer auch gelang, die Thematik kenntnisreich, plastisch und bewegend darzubieten, die Teilnehmer in den Bann zu ziehen, konnte er viele Gesichtspunkte nur anrei\u00dfen, auch weil er \u00fcber manche Punkte nat\u00fcrlich nicht genaue Kenntnisse in alle Einzelheiten hat. Deshalb regte H. Sauer in seinem Vortrag wiederholt an, weitere Einzelheiten in Gespr\u00e4chen mit noch lebenden Zeitzeugen versuchen zu erfragen. Und es war an dem Abend auch der sichere Eindruck zu gewinnen, dass tats\u00e4chlich Zeitzeugen noch viele Kenntnisse beitragen k\u00f6nnten und dass sie ihre Kenntnisse und Erlebnisse auch gern loswerden wollen, gern erz\u00e4hlen und berichten w\u00fcrden.<img fetchpriority=\"high\" decoding=\"async\" class=\"size-medium wp-image-4739 alignright\" src=\"https:\/\/2023.buh-jesberg.de\/wp-content\/uploads\/2023\/02\/22-2-300x199.jpg\" alt=\"\" width=\"300\" height=\"199\" srcset=\"https:\/\/buh-jesberg.de\/wp-content\/uploads\/2023\/02\/22-2-300x199.jpg 300w, https:\/\/buh-jesberg.de\/wp-content\/uploads\/2023\/02\/22-2.jpg 614w\" sizes=\"(max-width: 300px) 100vw, 300px\" \/><\/p><p>Deshalb soll unser Nachmittag der Vertiefung dieser Thematik dienen. <b>Wir laden alle m\u00f6glichen Zeitzeugen ein, um im Gespr\u00e4ch \u00fcber unsere von ihnen noch erlebte Ortsgeschichte Geschichte zu erfahren und dauerhaft zu dokumentieren.<\/b> Selbstverst\u00e4ndlich laden wir auch alle anderen Vereinsmitglieder und Ortsbewohner dazu ein, sicher f\u00fcr alle wieder sehr interessant.<\/p><p>Klarstellend sei nochmals hervorgehoben: Es geht uns nicht darum, damalige Vorkommnisse und damals Beteiligte aus heutiger bequemer Sicht an den Pranger zu stellen. Es sollte aber auch nicht sein, dass dieser Teil der Ortsgeschichte dauerhaft fast ganz verschwiegen bleibt.<\/p><p>Es gr\u00fc\u00dft Sie wieder in heimatlicher Verbundenheit<\/p><p>Ihr <b>Friedhelm Damm (Vors.)<\/b><\/p>\t\t\t\t\t\t\t\t<\/div>\n\t\t\t\t<\/div>\n\t\t\t\t\t<\/div>\n\t\t<\/div>\n\t\t\t\t\t<\/div>\n\t\t<\/section>\n\t\t\t\t<\/div>\n\t\t","protected":false},"excerpt":{"rendered":"<p>Liebe Vereinsmitglieder, liebe Bewohner der Gro\u00dfgemeinde Jesberg! Wir m\u00f6chten Sie zu einer weiteren VEREINSVERANSTALTUNG einladen: Termin: MITTWOCH, 22.JANUAR 2014, 15.30 UHR IM MAXIMILIAN-SCHLOSS. Zu dieser Nachmittagsveranstaltung sorgt unser Vorstandsmitglied Sandra [&hellip;]<\/p>\n","protected":false},"author":2,"featured_media":0,"parent":0,"menu_order":0,"comment_status":"closed","ping_status":"closed","template":"","meta":{"_monsterinsights_skip_tracking":false,"_monsterinsights_sitenote_active":false,"_monsterinsights_sitenote_note":"","_monsterinsights_sitenote_category":0,"footnotes":""},"class_list":["post-1143","page","type-page","status-publish","hentry"],"yoast_head":"<!-- This site is optimized with the Yoast SEO plugin v27.5 - https:\/\/yoast.com\/product\/yoast-seo-wordpress\/ -->\n<title>Nazi-Herrschaft, Zusammenbruch, Evakuierte, Vertriebene u. Besatzer - Burg und Heimatverein Jesberg e.V.<\/title>\n<meta name=\"robots\" content=\"index, follow, max-snippet:-1, max-image-preview:large, max-video-preview:-1\" \/>\n<link rel=\"canonical\" href=\"https:\/\/buh-jesberg.de\/index.php\/nazi-herrschaft-zusammenbruch-evakuierte-vertriebene-u-besatzer\/\" \/>\n<meta property=\"og:locale\" content=\"de_DE\" \/>\n<meta property=\"og:type\" content=\"article\" \/>\n<meta property=\"og:title\" content=\"Nazi-Herrschaft, Zusammenbruch, Evakuierte, Vertriebene u. Besatzer - Burg und Heimatverein Jesberg e.V.\" \/>\n<meta property=\"og:description\" content=\"Liebe Vereinsmitglieder, liebe Bewohner der Gro\u00dfgemeinde Jesberg! Wir m\u00f6chten Sie zu einer weiteren VEREINSVERANSTALTUNG einladen: Termin: MITTWOCH, 22.JANUAR 2014, 15.30 UHR IM MAXIMILIAN-SCHLOSS. Zu dieser Nachmittagsveranstaltung sorgt unser Vorstandsmitglied Sandra [&hellip;]\" \/>\n<meta property=\"og:url\" content=\"https:\/\/buh-jesberg.de\/index.php\/nazi-herrschaft-zusammenbruch-evakuierte-vertriebene-u-besatzer\/\" \/>\n<meta property=\"og:site_name\" content=\"Burg und Heimatverein Jesberg e.V.\" \/>\n<meta property=\"article:modified_time\" content=\"2023-03-09T13:53:16+00:00\" \/>\n<meta property=\"og:image\" content=\"https:\/\/buh-jesberg.de\/wp-content\/uploads\/2023\/02\/22-1-300x156.jpg\" \/>\n<meta name=\"twitter:card\" content=\"summary_large_image\" \/>\n<meta name=\"twitter:label1\" content=\"Gesch\u00e4tzte Lesezeit\" \/>\n\t<meta name=\"twitter:data1\" content=\"4\u00a0Minuten\" \/>\n<script type=\"application\/ld+json\" class=\"yoast-schema-graph\">{\"@context\":\"https:\\\/\\\/schema.org\",\"@graph\":[{\"@type\":\"WebPage\",\"@id\":\"https:\\\/\\\/buh-jesberg.de\\\/index.php\\\/nazi-herrschaft-zusammenbruch-evakuierte-vertriebene-u-besatzer\\\/\",\"url\":\"https:\\\/\\\/buh-jesberg.de\\\/index.php\\\/nazi-herrschaft-zusammenbruch-evakuierte-vertriebene-u-besatzer\\\/\",\"name\":\"Nazi-Herrschaft, Zusammenbruch, Evakuierte, Vertriebene u. Besatzer - Burg und Heimatverein Jesberg e.V.\",\"isPartOf\":{\"@id\":\"https:\\\/\\\/buh-jesberg.de\\\/#website\"},\"primaryImageOfPage\":{\"@id\":\"https:\\\/\\\/buh-jesberg.de\\\/index.php\\\/nazi-herrschaft-zusammenbruch-evakuierte-vertriebene-u-besatzer\\\/#primaryimage\"},\"image\":{\"@id\":\"https:\\\/\\\/buh-jesberg.de\\\/index.php\\\/nazi-herrschaft-zusammenbruch-evakuierte-vertriebene-u-besatzer\\\/#primaryimage\"},\"thumbnailUrl\":\"https:\\\/\\\/buh-jesberg.de\\\/wp-content\\\/uploads\\\/2023\\\/02\\\/22-1-300x156.jpg\",\"datePublished\":\"2014-01-06T16:44:15+00:00\",\"dateModified\":\"2023-03-09T13:53:16+00:00\",\"breadcrumb\":{\"@id\":\"https:\\\/\\\/buh-jesberg.de\\\/index.php\\\/nazi-herrschaft-zusammenbruch-evakuierte-vertriebene-u-besatzer\\\/#breadcrumb\"},\"inLanguage\":\"de\",\"potentialAction\":[{\"@type\":\"ReadAction\",\"target\":[\"https:\\\/\\\/buh-jesberg.de\\\/index.php\\\/nazi-herrschaft-zusammenbruch-evakuierte-vertriebene-u-besatzer\\\/\"]}]},{\"@type\":\"ImageObject\",\"inLanguage\":\"de\",\"@id\":\"https:\\\/\\\/buh-jesberg.de\\\/index.php\\\/nazi-herrschaft-zusammenbruch-evakuierte-vertriebene-u-besatzer\\\/#primaryimage\",\"url\":\"https:\\\/\\\/buh-jesberg.de\\\/wp-content\\\/uploads\\\/2023\\\/02\\\/22-1.jpg\",\"contentUrl\":\"https:\\\/\\\/buh-jesberg.de\\\/wp-content\\\/uploads\\\/2023\\\/02\\\/22-1.jpg\",\"width\":643,\"height\":335},{\"@type\":\"BreadcrumbList\",\"@id\":\"https:\\\/\\\/buh-jesberg.de\\\/index.php\\\/nazi-herrschaft-zusammenbruch-evakuierte-vertriebene-u-besatzer\\\/#breadcrumb\",\"itemListElement\":[{\"@type\":\"ListItem\",\"position\":1,\"name\":\"Startseite\",\"item\":\"https:\\\/\\\/buh-jesberg.de\\\/\"},{\"@type\":\"ListItem\",\"position\":2,\"name\":\"Nazi-Herrschaft, Zusammenbruch, Evakuierte, Vertriebene u. Besatzer\"}]},{\"@type\":\"WebSite\",\"@id\":\"https:\\\/\\\/buh-jesberg.de\\\/#website\",\"url\":\"https:\\\/\\\/buh-jesberg.de\\\/\",\"name\":\"Burg und Heimatverein Jesberg e.V.\",\"description\":\"Gemeinn\u00fctziger Verein in Jesberg\",\"publisher\":{\"@id\":\"https:\\\/\\\/buh-jesberg.de\\\/#organization\"},\"potentialAction\":[{\"@type\":\"SearchAction\",\"target\":{\"@type\":\"EntryPoint\",\"urlTemplate\":\"https:\\\/\\\/buh-jesberg.de\\\/?s={search_term_string}\"},\"query-input\":{\"@type\":\"PropertyValueSpecification\",\"valueRequired\":true,\"valueName\":\"search_term_string\"}}],\"inLanguage\":\"de\"},{\"@type\":\"Organization\",\"@id\":\"https:\\\/\\\/buh-jesberg.de\\\/#organization\",\"name\":\"Burg und Heimatverein Jesberg e.V.\",\"url\":\"https:\\\/\\\/buh-jesberg.de\\\/\",\"logo\":{\"@type\":\"ImageObject\",\"inLanguage\":\"de\",\"@id\":\"https:\\\/\\\/buh-jesberg.de\\\/#\\\/schema\\\/logo\\\/image\\\/\",\"url\":\"https:\\\/\\\/buh-jesberg.de\\\/wp-content\\\/uploads\\\/2023\\\/01\\\/Website_Logo-e1674580236324.jpg\",\"contentUrl\":\"https:\\\/\\\/buh-jesberg.de\\\/wp-content\\\/uploads\\\/2023\\\/01\\\/Website_Logo-e1674580236324.jpg\",\"width\":500,\"height\":501,\"caption\":\"Burg und Heimatverein Jesberg e.V.\"},\"image\":{\"@id\":\"https:\\\/\\\/buh-jesberg.de\\\/#\\\/schema\\\/logo\\\/image\\\/\"}}]}<\/script>\n<!-- \/ Yoast SEO plugin. -->","yoast_head_json":{"title":"Nazi-Herrschaft, Zusammenbruch, Evakuierte, Vertriebene u. Besatzer - Burg und Heimatverein Jesberg e.V.","robots":{"index":"index","follow":"follow","max-snippet":"max-snippet:-1","max-image-preview":"max-image-preview:large","max-video-preview":"max-video-preview:-1"},"canonical":"https:\/\/buh-jesberg.de\/index.php\/nazi-herrschaft-zusammenbruch-evakuierte-vertriebene-u-besatzer\/","og_locale":"de_DE","og_type":"article","og_title":"Nazi-Herrschaft, Zusammenbruch, Evakuierte, Vertriebene u. Besatzer - Burg und Heimatverein Jesberg e.V.","og_description":"Liebe Vereinsmitglieder, liebe Bewohner der Gro\u00dfgemeinde Jesberg! Wir m\u00f6chten Sie zu einer weiteren VEREINSVERANSTALTUNG einladen: Termin: MITTWOCH, 22.JANUAR 2014, 15.30 UHR IM MAXIMILIAN-SCHLOSS. Zu dieser Nachmittagsveranstaltung sorgt unser Vorstandsmitglied Sandra [&hellip;]","og_url":"https:\/\/buh-jesberg.de\/index.php\/nazi-herrschaft-zusammenbruch-evakuierte-vertriebene-u-besatzer\/","og_site_name":"Burg und Heimatverein Jesberg e.V.","article_modified_time":"2023-03-09T13:53:16+00:00","og_image":[{"url":"https:\/\/buh-jesberg.de\/wp-content\/uploads\/2023\/02\/22-1-300x156.jpg","type":"","width":"","height":""}],"twitter_card":"summary_large_image","twitter_misc":{"Gesch\u00e4tzte Lesezeit":"4\u00a0Minuten"},"schema":{"@context":"https:\/\/schema.org","@graph":[{"@type":"WebPage","@id":"https:\/\/buh-jesberg.de\/index.php\/nazi-herrschaft-zusammenbruch-evakuierte-vertriebene-u-besatzer\/","url":"https:\/\/buh-jesberg.de\/index.php\/nazi-herrschaft-zusammenbruch-evakuierte-vertriebene-u-besatzer\/","name":"Nazi-Herrschaft, Zusammenbruch, Evakuierte, Vertriebene u. Besatzer - Burg und Heimatverein Jesberg e.V.","isPartOf":{"@id":"https:\/\/buh-jesberg.de\/#website"},"primaryImageOfPage":{"@id":"https:\/\/buh-jesberg.de\/index.php\/nazi-herrschaft-zusammenbruch-evakuierte-vertriebene-u-besatzer\/#primaryimage"},"image":{"@id":"https:\/\/buh-jesberg.de\/index.php\/nazi-herrschaft-zusammenbruch-evakuierte-vertriebene-u-besatzer\/#primaryimage"},"thumbnailUrl":"https:\/\/buh-jesberg.de\/wp-content\/uploads\/2023\/02\/22-1-300x156.jpg","datePublished":"2014-01-06T16:44:15+00:00","dateModified":"2023-03-09T13:53:16+00:00","breadcrumb":{"@id":"https:\/\/buh-jesberg.de\/index.php\/nazi-herrschaft-zusammenbruch-evakuierte-vertriebene-u-besatzer\/#breadcrumb"},"inLanguage":"de","potentialAction":[{"@type":"ReadAction","target":["https:\/\/buh-jesberg.de\/index.php\/nazi-herrschaft-zusammenbruch-evakuierte-vertriebene-u-besatzer\/"]}]},{"@type":"ImageObject","inLanguage":"de","@id":"https:\/\/buh-jesberg.de\/index.php\/nazi-herrschaft-zusammenbruch-evakuierte-vertriebene-u-besatzer\/#primaryimage","url":"https:\/\/buh-jesberg.de\/wp-content\/uploads\/2023\/02\/22-1.jpg","contentUrl":"https:\/\/buh-jesberg.de\/wp-content\/uploads\/2023\/02\/22-1.jpg","width":643,"height":335},{"@type":"BreadcrumbList","@id":"https:\/\/buh-jesberg.de\/index.php\/nazi-herrschaft-zusammenbruch-evakuierte-vertriebene-u-besatzer\/#breadcrumb","itemListElement":[{"@type":"ListItem","position":1,"name":"Startseite","item":"https:\/\/buh-jesberg.de\/"},{"@type":"ListItem","position":2,"name":"Nazi-Herrschaft, Zusammenbruch, Evakuierte, Vertriebene u. Besatzer"}]},{"@type":"WebSite","@id":"https:\/\/buh-jesberg.de\/#website","url":"https:\/\/buh-jesberg.de\/","name":"Burg und Heimatverein Jesberg e.V.","description":"Gemeinn\u00fctziger Verein in Jesberg","publisher":{"@id":"https:\/\/buh-jesberg.de\/#organization"},"potentialAction":[{"@type":"SearchAction","target":{"@type":"EntryPoint","urlTemplate":"https:\/\/buh-jesberg.de\/?s={search_term_string}"},"query-input":{"@type":"PropertyValueSpecification","valueRequired":true,"valueName":"search_term_string"}}],"inLanguage":"de"},{"@type":"Organization","@id":"https:\/\/buh-jesberg.de\/#organization","name":"Burg und Heimatverein Jesberg e.V.","url":"https:\/\/buh-jesberg.de\/","logo":{"@type":"ImageObject","inLanguage":"de","@id":"https:\/\/buh-jesberg.de\/#\/schema\/logo\/image\/","url":"https:\/\/buh-jesberg.de\/wp-content\/uploads\/2023\/01\/Website_Logo-e1674580236324.jpg","contentUrl":"https:\/\/buh-jesberg.de\/wp-content\/uploads\/2023\/01\/Website_Logo-e1674580236324.jpg","width":500,"height":501,"caption":"Burg und Heimatverein Jesberg e.V."},"image":{"@id":"https:\/\/buh-jesberg.de\/#\/schema\/logo\/image\/"}}]}},"_links":{"self":[{"href":"https:\/\/buh-jesberg.de\/index.php\/wp-json\/wp\/v2\/pages\/1143","targetHints":{"allow":["GET"]}}],"collection":[{"href":"https:\/\/buh-jesberg.de\/index.php\/wp-json\/wp\/v2\/pages"}],"about":[{"href":"https:\/\/buh-jesberg.de\/index.php\/wp-json\/wp\/v2\/types\/page"}],"author":[{"embeddable":true,"href":"https:\/\/buh-jesberg.de\/index.php\/wp-json\/wp\/v2\/users\/2"}],"replies":[{"embeddable":true,"href":"https:\/\/buh-jesberg.de\/index.php\/wp-json\/wp\/v2\/comments?post=1143"}],"version-history":[{"count":13,"href":"https:\/\/buh-jesberg.de\/index.php\/wp-json\/wp\/v2\/pages\/1143\/revisions"}],"predecessor-version":[{"id":5425,"href":"https:\/\/buh-jesberg.de\/index.php\/wp-json\/wp\/v2\/pages\/1143\/revisions\/5425"}],"wp:attachment":[{"href":"https:\/\/buh-jesberg.de\/index.php\/wp-json\/wp\/v2\/media?parent=1143"}],"curies":[{"name":"wp","href":"https:\/\/api.w.org\/{rel}","templated":true}]}}