{"id":1157,"date":"2014-02-04T20:42:12","date_gmt":"2014-02-04T19:42:12","guid":{"rendered":"http:\/\/hgv-jesberg.de\/?p=1157"},"modified":"2023-05-22T09:48:01","modified_gmt":"2023-05-22T07:48:01","slug":"nazi-herrschaft-juden-und-reichskristallnacht","status":"publish","type":"page","link":"https:\/\/buh-jesberg.de\/index.php\/nazi-herrschaft-juden-und-reichskristallnacht\/","title":{"rendered":"Nazi-Herrschaft, Juden und Reichskristallnacht"},"content":{"rendered":"\t\t<div data-elementor-type=\"wp-page\" data-elementor-id=\"1157\" class=\"elementor elementor-1157\" data-elementor-post-type=\"page\">\n\t\t\t\t\t\t<section class=\"elementor-section elementor-top-section elementor-element elementor-element-75627f0d elementor-section-boxed elementor-section-height-default elementor-section-height-default\" data-id=\"75627f0d\" data-element_type=\"section\" data-e-type=\"section\">\n\t\t\t\t\t\t<div class=\"elementor-container elementor-column-gap-default\">\n\t\t\t\t\t<div class=\"elementor-column elementor-col-100 elementor-top-column elementor-element elementor-element-3253fb82\" data-id=\"3253fb82\" data-element_type=\"column\" data-e-type=\"column\">\n\t\t\t<div class=\"elementor-widget-wrap elementor-element-populated\">\n\t\t\t\t\t\t<div class=\"elementor-element elementor-element-486f428d elementor-widget elementor-widget-text-editor\" data-id=\"486f428d\" data-element_type=\"widget\" data-e-type=\"widget\" data-widget_type=\"text-editor.default\">\n\t\t\t\t<div class=\"elementor-widget-container\">\n\t\t\t\t\t\t\t\t\t<p><strong>Liebe Vereinsmitglieder,<\/strong><br \/><strong> liebe Bewohner der Gro\u00dfgemeinde Jesberg!<\/strong><\/p><p>Wir blicken zur\u00fcck auf unsere letzte Vereinsveranstaltung vom Mittwoch, den 22.1.2014, 15.30 Uhr im Maximilian-Schloss mit dem Thema:<br \/>Nazi-Herrschaft, Juden und Reichskristallnacht, Zusammenbruch, Einmarsch der amerikanischen Besatzer in unserem Jesberg.<\/p><p>WAS K\u00d6NNEN ZEITZEUGEN AUS UNSERER GROSSGEMEINDE DAZU BERICHTEN?<\/p><p>Zu der Veranstaltung konnten wir wieder eine gro\u00dfe Zahl von Teilnehmern, diesmal ca. 45, begr\u00fc\u00dfen, vor allem, wie von uns erhofft, auch viele Zeitzeugen. Von diesen seien die \u00e4ltesten, noch so erfreulich r\u00fcstigen und mit der Ortsgeschichte besonders vertrauten mit bester Erinnerung hier namentlich hervorgehoben: Hch. Priester und Anni Nickel, geb. Aubel.<\/p><p>In gem\u00fctlicher Runde bei Kafffee und Kuchen, sp\u00e4ter auch Bier und Gehacktesbroten, berichteten die Zeugen von ihren Erlebnissen und den Ereignissen im Ort, die ihnen noch in bleibender Erinnerung sind und die f\u00fcr uns &#8211; auch nicht mehr jung, aber schon Nachkriegsgeborene &#8211; von gro\u00dfem Erkenntniswert waren. So haben wir erfahren, dass viele interessante Kenntnisse und Erinnerungen noch vorhanden sind. Selbstverst\u00e4ndlich konnten die vielen Zeugen in dieser gro\u00dfen Runde nicht alles loswerden, was sie wissen und bekunden wollen. Deshalb werden wir an einige Zeugen und Hobbyforscher nochmal im kleineren Kreis herantreten, um noch mehr Einzelheiten zu erfahren und auf Dauer zu dokumentieren.<\/p><p>Bei dieser Gelegenheit \u00fcberreichte uns unser langj\u00e4hriges Vereinsmitglied Fritz Postert, oftmals ein handwerklich geschickter und tatkr\u00e4ftiger Helfer, besonders bei der Restaurierung des Vereinshauses an der Zehntscheune, und regelm\u00e4\u00dfiger Besucher unserer Veranstaltungen, einen alten Bierkrug f\u00fcr das Vereinsmuseum. Dieser Krug stammt aus dem Bestand des verstorbenen fr\u00fcheren Gesangvereinsvorsitzenden Georg Albracht und erinnert an die &#8211; zwangsweise &#8211; Vereinigung der damaligen zwei \u00f6rtlichen Gesangvereine im Jahr 1933.<br \/>Wir danken unserem Vorstandsmitglied Sandra Kurzrock-Tomaszewski daf\u00fcr, dass sie die Bewirtung der Teilnehmer organisierte und so der Veranstaltung einen w\u00fcrdigen Rahmen verlieh.<\/p><p>Abschlie\u00dfend k\u00fcndigen wir den Termin an f\u00fcr unsere diesj\u00e4hrige JAHRESHAUPTVERSAMMLUNG:<br \/>Montag, den 10.3.2014, 19 Uhr, Maximilianschloss.<br \/>Formelle Einladung mit Bekanntgabe der Tagesordnung wird in K\u00fcrze erfolgen.<\/p><p>Es gr\u00fc\u00dft Sie wieder in heimatlicher Verbundenheit<br \/>Ihr Friedhelm Damm (Vors.)<\/p>\t\t\t\t\t\t\t\t<\/div>\n\t\t\t\t<\/div>\n\t\t\t\t\t<\/div>\n\t\t<\/div>\n\t\t\t\t\t<\/div>\n\t\t<\/section>\n\t\t\t\t<\/div>\n\t\t","protected":false},"excerpt":{"rendered":"<p>Liebe Vereinsmitglieder, liebe Bewohner der Gro\u00dfgemeinde Jesberg! Wir blicken zur\u00fcck auf unsere letzte Vereinsveranstaltung vom Mittwoch, den 22.1.2014, 15.30 Uhr im Maximilian-Schloss mit dem Thema:Nazi-Herrschaft, Juden und Reichskristallnacht, Zusammenbruch, Einmarsch [&hellip;]<\/p>\n","protected":false},"author":2,"featured_media":0,"parent":0,"menu_order":0,"comment_status":"closed","ping_status":"closed","template":"","meta":{"_monsterinsights_skip_tracking":false,"_monsterinsights_sitenote_active":false,"_monsterinsights_sitenote_note":"","_monsterinsights_sitenote_category":0,"footnotes":""},"class_list":["post-1157","page","type-page","status-publish","hentry"],"yoast_head":"<!-- This site is optimized with the Yoast SEO plugin v27.5 - https:\/\/yoast.com\/product\/yoast-seo-wordpress\/ -->\n<title>Nazi-Herrschaft, Juden und Reichskristallnacht - Burg und Heimatverein Jesberg e.V.<\/title>\n<meta name=\"robots\" content=\"index, follow, max-snippet:-1, max-image-preview:large, max-video-preview:-1\" \/>\n<link rel=\"canonical\" href=\"https:\/\/buh-jesberg.de\/index.php\/nazi-herrschaft-juden-und-reichskristallnacht\/\" \/>\n<meta property=\"og:locale\" content=\"de_DE\" \/>\n<meta property=\"og:type\" content=\"article\" \/>\n<meta property=\"og:title\" content=\"Nazi-Herrschaft, Juden und Reichskristallnacht - Burg und Heimatverein Jesberg e.V.\" \/>\n<meta property=\"og:description\" content=\"Liebe Vereinsmitglieder, liebe Bewohner der Gro\u00dfgemeinde Jesberg! Wir blicken zur\u00fcck auf unsere letzte Vereinsveranstaltung vom Mittwoch, den 22.1.2014, 15.30 Uhr im Maximilian-Schloss mit dem Thema:Nazi-Herrschaft, Juden und Reichskristallnacht, Zusammenbruch, Einmarsch [&hellip;]\" \/>\n<meta property=\"og:url\" content=\"https:\/\/buh-jesberg.de\/index.php\/nazi-herrschaft-juden-und-reichskristallnacht\/\" \/>\n<meta property=\"og:site_name\" content=\"Burg und Heimatverein Jesberg e.V.\" \/>\n<meta property=\"article:modified_time\" content=\"2023-05-22T07:48:01+00:00\" \/>\n<meta name=\"twitter:card\" content=\"summary_large_image\" \/>\n<meta name=\"twitter:label1\" content=\"Gesch\u00e4tzte Lesezeit\" \/>\n\t<meta name=\"twitter:data1\" content=\"2\u00a0Minuten\" \/>\n<script type=\"application\/ld+json\" class=\"yoast-schema-graph\">{\"@context\":\"https:\\\/\\\/schema.org\",\"@graph\":[{\"@type\":\"WebPage\",\"@id\":\"https:\\\/\\\/buh-jesberg.de\\\/index.php\\\/nazi-herrschaft-juden-und-reichskristallnacht\\\/\",\"url\":\"https:\\\/\\\/buh-jesberg.de\\\/index.php\\\/nazi-herrschaft-juden-und-reichskristallnacht\\\/\",\"name\":\"Nazi-Herrschaft, Juden und Reichskristallnacht - Burg und Heimatverein Jesberg e.V.\",\"isPartOf\":{\"@id\":\"https:\\\/\\\/buh-jesberg.de\\\/#website\"},\"datePublished\":\"2014-02-04T19:42:12+00:00\",\"dateModified\":\"2023-05-22T07:48:01+00:00\",\"breadcrumb\":{\"@id\":\"https:\\\/\\\/buh-jesberg.de\\\/index.php\\\/nazi-herrschaft-juden-und-reichskristallnacht\\\/#breadcrumb\"},\"inLanguage\":\"de\",\"potentialAction\":[{\"@type\":\"ReadAction\",\"target\":[\"https:\\\/\\\/buh-jesberg.de\\\/index.php\\\/nazi-herrschaft-juden-und-reichskristallnacht\\\/\"]}]},{\"@type\":\"BreadcrumbList\",\"@id\":\"https:\\\/\\\/buh-jesberg.de\\\/index.php\\\/nazi-herrschaft-juden-und-reichskristallnacht\\\/#breadcrumb\",\"itemListElement\":[{\"@type\":\"ListItem\",\"position\":1,\"name\":\"Startseite\",\"item\":\"https:\\\/\\\/buh-jesberg.de\\\/\"},{\"@type\":\"ListItem\",\"position\":2,\"name\":\"Nazi-Herrschaft, Juden und Reichskristallnacht\"}]},{\"@type\":\"WebSite\",\"@id\":\"https:\\\/\\\/buh-jesberg.de\\\/#website\",\"url\":\"https:\\\/\\\/buh-jesberg.de\\\/\",\"name\":\"Burg und Heimatverein Jesberg e.V.\",\"description\":\"Gemeinn\u00fctziger Verein in Jesberg\",\"publisher\":{\"@id\":\"https:\\\/\\\/buh-jesberg.de\\\/#organization\"},\"potentialAction\":[{\"@type\":\"SearchAction\",\"target\":{\"@type\":\"EntryPoint\",\"urlTemplate\":\"https:\\\/\\\/buh-jesberg.de\\\/?s={search_term_string}\"},\"query-input\":{\"@type\":\"PropertyValueSpecification\",\"valueRequired\":true,\"valueName\":\"search_term_string\"}}],\"inLanguage\":\"de\"},{\"@type\":\"Organization\",\"@id\":\"https:\\\/\\\/buh-jesberg.de\\\/#organization\",\"name\":\"Burg und Heimatverein Jesberg e.V.\",\"url\":\"https:\\\/\\\/buh-jesberg.de\\\/\",\"logo\":{\"@type\":\"ImageObject\",\"inLanguage\":\"de\",\"@id\":\"https:\\\/\\\/buh-jesberg.de\\\/#\\\/schema\\\/logo\\\/image\\\/\",\"url\":\"https:\\\/\\\/buh-jesberg.de\\\/wp-content\\\/uploads\\\/2023\\\/01\\\/Website_Logo-e1674580236324.jpg\",\"contentUrl\":\"https:\\\/\\\/buh-jesberg.de\\\/wp-content\\\/uploads\\\/2023\\\/01\\\/Website_Logo-e1674580236324.jpg\",\"width\":500,\"height\":501,\"caption\":\"Burg und Heimatverein Jesberg e.V.\"},\"image\":{\"@id\":\"https:\\\/\\\/buh-jesberg.de\\\/#\\\/schema\\\/logo\\\/image\\\/\"}}]}<\/script>\n<!-- \/ Yoast SEO plugin. -->","yoast_head_json":{"title":"Nazi-Herrschaft, Juden und Reichskristallnacht - Burg und Heimatverein Jesberg e.V.","robots":{"index":"index","follow":"follow","max-snippet":"max-snippet:-1","max-image-preview":"max-image-preview:large","max-video-preview":"max-video-preview:-1"},"canonical":"https:\/\/buh-jesberg.de\/index.php\/nazi-herrschaft-juden-und-reichskristallnacht\/","og_locale":"de_DE","og_type":"article","og_title":"Nazi-Herrschaft, Juden und Reichskristallnacht - Burg und Heimatverein Jesberg e.V.","og_description":"Liebe Vereinsmitglieder, liebe Bewohner der Gro\u00dfgemeinde Jesberg! Wir blicken zur\u00fcck auf unsere letzte Vereinsveranstaltung vom Mittwoch, den 22.1.2014, 15.30 Uhr im Maximilian-Schloss mit dem Thema:Nazi-Herrschaft, Juden und Reichskristallnacht, Zusammenbruch, Einmarsch [&hellip;]","og_url":"https:\/\/buh-jesberg.de\/index.php\/nazi-herrschaft-juden-und-reichskristallnacht\/","og_site_name":"Burg und Heimatverein Jesberg e.V.","article_modified_time":"2023-05-22T07:48:01+00:00","twitter_card":"summary_large_image","twitter_misc":{"Gesch\u00e4tzte Lesezeit":"2\u00a0Minuten"},"schema":{"@context":"https:\/\/schema.org","@graph":[{"@type":"WebPage","@id":"https:\/\/buh-jesberg.de\/index.php\/nazi-herrschaft-juden-und-reichskristallnacht\/","url":"https:\/\/buh-jesberg.de\/index.php\/nazi-herrschaft-juden-und-reichskristallnacht\/","name":"Nazi-Herrschaft, Juden und Reichskristallnacht - Burg und Heimatverein Jesberg e.V.","isPartOf":{"@id":"https:\/\/buh-jesberg.de\/#website"},"datePublished":"2014-02-04T19:42:12+00:00","dateModified":"2023-05-22T07:48:01+00:00","breadcrumb":{"@id":"https:\/\/buh-jesberg.de\/index.php\/nazi-herrschaft-juden-und-reichskristallnacht\/#breadcrumb"},"inLanguage":"de","potentialAction":[{"@type":"ReadAction","target":["https:\/\/buh-jesberg.de\/index.php\/nazi-herrschaft-juden-und-reichskristallnacht\/"]}]},{"@type":"BreadcrumbList","@id":"https:\/\/buh-jesberg.de\/index.php\/nazi-herrschaft-juden-und-reichskristallnacht\/#breadcrumb","itemListElement":[{"@type":"ListItem","position":1,"name":"Startseite","item":"https:\/\/buh-jesberg.de\/"},{"@type":"ListItem","position":2,"name":"Nazi-Herrschaft, Juden und Reichskristallnacht"}]},{"@type":"WebSite","@id":"https:\/\/buh-jesberg.de\/#website","url":"https:\/\/buh-jesberg.de\/","name":"Burg und Heimatverein Jesberg e.V.","description":"Gemeinn\u00fctziger Verein in Jesberg","publisher":{"@id":"https:\/\/buh-jesberg.de\/#organization"},"potentialAction":[{"@type":"SearchAction","target":{"@type":"EntryPoint","urlTemplate":"https:\/\/buh-jesberg.de\/?s={search_term_string}"},"query-input":{"@type":"PropertyValueSpecification","valueRequired":true,"valueName":"search_term_string"}}],"inLanguage":"de"},{"@type":"Organization","@id":"https:\/\/buh-jesberg.de\/#organization","name":"Burg und Heimatverein Jesberg e.V.","url":"https:\/\/buh-jesberg.de\/","logo":{"@type":"ImageObject","inLanguage":"de","@id":"https:\/\/buh-jesberg.de\/#\/schema\/logo\/image\/","url":"https:\/\/buh-jesberg.de\/wp-content\/uploads\/2023\/01\/Website_Logo-e1674580236324.jpg","contentUrl":"https:\/\/buh-jesberg.de\/wp-content\/uploads\/2023\/01\/Website_Logo-e1674580236324.jpg","width":500,"height":501,"caption":"Burg und Heimatverein Jesberg e.V."},"image":{"@id":"https:\/\/buh-jesberg.de\/#\/schema\/logo\/image\/"}}]}},"_links":{"self":[{"href":"https:\/\/buh-jesberg.de\/index.php\/wp-json\/wp\/v2\/pages\/1157","targetHints":{"allow":["GET"]}}],"collection":[{"href":"https:\/\/buh-jesberg.de\/index.php\/wp-json\/wp\/v2\/pages"}],"about":[{"href":"https:\/\/buh-jesberg.de\/index.php\/wp-json\/wp\/v2\/types\/page"}],"author":[{"embeddable":true,"href":"https:\/\/buh-jesberg.de\/index.php\/wp-json\/wp\/v2\/users\/2"}],"replies":[{"embeddable":true,"href":"https:\/\/buh-jesberg.de\/index.php\/wp-json\/wp\/v2\/comments?post=1157"}],"version-history":[{"count":4,"href":"https:\/\/buh-jesberg.de\/index.php\/wp-json\/wp\/v2\/pages\/1157\/revisions"}],"predecessor-version":[{"id":5863,"href":"https:\/\/buh-jesberg.de\/index.php\/wp-json\/wp\/v2\/pages\/1157\/revisions\/5863"}],"wp:attachment":[{"href":"https:\/\/buh-jesberg.de\/index.php\/wp-json\/wp\/v2\/media?parent=1157"}],"curies":[{"name":"wp","href":"https:\/\/api.w.org\/{rel}","templated":true}]}}