{"id":1188,"date":"2014-05-18T12:19:50","date_gmt":"2014-05-18T10:19:50","guid":{"rendered":"http:\/\/hgv-jesberg.de\/?p=1188"},"modified":"2023-05-23T16:24:54","modified_gmt":"2023-05-23T14:24:54","slug":"vereinsabend-zehntscheune","status":"publish","type":"page","link":"https:\/\/buh-jesberg.de\/index.php\/vereinsabend-zehntscheune\/","title":{"rendered":"Kornhaus -Zehntscheune-"},"content":{"rendered":"\t\t<div data-elementor-type=\"wp-post\" data-elementor-id=\"1188\" class=\"elementor elementor-1188\" data-elementor-post-type=\"page\">\n\t\t\t\t\t\t<section class=\"elementor-section elementor-top-section elementor-element elementor-element-42b6e3c6 elementor-section-boxed elementor-section-height-default elementor-section-height-default\" data-id=\"42b6e3c6\" data-element_type=\"section\" data-e-type=\"section\">\n\t\t\t\t\t\t<div class=\"elementor-container elementor-column-gap-default\">\n\t\t\t\t\t<div class=\"elementor-column elementor-col-100 elementor-top-column elementor-element elementor-element-5fa7d6a7\" data-id=\"5fa7d6a7\" data-element_type=\"column\" data-e-type=\"column\">\n\t\t\t<div class=\"elementor-widget-wrap elementor-element-populated\">\n\t\t\t\t\t\t<div class=\"elementor-element elementor-element-7bd6012b elementor-widget elementor-widget-text-editor\" data-id=\"7bd6012b\" data-element_type=\"widget\" data-e-type=\"widget\" data-widget_type=\"text-editor.default\">\n\t\t\t\t<div class=\"elementor-widget-container\">\n\t\t\t\t\t\t\t\t\t<p><strong>HEIMAT- UND GESCHICHTSVEREINS JESBERG <\/strong><\/p><p><strong>Liebe Vereinsmitglieder, liebe Jesberger!<\/strong><\/p><p><strong>VEREINSABEND AM DIENSTAG, 20. MAI 2014, 19 UHR, KORNHAUS, (irrt\u00fcmlich auch Zehntscheune genannt).<\/strong><\/p><p>Der Bericht \u00fcber unsere Jahreshauptversammlung vom 10.3.2014 wird hiermit, wie angek\u00fcndigt, hinsichtlich <strong>MUSEUM \/ ZEHNTSCHEUNE \/ VEREINSHAUS<\/strong> erg\u00e4nzt:<\/p><p>Der Verein unterh\u00e4lt schon seit etlichen Jahren im <strong>Rathaus<\/strong> in einem gr\u00f6\u00dferen Raum im Dachgeschoss, der dankenswerterweise von der Gemeinde kostenfrei zur Verf\u00fcgung gestellt ist, ein <strong>Archiv<\/strong>. Dort sind unsere umfangreiche historische Bibliothek, die mittlerweile vielen Vereinsakten, historischen Dokumente, Gegenst\u00e4nde und Bilder sicher aufbewahrt und teilweise pr\u00e4sentiert in recht anschaulicher Weise.<\/p><p>Zus\u00e4tzlich hat der Verein seit seiner Gr\u00fcndung im Jahr 1985 alte erhaltenswerte Gegenst\u00e4nde vorwiegend aus unseren Ortschaften gesammelt und in einem kleinen <strong>Museum<\/strong> zusammengef\u00fcgt. Dieses Museum befand sich seit dem Jahr 2006 an gut gelegenem zentralem Ort &#8211; mietfrei &#8211; oben in dem Raiffeisenbank-Geb\u00e4ude in Jesberg. Die R\u00e4umlichkeit musste dann aber wegen Eigenbedarfs der Bank aufgegeben werden.<\/p><p>Nach intensiver Suche entschied sich der Vorstand daf\u00fcr, ab Anfang 2012 mit einem dreij\u00e4hrigen Vertrag, der Ende dieses Jahres ausl\u00e4uft, f\u00fcr monatlich 100 \u20ac einen gr\u00f6\u00dferen Museumsraum in Hundshausen anzumieten. Diese Mietzahlungen, die zum \u00fcberwiegenden Teil aus Spendengeldern aufgebracht worden sind, kann sich der Verein dauerhaft selbstverst\u00e4ndlich nicht leisten. Der zeitlich begrenzte Mietvertrag war auch nur als Zwischenl\u00f6sung vorgesehen, n\u00e4mlich bis zur m\u00f6glichen Unterbringung der Museumsgegenst\u00e4nde im Vereinshaus mit Zehntscheune.<img fetchpriority=\"high\" decoding=\"async\" class=\"alignleft wp-image-4750 size-medium\" src=\"https:\/\/buh-jesberg.de\/wp-content\/uploads\/2023\/02\/18-5-1-300x204.jpg\" alt=\"\" width=\"300\" height=\"204\" srcset=\"https:\/\/buh-jesberg.de\/wp-content\/uploads\/2023\/02\/18-5-1-300x204.jpg 300w, https:\/\/buh-jesberg.de\/wp-content\/uploads\/2023\/02\/18-5-1.jpg 639w\" sizes=\"(max-width: 300px) 100vw, 300px\" \/><\/p><p>Bekanntlich hat unser Verein seit dem Jahr 1992 das Fachwerkh\u00e4uschen am alten Kornhaus von Raiffeisen angemietet und mit erheblichen \u00f6ffentlichen Geldern und mit sehr viel Eigenleistung vorbildlich zur Nutzung als <strong>Vereinshaus<\/strong> restauriert, Einweihung 1995.<\/p><p>Erg\u00e4nzend hat der Verein das <strong>Kornhaus \/ Zehntscheune<\/strong> (Nutzung als Zehntscheune historisch zweifelhaft, <strong>erbaut 1826 \/ 1827<\/strong>, was Landwirt Gerh. Hose immer wieder betont) von Raiffeisen hinzu gemietet. F\u00fcr beide Geb\u00e4ude mit Grundst\u00fcck ist im Jahr 2009 ein gemeinsamer Mietvertrag abgeschlossen, g\u00fcltig auf Dauer, k\u00fcndbar von jeder Seite aber ab Ende 2017, Mietzins 200 \u20ac j\u00e4hrlich, Pflege der Au\u00dfenanlage durch den Verein.<\/p><p>Verwendungszweck f\u00fcr die Zehntscheune sollte nach Vorstellung des Vorstandes zuletzt ma\u00dfgeblich sein, dass Museumsgegenst\u00e4nde im 1. Obergeschoss und teilweise im Erdgeschoss, das auch wie bisher f\u00fcr gelegentliche Veranstaltungen dienen sollte, pr\u00e4sentiert werden. Es zeigte sich aber bei einem Ortstermin im Juni letzten Jahres mit Sachbearbeitern des Bauaufsichtsamts, dass diese Verwendung f\u00fcr beide Geschosse, sogar f\u00fcr Veranstaltungen wie bisher, aus Brandschutzgr\u00fcnden angeblich nicht zul\u00e4ssig sein sollte. Aufgrund eines weiteren Ortstermins mit dem Leiter des Bauaufsichtsamtes, den unser sachkundiges Mitglied <strong>Architekt Engelbert Heger<\/strong> durch seine Beziehungen m\u00f6glich gemacht hatte, kam das Amt dann zu der Einsch\u00e4tzung, dass doch eine eingeschr\u00e4nkte Nutzung in unserem Sinne unter Einhaltung gewisser ertr\u00e4glicher Auflagen wohl m\u00f6glich sei. Nach positiver Bescheidung einer Bauvoranfrage ist unser eingereichter Nutzungsantrag genehmigt. Architekt Heger hat f\u00fcr uns alle notwendigen baurechtlichen Ma\u00dfnahmen durchgef\u00fchrt &#8211; wie immer f\u00fcr uns kostenfrei, daf\u00fcr unser ganz gro\u00dfer Dank.<img decoding=\"async\" class=\"alignright wp-image-4751 size-medium\" src=\"https:\/\/buh-jesberg.de\/wp-content\/uploads\/2023\/02\/18-5-2-300x225.jpg\" alt=\"\" width=\"300\" height=\"225\" srcset=\"https:\/\/buh-jesberg.de\/wp-content\/uploads\/2023\/02\/18-5-2-300x225.jpg 300w, https:\/\/buh-jesberg.de\/wp-content\/uploads\/2023\/02\/18-5-2.jpg 639w\" sizes=\"(max-width: 300px) 100vw, 300px\" \/><\/p><p>Es ist nun beabsichtigt, die recht bedeutsame und umfangreiche <strong>Sammlung von Feierabendziegeln<\/strong>, die unser Mitglied <strong>Rainer Scherb aus Gilsa<\/strong>, Restaurator, zusammengetragen hat, aus dem Vereinshaus, das dadurch zu sehr einseitig belastet ist, in das 1. Obergeschoss der Scheune zu verlegen. Herr Scherb wird Vorschl\u00e4ge zur angemessenen Pr\u00e4sentation seiner Sammlung dort machen.<\/p><p>Dann wird gen\u00fcgend Platz vorhanden sein zur Unterbringung der Museumsgegenst\u00e4nde aus Hundshausen &#8211; im H\u00e4uschen und teils in der Scheune &#8211; , und gesonderte kostentr\u00e4chtige Anmietung eines sonstigen Museumsraums ist nicht mehr notwendig, kann sich der Verein auch nicht leisten. Im Rahmen der R\u00e4umung des Museums Hundshausen wird im Hinblick auf den begrenzten Raum im H\u00e4uschen\/Scheune auch zu entscheiden sein, ob alle gesammelten Gegenst\u00e4nde wirklich dauerhaft ortshistorisch erhaltungsw\u00fcrdig sind.<\/p><p>In der Jahreshauptversammlung ist aber auch kritisch diskutiert worden, ob der Verein \u00fcberhaupt ein Museum braucht, ob an unseren Museumsgegenst\u00e4nden Interesse bei der Bev\u00f6lkerung und bei Ausw\u00e4rtigen besteht, zumal selbst gr\u00f6\u00dfere Museen an mangeldem Interesse leiden.<\/p><p>Vom Vorstand wurde zudem kritisch angemerkt, dass die notwendigen Arbeiten am Komplex Vereinshaus\/Zehntscheune nur von ganz wenigen Vereinsmitgliedern getragen werden, so musste sogar das M\u00e4hen der Au\u00dfenanlage gegen Zahlung fremdvergeben werden, und um den Winterdienst k\u00fcmmert sich allein <strong>Walter Stumme<\/strong>. Hier ist unbedingt weitere Mitarbeit erforderlich.<\/p><p><strong>Herman Sauer<\/strong>, der sich dem Ort immer noch sehr verbunden f\u00fchlt, betonte aber, er sehe eine einmalige Chance, diese angemieteten au\u00dfergew\u00f6hnlichen denkmalsgesch\u00fctzten Vereinsgeb\u00e4ude mit Leben zu f\u00fcllen und in den Ort und die Vereinsarbeit integrieren zu k\u00f6nnen, auch wenn dies mit erheblichem finanziellen und pers\u00f6nlichen Aufwand verbunden sei. Andere, auch viel gr\u00f6\u00dfere Orte w\u00e4ren froh \u00fcber solche M\u00f6glichkeiten. Dieser Auffassung kann sich der Vorstand nur anschlie\u00dfen. Haus und Scheune sind ausgesprochen markante \u00f6rtliche Geb\u00e4ude. Sie werden von vielen Durchreisenden interessiert wahrgenommen, es liegt an uns, dem Verein und der Bev\u00f6lkerung, die Reisenden zum l\u00e4ngeren Verweilen durch guten Ausbau einer Pr\u00e4sentation zu veranlassen. Vor allem aber muss uns klar sein und die Erinnerung erhalten bleiben, welche Bedeutung diese Geb\u00e4ude f\u00fcr den Ort hatten, war doch das gro\u00dfe Dom\u00e4nengut Jesberg mit der sonstigen Landwirtschaft pr\u00e4gend f\u00fcr unsere D\u00f6rfer. Die staatlichen Landg\u00fcter f\u00fcllten den Landgrafen und Kurf\u00fcrsten in der Residenzstadt Cassel ihre Schatullen und lieferten ihnen die Lebensmittel f\u00fcr ihren Hof.<\/p><p>Es geht darum, dem Ort die Erinnerung an diese historische Bedeutung zu erhalten, was auch innerhalb der Bev\u00f6lkerung gemeinschaftsbildend wirken kann. Dies f\u00fcgt sich gut ein in das neu aufgelegte Dorfentwicklungsprogramm, das ja auch den Zweck verfolgt, durch F\u00f6rderung von Projekten das Zusammenleben im Dorf zu st\u00e4rken.<\/p><p>Der Heimat &#8211; und Geschichtsverein hat sich mit den historischen Geb\u00e4uden viel aufgeladen, will dieses Projekt, wie geschildert, stemmen. Allein der Vorstand ist damit aber selbstverst\u00e4ndlich \u00fcberfordert, der Verein braucht Unterst\u00fctzung aus der Mitgliedschaft und auch aus der sonstigen Bev\u00f6lkerung.<\/p><p>Die weiteren Planungen und Entscheidungen zu dem Komplex Vereinshaus\/Zehntscheune\/Museum m\u00f6chte der Vorstand an einem Vereinsabend vor Ort mit Ihnen, liebe Jesberger, die am Dorf, an seiner Geschichte und seinem sinnvollen Fortleben interessiert sind, in informeller gem\u00fctlichen Runde er\u00f6rtern. Er erhofft sich gute Anregungen, vielleicht sogar Hilfe von dem einen oder anderen. Letztlich geht dieser wichtige markante Dorf-Komplex \u00fcber die eigenen Interessen des Vereins hinaus, ist vielmehr sehr bedeutsam f\u00fcr das ganze Dorf und sollte deshalb die notwendige Unterst\u00fctzung erfahren.<\/p><p>Zu diesem <strong>VEREINSABEND<\/strong> laden wir Sie, liebe Jesberger, herzlich ein.<\/p><p>Eigentlich st\u00fcnde in diesem Jahr auch wieder das alle zwei Jahre veranstaltete <strong>Zehntscheunenfest<\/strong> an. Dieses soll jedoch verschoben werden auf das Fr\u00fchjahr n\u00e4chsten Jahres verbunden mit einem Einweihungsfest f\u00fcr die neue Ausgestaltung des Vereinshauses und der Scheune zum 30-j\u00e4hrigen Bestehen des Vereins.<\/p><p>Wir freuen uns auf Ihr Interesse und Ihre Teilnahme<\/p><p>Ihr <strong>Friedhelm Damm (Vors.)<\/strong><\/p>\t\t\t\t\t\t\t\t<\/div>\n\t\t\t\t<\/div>\n\t\t\t\t\t<\/div>\n\t\t<\/div>\n\t\t\t\t\t<\/div>\n\t\t<\/section>\n\t\t\t\t<section class=\"elementor-section elementor-top-section elementor-element elementor-element-081dc0c elementor-section-boxed elementor-section-height-default elementor-section-height-default\" data-id=\"081dc0c\" data-element_type=\"section\" data-e-type=\"section\">\n\t\t\t\t\t\t<div class=\"elementor-container elementor-column-gap-default\">\n\t\t\t\t\t<div class=\"elementor-column elementor-col-100 elementor-top-column elementor-element elementor-element-7c28058\" data-id=\"7c28058\" data-element_type=\"column\" data-e-type=\"column\">\n\t\t\t<div class=\"elementor-widget-wrap elementor-element-populated\">\n\t\t\t\t\t\t<div class=\"elementor-element elementor-element-29e204a elementor-widget elementor-widget-heading\" data-id=\"29e204a\" data-element_type=\"widget\" data-e-type=\"widget\" data-widget_type=\"heading.default\">\n\t\t\t\t<div class=\"elementor-widget-container\">\n\t\t\t\t\t<h2 class=\"elementor-heading-title elementor-size-default\">Nutzungskonzept Kornhaus<\/h2>\t\t\t\t<\/div>\n\t\t\t\t<\/div>\n\t\t\t\t\t<\/div>\n\t\t<\/div>\n\t\t\t\t\t<\/div>\n\t\t<\/section>\n\t\t\t\t<section class=\"elementor-section elementor-top-section elementor-element elementor-element-dd88088 elementor-section-boxed elementor-section-height-default elementor-section-height-default\" data-id=\"dd88088\" data-element_type=\"section\" data-e-type=\"section\">\n\t\t\t\t\t\t<div class=\"elementor-container elementor-column-gap-default\">\n\t\t\t\t\t<div class=\"elementor-column elementor-col-100 elementor-top-column elementor-element elementor-element-74073d0\" data-id=\"74073d0\" data-element_type=\"column\" data-e-type=\"column\">\n\t\t\t<div class=\"elementor-widget-wrap elementor-element-populated\">\n\t\t\t\t\t\t<div class=\"elementor-element elementor-element-4d44b94 elementor-widget elementor-widget-text-editor\" data-id=\"4d44b94\" data-element_type=\"widget\" data-e-type=\"widget\" data-widget_type=\"text-editor.default\">\n\t\t\t\t<div class=\"elementor-widget-container\">\n\t\t\t\t\t\t\t\t\t<p style=\"text-align: center;\">In einer Semesterarbeit, der Uni Kassel, wurde ein Nutzungskonzept f\u00fcr das Kornhaus (Zehntscheune) erstellt.<\/p><p><a href=\"https:\/\/buh-jesberg.de\/wp-content\/uploads\/2023\/05\/Kornhaus-Konzept.png\"><img decoding=\"async\" class=\"wp-image-5910 size-medium aligncenter\" src=\"https:\/\/buh-jesberg.de\/wp-content\/uploads\/2023\/05\/Kornhaus-Konzept-300x228.png\" alt=\"\" width=\"300\" height=\"228\" srcset=\"https:\/\/buh-jesberg.de\/wp-content\/uploads\/2023\/05\/Kornhaus-Konzept-300x228.png 300w, https:\/\/buh-jesberg.de\/wp-content\/uploads\/2023\/05\/Kornhaus-Konzept-1418x1080.png 1418w, https:\/\/buh-jesberg.de\/wp-content\/uploads\/2023\/05\/Kornhaus-Konzept-768x585.png 768w, https:\/\/buh-jesberg.de\/wp-content\/uploads\/2023\/05\/Kornhaus-Konzept-1536x1170.png 1536w, https:\/\/buh-jesberg.de\/wp-content\/uploads\/2023\/05\/Kornhaus-Konzept-2048x1559.png 2048w\" sizes=\"(max-width: 300px) 100vw, 300px\" \/><\/a><\/p>\t\t\t\t\t\t\t\t<\/div>\n\t\t\t\t<\/div>\n\t\t\t\t\t<\/div>\n\t\t<\/div>\n\t\t\t\t\t<\/div>\n\t\t<\/section>\n\t\t\t\t<\/div>\n\t\t","protected":false},"excerpt":{"rendered":"<p>HEIMAT- UND GESCHICHTSVEREINS JESBERG Liebe Vereinsmitglieder, liebe Jesberger! VEREINSABEND AM DIENSTAG, 20. MAI 2014, 19 UHR, KORNHAUS, (irrt\u00fcmlich auch Zehntscheune genannt). Der Bericht \u00fcber unsere Jahreshauptversammlung vom 10.3.2014 wird hiermit, [&hellip;]<\/p>\n","protected":false},"author":2,"featured_media":0,"parent":0,"menu_order":0,"comment_status":"closed","ping_status":"closed","template":"","meta":{"_monsterinsights_skip_tracking":false,"_monsterinsights_sitenote_active":false,"_monsterinsights_sitenote_note":"","_monsterinsights_sitenote_category":0,"footnotes":""},"class_list":["post-1188","page","type-page","status-publish","hentry"],"yoast_head":"<!-- This site is optimized with the Yoast SEO plugin v27.5 - https:\/\/yoast.com\/product\/yoast-seo-wordpress\/ -->\n<title>Kornhaus -Zehntscheune- Burg und Heimatverein Jesberg e.V.<\/title>\n<meta name=\"robots\" content=\"index, follow, max-snippet:-1, max-image-preview:large, max-video-preview:-1\" \/>\n<link rel=\"canonical\" href=\"https:\/\/buh-jesberg.de\/index.php\/vereinsabend-zehntscheune\/\" \/>\n<meta property=\"og:locale\" content=\"de_DE\" \/>\n<meta property=\"og:type\" content=\"article\" \/>\n<meta property=\"og:title\" content=\"Kornhaus -Zehntscheune- Burg und Heimatverein Jesberg e.V.\" \/>\n<meta property=\"og:description\" content=\"HEIMAT- UND GESCHICHTSVEREINS JESBERG Liebe Vereinsmitglieder, liebe Jesberger! VEREINSABEND AM DIENSTAG, 20. MAI 2014, 19 UHR, KORNHAUS, (irrt\u00fcmlich auch Zehntscheune genannt). Der Bericht \u00fcber unsere Jahreshauptversammlung vom 10.3.2014 wird hiermit, [&hellip;]\" \/>\n<meta property=\"og:url\" content=\"https:\/\/buh-jesberg.de\/index.php\/vereinsabend-zehntscheune\/\" \/>\n<meta property=\"og:site_name\" content=\"Burg und Heimatverein Jesberg e.V.\" \/>\n<meta property=\"article:modified_time\" content=\"2023-05-23T14:24:54+00:00\" \/>\n<meta property=\"og:image\" content=\"https:\/\/buh-jesberg.de\/wp-content\/uploads\/2023\/02\/18-5-1-300x204.jpg\" \/>\n<meta name=\"twitter:card\" content=\"summary_large_image\" \/>\n<meta name=\"twitter:label1\" content=\"Gesch\u00e4tzte Lesezeit\" \/>\n\t<meta name=\"twitter:data1\" content=\"7\u00a0Minuten\" \/>\n<script type=\"application\/ld+json\" class=\"yoast-schema-graph\">{\"@context\":\"https:\\\/\\\/schema.org\",\"@graph\":[{\"@type\":\"WebPage\",\"@id\":\"https:\\\/\\\/buh-jesberg.de\\\/index.php\\\/vereinsabend-zehntscheune\\\/\",\"url\":\"https:\\\/\\\/buh-jesberg.de\\\/index.php\\\/vereinsabend-zehntscheune\\\/\",\"name\":\"Kornhaus -Zehntscheune- Burg und Heimatverein Jesberg e.V.\",\"isPartOf\":{\"@id\":\"https:\\\/\\\/buh-jesberg.de\\\/#website\"},\"primaryImageOfPage\":{\"@id\":\"https:\\\/\\\/buh-jesberg.de\\\/index.php\\\/vereinsabend-zehntscheune\\\/#primaryimage\"},\"image\":{\"@id\":\"https:\\\/\\\/buh-jesberg.de\\\/index.php\\\/vereinsabend-zehntscheune\\\/#primaryimage\"},\"thumbnailUrl\":\"https:\\\/\\\/buh-jesberg.de\\\/wp-content\\\/uploads\\\/2023\\\/02\\\/18-5-1-300x204.jpg\",\"datePublished\":\"2014-05-18T10:19:50+00:00\",\"dateModified\":\"2023-05-23T14:24:54+00:00\",\"breadcrumb\":{\"@id\":\"https:\\\/\\\/buh-jesberg.de\\\/index.php\\\/vereinsabend-zehntscheune\\\/#breadcrumb\"},\"inLanguage\":\"de\",\"potentialAction\":[{\"@type\":\"ReadAction\",\"target\":[\"https:\\\/\\\/buh-jesberg.de\\\/index.php\\\/vereinsabend-zehntscheune\\\/\"]}]},{\"@type\":\"ImageObject\",\"inLanguage\":\"de\",\"@id\":\"https:\\\/\\\/buh-jesberg.de\\\/index.php\\\/vereinsabend-zehntscheune\\\/#primaryimage\",\"url\":\"https:\\\/\\\/buh-jesberg.de\\\/wp-content\\\/uploads\\\/2023\\\/02\\\/18-5-1.jpg\",\"contentUrl\":\"https:\\\/\\\/buh-jesberg.de\\\/wp-content\\\/uploads\\\/2023\\\/02\\\/18-5-1.jpg\",\"width\":639,\"height\":435},{\"@type\":\"BreadcrumbList\",\"@id\":\"https:\\\/\\\/buh-jesberg.de\\\/index.php\\\/vereinsabend-zehntscheune\\\/#breadcrumb\",\"itemListElement\":[{\"@type\":\"ListItem\",\"position\":1,\"name\":\"Startseite\",\"item\":\"https:\\\/\\\/buh-jesberg.de\\\/\"},{\"@type\":\"ListItem\",\"position\":2,\"name\":\"Kornhaus -Zehntscheune-\"}]},{\"@type\":\"WebSite\",\"@id\":\"https:\\\/\\\/buh-jesberg.de\\\/#website\",\"url\":\"https:\\\/\\\/buh-jesberg.de\\\/\",\"name\":\"Burg und Heimatverein Jesberg e.V.\",\"description\":\"Gemeinn\u00fctziger Verein in Jesberg\",\"publisher\":{\"@id\":\"https:\\\/\\\/buh-jesberg.de\\\/#organization\"},\"potentialAction\":[{\"@type\":\"SearchAction\",\"target\":{\"@type\":\"EntryPoint\",\"urlTemplate\":\"https:\\\/\\\/buh-jesberg.de\\\/?s={search_term_string}\"},\"query-input\":{\"@type\":\"PropertyValueSpecification\",\"valueRequired\":true,\"valueName\":\"search_term_string\"}}],\"inLanguage\":\"de\"},{\"@type\":\"Organization\",\"@id\":\"https:\\\/\\\/buh-jesberg.de\\\/#organization\",\"name\":\"Burg und Heimatverein Jesberg e.V.\",\"url\":\"https:\\\/\\\/buh-jesberg.de\\\/\",\"logo\":{\"@type\":\"ImageObject\",\"inLanguage\":\"de\",\"@id\":\"https:\\\/\\\/buh-jesberg.de\\\/#\\\/schema\\\/logo\\\/image\\\/\",\"url\":\"https:\\\/\\\/buh-jesberg.de\\\/wp-content\\\/uploads\\\/2023\\\/01\\\/Website_Logo-e1674580236324.jpg\",\"contentUrl\":\"https:\\\/\\\/buh-jesberg.de\\\/wp-content\\\/uploads\\\/2023\\\/01\\\/Website_Logo-e1674580236324.jpg\",\"width\":500,\"height\":501,\"caption\":\"Burg und Heimatverein Jesberg e.V.\"},\"image\":{\"@id\":\"https:\\\/\\\/buh-jesberg.de\\\/#\\\/schema\\\/logo\\\/image\\\/\"}}]}<\/script>\n<!-- \/ Yoast SEO plugin. -->","yoast_head_json":{"title":"Kornhaus -Zehntscheune- Burg und Heimatverein Jesberg e.V.","robots":{"index":"index","follow":"follow","max-snippet":"max-snippet:-1","max-image-preview":"max-image-preview:large","max-video-preview":"max-video-preview:-1"},"canonical":"https:\/\/buh-jesberg.de\/index.php\/vereinsabend-zehntscheune\/","og_locale":"de_DE","og_type":"article","og_title":"Kornhaus -Zehntscheune- Burg und Heimatverein Jesberg e.V.","og_description":"HEIMAT- UND GESCHICHTSVEREINS JESBERG Liebe Vereinsmitglieder, liebe Jesberger! VEREINSABEND AM DIENSTAG, 20. MAI 2014, 19 UHR, KORNHAUS, (irrt\u00fcmlich auch Zehntscheune genannt). Der Bericht \u00fcber unsere Jahreshauptversammlung vom 10.3.2014 wird hiermit, [&hellip;]","og_url":"https:\/\/buh-jesberg.de\/index.php\/vereinsabend-zehntscheune\/","og_site_name":"Burg und Heimatverein Jesberg e.V.","article_modified_time":"2023-05-23T14:24:54+00:00","og_image":[{"url":"https:\/\/buh-jesberg.de\/wp-content\/uploads\/2023\/02\/18-5-1-300x204.jpg","type":"","width":"","height":""}],"twitter_card":"summary_large_image","twitter_misc":{"Gesch\u00e4tzte Lesezeit":"7\u00a0Minuten"},"schema":{"@context":"https:\/\/schema.org","@graph":[{"@type":"WebPage","@id":"https:\/\/buh-jesberg.de\/index.php\/vereinsabend-zehntscheune\/","url":"https:\/\/buh-jesberg.de\/index.php\/vereinsabend-zehntscheune\/","name":"Kornhaus -Zehntscheune- Burg und Heimatverein Jesberg e.V.","isPartOf":{"@id":"https:\/\/buh-jesberg.de\/#website"},"primaryImageOfPage":{"@id":"https:\/\/buh-jesberg.de\/index.php\/vereinsabend-zehntscheune\/#primaryimage"},"image":{"@id":"https:\/\/buh-jesberg.de\/index.php\/vereinsabend-zehntscheune\/#primaryimage"},"thumbnailUrl":"https:\/\/buh-jesberg.de\/wp-content\/uploads\/2023\/02\/18-5-1-300x204.jpg","datePublished":"2014-05-18T10:19:50+00:00","dateModified":"2023-05-23T14:24:54+00:00","breadcrumb":{"@id":"https:\/\/buh-jesberg.de\/index.php\/vereinsabend-zehntscheune\/#breadcrumb"},"inLanguage":"de","potentialAction":[{"@type":"ReadAction","target":["https:\/\/buh-jesberg.de\/index.php\/vereinsabend-zehntscheune\/"]}]},{"@type":"ImageObject","inLanguage":"de","@id":"https:\/\/buh-jesberg.de\/index.php\/vereinsabend-zehntscheune\/#primaryimage","url":"https:\/\/buh-jesberg.de\/wp-content\/uploads\/2023\/02\/18-5-1.jpg","contentUrl":"https:\/\/buh-jesberg.de\/wp-content\/uploads\/2023\/02\/18-5-1.jpg","width":639,"height":435},{"@type":"BreadcrumbList","@id":"https:\/\/buh-jesberg.de\/index.php\/vereinsabend-zehntscheune\/#breadcrumb","itemListElement":[{"@type":"ListItem","position":1,"name":"Startseite","item":"https:\/\/buh-jesberg.de\/"},{"@type":"ListItem","position":2,"name":"Kornhaus -Zehntscheune-"}]},{"@type":"WebSite","@id":"https:\/\/buh-jesberg.de\/#website","url":"https:\/\/buh-jesberg.de\/","name":"Burg und Heimatverein Jesberg e.V.","description":"Gemeinn\u00fctziger Verein in Jesberg","publisher":{"@id":"https:\/\/buh-jesberg.de\/#organization"},"potentialAction":[{"@type":"SearchAction","target":{"@type":"EntryPoint","urlTemplate":"https:\/\/buh-jesberg.de\/?s={search_term_string}"},"query-input":{"@type":"PropertyValueSpecification","valueRequired":true,"valueName":"search_term_string"}}],"inLanguage":"de"},{"@type":"Organization","@id":"https:\/\/buh-jesberg.de\/#organization","name":"Burg und Heimatverein Jesberg e.V.","url":"https:\/\/buh-jesberg.de\/","logo":{"@type":"ImageObject","inLanguage":"de","@id":"https:\/\/buh-jesberg.de\/#\/schema\/logo\/image\/","url":"https:\/\/buh-jesberg.de\/wp-content\/uploads\/2023\/01\/Website_Logo-e1674580236324.jpg","contentUrl":"https:\/\/buh-jesberg.de\/wp-content\/uploads\/2023\/01\/Website_Logo-e1674580236324.jpg","width":500,"height":501,"caption":"Burg und Heimatverein Jesberg e.V."},"image":{"@id":"https:\/\/buh-jesberg.de\/#\/schema\/logo\/image\/"}}]}},"_links":{"self":[{"href":"https:\/\/buh-jesberg.de\/index.php\/wp-json\/wp\/v2\/pages\/1188","targetHints":{"allow":["GET"]}}],"collection":[{"href":"https:\/\/buh-jesberg.de\/index.php\/wp-json\/wp\/v2\/pages"}],"about":[{"href":"https:\/\/buh-jesberg.de\/index.php\/wp-json\/wp\/v2\/types\/page"}],"author":[{"embeddable":true,"href":"https:\/\/buh-jesberg.de\/index.php\/wp-json\/wp\/v2\/users\/2"}],"replies":[{"embeddable":true,"href":"https:\/\/buh-jesberg.de\/index.php\/wp-json\/wp\/v2\/comments?post=1188"}],"version-history":[{"count":17,"href":"https:\/\/buh-jesberg.de\/index.php\/wp-json\/wp\/v2\/pages\/1188\/revisions"}],"predecessor-version":[{"id":5913,"href":"https:\/\/buh-jesberg.de\/index.php\/wp-json\/wp\/v2\/pages\/1188\/revisions\/5913"}],"wp:attachment":[{"href":"https:\/\/buh-jesberg.de\/index.php\/wp-json\/wp\/v2\/media?parent=1188"}],"curies":[{"name":"wp","href":"https:\/\/api.w.org\/{rel}","templated":true}]}}