{"id":15,"date":"2013-04-29T19:05:54","date_gmt":"2013-04-29T17:05:54","guid":{"rendered":"http:\/\/hgv-jesberg.de\/?page_id=15"},"modified":"2013-04-29T19:05:54","modified_gmt":"2013-04-29T17:05:54","slug":"datenschutz","status":"publish","type":"page","link":"https:\/\/buh-jesberg.de\/index.php\/datenschutz\/","title":{"rendered":"Datenschutz"},"content":{"rendered":"<h2><strong>Datenschutzerkl\u00e4rung<\/strong><\/h2>\n<h3><a name=\"_Toc517627842\"><\/a>1.&nbsp;&nbsp; <strong>Hinweis<\/strong><\/h3>\n<p>Hinweis zur Verarbeitung Ihrer Daten gem\u00e4\u00df Art. 13 DSGVO.<br \/>\nBei der Nutzung unserer Webseite vertrauen Sie uns Ihre Daten an. Wir sind uns der gro\u00dfen Verantwortung bewusst und behandeln Ihre personenbezogenen Daten vertraulich und entsprechend der gesetzlichen Datenschutzvorschriften. Im Folgenden informieren wir \u00fcber die Erhebung personenbezogener Daten bei Nutzung unserer Webseite.<\/p>\n<h3><a name=\"_Toc517627843\"><\/a>2.&nbsp;&nbsp; Geltungsbereich<\/h3>\n<p>Diese Datenschutzerkl\u00e4rung gilt f\u00fcr die Webseite und das Internet-Angebot von Burg- und Heimatverein Jesberg e.V. f\u00fcr die \u00fcber diese Webseiten erhobenen personenbezogenen Daten. F\u00fcr die Webseiten anderer Anbieter, auf die z. B. \u00fcber Links verwiesen wird, gelten die dortigen Datenschutzhinweise. Die Nutzung der externen Links erfolgt auf eigene Verantwortung. Wir sind weder f\u00fcr die Inhalte, noch die Datenschutzvorkehrungen anderer Seitenbetreiber verantwortlich. Wenn Sie eine andere Webseite besuchen, informieren Sie sich bitte dort \u00fcber die geltenden Datenschutzrichtlinien.<\/p>\n<h3><a name=\"_Toc517627844\"><\/a>3.&nbsp;&nbsp; Verantwortliche Stelle<\/h3>\n<p>Verantwortlicher im Sinne des Art.&nbsp;4 Abs.&nbsp;7 DSGVO ist:<br \/>\nBurg- und Heimatverein Jesberg e.V.<br \/>\nVertretungsberechtigter Vorstand:<br \/>\nSusanne Bannenberg, 1. Vorsitzender<br \/>\nErnst Kurzrock, 2. Vorsitzender<br \/>\nE-Mail <a href=\"mailto:vorstand@buh-jesberg.de\">vorstand@buh-jesberg.de<\/a><br \/>\n(siehe auch unser Impressum)<\/p>\n<h3><a name=\"_Toc517627845\"><\/a>4.&nbsp;&nbsp; Hosting<\/h3>\n<p>Unsere Webseite wird von Hostmaster STRATO als technischem Dienstleister in unserem Auftrag und nach unseren Vorgaben gehostet.<\/p>\n<h3><a name=\"_Toc517627846\"><\/a>5.&nbsp;&nbsp; Informationen zur Verarbeitung personenbezogener Daten<\/h3>\n<p>(1) Personenbezogene Daten sind gem\u00e4\u00df Art. 4 Abs.&nbsp;1 DSGVO alle Informationen, die auf Sie pers\u00f6nlich direkt oder indirekt beziehbar sind, z. B. Name, Adresse, E-Mail-Adressen, Telefonnummern sowie Standortdaten, Online-Kennung und Nutzerverhalten.<\/p>\n<p>(2) Wir verarbeiten personenbezogene Daten ausschlie\u00dflich entsprechend der von Ihnen in Anspruch genommen Leistungen<\/p>\n<ul>\n<li>Zur Erbringung und Vermittlung (kostenlose oder gemeinn\u00fctzige Leistungen) von Tagungen und Vereins-Veranstaltungen (Art.&nbsp;6 Abs.&nbsp;1 S.&nbsp;1 lit.&nbsp;b DSGVO), sowie zum Download der entsprechenden Unterlagen,<\/li>\n<li>aufgrund Ihrer Einwilligung (Art.&nbsp;6 Abs.&nbsp;1 S.&nbsp;1lit.&nbsp;a DSGVO),<\/li>\n<li>sowie zur Wahrung berechtigter Interessen (Art.&nbsp;6 Abs.&nbsp;1 S.&nbsp;1lit.&nbsp;f DSGVO), z.B. zur Geltendmachung rechtlicher Anspr\u00fcche und Verteidigung bei rechtlichen Streitigkeiten, sowie um Inhalte und Funktionen unserer Dienstleistungen und Webseite auszuf\u00fchren und verbessern.<\/li>\n<\/ul>\n<h3><a name=\"_Toc517627847\"><\/a>6.&nbsp;&nbsp; Besuch unserer Webseite<\/h3>\n<p>Bei der blo\u00df informatorischen Nutzung der Webseite, also wenn Sie sich nicht registrieren oder uns anderweitig Informationen \u00fcbermitteln, erheben wir nur die personenbezogenen Daten, die Ihr Browser an unseren Server \u00fcbermittelt. Wenn Sie unsere Webseite betrachten m\u00f6chten, erheben wir die folgenden Daten, die f\u00fcr uns technisch erforderlich sind, um Ihnen unsere Webseite anzuzeigen und die Stabilit\u00e4t und Sicherheit zu gew\u00e4hrleisten (Rechtsgrundlage ist Art.&nbsp;6 Abs.&nbsp;1 S.&nbsp;1 lit.&nbsp;f DSGVO):<\/p>\n<ul>\n<li>IP-Adresse<\/li>\n<li>Datum und Uhrzeit der Anfrage<\/li>\n<li>Zeitzonendifferenz zur Greenwich Mean Time (GMT)<\/li>\n<li>Inhalt der Anforderung (konkrete Seite)<\/li>\n<li>Zugriffsstatus\/HTTP-Statuscode<\/li>\n<li>jeweils \u00fcbertragene Datenmenge<\/li>\n<li>Webseite, von der die Anforderung kommt<\/li>\n<li>Browser<\/li>\n<li>Betriebssystem und dessen Oberfl\u00e4che<\/li>\n<li>Sprache und Version der Browsersoftware.<\/li>\n<\/ul>\n<h3><a name=\"_Toc517627848\"><\/a>7.&nbsp;&nbsp; Einsatz von Cookies<\/h3>\n<p>(1) Zus\u00e4tzlich zu den zuvor genannten Daten werden bei Ihrer Nutzung unserer Webseite Cookies auf Ihrem Rechner gespeichert. Bei Cookies handelt es sich um kleine Textdateien, die auf Ihrer Festplatte dem von Ihnen verwendeten Browser zugeordnet gespeichert werden. Sie dienen dazu, das Internetangebot insgesamt nutzerfreundlicher und effektiver zu machen.<\/p>\n<p>(2) Einige der von uns verwendeten Cookies werden nach dem Ende der Browser-Sitzung wieder gel\u00f6scht (sog. Sitzungs-Cookies). Andere Cookies verbleiben auf Ihrem Endger\u00e4t und erm\u00f6glichen uns, Ihren Browser beim n\u00e4chsten Besuch wiederzuerkennen (persistente Cookies).<\/p>\n<p>(3) Sitzungs-Cookies werden automatisiert gel\u00f6scht, wenn Sie den Browser schlie\u00dfen. Diese speichern eine sogenannte Session-ID, mit welcher sich verschiedene Anfragen Ihres Browsers der gemeinsamen Sitzung zuordnen lassen. Dadurch kann Ihr Rechner wiedererkannt werden, wenn Sie auf unsere Webseite zur\u00fcckkehren. Die Session-Cookies werden gel\u00f6scht, wenn Sie sich ausloggen oder den Browser schlie\u00dfen.<\/p>\n<p>(4) Persistente Cookies werden automatisiert nach einer vorgegebenen Dauer gel\u00f6scht, die sich je nach Cookie unterscheiden kann. Sie k\u00f6nnen die Cookies in den Sicherheitseinstellungen Ihres Browsers jederzeit l\u00f6schen.<\/p>\n<p>(5) Sie k\u00f6nnen Ihre Browser-Einstellung entsprechend Ihren W\u00fcnschen konfigurieren und z. B. die Annahme von Third-Party-Cookies oder allen Cookies ablehnen. Wir weisen Sie darauf hin, dass wenn Sie die Annahme von Cookies ablehnen, Sie eventuell nicht alle Funktionen dieser Webseite nutzen k\u00f6nnen.<\/p>\n<h3><a name=\"_Toc517627849\"><\/a>8.&nbsp;&nbsp; Kontaktformular\/ E-Mail<\/h3>\n<p>(1) Bei Ihrer Kontaktaufnahme mit uns per E-Mail oder \u00fcber ein Kontaktformular werden die von Ihnen gemachten Angaben (Ihre E-Mail-Adresse, ggf. Ihr Name und Ihre Telefonnummer) von uns gespeichert, um Ihre Anfrage zu bearbeiten.<\/p>\n<p>(2) Rechtsgrundlage f\u00fcr die Verarbeitung der Daten ist unser berechtigtes Interesse an der Beantwortung Ihres Anliegens gem\u00e4\u00df Art.&nbsp;6 Abs.&nbsp;1 S.&nbsp;1 lit.&nbsp;f DSGVO. Zielt Ihre Kontaktaufnahme auf&nbsp; Auskunft ab, so erfolgt die Verarbeitung zudem nach Art.&nbsp;6 Abs.&nbsp;1 S.&nbsp;1 lit.&nbsp;b DSGVO.<\/p>\n<p>(3) Die in diesem Zusammenhang anfallenden Daten l\u00f6schen wir, sobald das Anliegen den Umst\u00e4nden nach gekl\u00e4rt ist und die Speicherung nicht mehr erforderlich ist, oder schr\u00e4nken die Verarbeitung ein, falls gesetzliche Aufbewahrungspflichten bestehen.<\/p>\n<h3><a name=\"_Toc517627850\"><\/a>9.&nbsp;&nbsp; Weitere Funktionen und Angebote unserer Website<\/h3>\n<p>(1) Neben der rein informatorischen Nutzung unserer Website bieten wir verschiedene kostenlose oder gemeinn\u00fctzige Leistungen an, die Sie bei Interesse nutzen k\u00f6nnen. Dazu m\u00fcssen Sie in der Regel weitere personenbezogene Daten angeben, die wir zur Erbringung der jeweiligen Leistung gem\u00e4\u00df Art.&nbsp;6 Abs.&nbsp;1 S.&nbsp;1 lit.&nbsp;b DSGVO nutzen und f\u00fcr die hier genannten Grunds\u00e4tze zur Datenverarbeitung gelten.<\/p>\n<p>(2) Teilweise bedienen wir uns zur Verarbeitung Ihrer Daten externer Dienstleister. Diese wurden von uns sorgf\u00e4ltig ausgew\u00e4hlt und beauftragt, sind an unsere Weisungen gebunden und werden.<\/p>\n<p>(3) Soweit unsere Dienstleister oder Partner ihren Sitz in einem Staat au\u00dferhalb des Europ\u00e4ischen Wirtschaftsraumes (EWR) haben, informieren wir Sie \u00fcber die Folgen dieses Umstands.<\/p>\n<h3><a name=\"_Toc517627851\"><\/a>10.&nbsp;&nbsp; L\u00f6schung bzw. Sperrung der Daten<\/h3>\n<p>Personenbezogene Daten werden nur so lange gespeichert, wie diese zur Erreichung der hier genannten Zwecke erforderlich sind bzw. wie es die gesetzlichen Aufbewahrungsfristen vorsehen. Nach Fortfall des jeweiligen Zwecks bzw. Ablauf der Aufbewahrungspflichten werden die entsprechenden Daten gel\u00f6scht.<\/p>\n<ul>\n<li>Zur Einhaltungen von handels- und steuerrechtlicher Aufbewahrungspflichten, die sich z.B. aus dem Handelsgesetzbuch (HGB) oder der Abgabenordnung (AO) ergeben.<\/li>\n<li>Zur Erhaltung von Beweismitteln im Rahmen der gesetzlichen Verj\u00e4hrungsvorschriften: Nach \u00a7\u00a7 195 ff des B\u00fcrgerlichen Gesetzbuches (BGB)<\/li>\n<\/ul>\n<h3><a name=\"_Toc517627852\"><\/a>11.&nbsp;&nbsp; Ihre Rechte<\/h3>\n<p>Als Nutzer unseres Internet-Angebots und jeder unserer Dienstleistung haben Sie gegen\u00fcber uns folgende Rechte:<\/p>\n<p><strong>(1) Recht auf Auskunft<\/strong><\/p>\n<p>Sie k\u00f6nnen gem\u00e4\u00df Art. 15 DSGVO \u00fcber Ihre von uns verarbeiteten personenbezogenen Daten jederzeit Auskunft verlangen. In Ihrem Auskunftsantrag sollen Sie Ihr Anliegen konkretisieren, um uns das Zusammenstellen der gew\u00fcnschten Informationen zu erleichtern.<\/p>\n<p><strong>(2) Recht auf Berichtigung<\/strong><\/p>\n<p>Sollten die Sie betreffenden Daten nicht oder nicht mehr richtig sein, k\u00f6nnen Sie nach Art. 16 DSGVO eine Berichtigung verlangen. Sind die Daten unvollst\u00e4ndig, k\u00f6nnen Sie eine Erg\u00e4nzung der Daten verlangen.<\/p>\n<p><strong>(3) Recht auf L\u00f6schung<\/strong><\/p>\n<p>Entsprechend den Bedingungen des Art. 17 DSGVO k\u00f6nnen Sie die L\u00f6schung Ihrer personenbezogenen Daten verlangen. Ihr Anspruch auf L\u00f6schung h\u00e4ngt u. a. davon ab, ob die Sie betreffenden Daten aufgrund von handels- oder steuerrechtlichen Aufbewahrungsfristen noch von uns archiviert werden m\u00fcssen, sowie, ob wir diese zur Geltendmachung, Durchsetzung oder Verteidigung von Rechtsanspr\u00fcchen noch ben\u00f6tigen.<\/p>\n<p><strong>(4) Recht auf Einschr\u00e4nkung der Verarbeitung (Sperrung)<\/strong><\/p>\n<p>Im Rahmen der Vorgaben des Art. 18 DSGVO haben Sie das Recht eine Einschr\u00e4nkung der Sie betreffenden Daten zu verlangen. Damit eine Sperre von Daten jederzeit ber\u00fccksichtigt werden kann, m\u00fcssen Daten zu Kontrollzwecken in einer Sperrdatei vorgehalten werden. Sie k\u00f6nnen auch die L\u00f6schung der Daten verlangen, soweit keine gesetzliche Aufbewahrungspflicht besteht. Soweit eine solche Pflicht besteht, sperren wir Ihre Daten auf Wunsch.<\/p>\n<p><strong>(5) Recht auf Widerspruch gegen die Verarbeitung (Widerruf)<\/strong><\/p>\n<p>Nach Art. 21 DSGVO haben Sie das Recht, aus Gr\u00fcnden, die sich aus Ihrer besonderen Situation ergeben, jederzeit der Verarbeitung der Sie betreffenden Daten zu widersprechen. Allerdings kann der Widerspruch gegen eine etwaige Nutzung Ihrer Daten zu Direktwerbung und der Widerruf einer erteilten Einwilligung z. B. zu Werbezwecken nur mit Wirkung f\u00fcr die Zukunft ber\u00fccksichtigt werden.<\/p>\n<p><strong>(6) Recht auf Daten\u00fcbertragbarkeit<\/strong><\/p>\n<p>Sie haben das Recht, Ihre personenbezogen, die Sie uns bereitgestellt haben, in einem strukturierten, g\u00e4ngigen und maschinenlesbaren Format zu erhalten oder die \u00dcbermittlung an einen anderen Verantwortlichen zu verlangen, soweit dies technisch machbar ist.<\/p>\n<p><strong>(7) Recht auf Beschwerde<\/strong><\/p>\n<p>Sie haben zudem gem. Art. 21 DSGVO das Recht, sich bei einer Datenschutz-Aufsichtsbeh\u00f6rde \u00fcber die Verarbeitung Ihrer personenbezogenen Daten durch uns zu beschweren.&nbsp;<\/p>\n<h3><a name=\"_Toc517627853\"><\/a>12.&nbsp;&nbsp; Widerspruchsrecht<\/h3>\n<p>(1) Falls Sie eine Einwilligung zur Verarbeitung Ihrer Daten erteilt haben, k\u00f6nnen Sie diese jederzeit widerrufen. Ein solcher Widerruf beeinflusst die Zul\u00e4ssigkeit der Verarbeitung Ihrer personenbezogenen Daten, nachdem Sie ihn gegen\u00fcber uns ausgesprochen haben.<\/p>\n<p>(2) Wenn wir im Rahmen einer Interessenabw\u00e4gung Ihre personenbezogenen Daten aufgrund unseres \u00fcberwiegenden Interesses verarbeiten (Art.&nbsp;6 Abs.&nbsp;1 lit.&nbsp;f DSGVO), haben Sie jederzeit das Recht, aus Gr\u00fcnden, die sich Ihrer besonderen Situation ergeben, Widerspruch mit Wirkung f\u00fcr die Zukunft gegen diese Verarbeitung einzulegen. Bei Aus\u00fcbung eines solchen Widerspruchs bitten wir um Angabe der Gr\u00fcnde, weshalb wir Ihre personenbezogenen Daten nicht wie von uns durchgef\u00fchrt verarbeiten sollten.<\/p>\n<p>(3) Wenn Sie von Ihrem Widerspruchsrecht Gebrauch machen, beenden wir die Verarbeitung der betroffenen Daten, sofern wir keine zwingenden schutzw\u00fcrdigen Gr\u00fcnde f\u00fcr die Verarbeitung vorweisen k\u00f6nnen, die Ihre Interessen und Grundrechte \u00fcberwiegen, oder wenn die Verarbeitung der Geltendmachung, Aus\u00fcbung oder Verteidigung von Rechtsanspr\u00fcchen dient.<\/p>\n<p>(4) Werden Ihre personenbezogenen Daten zum Zweck der Direktwerbung verarbeitet, haben Sie jederzeit das Recht Widerspruch gegen diese Art von Werbung einzulegen.<\/p>\n<p>(5) Ihren Widerruf bzw. Widerspruch k\u00f6nnen Sie uns einfach per Mail mitteilen, an <a href=\"mailto:vorstand@buh-jesberg.de\">vorstand@buh-jesberg.de<\/a><\/p>\n<h3><a name=\"_Toc517627854\"><\/a>13.&nbsp;&nbsp; \u00c4nderung der Datenschutzerkl\u00e4rung<\/h3>\n<p>Wir behalten uns vor, die Datenschutzbestimmungen bei Bedarf anzupassen, um stets den aktuellen&nbsp;rechtlichen Anforderungen zu gen\u00fcgen.<\/p>\n<h3><a name=\"_Toc517627855\"><\/a>14.&nbsp;&nbsp; Fragen zum Datenschutz<\/h3>\n<p>Wenn Sie Fragen zum Datenschutz haben, stehen wir Ihnen gerne zur Verf\u00fcgung. Schreiben Sie uns einfach eine E-Mail an <a href=\"mailto:vorstand@buh-jesberg.de\">vorstand@buh-jesberg.de<\/a><br \/>\n&nbsp;<br \/>\n<strong>Stand: 17.03.2022<\/strong><\/p>\n<p>&nbsp;<\/p>\n","protected":false},"excerpt":{"rendered":"<p>Datenschutzerkl\u00e4rung 1.&nbsp;&nbsp; Hinweis Hinweis zur Verarbeitung Ihrer Daten gem\u00e4\u00df Art. 13 DSGVO. Bei der Nutzung unserer Webseite vertrauen Sie uns Ihre Daten an. Wir sind uns der gro\u00dfen Verantwortung bewusst [&hellip;]<\/p>\n","protected":false},"author":2,"featured_media":0,"parent":0,"menu_order":0,"comment_status":"closed","ping_status":"closed","template":"","meta":{"_monsterinsights_skip_tracking":false,"_monsterinsights_sitenote_active":false,"_monsterinsights_sitenote_note":"","_monsterinsights_sitenote_category":0,"footnotes":""},"class_list":["post-15","page","type-page","status-publish","hentry"],"yoast_head":"<!-- This site is optimized with the Yoast SEO plugin v27.5 - https:\/\/yoast.com\/product\/yoast-seo-wordpress\/ -->\n<title>Datenschutz - Burg und Heimatverein Jesberg e.V.<\/title>\n<meta name=\"robots\" content=\"index, follow, max-snippet:-1, max-image-preview:large, max-video-preview:-1\" \/>\n<link rel=\"canonical\" href=\"https:\/\/buh-jesberg.de\/index.php\/datenschutz\/\" \/>\n<meta property=\"og:locale\" content=\"de_DE\" \/>\n<meta property=\"og:type\" content=\"article\" \/>\n<meta property=\"og:title\" content=\"Datenschutz - Burg und Heimatverein Jesberg e.V.\" \/>\n<meta property=\"og:description\" content=\"Datenschutzerkl\u00e4rung 1.&nbsp;&nbsp; Hinweis Hinweis zur Verarbeitung Ihrer Daten gem\u00e4\u00df Art. 13 DSGVO. Bei der Nutzung unserer Webseite vertrauen Sie uns Ihre Daten an. Wir sind uns der gro\u00dfen Verantwortung bewusst [&hellip;]\" \/>\n<meta property=\"og:url\" content=\"https:\/\/buh-jesberg.de\/index.php\/datenschutz\/\" \/>\n<meta property=\"og:site_name\" content=\"Burg und Heimatverein Jesberg e.V.\" \/>\n<meta name=\"twitter:card\" content=\"summary_large_image\" \/>\n<meta name=\"twitter:label1\" content=\"Gesch\u00e4tzte Lesezeit\" \/>\n\t<meta name=\"twitter:data1\" content=\"8\u00a0Minuten\" \/>\n<script type=\"application\/ld+json\" class=\"yoast-schema-graph\">{\"@context\":\"https:\\\/\\\/schema.org\",\"@graph\":[{\"@type\":\"WebPage\",\"@id\":\"https:\\\/\\\/buh-jesberg.de\\\/index.php\\\/datenschutz\\\/\",\"url\":\"https:\\\/\\\/buh-jesberg.de\\\/index.php\\\/datenschutz\\\/\",\"name\":\"Datenschutz - Burg und Heimatverein Jesberg e.V.\",\"isPartOf\":{\"@id\":\"https:\\\/\\\/buh-jesberg.de\\\/#website\"},\"datePublished\":\"2013-04-29T17:05:54+00:00\",\"breadcrumb\":{\"@id\":\"https:\\\/\\\/buh-jesberg.de\\\/index.php\\\/datenschutz\\\/#breadcrumb\"},\"inLanguage\":\"de\",\"potentialAction\":[{\"@type\":\"ReadAction\",\"target\":[\"https:\\\/\\\/buh-jesberg.de\\\/index.php\\\/datenschutz\\\/\"]}]},{\"@type\":\"BreadcrumbList\",\"@id\":\"https:\\\/\\\/buh-jesberg.de\\\/index.php\\\/datenschutz\\\/#breadcrumb\",\"itemListElement\":[{\"@type\":\"ListItem\",\"position\":1,\"name\":\"Startseite\",\"item\":\"https:\\\/\\\/buh-jesberg.de\\\/\"},{\"@type\":\"ListItem\",\"position\":2,\"name\":\"Datenschutz\"}]},{\"@type\":\"WebSite\",\"@id\":\"https:\\\/\\\/buh-jesberg.de\\\/#website\",\"url\":\"https:\\\/\\\/buh-jesberg.de\\\/\",\"name\":\"Burg und Heimatverein Jesberg e.V.\",\"description\":\"Gemeinn\u00fctziger Verein in Jesberg\",\"publisher\":{\"@id\":\"https:\\\/\\\/buh-jesberg.de\\\/#organization\"},\"potentialAction\":[{\"@type\":\"SearchAction\",\"target\":{\"@type\":\"EntryPoint\",\"urlTemplate\":\"https:\\\/\\\/buh-jesberg.de\\\/?s={search_term_string}\"},\"query-input\":{\"@type\":\"PropertyValueSpecification\",\"valueRequired\":true,\"valueName\":\"search_term_string\"}}],\"inLanguage\":\"de\"},{\"@type\":\"Organization\",\"@id\":\"https:\\\/\\\/buh-jesberg.de\\\/#organization\",\"name\":\"Burg und Heimatverein Jesberg e.V.\",\"url\":\"https:\\\/\\\/buh-jesberg.de\\\/\",\"logo\":{\"@type\":\"ImageObject\",\"inLanguage\":\"de\",\"@id\":\"https:\\\/\\\/buh-jesberg.de\\\/#\\\/schema\\\/logo\\\/image\\\/\",\"url\":\"https:\\\/\\\/buh-jesberg.de\\\/wp-content\\\/uploads\\\/2023\\\/01\\\/Website_Logo-e1674580236324.jpg\",\"contentUrl\":\"https:\\\/\\\/buh-jesberg.de\\\/wp-content\\\/uploads\\\/2023\\\/01\\\/Website_Logo-e1674580236324.jpg\",\"width\":500,\"height\":501,\"caption\":\"Burg und Heimatverein Jesberg e.V.\"},\"image\":{\"@id\":\"https:\\\/\\\/buh-jesberg.de\\\/#\\\/schema\\\/logo\\\/image\\\/\"}}]}<\/script>\n<!-- \/ Yoast SEO plugin. -->","yoast_head_json":{"title":"Datenschutz - Burg und Heimatverein Jesberg e.V.","robots":{"index":"index","follow":"follow","max-snippet":"max-snippet:-1","max-image-preview":"max-image-preview:large","max-video-preview":"max-video-preview:-1"},"canonical":"https:\/\/buh-jesberg.de\/index.php\/datenschutz\/","og_locale":"de_DE","og_type":"article","og_title":"Datenschutz - Burg und Heimatverein Jesberg e.V.","og_description":"Datenschutzerkl\u00e4rung 1.&nbsp;&nbsp; Hinweis Hinweis zur Verarbeitung Ihrer Daten gem\u00e4\u00df Art. 13 DSGVO. Bei der Nutzung unserer Webseite vertrauen Sie uns Ihre Daten an. Wir sind uns der gro\u00dfen Verantwortung bewusst [&hellip;]","og_url":"https:\/\/buh-jesberg.de\/index.php\/datenschutz\/","og_site_name":"Burg und Heimatverein Jesberg e.V.","twitter_card":"summary_large_image","twitter_misc":{"Gesch\u00e4tzte Lesezeit":"8\u00a0Minuten"},"schema":{"@context":"https:\/\/schema.org","@graph":[{"@type":"WebPage","@id":"https:\/\/buh-jesberg.de\/index.php\/datenschutz\/","url":"https:\/\/buh-jesberg.de\/index.php\/datenschutz\/","name":"Datenschutz - Burg und Heimatverein Jesberg e.V.","isPartOf":{"@id":"https:\/\/buh-jesberg.de\/#website"},"datePublished":"2013-04-29T17:05:54+00:00","breadcrumb":{"@id":"https:\/\/buh-jesberg.de\/index.php\/datenschutz\/#breadcrumb"},"inLanguage":"de","potentialAction":[{"@type":"ReadAction","target":["https:\/\/buh-jesberg.de\/index.php\/datenschutz\/"]}]},{"@type":"BreadcrumbList","@id":"https:\/\/buh-jesberg.de\/index.php\/datenschutz\/#breadcrumb","itemListElement":[{"@type":"ListItem","position":1,"name":"Startseite","item":"https:\/\/buh-jesberg.de\/"},{"@type":"ListItem","position":2,"name":"Datenschutz"}]},{"@type":"WebSite","@id":"https:\/\/buh-jesberg.de\/#website","url":"https:\/\/buh-jesberg.de\/","name":"Burg und Heimatverein Jesberg e.V.","description":"Gemeinn\u00fctziger Verein in Jesberg","publisher":{"@id":"https:\/\/buh-jesberg.de\/#organization"},"potentialAction":[{"@type":"SearchAction","target":{"@type":"EntryPoint","urlTemplate":"https:\/\/buh-jesberg.de\/?s={search_term_string}"},"query-input":{"@type":"PropertyValueSpecification","valueRequired":true,"valueName":"search_term_string"}}],"inLanguage":"de"},{"@type":"Organization","@id":"https:\/\/buh-jesberg.de\/#organization","name":"Burg und Heimatverein Jesberg e.V.","url":"https:\/\/buh-jesberg.de\/","logo":{"@type":"ImageObject","inLanguage":"de","@id":"https:\/\/buh-jesberg.de\/#\/schema\/logo\/image\/","url":"https:\/\/buh-jesberg.de\/wp-content\/uploads\/2023\/01\/Website_Logo-e1674580236324.jpg","contentUrl":"https:\/\/buh-jesberg.de\/wp-content\/uploads\/2023\/01\/Website_Logo-e1674580236324.jpg","width":500,"height":501,"caption":"Burg und Heimatverein Jesberg e.V."},"image":{"@id":"https:\/\/buh-jesberg.de\/#\/schema\/logo\/image\/"}}]}},"_links":{"self":[{"href":"https:\/\/buh-jesberg.de\/index.php\/wp-json\/wp\/v2\/pages\/15","targetHints":{"allow":["GET"]}}],"collection":[{"href":"https:\/\/buh-jesberg.de\/index.php\/wp-json\/wp\/v2\/pages"}],"about":[{"href":"https:\/\/buh-jesberg.de\/index.php\/wp-json\/wp\/v2\/types\/page"}],"author":[{"embeddable":true,"href":"https:\/\/buh-jesberg.de\/index.php\/wp-json\/wp\/v2\/users\/2"}],"replies":[{"embeddable":true,"href":"https:\/\/buh-jesberg.de\/index.php\/wp-json\/wp\/v2\/comments?post=15"}],"version-history":[{"count":0,"href":"https:\/\/buh-jesberg.de\/index.php\/wp-json\/wp\/v2\/pages\/15\/revisions"}],"wp:attachment":[{"href":"https:\/\/buh-jesberg.de\/index.php\/wp-json\/wp\/v2\/media?parent=15"}],"curies":[{"name":"wp","href":"https:\/\/api.w.org\/{rel}","templated":true}]}}