{"id":1776,"date":"2016-05-22T21:21:18","date_gmt":"2016-05-22T19:21:18","guid":{"rendered":"http:\/\/hgv-jesberg.de\/?p=1776"},"modified":"2023-05-22T09:55:59","modified_gmt":"2023-05-22T07:55:59","slug":"ortshistorisches-pfingstfest","status":"publish","type":"page","link":"https:\/\/buh-jesberg.de\/index.php\/ortshistorisches-pfingstfest\/","title":{"rendered":"Ortshistorisches  Pfingstfest"},"content":{"rendered":"\t\t<div data-elementor-type=\"wp-post\" data-elementor-id=\"1776\" class=\"elementor elementor-1776\" data-elementor-post-type=\"page\">\n\t\t\t\t\t\t<section class=\"elementor-section elementor-top-section elementor-element elementor-element-4019c85b elementor-section-boxed elementor-section-height-default elementor-section-height-default\" data-id=\"4019c85b\" data-element_type=\"section\" data-e-type=\"section\">\n\t\t\t\t\t\t<div class=\"elementor-container elementor-column-gap-default\">\n\t\t\t\t\t<div class=\"elementor-column elementor-col-100 elementor-top-column elementor-element elementor-element-35ef1a03\" data-id=\"35ef1a03\" data-element_type=\"column\" data-e-type=\"column\">\n\t\t\t<div class=\"elementor-widget-wrap elementor-element-populated\">\n\t\t\t\t\t\t<div class=\"elementor-element elementor-element-6de3fd12 elementor-widget elementor-widget-text-editor\" data-id=\"6de3fd12\" data-element_type=\"widget\" data-e-type=\"widget\" data-widget_type=\"text-editor.default\">\n\t\t\t\t<div class=\"elementor-widget-container\">\n\t\t\t\t\t\t\t\t\t<h5>Liebe Freunde des HGV Jesberg,<\/h5><p>Ihnen allen w\u00fcnsche ich ein sch\u00f6nes Pfingstfest und verweise dazu auf unsere ortshistorische Ver\u00f6ffentlichung im Kellerwaldboten in dieser Woche.<\/p><p>Gleichzeitig m\u00f6chte ich schon auf die Feier der Gemeinde Jesberg zur 775-Jahrfeier der Ersterw\u00e4hnung unserer Burg am Wochenende 02. und 03.07.2016 aufmerksam machen.<\/p><p>HEIMAT- UND GESCHICHTSVEREIN JESBERG <br \/>Liebe Einwohner der Gro\u00dfgemeinde Jesberg, wir w\u00fcnschen Ihnen ein sch\u00f6nes Pfingstfest. Dabei blicken wir wehm\u00fctig auf vergangene Zeit zur\u00fcck, als wir Einwohner von Jesberg und der vielen umliegenden D\u00f6rfer dem Pfingstfest und damit dem traditionellen Pfingst- und Viehmarkt geradezu entgegenfieberten, dem absoluten H\u00f6hepunkt unseres ansonstenschlichten d\u00f6rflichen Lebens. Dieses Werbeplakat &#8230; <a href=\"https:\/\/buh-jesberg.de\/wp-content\/uploads\/2023\/02\/Pfingstfest-KB-08.05.16.pdf\" target=\"_blank\" rel=\"noopener\">weiterlesen<\/a><\/p><p>&#8230; Ihr Friedhelm Damm &#8211; Vors.<\/p>\t\t\t\t\t\t\t\t<\/div>\n\t\t\t\t<\/div>\n\t\t\t\t\t<\/div>\n\t\t<\/div>\n\t\t\t\t\t<\/div>\n\t\t<\/section>\n\t\t\t\t<\/div>\n\t\t","protected":false},"excerpt":{"rendered":"<p>Liebe Freunde des HGV Jesberg, Ihnen allen w\u00fcnsche ich ein sch\u00f6nes Pfingstfest und verweise dazu auf unsere ortshistorische Ver\u00f6ffentlichung im Kellerwaldboten in dieser Woche. Gleichzeitig m\u00f6chte ich schon auf die [&hellip;]<\/p>\n","protected":false},"author":2,"featured_media":0,"parent":0,"menu_order":0,"comment_status":"closed","ping_status":"closed","template":"","meta":{"_monsterinsights_skip_tracking":false,"_monsterinsights_sitenote_active":false,"_monsterinsights_sitenote_note":"","_monsterinsights_sitenote_category":0,"footnotes":""},"class_list":["post-1776","page","type-page","status-publish","hentry"],"yoast_head":"<!-- This site is optimized with the Yoast SEO plugin v27.4 - https:\/\/yoast.com\/product\/yoast-seo-wordpress\/ -->\n<title>Ortshistorisches Pfingstfest - Burg und Heimatverein Jesberg e.V.<\/title>\n<meta name=\"robots\" content=\"index, follow, max-snippet:-1, max-image-preview:large, max-video-preview:-1\" \/>\n<link rel=\"canonical\" href=\"https:\/\/buh-jesberg.de\/index.php\/ortshistorisches-pfingstfest\/\" \/>\n<meta property=\"og:locale\" content=\"de_DE\" \/>\n<meta property=\"og:type\" content=\"article\" \/>\n<meta property=\"og:title\" content=\"Ortshistorisches Pfingstfest - Burg und Heimatverein Jesberg e.V.\" \/>\n<meta property=\"og:description\" content=\"Liebe Freunde des HGV Jesberg, Ihnen allen w\u00fcnsche ich ein sch\u00f6nes Pfingstfest und verweise dazu auf unsere ortshistorische Ver\u00f6ffentlichung im Kellerwaldboten in dieser Woche. Gleichzeitig m\u00f6chte ich schon auf die [&hellip;]\" \/>\n<meta property=\"og:url\" content=\"https:\/\/buh-jesberg.de\/index.php\/ortshistorisches-pfingstfest\/\" \/>\n<meta property=\"og:site_name\" content=\"Burg und Heimatverein Jesberg e.V.\" \/>\n<meta property=\"article:modified_time\" content=\"2023-05-22T07:55:59+00:00\" \/>\n<meta name=\"twitter:card\" content=\"summary_large_image\" \/>\n<meta name=\"twitter:label1\" content=\"Gesch\u00e4tzte Lesezeit\" \/>\n\t<meta name=\"twitter:data1\" content=\"1\u00a0Minute\" \/>\n<script type=\"application\/ld+json\" class=\"yoast-schema-graph\">{\"@context\":\"https:\\\/\\\/schema.org\",\"@graph\":[{\"@type\":\"WebPage\",\"@id\":\"https:\\\/\\\/buh-jesberg.de\\\/index.php\\\/ortshistorisches-pfingstfest\\\/\",\"url\":\"https:\\\/\\\/buh-jesberg.de\\\/index.php\\\/ortshistorisches-pfingstfest\\\/\",\"name\":\"Ortshistorisches Pfingstfest - Burg und Heimatverein Jesberg e.V.\",\"isPartOf\":{\"@id\":\"https:\\\/\\\/buh-jesberg.de\\\/#website\"},\"datePublished\":\"2016-05-22T19:21:18+00:00\",\"dateModified\":\"2023-05-22T07:55:59+00:00\",\"breadcrumb\":{\"@id\":\"https:\\\/\\\/buh-jesberg.de\\\/index.php\\\/ortshistorisches-pfingstfest\\\/#breadcrumb\"},\"inLanguage\":\"de\",\"potentialAction\":[{\"@type\":\"ReadAction\",\"target\":[\"https:\\\/\\\/buh-jesberg.de\\\/index.php\\\/ortshistorisches-pfingstfest\\\/\"]}]},{\"@type\":\"BreadcrumbList\",\"@id\":\"https:\\\/\\\/buh-jesberg.de\\\/index.php\\\/ortshistorisches-pfingstfest\\\/#breadcrumb\",\"itemListElement\":[{\"@type\":\"ListItem\",\"position\":1,\"name\":\"Startseite\",\"item\":\"https:\\\/\\\/buh-jesberg.de\\\/\"},{\"@type\":\"ListItem\",\"position\":2,\"name\":\"Ortshistorisches Pfingstfest\"}]},{\"@type\":\"WebSite\",\"@id\":\"https:\\\/\\\/buh-jesberg.de\\\/#website\",\"url\":\"https:\\\/\\\/buh-jesberg.de\\\/\",\"name\":\"Burg und Heimatverein Jesberg e.V.\",\"description\":\"Gemeinn\u00fctziger Verein in Jesberg\",\"publisher\":{\"@id\":\"https:\\\/\\\/buh-jesberg.de\\\/#organization\"},\"potentialAction\":[{\"@type\":\"SearchAction\",\"target\":{\"@type\":\"EntryPoint\",\"urlTemplate\":\"https:\\\/\\\/buh-jesberg.de\\\/?s={search_term_string}\"},\"query-input\":{\"@type\":\"PropertyValueSpecification\",\"valueRequired\":true,\"valueName\":\"search_term_string\"}}],\"inLanguage\":\"de\"},{\"@type\":\"Organization\",\"@id\":\"https:\\\/\\\/buh-jesberg.de\\\/#organization\",\"name\":\"Burg und Heimatverein Jesberg e.V.\",\"url\":\"https:\\\/\\\/buh-jesberg.de\\\/\",\"logo\":{\"@type\":\"ImageObject\",\"inLanguage\":\"de\",\"@id\":\"https:\\\/\\\/buh-jesberg.de\\\/#\\\/schema\\\/logo\\\/image\\\/\",\"url\":\"https:\\\/\\\/buh-jesberg.de\\\/wp-content\\\/uploads\\\/2023\\\/01\\\/Website_Logo-e1674580236324.jpg\",\"contentUrl\":\"https:\\\/\\\/buh-jesberg.de\\\/wp-content\\\/uploads\\\/2023\\\/01\\\/Website_Logo-e1674580236324.jpg\",\"width\":500,\"height\":501,\"caption\":\"Burg und Heimatverein Jesberg e.V.\"},\"image\":{\"@id\":\"https:\\\/\\\/buh-jesberg.de\\\/#\\\/schema\\\/logo\\\/image\\\/\"}}]}<\/script>\n<!-- \/ Yoast SEO plugin. -->","yoast_head_json":{"title":"Ortshistorisches Pfingstfest - Burg und Heimatverein Jesberg e.V.","robots":{"index":"index","follow":"follow","max-snippet":"max-snippet:-1","max-image-preview":"max-image-preview:large","max-video-preview":"max-video-preview:-1"},"canonical":"https:\/\/buh-jesberg.de\/index.php\/ortshistorisches-pfingstfest\/","og_locale":"de_DE","og_type":"article","og_title":"Ortshistorisches Pfingstfest - Burg und Heimatverein Jesberg e.V.","og_description":"Liebe Freunde des HGV Jesberg, Ihnen allen w\u00fcnsche ich ein sch\u00f6nes Pfingstfest und verweise dazu auf unsere ortshistorische Ver\u00f6ffentlichung im Kellerwaldboten in dieser Woche. Gleichzeitig m\u00f6chte ich schon auf die [&hellip;]","og_url":"https:\/\/buh-jesberg.de\/index.php\/ortshistorisches-pfingstfest\/","og_site_name":"Burg und Heimatverein Jesberg e.V.","article_modified_time":"2023-05-22T07:55:59+00:00","twitter_card":"summary_large_image","twitter_misc":{"Gesch\u00e4tzte Lesezeit":"1\u00a0Minute"},"schema":{"@context":"https:\/\/schema.org","@graph":[{"@type":"WebPage","@id":"https:\/\/buh-jesberg.de\/index.php\/ortshistorisches-pfingstfest\/","url":"https:\/\/buh-jesberg.de\/index.php\/ortshistorisches-pfingstfest\/","name":"Ortshistorisches Pfingstfest - Burg und Heimatverein Jesberg e.V.","isPartOf":{"@id":"https:\/\/buh-jesberg.de\/#website"},"datePublished":"2016-05-22T19:21:18+00:00","dateModified":"2023-05-22T07:55:59+00:00","breadcrumb":{"@id":"https:\/\/buh-jesberg.de\/index.php\/ortshistorisches-pfingstfest\/#breadcrumb"},"inLanguage":"de","potentialAction":[{"@type":"ReadAction","target":["https:\/\/buh-jesberg.de\/index.php\/ortshistorisches-pfingstfest\/"]}]},{"@type":"BreadcrumbList","@id":"https:\/\/buh-jesberg.de\/index.php\/ortshistorisches-pfingstfest\/#breadcrumb","itemListElement":[{"@type":"ListItem","position":1,"name":"Startseite","item":"https:\/\/buh-jesberg.de\/"},{"@type":"ListItem","position":2,"name":"Ortshistorisches Pfingstfest"}]},{"@type":"WebSite","@id":"https:\/\/buh-jesberg.de\/#website","url":"https:\/\/buh-jesberg.de\/","name":"Burg und Heimatverein Jesberg e.V.","description":"Gemeinn\u00fctziger Verein in Jesberg","publisher":{"@id":"https:\/\/buh-jesberg.de\/#organization"},"potentialAction":[{"@type":"SearchAction","target":{"@type":"EntryPoint","urlTemplate":"https:\/\/buh-jesberg.de\/?s={search_term_string}"},"query-input":{"@type":"PropertyValueSpecification","valueRequired":true,"valueName":"search_term_string"}}],"inLanguage":"de"},{"@type":"Organization","@id":"https:\/\/buh-jesberg.de\/#organization","name":"Burg und Heimatverein Jesberg e.V.","url":"https:\/\/buh-jesberg.de\/","logo":{"@type":"ImageObject","inLanguage":"de","@id":"https:\/\/buh-jesberg.de\/#\/schema\/logo\/image\/","url":"https:\/\/buh-jesberg.de\/wp-content\/uploads\/2023\/01\/Website_Logo-e1674580236324.jpg","contentUrl":"https:\/\/buh-jesberg.de\/wp-content\/uploads\/2023\/01\/Website_Logo-e1674580236324.jpg","width":500,"height":501,"caption":"Burg und Heimatverein Jesberg e.V."},"image":{"@id":"https:\/\/buh-jesberg.de\/#\/schema\/logo\/image\/"}}]}},"_links":{"self":[{"href":"https:\/\/buh-jesberg.de\/index.php\/wp-json\/wp\/v2\/pages\/1776","targetHints":{"allow":["GET"]}}],"collection":[{"href":"https:\/\/buh-jesberg.de\/index.php\/wp-json\/wp\/v2\/pages"}],"about":[{"href":"https:\/\/buh-jesberg.de\/index.php\/wp-json\/wp\/v2\/types\/page"}],"author":[{"embeddable":true,"href":"https:\/\/buh-jesberg.de\/index.php\/wp-json\/wp\/v2\/users\/2"}],"replies":[{"embeddable":true,"href":"https:\/\/buh-jesberg.de\/index.php\/wp-json\/wp\/v2\/comments?post=1776"}],"version-history":[{"count":7,"href":"https:\/\/buh-jesberg.de\/index.php\/wp-json\/wp\/v2\/pages\/1776\/revisions"}],"predecessor-version":[{"id":5872,"href":"https:\/\/buh-jesberg.de\/index.php\/wp-json\/wp\/v2\/pages\/1776\/revisions\/5872"}],"wp:attachment":[{"href":"https:\/\/buh-jesberg.de\/index.php\/wp-json\/wp\/v2\/media?parent=1776"}],"curies":[{"name":"wp","href":"https:\/\/api.w.org\/{rel}","templated":true}]}}