{"id":272,"date":"2013-05-03T19:34:11","date_gmt":"2013-05-03T17:34:11","guid":{"rendered":"http:\/\/hgv-jesberg.de\/?page_id=272"},"modified":"2023-05-21T12:24:45","modified_gmt":"2023-05-21T10:24:45","slug":"brief-an-maximilian","status":"publish","type":"page","link":"https:\/\/buh-jesberg.de\/index.php\/publikationen\/brief-an-maximilian\/","title":{"rendered":"Brief an Maximilian"},"content":{"rendered":"\t\t<div data-elementor-type=\"wp-page\" data-elementor-id=\"272\" class=\"elementor elementor-272\" data-elementor-post-type=\"page\">\n\t\t\t\t\t\t<section class=\"elementor-section elementor-top-section elementor-element elementor-element-2af80a8f elementor-section-boxed elementor-section-height-default elementor-section-height-default\" data-id=\"2af80a8f\" data-element_type=\"section\" data-e-type=\"section\">\n\t\t\t\t\t\t<div class=\"elementor-container elementor-column-gap-default\">\n\t\t\t\t\t<div class=\"elementor-column elementor-col-100 elementor-top-column elementor-element elementor-element-4793889a\" data-id=\"4793889a\" data-element_type=\"column\" data-e-type=\"column\">\n\t\t\t<div class=\"elementor-widget-wrap elementor-element-populated\">\n\t\t\t\t\t\t<div class=\"elementor-element elementor-element-46c7b073 elementor-widget elementor-widget-text-editor\" data-id=\"46c7b073\" data-element_type=\"widget\" data-e-type=\"widget\" data-widget_type=\"text-editor.default\">\n\t\t\t\t<div class=\"elementor-widget-container\">\n\t\t\t\t\t\t\t\t\t<p><strong><a href=\"https:\/\/buh-jesberg.de\/wp-content\/uploads\/2023\/01\/Brief_an_Maximilian.pdf\"><img fetchpriority=\"high\" decoding=\"async\" class=\"size-medium wp-image-4354 alignright\" src=\"https:\/\/buh-jesberg.de\/wp-content\/uploads\/2023\/02\/Brief_an_Maxi-199x300.png\" alt=\"\" width=\"199\" height=\"300\" srcset=\"https:\/\/buh-jesberg.de\/wp-content\/uploads\/2023\/02\/Brief_an_Maxi-199x300.png 199w, https:\/\/buh-jesberg.de\/wp-content\/uploads\/2023\/02\/Brief_an_Maxi.png 470w\" sizes=\"(max-width: 199px) 100vw, 199px\" \/><\/a>Ein fiktiver Brief an Maximilian von Hessen-Kassel<\/strong><\/p><p>In der Schriftenreihe des Burg- und Heimatverein Jesberg e.V. erschien ein von Pfarrerin Erika Eckhardt verfasster fiktiver Brief an den Prinzen Maximilian von Hessen-Kassel, den Erbauer des Schlosses Jesberg. Frau Eckhardt schreibt vom Leben Maximilians und seiner T\u00f6chter und versucht die Erinnerung an deren Wirken in Jesberg zu wahren.<\/p><p>Der Burg- und Heimatverein Jesberg e.V. bedankt sich bei Frau Eckhardt f\u00fcr die Erlaubnis, den Text zu ver\u00f6ffentlichen. Dar\u00fcber hinaus danken wir f\u00fcr die \u00dcbereignung von Portraits der Familie Maximilians, die einen w\u00fcrdigen Platz in der Begegnungsst\u00e4tte im Maximilianschloss in Jesberg gefunden haben und dort von jedermann betrachtet werden k\u00f6nnen.<\/p>\t\t\t\t\t\t\t\t<\/div>\n\t\t\t\t<\/div>\n\t\t\t\t\t<\/div>\n\t\t<\/div>\n\t\t\t\t\t<\/div>\n\t\t<\/section>\n\t\t\t\t<\/div>\n\t\t","protected":false},"excerpt":{"rendered":"<p>Ein fiktiver Brief an Maximilian von Hessen-Kassel In der Schriftenreihe des Burg- und Heimatverein Jesberg e.V. erschien ein von Pfarrerin Erika Eckhardt verfasster fiktiver Brief an den Prinzen Maximilian von [&hellip;]<\/p>\n","protected":false},"author":2,"featured_media":0,"parent":74,"menu_order":0,"comment_status":"closed","ping_status":"closed","template":"","meta":{"_monsterinsights_skip_tracking":false,"_monsterinsights_sitenote_active":false,"_monsterinsights_sitenote_note":"","_monsterinsights_sitenote_category":0,"footnotes":""},"class_list":["post-272","page","type-page","status-publish","hentry"],"yoast_head":"<!-- This site is optimized with the Yoast SEO plugin v27.5 - https:\/\/yoast.com\/product\/yoast-seo-wordpress\/ -->\n<title>Brief an Maximilian - Burg und Heimatverein Jesberg e.V.<\/title>\n<meta name=\"robots\" content=\"index, follow, max-snippet:-1, max-image-preview:large, max-video-preview:-1\" \/>\n<link rel=\"canonical\" href=\"https:\/\/buh-jesberg.de\/index.php\/publikationen\/brief-an-maximilian\/\" \/>\n<meta property=\"og:locale\" content=\"de_DE\" \/>\n<meta property=\"og:type\" content=\"article\" \/>\n<meta property=\"og:title\" content=\"Brief an Maximilian - Burg und Heimatverein Jesberg e.V.\" \/>\n<meta property=\"og:description\" content=\"Ein fiktiver Brief an Maximilian von Hessen-Kassel In der Schriftenreihe des Burg- und Heimatverein Jesberg e.V. erschien ein von Pfarrerin Erika Eckhardt verfasster fiktiver Brief an den Prinzen Maximilian von [&hellip;]\" \/>\n<meta property=\"og:url\" content=\"https:\/\/buh-jesberg.de\/index.php\/publikationen\/brief-an-maximilian\/\" \/>\n<meta property=\"og:site_name\" content=\"Burg und Heimatverein Jesberg e.V.\" \/>\n<meta property=\"article:modified_time\" content=\"2023-05-21T10:24:45+00:00\" \/>\n<meta property=\"og:image\" content=\"https:\/\/buh-jesberg.de\/wp-content\/uploads\/2023\/02\/Brief_an_Maxi-199x300.png\" \/>\n<meta name=\"twitter:card\" content=\"summary_large_image\" \/>\n<meta name=\"twitter:label1\" content=\"Gesch\u00e4tzte Lesezeit\" \/>\n\t<meta name=\"twitter:data1\" content=\"1\u00a0Minute\" \/>\n<script type=\"application\/ld+json\" class=\"yoast-schema-graph\">{\"@context\":\"https:\\\/\\\/schema.org\",\"@graph\":[{\"@type\":\"WebPage\",\"@id\":\"https:\\\/\\\/buh-jesberg.de\\\/index.php\\\/publikationen\\\/brief-an-maximilian\\\/\",\"url\":\"https:\\\/\\\/buh-jesberg.de\\\/index.php\\\/publikationen\\\/brief-an-maximilian\\\/\",\"name\":\"Brief an Maximilian - Burg und Heimatverein Jesberg e.V.\",\"isPartOf\":{\"@id\":\"https:\\\/\\\/buh-jesberg.de\\\/#website\"},\"primaryImageOfPage\":{\"@id\":\"https:\\\/\\\/buh-jesberg.de\\\/index.php\\\/publikationen\\\/brief-an-maximilian\\\/#primaryimage\"},\"image\":{\"@id\":\"https:\\\/\\\/buh-jesberg.de\\\/index.php\\\/publikationen\\\/brief-an-maximilian\\\/#primaryimage\"},\"thumbnailUrl\":\"https:\\\/\\\/buh-jesberg.de\\\/wp-content\\\/uploads\\\/2023\\\/02\\\/Brief_an_Maxi-199x300.png\",\"datePublished\":\"2013-05-03T17:34:11+00:00\",\"dateModified\":\"2023-05-21T10:24:45+00:00\",\"breadcrumb\":{\"@id\":\"https:\\\/\\\/buh-jesberg.de\\\/index.php\\\/publikationen\\\/brief-an-maximilian\\\/#breadcrumb\"},\"inLanguage\":\"de\",\"potentialAction\":[{\"@type\":\"ReadAction\",\"target\":[\"https:\\\/\\\/buh-jesberg.de\\\/index.php\\\/publikationen\\\/brief-an-maximilian\\\/\"]}]},{\"@type\":\"ImageObject\",\"inLanguage\":\"de\",\"@id\":\"https:\\\/\\\/buh-jesberg.de\\\/index.php\\\/publikationen\\\/brief-an-maximilian\\\/#primaryimage\",\"url\":\"https:\\\/\\\/buh-jesberg.de\\\/wp-content\\\/uploads\\\/2023\\\/02\\\/Brief_an_Maxi.png\",\"contentUrl\":\"https:\\\/\\\/buh-jesberg.de\\\/wp-content\\\/uploads\\\/2023\\\/02\\\/Brief_an_Maxi.png\",\"width\":470,\"height\":709},{\"@type\":\"BreadcrumbList\",\"@id\":\"https:\\\/\\\/buh-jesberg.de\\\/index.php\\\/publikationen\\\/brief-an-maximilian\\\/#breadcrumb\",\"itemListElement\":[{\"@type\":\"ListItem\",\"position\":1,\"name\":\"Startseite\",\"item\":\"https:\\\/\\\/buh-jesberg.de\\\/\"},{\"@type\":\"ListItem\",\"position\":2,\"name\":\"Publikationen\",\"item\":\"https:\\\/\\\/buh-jesberg.de\\\/index.php\\\/publikationen\\\/\"},{\"@type\":\"ListItem\",\"position\":3,\"name\":\"Brief an Maximilian\"}]},{\"@type\":\"WebSite\",\"@id\":\"https:\\\/\\\/buh-jesberg.de\\\/#website\",\"url\":\"https:\\\/\\\/buh-jesberg.de\\\/\",\"name\":\"Burg und Heimatverein Jesberg e.V.\",\"description\":\"Gemeinn\u00fctziger Verein in Jesberg\",\"publisher\":{\"@id\":\"https:\\\/\\\/buh-jesberg.de\\\/#organization\"},\"potentialAction\":[{\"@type\":\"SearchAction\",\"target\":{\"@type\":\"EntryPoint\",\"urlTemplate\":\"https:\\\/\\\/buh-jesberg.de\\\/?s={search_term_string}\"},\"query-input\":{\"@type\":\"PropertyValueSpecification\",\"valueRequired\":true,\"valueName\":\"search_term_string\"}}],\"inLanguage\":\"de\"},{\"@type\":\"Organization\",\"@id\":\"https:\\\/\\\/buh-jesberg.de\\\/#organization\",\"name\":\"Burg und Heimatverein Jesberg e.V.\",\"url\":\"https:\\\/\\\/buh-jesberg.de\\\/\",\"logo\":{\"@type\":\"ImageObject\",\"inLanguage\":\"de\",\"@id\":\"https:\\\/\\\/buh-jesberg.de\\\/#\\\/schema\\\/logo\\\/image\\\/\",\"url\":\"https:\\\/\\\/buh-jesberg.de\\\/wp-content\\\/uploads\\\/2023\\\/01\\\/Website_Logo-e1674580236324.jpg\",\"contentUrl\":\"https:\\\/\\\/buh-jesberg.de\\\/wp-content\\\/uploads\\\/2023\\\/01\\\/Website_Logo-e1674580236324.jpg\",\"width\":500,\"height\":501,\"caption\":\"Burg und Heimatverein Jesberg e.V.\"},\"image\":{\"@id\":\"https:\\\/\\\/buh-jesberg.de\\\/#\\\/schema\\\/logo\\\/image\\\/\"}}]}<\/script>\n<!-- \/ Yoast SEO plugin. -->","yoast_head_json":{"title":"Brief an Maximilian - Burg und Heimatverein Jesberg e.V.","robots":{"index":"index","follow":"follow","max-snippet":"max-snippet:-1","max-image-preview":"max-image-preview:large","max-video-preview":"max-video-preview:-1"},"canonical":"https:\/\/buh-jesberg.de\/index.php\/publikationen\/brief-an-maximilian\/","og_locale":"de_DE","og_type":"article","og_title":"Brief an Maximilian - Burg und Heimatverein Jesberg e.V.","og_description":"Ein fiktiver Brief an Maximilian von Hessen-Kassel In der Schriftenreihe des Burg- und Heimatverein Jesberg e.V. erschien ein von Pfarrerin Erika Eckhardt verfasster fiktiver Brief an den Prinzen Maximilian von [&hellip;]","og_url":"https:\/\/buh-jesberg.de\/index.php\/publikationen\/brief-an-maximilian\/","og_site_name":"Burg und Heimatverein Jesberg e.V.","article_modified_time":"2023-05-21T10:24:45+00:00","og_image":[{"url":"https:\/\/buh-jesberg.de\/wp-content\/uploads\/2023\/02\/Brief_an_Maxi-199x300.png","type":"","width":"","height":""}],"twitter_card":"summary_large_image","twitter_misc":{"Gesch\u00e4tzte Lesezeit":"1\u00a0Minute"},"schema":{"@context":"https:\/\/schema.org","@graph":[{"@type":"WebPage","@id":"https:\/\/buh-jesberg.de\/index.php\/publikationen\/brief-an-maximilian\/","url":"https:\/\/buh-jesberg.de\/index.php\/publikationen\/brief-an-maximilian\/","name":"Brief an Maximilian - Burg und Heimatverein Jesberg e.V.","isPartOf":{"@id":"https:\/\/buh-jesberg.de\/#website"},"primaryImageOfPage":{"@id":"https:\/\/buh-jesberg.de\/index.php\/publikationen\/brief-an-maximilian\/#primaryimage"},"image":{"@id":"https:\/\/buh-jesberg.de\/index.php\/publikationen\/brief-an-maximilian\/#primaryimage"},"thumbnailUrl":"https:\/\/buh-jesberg.de\/wp-content\/uploads\/2023\/02\/Brief_an_Maxi-199x300.png","datePublished":"2013-05-03T17:34:11+00:00","dateModified":"2023-05-21T10:24:45+00:00","breadcrumb":{"@id":"https:\/\/buh-jesberg.de\/index.php\/publikationen\/brief-an-maximilian\/#breadcrumb"},"inLanguage":"de","potentialAction":[{"@type":"ReadAction","target":["https:\/\/buh-jesberg.de\/index.php\/publikationen\/brief-an-maximilian\/"]}]},{"@type":"ImageObject","inLanguage":"de","@id":"https:\/\/buh-jesberg.de\/index.php\/publikationen\/brief-an-maximilian\/#primaryimage","url":"https:\/\/buh-jesberg.de\/wp-content\/uploads\/2023\/02\/Brief_an_Maxi.png","contentUrl":"https:\/\/buh-jesberg.de\/wp-content\/uploads\/2023\/02\/Brief_an_Maxi.png","width":470,"height":709},{"@type":"BreadcrumbList","@id":"https:\/\/buh-jesberg.de\/index.php\/publikationen\/brief-an-maximilian\/#breadcrumb","itemListElement":[{"@type":"ListItem","position":1,"name":"Startseite","item":"https:\/\/buh-jesberg.de\/"},{"@type":"ListItem","position":2,"name":"Publikationen","item":"https:\/\/buh-jesberg.de\/index.php\/publikationen\/"},{"@type":"ListItem","position":3,"name":"Brief an Maximilian"}]},{"@type":"WebSite","@id":"https:\/\/buh-jesberg.de\/#website","url":"https:\/\/buh-jesberg.de\/","name":"Burg und Heimatverein Jesberg e.V.","description":"Gemeinn\u00fctziger Verein in Jesberg","publisher":{"@id":"https:\/\/buh-jesberg.de\/#organization"},"potentialAction":[{"@type":"SearchAction","target":{"@type":"EntryPoint","urlTemplate":"https:\/\/buh-jesberg.de\/?s={search_term_string}"},"query-input":{"@type":"PropertyValueSpecification","valueRequired":true,"valueName":"search_term_string"}}],"inLanguage":"de"},{"@type":"Organization","@id":"https:\/\/buh-jesberg.de\/#organization","name":"Burg und Heimatverein Jesberg e.V.","url":"https:\/\/buh-jesberg.de\/","logo":{"@type":"ImageObject","inLanguage":"de","@id":"https:\/\/buh-jesberg.de\/#\/schema\/logo\/image\/","url":"https:\/\/buh-jesberg.de\/wp-content\/uploads\/2023\/01\/Website_Logo-e1674580236324.jpg","contentUrl":"https:\/\/buh-jesberg.de\/wp-content\/uploads\/2023\/01\/Website_Logo-e1674580236324.jpg","width":500,"height":501,"caption":"Burg und Heimatverein Jesberg e.V."},"image":{"@id":"https:\/\/buh-jesberg.de\/#\/schema\/logo\/image\/"}}]}},"_links":{"self":[{"href":"https:\/\/buh-jesberg.de\/index.php\/wp-json\/wp\/v2\/pages\/272","targetHints":{"allow":["GET"]}}],"collection":[{"href":"https:\/\/buh-jesberg.de\/index.php\/wp-json\/wp\/v2\/pages"}],"about":[{"href":"https:\/\/buh-jesberg.de\/index.php\/wp-json\/wp\/v2\/types\/page"}],"author":[{"embeddable":true,"href":"https:\/\/buh-jesberg.de\/index.php\/wp-json\/wp\/v2\/users\/2"}],"replies":[{"embeddable":true,"href":"https:\/\/buh-jesberg.de\/index.php\/wp-json\/wp\/v2\/comments?post=272"}],"version-history":[{"count":15,"href":"https:\/\/buh-jesberg.de\/index.php\/wp-json\/wp\/v2\/pages\/272\/revisions"}],"predecessor-version":[{"id":5788,"href":"https:\/\/buh-jesberg.de\/index.php\/wp-json\/wp\/v2\/pages\/272\/revisions\/5788"}],"up":[{"embeddable":true,"href":"https:\/\/buh-jesberg.de\/index.php\/wp-json\/wp\/v2\/pages\/74"}],"wp:attachment":[{"href":"https:\/\/buh-jesberg.de\/index.php\/wp-json\/wp\/v2\/media?parent=272"}],"curies":[{"name":"wp","href":"https:\/\/api.w.org\/{rel}","templated":true}]}}