{"id":2729,"date":"2022-03-29T12:39:23","date_gmt":"2022-03-29T10:39:23","guid":{"rendered":"https:\/\/buh-jesberg.de\/?page_id=2729"},"modified":"2026-04-29T09:19:33","modified_gmt":"2026-04-29T07:19:33","slug":"download-bereich","status":"publish","type":"page","link":"https:\/\/buh-jesberg.de\/index.php\/der-verein\/download-bereich\/","title":{"rendered":"Download Bereich"},"content":{"rendered":"\t\t<div data-elementor-type=\"wp-page\" data-elementor-id=\"2729\" class=\"elementor elementor-2729\" data-elementor-post-type=\"page\">\n\t\t\t\t\t\t<section class=\"elementor-section elementor-top-section elementor-element elementor-element-41714623 elementor-section-boxed elementor-section-height-default elementor-section-height-default\" data-id=\"41714623\" data-element_type=\"section\" data-e-type=\"section\">\n\t\t\t\t\t\t<div class=\"elementor-container elementor-column-gap-default\">\n\t\t\t\t\t<div class=\"elementor-column elementor-col-100 elementor-top-column elementor-element elementor-element-1c9dd15b\" data-id=\"1c9dd15b\" data-element_type=\"column\" data-e-type=\"column\">\n\t\t\t<div class=\"elementor-widget-wrap elementor-element-populated\">\n\t\t\t\t\t\t<div class=\"elementor-element elementor-element-54249029 elementor-widget elementor-widget-text-editor\" data-id=\"54249029\" data-element_type=\"widget\" data-e-type=\"widget\" data-widget_type=\"text-editor.default\">\n\t\t\t\t<div class=\"elementor-widget-container\">\n\t\t\t\t\t\t\t\t\t\n<p>Hier k\u00f6nnen Sie unsere Dokumente und Formulare herunterladen.<\/p>\n<ul>\n<li><a href=\"https:\/\/buh-jesberg.de\/wp-content\/uploads\/2023\/02\/2022-03-29_Satzung_Fassung_Juni2021.pdf\" target=\"_blank\" rel=\"noopener\" download=\"\">Satzung Burg- und Heimatverein<\/a>\u00a0 (100 KB)<\/li>\n<li><a href=\"https:\/\/buh-jesberg.de\/wp-content\/uploads\/2024\/03\/2024-03-03_Antrag_Mitgliedschaft.pdf\" target=\"_blank\" rel=\"noopener\" download=\"\">Antrag auf Mitgliedschaft im Verein <\/a>\u00a0 (160 KB)<\/li>\n<\/ul>\n\t\t\t\t\t\t\t\t<\/div>\n\t\t\t\t<\/div>\n\t\t\t\t\t<\/div>\n\t\t<\/div>\n\t\t\t\t\t<\/div>\n\t\t<\/section>\n\t\t\t\t<section class=\"elementor-section elementor-top-section elementor-element elementor-element-b932d3e elementor-section-boxed elementor-section-height-default elementor-section-height-default\" data-id=\"b932d3e\" data-element_type=\"section\" data-e-type=\"section\">\n\t\t\t\t\t\t<div class=\"elementor-container elementor-column-gap-default\">\n\t\t\t\t\t<div class=\"elementor-column elementor-col-100 elementor-top-column elementor-element elementor-element-efd0635\" data-id=\"efd0635\" data-element_type=\"column\" data-e-type=\"column\">\n\t\t\t<div class=\"elementor-widget-wrap elementor-element-populated\">\n\t\t\t\t\t\t<div class=\"elementor-element elementor-element-5110942 elementor-widget elementor-widget-text-editor\" data-id=\"5110942\" data-element_type=\"widget\" data-e-type=\"widget\" data-widget_type=\"text-editor.default\">\n\t\t\t\t<div class=\"elementor-widget-container\">\n\t\t\t\t\t\t\t\t\t<h4><span style=\"color: #00ccff;\">2026<\/span><\/h4>\n<h5>Flyer<\/h5>\n<p>Der aktuelle <a href=\"https:\/\/buh-jesberg.de\/wp-content\/uploads\/2026\/04\/2026-04-26_Flyer_TdBuS_Jesberg.pdf\">Flyer<\/a> des Vereins steht hier zum Download bereit!<\/p>\n<h5>Wanderung<\/h5>\n<p>Hier k\u00f6nnen Sie sich das\u00a0<a href=\"https:\/\/buh-jesberg.de\/wp-content\/uploads\/2026\/04\/Strang-PG-Strang.pdf\">PDF<\/a> mit den <a href=\"https:\/\/buh-jesberg.de\/wp-content\/uploads\/2026\/04\/Strang-PG-Strang.pdf\">Wanderwegen\u00a0<\/a> f\u00fcr die Wanderung am 17-05-2026 ansehen oder herunterladen.<\/p>\t\t\t\t\t\t\t\t<\/div>\n\t\t\t\t<\/div>\n\t\t\t\t\t<\/div>\n\t\t<\/div>\n\t\t\t\t\t<\/div>\n\t\t<\/section>\n\t\t\t\t<section class=\"elementor-section elementor-top-section elementor-element elementor-element-93a6f0b elementor-section-boxed elementor-section-height-default elementor-section-height-default\" data-id=\"93a6f0b\" data-element_type=\"section\" data-e-type=\"section\">\n\t\t\t\t\t\t<div class=\"elementor-container elementor-column-gap-default\">\n\t\t\t\t\t<div class=\"elementor-column elementor-col-100 elementor-top-column elementor-element elementor-element-78ec23f\" data-id=\"78ec23f\" data-element_type=\"column\" data-e-type=\"column\">\n\t\t\t<div class=\"elementor-widget-wrap elementor-element-populated\">\n\t\t\t\t\t\t<div class=\"elementor-element elementor-element-82646c4 elementor-widget elementor-widget-text-editor\" data-id=\"82646c4\" data-element_type=\"widget\" data-e-type=\"widget\" data-widget_type=\"text-editor.default\">\n\t\t\t\t<div class=\"elementor-widget-container\">\n\t\t\t\t\t\t\t\t\t<h4><span style=\"color: #00ccff;\">2024<\/span><\/h4>\n<p>Hier stehen Ihnen die GPX-Dateien f\u00fcr alle Wander- und Fahrradtouren zur Verf\u00fcgung, die im Kalender 2024 aufgef\u00fchrt sind.\u00a0 Nutzen Sie Komoot, scannen Sie den QR-Code und Sie k\u00f6nnen sich sofort navigieren lassen. Um eine andere Navigationsapp zu nutzen, lesen Sie hier die Anleitungen.\u00a0<\/p>\n<p>Import zu <a href=\"https:\/\/buh-jesberg.de\/wp-content\/uploads\/2023\/12\/2023-07-22_GPX-OsmAnd.pdf\">OsmAnd<\/a><\/p>\n<p>Import zu <a href=\"https:\/\/buh-jesberg.de\/wp-content\/uploads\/2023\/12\/2022-11-20_GPX-GoogleMaps.pdf\">Google Maps<\/a><\/p>\n<p>Import zu <a href=\"https:\/\/buh-jesberg.de\/wp-content\/uploads\/2023\/12\/2023-07-22_GPX_Outdooractive.pdf\">Outdooractive<\/a><\/p>\t\t\t\t\t\t\t\t<\/div>\n\t\t\t\t<\/div>\n\t\t\t\t\t<\/div>\n\t\t<\/div>\n\t\t\t\t\t<\/div>\n\t\t<\/section>\n\t\t\t\t<section class=\"elementor-section elementor-top-section elementor-element elementor-element-85b8f61 elementor-section-boxed elementor-section-height-default elementor-section-height-default\" data-id=\"85b8f61\" data-element_type=\"section\" data-e-type=\"section\">\n\t\t\t\t\t\t<div class=\"elementor-container elementor-column-gap-default\">\n\t\t\t\t\t<div class=\"elementor-column elementor-col-100 elementor-top-column elementor-element elementor-element-9579dca\" data-id=\"9579dca\" data-element_type=\"column\" data-e-type=\"column\">\n\t\t\t<div class=\"elementor-widget-wrap elementor-element-populated\">\n\t\t\t\t\t\t<div class=\"elementor-element elementor-element-cedf490 elementor-widget elementor-widget-heading\" data-id=\"cedf490\" data-element_type=\"widget\" data-e-type=\"widget\" data-widget_type=\"heading.default\">\n\t\t\t\t<div class=\"elementor-widget-container\">\n\t\t\t\t\t<h5 class=\"elementor-heading-title elementor-size-default\">Download Dateien f\u00fcr die Wanderungen und Fahrradtouren 2024<\/h5>\t\t\t\t<\/div>\n\t\t\t\t<\/div>\n\t\t\t\t\t<\/div>\n\t\t<\/div>\n\t\t\t\t\t<\/div>\n\t\t<\/section>\n\t\t\t\t<section class=\"elementor-section elementor-top-section elementor-element elementor-element-1e4c6af elementor-section-boxed elementor-section-height-default elementor-section-height-default\" data-id=\"1e4c6af\" data-element_type=\"section\" data-e-type=\"section\">\n\t\t\t\t\t\t<div class=\"elementor-container elementor-column-gap-default\">\n\t\t\t\t\t<div class=\"elementor-column elementor-col-33 elementor-top-column elementor-element elementor-element-1cc60b7\" data-id=\"1cc60b7\" data-element_type=\"column\" data-e-type=\"column\">\n\t\t\t<div class=\"elementor-widget-wrap elementor-element-populated\">\n\t\t\t\t\t\t<div class=\"elementor-element elementor-element-d4a34d5 elementor-widget elementor-widget-text-editor\" data-id=\"d4a34d5\" data-element_type=\"widget\" data-e-type=\"widget\" data-widget_type=\"text-editor.default\">\n\t\t\t\t<div class=\"elementor-widget-container\">\n\t\t\t\t\t\t\t\t\t<p>GPX-Datei f\u00fcr die Wanderung im <a href=\"https:\/\/buh-jesberg.de\/wp-content\/plugins\/upload-anything\/uploads\/2023-04-21_1088258545_BuH%20Wanderung%20Januar.gpx\" download=\"\">Januar<\/a><\/p>\n<p>GPX-Datei f\u00fcr die Wanderung im <a href=\"https:\/\/buh-jesberg.de\/wp-content\/plugins\/upload-anything\/uploads\/2023-03-21_1056929877_Themenwanderung%20BuH%20Februar%20Hundshausen-Potsdamer-Platz.gpx\" download=\"\">Februar<\/a><\/p>\n<p>GPX-Datei f\u00fcr die Wanderung im <a href=\"https:\/\/buh-jesberg.de\/wp-content\/plugins\/upload-anything\/uploads\/2023-04-19_1086414445_Themenwanderung%20BuHJ%20M%C3%A4rz.gpx\" download=\"\">M\u00e4rz<\/a><\/p>\n<p>GPX-Datei f\u00fcr die Wanderung im <a href=\"https:\/\/buh-jesberg.de\/wp-content\/plugins\/upload-anything\/uploads\/2023-08-31_1286105043_2024%20DGH-Fahrradtour-BuHJ.gpx\" download=\"\">April<\/a><\/p>\t\t\t\t\t\t\t\t<\/div>\n\t\t\t\t<\/div>\n\t\t\t\t\t<\/div>\n\t\t<\/div>\n\t\t\t\t<div class=\"elementor-column elementor-col-33 elementor-top-column elementor-element elementor-element-92b4507\" data-id=\"92b4507\" data-element_type=\"column\" data-e-type=\"column\">\n\t\t\t<div class=\"elementor-widget-wrap elementor-element-populated\">\n\t\t\t\t\t\t<div class=\"elementor-element elementor-element-12ce87d elementor-widget elementor-widget-text-editor\" data-id=\"12ce87d\" data-element_type=\"widget\" data-e-type=\"widget\" data-widget_type=\"text-editor.default\">\n\t\t\t\t<div class=\"elementor-widget-container\">\n\t\t\t\t\t\t\t\t\t<p>GPX-Datei f\u00fcr dieWanderung im <a href=\"https:\/\/buh-jesberg.de\/wp-content\/plugins\/upload-anything\/uploads\/2023-04-01_1065389680_Themenwanderung%20BuHJ%20Maiwanderung.gpx\" download=\"\">Mai<\/a><\/p>\n<p>GPX-Datei f\u00fcr dieWanderung im <a href=\"https:\/\/buh-jesberg.de\/wp-content\/plugins\/upload-anything\/uploads\/2023-07-27_1232463756_Themen%20Fahrradtour%20BuH%20Juni.gpx\" download=\"\">Juni<\/a><\/p>\n<p>GPX-Datei f\u00fcr dieWanderung im <a href=\"https:\/\/buh-jesberg.de\/wp-content\/plugins\/upload-anything\/uploads\/2023-09-11_1304107556_Themenwanderung%20BuH%20Juli.gpx\" download=\"\">Juli<\/a><\/p>\n<p>GPX-Datei f\u00fcr dieWanderung im <a href=\"https:\/\/buh-jesberg.de\/wp-content\/plugins\/upload-anything\/uploads\/2023-09-11_1304130524_Themenwanderung%20BuH%20August.gpx\" download=\"\">August<\/a><\/p>\t\t\t\t\t\t\t\t<\/div>\n\t\t\t\t<\/div>\n\t\t\t\t\t<\/div>\n\t\t<\/div>\n\t\t\t\t<div class=\"elementor-column elementor-col-33 elementor-top-column elementor-element elementor-element-0a3b905\" data-id=\"0a3b905\" data-element_type=\"column\" data-e-type=\"column\">\n\t\t\t<div class=\"elementor-widget-wrap elementor-element-populated\">\n\t\t\t\t\t\t<div class=\"elementor-element elementor-element-1c800ac elementor-widget elementor-widget-text-editor\" data-id=\"1c800ac\" data-element_type=\"widget\" data-e-type=\"widget\" data-widget_type=\"text-editor.default\">\n\t\t\t\t<div class=\"elementor-widget-container\">\n\t\t\t\t\t\t\t\t\t<p>GPX-Datei f\u00fcr dieWanderung im <a href=\"https:\/\/buh-jesberg.de\/wp-content\/plugins\/upload-anything\/uploads\/2023-08-29_1283239885_Fahrradtour%20BuH%20September%20Bad%20Wildungen-Fritzlar-Jesberg.gpx\" download=\"\">September<\/a><\/p>\n<p>GPX-Datei f\u00fcr dieWanderung im <a href=\"https:\/\/buh-jesberg.de\/wp-content\/plugins\/upload-anything\/uploads\/2023-07-26_1231074708_BuH%20Oktober%20Hundsh%C3%A4user%20Eiche.gpx\" download=\"\">Oktober<\/a><\/p>\n<p>GPX-Datei f\u00fcr dieWanderung im <a href=\"https:\/\/buh-jesberg.de\/wp-content\/plugins\/upload-anything\/uploads\/2023-07-25_1229356276_Themenwanderung%20November%20Ellenrode-Strang-Diebelsborn-Elnr%C3%B6der%20Eiche-Elnrode.gpx\" download=\"\">November<\/a><\/p>\n<p>GPX-Datei f\u00fcr dieWanderung im <a href=\"https:\/\/buh-jesberg.de\/wp-content\/plugins\/upload-anything\/uploads\/2022-03-01_687501573_2022-03-01_Densberg-W%C3%BCstegarten-Hochmoor-Densberg.gpx\" download=\"\">Dezember<\/a>\u00a0<\/p>\t\t\t\t\t\t\t\t<\/div>\n\t\t\t\t<\/div>\n\t\t\t\t\t<\/div>\n\t\t<\/div>\n\t\t\t\t\t<\/div>\n\t\t<\/section>\n\t\t\t\t<section class=\"elementor-section elementor-top-section elementor-element elementor-element-b9502c7 elementor-section-boxed elementor-section-height-default elementor-section-height-default\" data-id=\"b9502c7\" data-element_type=\"section\" data-e-type=\"section\">\n\t\t\t\t\t\t<div class=\"elementor-container elementor-column-gap-default\">\n\t\t\t\t\t<div class=\"elementor-column elementor-col-100 elementor-top-column elementor-element elementor-element-95f8885\" data-id=\"95f8885\" data-element_type=\"column\" data-e-type=\"column\">\n\t\t\t<div class=\"elementor-widget-wrap elementor-element-populated\">\n\t\t\t\t\t\t<div class=\"elementor-element elementor-element-f6d6b68 elementor-widget elementor-widget-text-editor\" data-id=\"f6d6b68\" data-element_type=\"widget\" data-e-type=\"widget\" data-widget_type=\"text-editor.default\">\n\t\t\t\t<div class=\"elementor-widget-container\">\n\t\t\t\t\t\t\t\t\t<p>GPX-Datei f\u00fcr die <a href=\"https:\/\/buh-jesberg.de\/wp-content\/plugins\/upload-anything\/uploads\/2024-09-21_1725773385_BuH%20Herbstfahrradtour.gpx\" download=\"\">Fahrradtour am 22.09.2024<\/a><\/p>\t\t\t\t\t\t\t\t<\/div>\n\t\t\t\t<\/div>\n\t\t\t\t\t<\/div>\n\t\t<\/div>\n\t\t\t\t\t<\/div>\n\t\t<\/section>\n\t\t\t\t<\/div>\n\t\t","protected":false},"excerpt":{"rendered":"<p>2026 Flyer Der aktuelle Flyer des Vereins steht hier zum Download bereit! Wanderung Hier k\u00f6nnen Sie sich das\u00a0PDF mit den Wanderwegen\u00a0 f\u00fcr die Wanderung am 17-05-2026 ansehen oder herunterladen. 2024 [&hellip;]<\/p>\n","protected":false},"author":2,"featured_media":0,"parent":57,"menu_order":0,"comment_status":"closed","ping_status":"closed","template":"","meta":{"_monsterinsights_skip_tracking":false,"_monsterinsights_sitenote_active":false,"_monsterinsights_sitenote_note":"","_monsterinsights_sitenote_category":0,"footnotes":""},"class_list":["post-2729","page","type-page","status-publish","hentry"],"yoast_head":"<!-- This site is optimized with the Yoast SEO plugin v27.5 - https:\/\/yoast.com\/product\/yoast-seo-wordpress\/ -->\n<title>Download Bereich - Burg und Heimatverein Jesberg e.V.<\/title>\n<meta name=\"robots\" content=\"index, follow, max-snippet:-1, max-image-preview:large, max-video-preview:-1\" \/>\n<link rel=\"canonical\" href=\"https:\/\/buh-jesberg.de\/index.php\/der-verein\/download-bereich\/\" \/>\n<meta property=\"og:locale\" content=\"de_DE\" \/>\n<meta property=\"og:type\" content=\"article\" \/>\n<meta property=\"og:title\" content=\"Download Bereich - Burg und Heimatverein Jesberg e.V.\" \/>\n<meta property=\"og:description\" content=\"2026 Flyer Der aktuelle Flyer des Vereins steht hier zum Download bereit! Wanderung Hier k\u00f6nnen Sie sich das\u00a0PDF mit den Wanderwegen\u00a0 f\u00fcr die Wanderung am 17-05-2026 ansehen oder herunterladen. 2024 [&hellip;]\" \/>\n<meta property=\"og:url\" content=\"https:\/\/buh-jesberg.de\/index.php\/der-verein\/download-bereich\/\" \/>\n<meta property=\"og:site_name\" content=\"Burg und Heimatverein Jesberg e.V.\" \/>\n<meta property=\"article:modified_time\" content=\"2026-04-29T07:19:33+00:00\" \/>\n<meta name=\"twitter:card\" content=\"summary_large_image\" \/>\n<meta name=\"twitter:label1\" content=\"Gesch\u00e4tzte Lesezeit\" \/>\n\t<meta name=\"twitter:data1\" content=\"2\u00a0Minuten\" \/>\n<script type=\"application\/ld+json\" class=\"yoast-schema-graph\">{\"@context\":\"https:\\\/\\\/schema.org\",\"@graph\":[{\"@type\":\"WebPage\",\"@id\":\"https:\\\/\\\/buh-jesberg.de\\\/index.php\\\/der-verein\\\/download-bereich\\\/\",\"url\":\"https:\\\/\\\/buh-jesberg.de\\\/index.php\\\/der-verein\\\/download-bereich\\\/\",\"name\":\"Download Bereich - Burg und Heimatverein Jesberg e.V.\",\"isPartOf\":{\"@id\":\"https:\\\/\\\/buh-jesberg.de\\\/#website\"},\"datePublished\":\"2022-03-29T10:39:23+00:00\",\"dateModified\":\"2026-04-29T07:19:33+00:00\",\"breadcrumb\":{\"@id\":\"https:\\\/\\\/buh-jesberg.de\\\/index.php\\\/der-verein\\\/download-bereich\\\/#breadcrumb\"},\"inLanguage\":\"de\",\"potentialAction\":[{\"@type\":\"ReadAction\",\"target\":[\"https:\\\/\\\/buh-jesberg.de\\\/index.php\\\/der-verein\\\/download-bereich\\\/\"]}]},{\"@type\":\"BreadcrumbList\",\"@id\":\"https:\\\/\\\/buh-jesberg.de\\\/index.php\\\/der-verein\\\/download-bereich\\\/#breadcrumb\",\"itemListElement\":[{\"@type\":\"ListItem\",\"position\":1,\"name\":\"Startseite\",\"item\":\"https:\\\/\\\/buh-jesberg.de\\\/\"},{\"@type\":\"ListItem\",\"position\":2,\"name\":\"Der Verein\",\"item\":\"https:\\\/\\\/buh-jesberg.de\\\/index.php\\\/der-verein\\\/\"},{\"@type\":\"ListItem\",\"position\":3,\"name\":\"Download Bereich\"}]},{\"@type\":\"WebSite\",\"@id\":\"https:\\\/\\\/buh-jesberg.de\\\/#website\",\"url\":\"https:\\\/\\\/buh-jesberg.de\\\/\",\"name\":\"Burg und Heimatverein Jesberg e.V.\",\"description\":\"Gemeinn\u00fctziger Verein in Jesberg\",\"publisher\":{\"@id\":\"https:\\\/\\\/buh-jesberg.de\\\/#organization\"},\"potentialAction\":[{\"@type\":\"SearchAction\",\"target\":{\"@type\":\"EntryPoint\",\"urlTemplate\":\"https:\\\/\\\/buh-jesberg.de\\\/?s={search_term_string}\"},\"query-input\":{\"@type\":\"PropertyValueSpecification\",\"valueRequired\":true,\"valueName\":\"search_term_string\"}}],\"inLanguage\":\"de\"},{\"@type\":\"Organization\",\"@id\":\"https:\\\/\\\/buh-jesberg.de\\\/#organization\",\"name\":\"Burg und Heimatverein Jesberg e.V.\",\"url\":\"https:\\\/\\\/buh-jesberg.de\\\/\",\"logo\":{\"@type\":\"ImageObject\",\"inLanguage\":\"de\",\"@id\":\"https:\\\/\\\/buh-jesberg.de\\\/#\\\/schema\\\/logo\\\/image\\\/\",\"url\":\"https:\\\/\\\/buh-jesberg.de\\\/wp-content\\\/uploads\\\/2023\\\/01\\\/Website_Logo-e1674580236324.jpg\",\"contentUrl\":\"https:\\\/\\\/buh-jesberg.de\\\/wp-content\\\/uploads\\\/2023\\\/01\\\/Website_Logo-e1674580236324.jpg\",\"width\":500,\"height\":501,\"caption\":\"Burg und Heimatverein Jesberg e.V.\"},\"image\":{\"@id\":\"https:\\\/\\\/buh-jesberg.de\\\/#\\\/schema\\\/logo\\\/image\\\/\"}}]}<\/script>\n<!-- \/ Yoast SEO plugin. -->","yoast_head_json":{"title":"Download Bereich - Burg und Heimatverein Jesberg e.V.","robots":{"index":"index","follow":"follow","max-snippet":"max-snippet:-1","max-image-preview":"max-image-preview:large","max-video-preview":"max-video-preview:-1"},"canonical":"https:\/\/buh-jesberg.de\/index.php\/der-verein\/download-bereich\/","og_locale":"de_DE","og_type":"article","og_title":"Download Bereich - Burg und Heimatverein Jesberg e.V.","og_description":"2026 Flyer Der aktuelle Flyer des Vereins steht hier zum Download bereit! Wanderung Hier k\u00f6nnen Sie sich das\u00a0PDF mit den Wanderwegen\u00a0 f\u00fcr die Wanderung am 17-05-2026 ansehen oder herunterladen. 2024 [&hellip;]","og_url":"https:\/\/buh-jesberg.de\/index.php\/der-verein\/download-bereich\/","og_site_name":"Burg und Heimatverein Jesberg e.V.","article_modified_time":"2026-04-29T07:19:33+00:00","twitter_card":"summary_large_image","twitter_misc":{"Gesch\u00e4tzte Lesezeit":"2\u00a0Minuten"},"schema":{"@context":"https:\/\/schema.org","@graph":[{"@type":"WebPage","@id":"https:\/\/buh-jesberg.de\/index.php\/der-verein\/download-bereich\/","url":"https:\/\/buh-jesberg.de\/index.php\/der-verein\/download-bereich\/","name":"Download Bereich - Burg und Heimatverein Jesberg e.V.","isPartOf":{"@id":"https:\/\/buh-jesberg.de\/#website"},"datePublished":"2022-03-29T10:39:23+00:00","dateModified":"2026-04-29T07:19:33+00:00","breadcrumb":{"@id":"https:\/\/buh-jesberg.de\/index.php\/der-verein\/download-bereich\/#breadcrumb"},"inLanguage":"de","potentialAction":[{"@type":"ReadAction","target":["https:\/\/buh-jesberg.de\/index.php\/der-verein\/download-bereich\/"]}]},{"@type":"BreadcrumbList","@id":"https:\/\/buh-jesberg.de\/index.php\/der-verein\/download-bereich\/#breadcrumb","itemListElement":[{"@type":"ListItem","position":1,"name":"Startseite","item":"https:\/\/buh-jesberg.de\/"},{"@type":"ListItem","position":2,"name":"Der Verein","item":"https:\/\/buh-jesberg.de\/index.php\/der-verein\/"},{"@type":"ListItem","position":3,"name":"Download Bereich"}]},{"@type":"WebSite","@id":"https:\/\/buh-jesberg.de\/#website","url":"https:\/\/buh-jesberg.de\/","name":"Burg und Heimatverein Jesberg e.V.","description":"Gemeinn\u00fctziger Verein in Jesberg","publisher":{"@id":"https:\/\/buh-jesberg.de\/#organization"},"potentialAction":[{"@type":"SearchAction","target":{"@type":"EntryPoint","urlTemplate":"https:\/\/buh-jesberg.de\/?s={search_term_string}"},"query-input":{"@type":"PropertyValueSpecification","valueRequired":true,"valueName":"search_term_string"}}],"inLanguage":"de"},{"@type":"Organization","@id":"https:\/\/buh-jesberg.de\/#organization","name":"Burg und Heimatverein Jesberg e.V.","url":"https:\/\/buh-jesberg.de\/","logo":{"@type":"ImageObject","inLanguage":"de","@id":"https:\/\/buh-jesberg.de\/#\/schema\/logo\/image\/","url":"https:\/\/buh-jesberg.de\/wp-content\/uploads\/2023\/01\/Website_Logo-e1674580236324.jpg","contentUrl":"https:\/\/buh-jesberg.de\/wp-content\/uploads\/2023\/01\/Website_Logo-e1674580236324.jpg","width":500,"height":501,"caption":"Burg und Heimatverein Jesberg e.V."},"image":{"@id":"https:\/\/buh-jesberg.de\/#\/schema\/logo\/image\/"}}]}},"_links":{"self":[{"href":"https:\/\/buh-jesberg.de\/index.php\/wp-json\/wp\/v2\/pages\/2729","targetHints":{"allow":["GET"]}}],"collection":[{"href":"https:\/\/buh-jesberg.de\/index.php\/wp-json\/wp\/v2\/pages"}],"about":[{"href":"https:\/\/buh-jesberg.de\/index.php\/wp-json\/wp\/v2\/types\/page"}],"author":[{"embeddable":true,"href":"https:\/\/buh-jesberg.de\/index.php\/wp-json\/wp\/v2\/users\/2"}],"replies":[{"embeddable":true,"href":"https:\/\/buh-jesberg.de\/index.php\/wp-json\/wp\/v2\/comments?post=2729"}],"version-history":[{"count":186,"href":"https:\/\/buh-jesberg.de\/index.php\/wp-json\/wp\/v2\/pages\/2729\/revisions"}],"predecessor-version":[{"id":9268,"href":"https:\/\/buh-jesberg.de\/index.php\/wp-json\/wp\/v2\/pages\/2729\/revisions\/9268"}],"up":[{"embeddable":true,"href":"https:\/\/buh-jesberg.de\/index.php\/wp-json\/wp\/v2\/pages\/57"}],"wp:attachment":[{"href":"https:\/\/buh-jesberg.de\/index.php\/wp-json\/wp\/v2\/media?parent=2729"}],"curies":[{"name":"wp","href":"https:\/\/api.w.org\/{rel}","templated":true}]}}