{"id":3800,"date":"2023-01-20T11:10:35","date_gmt":"2023-01-20T10:10:35","guid":{"rendered":"https:\/\/buh-jesberg.de\/?page_id=3800"},"modified":"2023-09-03T12:06:50","modified_gmt":"2023-09-03T10:06:50","slug":"die-burg","status":"publish","type":"page","link":"https:\/\/buh-jesberg.de\/index.php\/die-burg\/","title":{"rendered":"Der Burgfried"},"content":{"rendered":"\t\t<div data-elementor-type=\"wp-page\" data-elementor-id=\"3800\" class=\"elementor elementor-3800\" data-elementor-post-type=\"page\">\n\t\t\t\t\t\t<section class=\"elementor-section elementor-top-section elementor-element elementor-element-a9c3add elementor-section-boxed elementor-section-height-default elementor-section-height-default\" data-id=\"a9c3add\" data-element_type=\"section\" data-e-type=\"section\">\n\t\t\t\t\t\t<div class=\"elementor-container elementor-column-gap-default\">\n\t\t\t\t\t<div class=\"elementor-column elementor-col-100 elementor-top-column elementor-element elementor-element-ed5027b\" data-id=\"ed5027b\" data-element_type=\"column\" data-e-type=\"column\">\n\t\t\t<div class=\"elementor-widget-wrap elementor-element-populated\">\n\t\t\t\t\t\t<div class=\"elementor-element elementor-element-0646390 elementor-widget elementor-widget-image\" data-id=\"0646390\" data-element_type=\"widget\" data-e-type=\"widget\" data-widget_type=\"image.default\">\n\t\t\t\t<div class=\"elementor-widget-container\">\n\t\t\t\t\t\t\t\t\t\t\t\t<figure class=\"wp-caption\">\n\t\t\t\t\t\t\t\t\t\t\t<a href=\"https:\/\/buh-jesberg.de\/wp-content\/uploads\/2023\/03\/2021-10-02_10.jpg\" data-elementor-open-lightbox=\"yes\" data-elementor-lightbox-title=\"2021-10-02_10\" data-e-action-hash=\"#elementor-action%3Aaction%3Dlightbox%26settings%3DeyJpZCI6NTA3OSwidXJsIjoiaHR0cHM6XC9cL2J1aC1qZXNiZXJnLmRlXC93cC1jb250ZW50XC91cGxvYWRzXC8yMDIzXC8wM1wvMjAyMS0xMC0wMl8xMC5qcGcifQ%3D%3D\">\n\t\t\t\t\t\t\t<img decoding=\"async\" src=\"https:\/\/buh-jesberg.de\/wp-content\/uploads\/elementor\/thumbs\/2021-10-02_10-q34bsweuhsm6fugbf0oqj1o172gyocx7euhnobg9m6.jpg\" title=\"2021-10-02_10\" alt=\"2021-10-02_10\" loading=\"lazy\" \/>\t\t\t\t\t\t\t\t<\/a>\n\t\t\t\t\t\t\t\t\t\t\t<figcaption class=\"widget-image-caption wp-caption-text\">Aufnahme Juni 2022<\/figcaption>\n\t\t\t\t\t\t\t\t\t\t<\/figure>\n\t\t\t\t\t\t\t\t\t<\/div>\n\t\t\t\t<\/div>\n\t\t\t\t\t<\/div>\n\t\t<\/div>\n\t\t\t\t\t<\/div>\n\t\t<\/section>\n\t\t\t\t<section class=\"elementor-section elementor-top-section elementor-element elementor-element-2f5aeff elementor-section-boxed elementor-section-height-default elementor-section-height-default\" data-id=\"2f5aeff\" data-element_type=\"section\" data-e-type=\"section\">\n\t\t\t\t\t\t<div class=\"elementor-container elementor-column-gap-default\">\n\t\t\t\t\t<div class=\"elementor-column elementor-col-100 elementor-top-column elementor-element elementor-element-e926750\" data-id=\"e926750\" data-element_type=\"column\" data-e-type=\"column\">\n\t\t\t<div class=\"elementor-widget-wrap elementor-element-populated\">\n\t\t\t\t\t\t<div class=\"elementor-element elementor-element-685d3ff elementor-widget elementor-widget-heading\" data-id=\"685d3ff\" data-element_type=\"widget\" data-e-type=\"widget\" data-widget_type=\"heading.default\">\n\t\t\t\t<div class=\"elementor-widget-container\">\n\t\t\t\t\t<h2 class=\"elementor-heading-title elementor-size-default\">Der Burgfried<\/h2>\t\t\t\t<\/div>\n\t\t\t\t<\/div>\n\t\t\t\t\t<\/div>\n\t\t<\/div>\n\t\t\t\t\t<\/div>\n\t\t<\/section>\n\t\t\t\t<section class=\"elementor-section elementor-top-section elementor-element elementor-element-f85288f elementor-section-boxed elementor-section-height-default elementor-section-height-default\" data-id=\"f85288f\" data-element_type=\"section\" data-e-type=\"section\">\n\t\t\t\t\t\t<div class=\"elementor-container elementor-column-gap-default\">\n\t\t\t\t\t<div class=\"elementor-column elementor-col-100 elementor-top-column elementor-element elementor-element-b0b6424\" data-id=\"b0b6424\" data-element_type=\"column\" data-e-type=\"column\">\n\t\t\t<div class=\"elementor-widget-wrap elementor-element-populated\">\n\t\t\t\t\t\t<div class=\"elementor-element elementor-element-e7a3155 elementor-widget elementor-widget-text-editor\" data-id=\"e7a3155\" data-element_type=\"widget\" data-e-type=\"widget\" data-widget_type=\"text-editor.default\">\n\t\t\t\t<div class=\"elementor-widget-container\">\n\t\t\t\t\t\t\t\t\t<p>Willkommen auf der Burg in Jesberg.<\/p><p>Am Burgfried sind der Lageplan und die Jahreszahlen der Burg angebracht. Sie erfahren hier wann die Burg erbaut wurde und seit wann die Burg in dem jetzigen Zustand ist. Sie sind neugierig, dann besuchen Sie die Burg. Weitere Infos finde Sie auch hier.<\/p>\t\t\t\t\t\t\t\t<\/div>\n\t\t\t\t<\/div>\n\t\t\t\t\t<\/div>\n\t\t<\/div>\n\t\t\t\t\t<\/div>\n\t\t<\/section>\n\t\t\t\t<section class=\"elementor-section elementor-top-section elementor-element elementor-element-a6a8c26 elementor-section-boxed elementor-section-height-default elementor-section-height-default\" data-id=\"a6a8c26\" data-element_type=\"section\" data-e-type=\"section\">\n\t\t\t\t\t\t<div class=\"elementor-container elementor-column-gap-default\">\n\t\t\t\t\t<div class=\"elementor-column elementor-col-100 elementor-top-column elementor-element elementor-element-3c80746\" data-id=\"3c80746\" data-element_type=\"column\" data-e-type=\"column\">\n\t\t\t<div class=\"elementor-widget-wrap elementor-element-populated\">\n\t\t\t\t\t\t<div class=\"elementor-element elementor-element-b012d75 elementor-widget elementor-widget-heading\" data-id=\"b012d75\" data-element_type=\"widget\" data-e-type=\"widget\" data-widget_type=\"heading.default\">\n\t\t\t\t<div class=\"elementor-widget-container\">\n\t\t\t\t\t<h4 class=\"elementor-heading-title elementor-size-default\">Geschichtliche Jahreszahlen zur Burg Jesberg sowie Grundriss der gesamten Anlage<\/h4>\t\t\t\t<\/div>\n\t\t\t\t<\/div>\n\t\t\t\t\t<\/div>\n\t\t<\/div>\n\t\t\t\t\t<\/div>\n\t\t<\/section>\n\t\t\t\t<section class=\"elementor-section elementor-top-section elementor-element elementor-element-8df511b elementor-section-boxed elementor-section-height-default elementor-section-height-default\" data-id=\"8df511b\" data-element_type=\"section\" data-e-type=\"section\">\n\t\t\t\t\t\t<div class=\"elementor-container elementor-column-gap-default\">\n\t\t\t\t\t<div class=\"elementor-column elementor-col-100 elementor-top-column elementor-element elementor-element-7fe8a26\" data-id=\"7fe8a26\" data-element_type=\"column\" data-e-type=\"column\">\n\t\t\t<div class=\"elementor-widget-wrap elementor-element-populated\">\n\t\t\t\t\t\t<div class=\"elementor-element elementor-element-b34cb57 elementor-widget elementor-widget-text-editor\" data-id=\"b34cb57\" data-element_type=\"widget\" data-e-type=\"widget\" data-widget_type=\"text-editor.default\">\n\t\t\t\t<div class=\"elementor-widget-container\">\n\t\t\t\t\t\t\t\t\t<table class=\" alignleft\" style=\"height: 213px; width: 100%; border-collapse: collapse;\"><tbody><tr style=\"height: 23px;\"><td style=\"width: 21.6981%; vertical-align: top; height: 23px;\">1240<\/td><td style=\"width: 78.3019%; vertical-align: top; height: 23px;\">Ersterw\u00e4hnung des Dorfes<\/td><\/tr><tr style=\"height: 50px;\"><td style=\"width: 21.6981%; vertical-align: top; text-align: left; height: 10px;\" scope=\"row\">1241<\/td><td style=\"width: 78.3019%; vertical-align: top; text-align: left; height: 10px;\" scope=\"row\"><p>Br\u00fcder Ludwig und Wortwin von Linsingen verkaufen ihre Burg an das Gericht Lenswideshusen an den Erzbischof Siegfried von Mainz.<\/p><p>Pfandinhaber der Burg in der Folgezeit: die von Falkenberg, von Linsingen, von Gilsa, von Grifte u.a.<\/p><\/td><\/tr><tr style=\"height: 30px;\"><td style=\"width: 21.6981%; vertical-align: top; height: 10px;\">1425 &#8211; 1426<\/td><td style=\"width: 78.3019%; vertical-align: top; height: 10px;\">Erweiterung der Burgbefestigung (Neubauten) und ausheben des Wallgrabens unter der Leitung des Fritzlarer Ministerialen Happel Katzmann.<\/td><\/tr><tr style=\"height: 50px;\"><td style=\"width: 21.6981%; vertical-align: top; height: 50px;\">1427<\/td><td style=\"width: 78.3019%; vertical-align: top; height: 50px;\">Schutzburg f\u00fcr die kriegerischen Auseinandersetzungen mit dem Landgrafen Ludwig I. von Hessen von Fritzlar von zur\u00fcckweichenden Mainzer Truppen<\/td><\/tr><tr style=\"height: 50px;\"><td style=\"width: 21.6981%; height: 47px; vertical-align: top;\">1469<\/td><td style=\"width: 78.3019%; height: 47px; vertical-align: top;\">Erst\u00fcrmung und fast v\u00f6llige Zerst\u00f6rung der Burg durch ein Heer des Landgrrafen Ludwig II, zu Kassel im Kreig mit seinem Bruder, dem Landgrafen Heinrich dem Reichen zu Marburg (Oberhessen)<\/td><\/tr><tr style=\"height: 23px;\"><td style=\"width: 21.6981%; height: 10px; vertical-align: top;\">1521<\/td><td style=\"width: 78.3019%; height: 10px; vertical-align: top;\">Wiederaufbau<\/td><\/tr><tr style=\"height: 47px;\"><td style=\"width: 21.6981%; height: 10px; vertical-align: top;\">1586<\/td><td style=\"width: 78.3019%; height: 10px; vertical-align: top;\">Burg und Gericht werden endg\u00fcltig hessisch<\/td><\/tr><tr style=\"height: 23px;\"><td style=\"width: 21.6981%; height: 10px; vertical-align: top;\">17 &#8211; 18 Jahrh.<\/td><td style=\"width: 78.3019%; height: 10px; vertical-align: top;\"><p>Burg verliert an strategischer Bedeutung und verf\u00e4llt.<\/p><p>Steine von Burgmauern und Mauert\u00fcrmen finden Verwendung f\u00fcr Grundmauern an Jesberger H\u00e4usern<\/p><\/td><\/tr><tr style=\"height: 23px;\"><td style=\"width: 21.6981%; height: 23px; vertical-align: top;\">um 1800<\/td><td style=\"width: 78.3019%; height: 23px; vertical-align: top;\">Erwerb des Burggel\u00e4ndes durch den Kaufmann Appell und dadurch Rettung der Reste der Burg vor g\u00e4nzlicher Zerst\u00f6rung<\/td><\/tr><tr style=\"height: 10px;\"><td style=\"width: 21.6981%; vertical-align: top; height: 10px;\">1964<\/td><td style=\"width: 78.3019%; vertical-align: top; height: 10px;\">Gemeinde Jesberg erwirbt Ruine und Schlossberggel\u00e4nde<\/td><\/tr><tr style=\"height: 50px;\"><td style=\"width: 21.6981%; vertical-align: top; height: 10px;\">1980 &#8211; 1987<\/td><td style=\"width: 78.3019%; vertical-align: top; height: 10px;\">Restaurierung der Burgruine mit Bergfreid und den bestehenden Teilen von Palas, Keller und Ringmauern sowie, Schlossbergerschlie\u00dfung: Rundweg, Parkplatz, Musikpavillion, Sanit\u00e4ranlagen, Turmtreppe, Aussichtsplattform<\/td><\/tr><\/tbody><\/table>\t\t\t\t\t\t\t\t<\/div>\n\t\t\t\t<\/div>\n\t\t\t\t\t<\/div>\n\t\t<\/div>\n\t\t\t\t\t<\/div>\n\t\t<\/section>\n\t\t\t\t<section class=\"elementor-section elementor-top-section elementor-element elementor-element-593d3ed elementor-section-boxed elementor-section-height-default elementor-section-height-default\" data-id=\"593d3ed\" data-element_type=\"section\" data-e-type=\"section\">\n\t\t\t\t\t\t<div class=\"elementor-container elementor-column-gap-default\">\n\t\t\t\t\t<div class=\"elementor-column elementor-col-100 elementor-top-column elementor-element elementor-element-cfc0bd1\" data-id=\"cfc0bd1\" data-element_type=\"column\" data-e-type=\"column\">\n\t\t\t<div class=\"elementor-widget-wrap elementor-element-populated\">\n\t\t\t\t\t\t<div class=\"elementor-element elementor-element-dd3fd2b elementor-widget elementor-widget-image\" data-id=\"dd3fd2b\" data-element_type=\"widget\" data-e-type=\"widget\" data-widget_type=\"image.default\">\n\t\t\t\t<div class=\"elementor-widget-container\">\n\t\t\t\t\t\t\t\t\t\t\t\t<figure class=\"wp-caption\">\n\t\t\t\t\t\t\t\t\t\t\t<a href=\"https:\/\/buh-jesberg.de\/wp-content\/uploads\/2023\/01\/Tafel.jpg\" data-elementor-open-lightbox=\"yes\" data-elementor-lightbox-title=\"Tafel\" data-elementor-lightbox-description=\"Schaubild der Burganlage\" data-e-action-hash=\"#elementor-action%3Aaction%3Dlightbox%26settings%3DeyJpZCI6NDAwNSwidXJsIjoiaHR0cHM6XC9cL2J1aC1qZXNiZXJnLmRlXC93cC1jb250ZW50XC91cGxvYWRzXC8yMDIzXC8wMVwvVGFmZWwuanBnIn0%3D\">\n\t\t\t\t\t\t\t<img decoding=\"async\" src=\"https:\/\/buh-jesberg.de\/wp-content\/uploads\/elementor\/thumbs\/Tafel-q13a9z09oi7cmtmyfg47lwmra7zrwlnrsusrj94aeo.jpg\" title=\"Tafel\" alt=\"Schaubild der Burganlage\" loading=\"lazy\" \/>\t\t\t\t\t\t\t\t<\/a>\n\t\t\t\t\t\t\t\t\t\t\t<figcaption class=\"widget-image-caption wp-caption-text\">Die Burganlage<\/figcaption>\n\t\t\t\t\t\t\t\t\t\t<\/figure>\n\t\t\t\t\t\t\t\t\t<\/div>\n\t\t\t\t<\/div>\n\t\t\t\t\t<\/div>\n\t\t<\/div>\n\t\t\t\t\t<\/div>\n\t\t<\/section>\n\t\t\t\t<\/div>\n\t\t","protected":false},"excerpt":{"rendered":"<p>Aufnahme Juni 2022 Der Burgfried Willkommen auf der Burg in Jesberg. Am Burgfried sind der Lageplan und die Jahreszahlen der Burg angebracht. Sie erfahren hier wann die Burg erbaut wurde [&hellip;]<\/p>\n","protected":false},"author":2,"featured_media":0,"parent":0,"menu_order":0,"comment_status":"closed","ping_status":"closed","template":"","meta":{"_monsterinsights_skip_tracking":false,"_monsterinsights_sitenote_active":false,"_monsterinsights_sitenote_note":"","_monsterinsights_sitenote_category":0,"footnotes":""},"class_list":["post-3800","page","type-page","status-publish","hentry"],"yoast_head":"<!-- This site is optimized with the Yoast SEO plugin v27.4 - https:\/\/yoast.com\/product\/yoast-seo-wordpress\/ -->\n<title>Der Burgfried - Burg und Heimatverein Jesberg e.V.<\/title>\n<meta name=\"robots\" content=\"index, follow, max-snippet:-1, max-image-preview:large, max-video-preview:-1\" \/>\n<link rel=\"canonical\" href=\"https:\/\/buh-jesberg.de\/index.php\/die-burg\/\" \/>\n<meta property=\"og:locale\" content=\"de_DE\" \/>\n<meta property=\"og:type\" content=\"article\" \/>\n<meta property=\"og:title\" content=\"Der Burgfried - Burg und Heimatverein Jesberg e.V.\" \/>\n<meta property=\"og:description\" content=\"Aufnahme Juni 2022 Der Burgfried Willkommen auf der Burg in Jesberg. Am Burgfried sind der Lageplan und die Jahreszahlen der Burg angebracht. Sie erfahren hier wann die Burg erbaut wurde [&hellip;]\" \/>\n<meta property=\"og:url\" content=\"https:\/\/buh-jesberg.de\/index.php\/die-burg\/\" \/>\n<meta property=\"og:site_name\" content=\"Burg und Heimatverein Jesberg e.V.\" \/>\n<meta property=\"article:modified_time\" content=\"2023-09-03T10:06:50+00:00\" \/>\n<meta property=\"og:image\" content=\"https:\/\/buh-jesberg.de\/wp-content\/uploads\/elementor\/thumbs\/2021-10-02_10-q34bsweuhsm6fugbf0oqj1o172gyocx7euhnobg9mg.jpg\" \/>\n<meta name=\"twitter:card\" content=\"summary_large_image\" \/>\n<meta name=\"twitter:label1\" content=\"Gesch\u00e4tzte Lesezeit\" \/>\n\t<meta name=\"twitter:data1\" content=\"2\u00a0Minuten\" \/>\n<script type=\"application\/ld+json\" class=\"yoast-schema-graph\">{\"@context\":\"https:\\\/\\\/schema.org\",\"@graph\":[{\"@type\":\"WebPage\",\"@id\":\"https:\\\/\\\/buh-jesberg.de\\\/index.php\\\/die-burg\\\/\",\"url\":\"https:\\\/\\\/buh-jesberg.de\\\/index.php\\\/die-burg\\\/\",\"name\":\"Der Burgfried - Burg und Heimatverein Jesberg e.V.\",\"isPartOf\":{\"@id\":\"https:\\\/\\\/buh-jesberg.de\\\/#website\"},\"primaryImageOfPage\":{\"@id\":\"https:\\\/\\\/buh-jesberg.de\\\/index.php\\\/die-burg\\\/#primaryimage\"},\"image\":{\"@id\":\"https:\\\/\\\/buh-jesberg.de\\\/index.php\\\/die-burg\\\/#primaryimage\"},\"thumbnailUrl\":\"https:\\\/\\\/buh-jesberg.de\\\/wp-content\\\/uploads\\\/elementor\\\/thumbs\\\/2021-10-02_10-q34bsweuhsm6fugbf0oqj1o172gyocx7euhnobg9mg.jpg\",\"datePublished\":\"2023-01-20T10:10:35+00:00\",\"dateModified\":\"2023-09-03T10:06:50+00:00\",\"breadcrumb\":{\"@id\":\"https:\\\/\\\/buh-jesberg.de\\\/index.php\\\/die-burg\\\/#breadcrumb\"},\"inLanguage\":\"de\",\"potentialAction\":[{\"@type\":\"ReadAction\",\"target\":[\"https:\\\/\\\/buh-jesberg.de\\\/index.php\\\/die-burg\\\/\"]}]},{\"@type\":\"ImageObject\",\"inLanguage\":\"de\",\"@id\":\"https:\\\/\\\/buh-jesberg.de\\\/index.php\\\/die-burg\\\/#primaryimage\",\"url\":\"https:\\\/\\\/buh-jesberg.de\\\/wp-content\\\/uploads\\\/elementor\\\/thumbs\\\/2021-10-02_10-q34bsweuhsm6fugbf0oqj1o172gyocx7euhnobg9mg.jpg\",\"contentUrl\":\"https:\\\/\\\/buh-jesberg.de\\\/wp-content\\\/uploads\\\/elementor\\\/thumbs\\\/2021-10-02_10-q34bsweuhsm6fugbf0oqj1o172gyocx7euhnobg9mg.jpg\"},{\"@type\":\"BreadcrumbList\",\"@id\":\"https:\\\/\\\/buh-jesberg.de\\\/index.php\\\/die-burg\\\/#breadcrumb\",\"itemListElement\":[{\"@type\":\"ListItem\",\"position\":1,\"name\":\"Startseite\",\"item\":\"https:\\\/\\\/buh-jesberg.de\\\/\"},{\"@type\":\"ListItem\",\"position\":2,\"name\":\"Der Burgfried\"}]},{\"@type\":\"WebSite\",\"@id\":\"https:\\\/\\\/buh-jesberg.de\\\/#website\",\"url\":\"https:\\\/\\\/buh-jesberg.de\\\/\",\"name\":\"Burg und Heimatverein Jesberg e.V.\",\"description\":\"Gemeinn\u00fctziger Verein in Jesberg\",\"publisher\":{\"@id\":\"https:\\\/\\\/buh-jesberg.de\\\/#organization\"},\"potentialAction\":[{\"@type\":\"SearchAction\",\"target\":{\"@type\":\"EntryPoint\",\"urlTemplate\":\"https:\\\/\\\/buh-jesberg.de\\\/?s={search_term_string}\"},\"query-input\":{\"@type\":\"PropertyValueSpecification\",\"valueRequired\":true,\"valueName\":\"search_term_string\"}}],\"inLanguage\":\"de\"},{\"@type\":\"Organization\",\"@id\":\"https:\\\/\\\/buh-jesberg.de\\\/#organization\",\"name\":\"Burg und Heimatverein Jesberg e.V.\",\"url\":\"https:\\\/\\\/buh-jesberg.de\\\/\",\"logo\":{\"@type\":\"ImageObject\",\"inLanguage\":\"de\",\"@id\":\"https:\\\/\\\/buh-jesberg.de\\\/#\\\/schema\\\/logo\\\/image\\\/\",\"url\":\"https:\\\/\\\/buh-jesberg.de\\\/wp-content\\\/uploads\\\/2023\\\/01\\\/Website_Logo-e1674580236324.jpg\",\"contentUrl\":\"https:\\\/\\\/buh-jesberg.de\\\/wp-content\\\/uploads\\\/2023\\\/01\\\/Website_Logo-e1674580236324.jpg\",\"width\":500,\"height\":501,\"caption\":\"Burg und Heimatverein Jesberg e.V.\"},\"image\":{\"@id\":\"https:\\\/\\\/buh-jesberg.de\\\/#\\\/schema\\\/logo\\\/image\\\/\"}}]}<\/script>\n<!-- \/ Yoast SEO plugin. -->","yoast_head_json":{"title":"Der Burgfried - Burg und Heimatverein Jesberg e.V.","robots":{"index":"index","follow":"follow","max-snippet":"max-snippet:-1","max-image-preview":"max-image-preview:large","max-video-preview":"max-video-preview:-1"},"canonical":"https:\/\/buh-jesberg.de\/index.php\/die-burg\/","og_locale":"de_DE","og_type":"article","og_title":"Der Burgfried - Burg und Heimatverein Jesberg e.V.","og_description":"Aufnahme Juni 2022 Der Burgfried Willkommen auf der Burg in Jesberg. Am Burgfried sind der Lageplan und die Jahreszahlen der Burg angebracht. Sie erfahren hier wann die Burg erbaut wurde [&hellip;]","og_url":"https:\/\/buh-jesberg.de\/index.php\/die-burg\/","og_site_name":"Burg und Heimatverein Jesberg e.V.","article_modified_time":"2023-09-03T10:06:50+00:00","og_image":[{"url":"https:\/\/buh-jesberg.de\/wp-content\/uploads\/elementor\/thumbs\/2021-10-02_10-q34bsweuhsm6fugbf0oqj1o172gyocx7euhnobg9mg.jpg","type":"","width":"","height":""}],"twitter_card":"summary_large_image","twitter_misc":{"Gesch\u00e4tzte Lesezeit":"2\u00a0Minuten"},"schema":{"@context":"https:\/\/schema.org","@graph":[{"@type":"WebPage","@id":"https:\/\/buh-jesberg.de\/index.php\/die-burg\/","url":"https:\/\/buh-jesberg.de\/index.php\/die-burg\/","name":"Der Burgfried - Burg und Heimatverein Jesberg e.V.","isPartOf":{"@id":"https:\/\/buh-jesberg.de\/#website"},"primaryImageOfPage":{"@id":"https:\/\/buh-jesberg.de\/index.php\/die-burg\/#primaryimage"},"image":{"@id":"https:\/\/buh-jesberg.de\/index.php\/die-burg\/#primaryimage"},"thumbnailUrl":"https:\/\/buh-jesberg.de\/wp-content\/uploads\/elementor\/thumbs\/2021-10-02_10-q34bsweuhsm6fugbf0oqj1o172gyocx7euhnobg9mg.jpg","datePublished":"2023-01-20T10:10:35+00:00","dateModified":"2023-09-03T10:06:50+00:00","breadcrumb":{"@id":"https:\/\/buh-jesberg.de\/index.php\/die-burg\/#breadcrumb"},"inLanguage":"de","potentialAction":[{"@type":"ReadAction","target":["https:\/\/buh-jesberg.de\/index.php\/die-burg\/"]}]},{"@type":"ImageObject","inLanguage":"de","@id":"https:\/\/buh-jesberg.de\/index.php\/die-burg\/#primaryimage","url":"https:\/\/buh-jesberg.de\/wp-content\/uploads\/elementor\/thumbs\/2021-10-02_10-q34bsweuhsm6fugbf0oqj1o172gyocx7euhnobg9mg.jpg","contentUrl":"https:\/\/buh-jesberg.de\/wp-content\/uploads\/elementor\/thumbs\/2021-10-02_10-q34bsweuhsm6fugbf0oqj1o172gyocx7euhnobg9mg.jpg"},{"@type":"BreadcrumbList","@id":"https:\/\/buh-jesberg.de\/index.php\/die-burg\/#breadcrumb","itemListElement":[{"@type":"ListItem","position":1,"name":"Startseite","item":"https:\/\/buh-jesberg.de\/"},{"@type":"ListItem","position":2,"name":"Der Burgfried"}]},{"@type":"WebSite","@id":"https:\/\/buh-jesberg.de\/#website","url":"https:\/\/buh-jesberg.de\/","name":"Burg und Heimatverein Jesberg e.V.","description":"Gemeinn\u00fctziger Verein in Jesberg","publisher":{"@id":"https:\/\/buh-jesberg.de\/#organization"},"potentialAction":[{"@type":"SearchAction","target":{"@type":"EntryPoint","urlTemplate":"https:\/\/buh-jesberg.de\/?s={search_term_string}"},"query-input":{"@type":"PropertyValueSpecification","valueRequired":true,"valueName":"search_term_string"}}],"inLanguage":"de"},{"@type":"Organization","@id":"https:\/\/buh-jesberg.de\/#organization","name":"Burg und Heimatverein Jesberg e.V.","url":"https:\/\/buh-jesberg.de\/","logo":{"@type":"ImageObject","inLanguage":"de","@id":"https:\/\/buh-jesberg.de\/#\/schema\/logo\/image\/","url":"https:\/\/buh-jesberg.de\/wp-content\/uploads\/2023\/01\/Website_Logo-e1674580236324.jpg","contentUrl":"https:\/\/buh-jesberg.de\/wp-content\/uploads\/2023\/01\/Website_Logo-e1674580236324.jpg","width":500,"height":501,"caption":"Burg und Heimatverein Jesberg e.V."},"image":{"@id":"https:\/\/buh-jesberg.de\/#\/schema\/logo\/image\/"}}]}},"_links":{"self":[{"href":"https:\/\/buh-jesberg.de\/index.php\/wp-json\/wp\/v2\/pages\/3800","targetHints":{"allow":["GET"]}}],"collection":[{"href":"https:\/\/buh-jesberg.de\/index.php\/wp-json\/wp\/v2\/pages"}],"about":[{"href":"https:\/\/buh-jesberg.de\/index.php\/wp-json\/wp\/v2\/types\/page"}],"author":[{"embeddable":true,"href":"https:\/\/buh-jesberg.de\/index.php\/wp-json\/wp\/v2\/users\/2"}],"replies":[{"embeddable":true,"href":"https:\/\/buh-jesberg.de\/index.php\/wp-json\/wp\/v2\/comments?post=3800"}],"version-history":[{"count":7,"href":"https:\/\/buh-jesberg.de\/index.php\/wp-json\/wp\/v2\/pages\/3800\/revisions"}],"predecessor-version":[{"id":6640,"href":"https:\/\/buh-jesberg.de\/index.php\/wp-json\/wp\/v2\/pages\/3800\/revisions\/6640"}],"wp:attachment":[{"href":"https:\/\/buh-jesberg.de\/index.php\/wp-json\/wp\/v2\/media?parent=3800"}],"curies":[{"name":"wp","href":"https:\/\/api.w.org\/{rel}","templated":true}]}}