{"id":4553,"date":"2023-02-14T12:01:51","date_gmt":"2023-02-14T11:01:51","guid":{"rendered":"https:\/\/buh-jesberg.de\/?page_id=4553"},"modified":"2023-02-14T12:01:56","modified_gmt":"2023-02-14T11:01:56","slug":"jhv2023","status":"publish","type":"page","link":"https:\/\/buh-jesberg.de\/index.php\/jhv2023\/","title":{"rendered":"JHV2023"},"content":{"rendered":"\t\t<div data-elementor-type=\"wp-page\" data-elementor-id=\"4553\" class=\"elementor elementor-4553\" data-elementor-post-type=\"page\">\n\t\t\t\t\t\t<section class=\"elementor-section elementor-top-section elementor-element elementor-element-3907720 elementor-section-boxed elementor-section-height-default elementor-section-height-default\" data-id=\"3907720\" data-element_type=\"section\" data-e-type=\"section\">\n\t\t\t\t\t\t<div class=\"elementor-container elementor-column-gap-default\">\n\t\t\t\t\t<div class=\"elementor-column elementor-col-100 elementor-top-column elementor-element elementor-element-0ac7ca4\" data-id=\"0ac7ca4\" data-element_type=\"column\" data-e-type=\"column\">\n\t\t\t<div class=\"elementor-widget-wrap elementor-element-populated\">\n\t\t\t\t\t\t<div class=\"elementor-element elementor-element-b1ab0f8 elementor-widget elementor-widget-text-editor\" data-id=\"b1ab0f8\" data-element_type=\"widget\" data-e-type=\"widget\" data-widget_type=\"text-editor.default\">\n\t\t\t\t<div class=\"elementor-widget-container\">\n\t\t\t\t\t\t\t\t\t<div class=\"tribe-events-single-event-description tribe-events-content\"><p>Tagesordnung:<br \/>1. Er\u00f6ffnung und Begr\u00fc\u00dfung<br \/>2. Feststellung der ordnungsgem\u00e4\u00dfen Ladung und der Beschlussf\u00e4higkeit<br \/>3. Verlesung des Protokolls der letzten JHV<br \/>4. Bericht der Vorsitzenden<br \/>5. Bericht des Kassierers<br \/>6. Bericht der Kassenpr\u00fcfer und Entlastung des Vorstandes<br \/>7. Wahl der Kassenpr\u00fcfer<br \/>8. Verschiedenes<\/p><p>Im Anschluss an die JHV laden wir auch alle Freunde und Interessierten zur\u00a0 \u00a0 \u00a0 \u00a0 \u00a0 \u00a0 \u00a0 \u00a0 \u00a0 \u00a0 \u00a0 \u00a0 \u00a0 \u00a0 \u00a0 \u00a0 \u00a0 \u00a0 \u00a0 \u00a0 \u00a0 \u00a0 \u00a0 \u00a0 \u00a0\u00a0<\/p><p><strong>Auftaktveranstaltung zum Jubil\u00e4umsjahr <\/strong><strong>\u201e300 Jahre Prinz Maximilian in Jesberg\u201c\u00a0<\/strong>ein.<\/p><p>Beginn 19:30 Uhr im Maximilianschl\u00f6sschen\u00a0mit einem Sektempfang.<\/p><p>Wir m\u00f6chten in kurzen Vortr\u00e4gen das Wirken von Prinz Maximilian\u00a0 in unserer kommunalen Geschichte, die Bedeutung des Schl\u00f6sschen f\u00fcr Jesberg und u.a. der Kirchenorgel und des Prinzessinnengartens pr\u00e4sentieren.\u00a0<\/p><p>In diesem Jahr haben wir einige Veranstaltungen geplant, die an diesem Abend vorgestellt werden.\u00a0<\/p><p>Diese Termine k\u00f6nnen Sie sich notieren:\u00a0\u00a0<\/p><p><strong>Konzert \u201eKlangrede\u201c<\/strong> mit barocker Musik am 11. M\u00e4rz 23 um 19.00 Uhr im Maximilianschl\u00f6sschen\u00a0<\/p><p><strong>Tag der Burgen und Schl\u00f6sser<\/strong> am 30. April 23 auf dem Schlo\u00dfberg<\/p><p><strong>Himmelfahrt am Prinzessinnengarten<\/strong> am 18. Mai 23 mit Gottesdienst um 11.00 Uhr\u00a0<\/p><p><strong>Burgflohmarkt<\/strong> am 10.09.23 um 14.00 auf dem Schlo\u00dfberg<\/p><p>Der Verein freut sich auf einen\u00a0<\/p><p><strong>sch\u00f6nen Abend, mit Vortr\u00e4gen und geplanten Veranstaltungen rund um Prinz Maximilian!<\/strong><\/p><p>Wir freuen uns auf viele Besucher. Es w\u00e4re sch\u00f6n, wenn Sie sich beim Vorstand anmelden w\u00fcrden, damit wir gut planen k\u00f6nnen.<\/p><p>Weitere Informationen folgen. Besuchen Sie auch unsere <strong>Homepage <a href=\"http:\/\/www.buh-jesberg.de\">www.buh-jesberg.de<\/a><\/strong><\/p><p>Weiterhin weisen wir darauf hin, dass Sie noch Kalender f\u00fcr 2023 erwerben k\u00f6nnen!\u00a0<\/p><p>Im Namen des Vorstandes<\/p><p>Susanne Bannenberg<\/p><\/div>\t\t\t\t\t\t\t\t<\/div>\n\t\t\t\t<\/div>\n\t\t\t\t\t<\/div>\n\t\t<\/div>\n\t\t\t\t\t<\/div>\n\t\t<\/section>\n\t\t\t\t<\/div>\n\t\t","protected":false},"excerpt":{"rendered":"<p>Tagesordnung:1. Er\u00f6ffnung und Begr\u00fc\u00dfung2. Feststellung der ordnungsgem\u00e4\u00dfen Ladung und der Beschlussf\u00e4higkeit3. Verlesung des Protokolls der letzten JHV4. Bericht der Vorsitzenden5. Bericht des Kassierers6. Bericht der Kassenpr\u00fcfer und Entlastung des Vorstandes7. [&hellip;]<\/p>\n","protected":false},"author":2,"featured_media":0,"parent":0,"menu_order":0,"comment_status":"closed","ping_status":"closed","template":"","meta":{"_monsterinsights_skip_tracking":false,"_monsterinsights_sitenote_active":false,"_monsterinsights_sitenote_note":"","_monsterinsights_sitenote_category":0,"footnotes":""},"class_list":["post-4553","page","type-page","status-publish","hentry"],"yoast_head":"<!-- This site is optimized with the Yoast SEO plugin v27.5 - https:\/\/yoast.com\/product\/yoast-seo-wordpress\/ -->\n<title>JHV2023 - Burg und Heimatverein Jesberg e.V.<\/title>\n<meta name=\"robots\" content=\"index, follow, max-snippet:-1, max-image-preview:large, max-video-preview:-1\" \/>\n<link rel=\"canonical\" href=\"https:\/\/buh-jesberg.de\/index.php\/jhv2023\/\" \/>\n<meta property=\"og:locale\" content=\"de_DE\" \/>\n<meta property=\"og:type\" content=\"article\" \/>\n<meta property=\"og:title\" content=\"JHV2023 - Burg und Heimatverein Jesberg e.V.\" \/>\n<meta property=\"og:description\" content=\"Tagesordnung:1. Er\u00f6ffnung und Begr\u00fc\u00dfung2. Feststellung der ordnungsgem\u00e4\u00dfen Ladung und der Beschlussf\u00e4higkeit3. Verlesung des Protokolls der letzten JHV4. Bericht der Vorsitzenden5. Bericht des Kassierers6. Bericht der Kassenpr\u00fcfer und Entlastung des Vorstandes7. [&hellip;]\" \/>\n<meta property=\"og:url\" content=\"https:\/\/buh-jesberg.de\/index.php\/jhv2023\/\" \/>\n<meta property=\"og:site_name\" content=\"Burg und Heimatverein Jesberg e.V.\" \/>\n<meta property=\"article:modified_time\" content=\"2023-02-14T11:01:56+00:00\" \/>\n<meta name=\"twitter:card\" content=\"summary_large_image\" \/>\n<meta name=\"twitter:label1\" content=\"Gesch\u00e4tzte Lesezeit\" \/>\n\t<meta name=\"twitter:data1\" content=\"2\u00a0Minuten\" \/>\n<script type=\"application\/ld+json\" class=\"yoast-schema-graph\">{\"@context\":\"https:\\\/\\\/schema.org\",\"@graph\":[{\"@type\":\"WebPage\",\"@id\":\"https:\\\/\\\/buh-jesberg.de\\\/index.php\\\/jhv2023\\\/\",\"url\":\"https:\\\/\\\/buh-jesberg.de\\\/index.php\\\/jhv2023\\\/\",\"name\":\"JHV2023 - Burg und Heimatverein Jesberg e.V.\",\"isPartOf\":{\"@id\":\"https:\\\/\\\/buh-jesberg.de\\\/#website\"},\"datePublished\":\"2023-02-14T11:01:51+00:00\",\"dateModified\":\"2023-02-14T11:01:56+00:00\",\"breadcrumb\":{\"@id\":\"https:\\\/\\\/buh-jesberg.de\\\/index.php\\\/jhv2023\\\/#breadcrumb\"},\"inLanguage\":\"de\",\"potentialAction\":[{\"@type\":\"ReadAction\",\"target\":[\"https:\\\/\\\/buh-jesberg.de\\\/index.php\\\/jhv2023\\\/\"]}]},{\"@type\":\"BreadcrumbList\",\"@id\":\"https:\\\/\\\/buh-jesberg.de\\\/index.php\\\/jhv2023\\\/#breadcrumb\",\"itemListElement\":[{\"@type\":\"ListItem\",\"position\":1,\"name\":\"Startseite\",\"item\":\"https:\\\/\\\/buh-jesberg.de\\\/\"},{\"@type\":\"ListItem\",\"position\":2,\"name\":\"JHV2023\"}]},{\"@type\":\"WebSite\",\"@id\":\"https:\\\/\\\/buh-jesberg.de\\\/#website\",\"url\":\"https:\\\/\\\/buh-jesberg.de\\\/\",\"name\":\"Burg und Heimatverein Jesberg e.V.\",\"description\":\"Gemeinn\u00fctziger Verein in Jesberg\",\"publisher\":{\"@id\":\"https:\\\/\\\/buh-jesberg.de\\\/#organization\"},\"potentialAction\":[{\"@type\":\"SearchAction\",\"target\":{\"@type\":\"EntryPoint\",\"urlTemplate\":\"https:\\\/\\\/buh-jesberg.de\\\/?s={search_term_string}\"},\"query-input\":{\"@type\":\"PropertyValueSpecification\",\"valueRequired\":true,\"valueName\":\"search_term_string\"}}],\"inLanguage\":\"de\"},{\"@type\":\"Organization\",\"@id\":\"https:\\\/\\\/buh-jesberg.de\\\/#organization\",\"name\":\"Burg und Heimatverein Jesberg e.V.\",\"url\":\"https:\\\/\\\/buh-jesberg.de\\\/\",\"logo\":{\"@type\":\"ImageObject\",\"inLanguage\":\"de\",\"@id\":\"https:\\\/\\\/buh-jesberg.de\\\/#\\\/schema\\\/logo\\\/image\\\/\",\"url\":\"https:\\\/\\\/buh-jesberg.de\\\/wp-content\\\/uploads\\\/2023\\\/01\\\/Website_Logo-e1674580236324.jpg\",\"contentUrl\":\"https:\\\/\\\/buh-jesberg.de\\\/wp-content\\\/uploads\\\/2023\\\/01\\\/Website_Logo-e1674580236324.jpg\",\"width\":500,\"height\":501,\"caption\":\"Burg und Heimatverein Jesberg e.V.\"},\"image\":{\"@id\":\"https:\\\/\\\/buh-jesberg.de\\\/#\\\/schema\\\/logo\\\/image\\\/\"}}]}<\/script>\n<!-- \/ Yoast SEO plugin. -->","yoast_head_json":{"title":"JHV2023 - Burg und Heimatverein Jesberg e.V.","robots":{"index":"index","follow":"follow","max-snippet":"max-snippet:-1","max-image-preview":"max-image-preview:large","max-video-preview":"max-video-preview:-1"},"canonical":"https:\/\/buh-jesberg.de\/index.php\/jhv2023\/","og_locale":"de_DE","og_type":"article","og_title":"JHV2023 - Burg und Heimatverein Jesberg e.V.","og_description":"Tagesordnung:1. Er\u00f6ffnung und Begr\u00fc\u00dfung2. Feststellung der ordnungsgem\u00e4\u00dfen Ladung und der Beschlussf\u00e4higkeit3. Verlesung des Protokolls der letzten JHV4. Bericht der Vorsitzenden5. Bericht des Kassierers6. Bericht der Kassenpr\u00fcfer und Entlastung des Vorstandes7. [&hellip;]","og_url":"https:\/\/buh-jesberg.de\/index.php\/jhv2023\/","og_site_name":"Burg und Heimatverein Jesberg e.V.","article_modified_time":"2023-02-14T11:01:56+00:00","twitter_card":"summary_large_image","twitter_misc":{"Gesch\u00e4tzte Lesezeit":"2\u00a0Minuten"},"schema":{"@context":"https:\/\/schema.org","@graph":[{"@type":"WebPage","@id":"https:\/\/buh-jesberg.de\/index.php\/jhv2023\/","url":"https:\/\/buh-jesberg.de\/index.php\/jhv2023\/","name":"JHV2023 - Burg und Heimatverein Jesberg e.V.","isPartOf":{"@id":"https:\/\/buh-jesberg.de\/#website"},"datePublished":"2023-02-14T11:01:51+00:00","dateModified":"2023-02-14T11:01:56+00:00","breadcrumb":{"@id":"https:\/\/buh-jesberg.de\/index.php\/jhv2023\/#breadcrumb"},"inLanguage":"de","potentialAction":[{"@type":"ReadAction","target":["https:\/\/buh-jesberg.de\/index.php\/jhv2023\/"]}]},{"@type":"BreadcrumbList","@id":"https:\/\/buh-jesberg.de\/index.php\/jhv2023\/#breadcrumb","itemListElement":[{"@type":"ListItem","position":1,"name":"Startseite","item":"https:\/\/buh-jesberg.de\/"},{"@type":"ListItem","position":2,"name":"JHV2023"}]},{"@type":"WebSite","@id":"https:\/\/buh-jesberg.de\/#website","url":"https:\/\/buh-jesberg.de\/","name":"Burg und Heimatverein Jesberg e.V.","description":"Gemeinn\u00fctziger Verein in Jesberg","publisher":{"@id":"https:\/\/buh-jesberg.de\/#organization"},"potentialAction":[{"@type":"SearchAction","target":{"@type":"EntryPoint","urlTemplate":"https:\/\/buh-jesberg.de\/?s={search_term_string}"},"query-input":{"@type":"PropertyValueSpecification","valueRequired":true,"valueName":"search_term_string"}}],"inLanguage":"de"},{"@type":"Organization","@id":"https:\/\/buh-jesberg.de\/#organization","name":"Burg und Heimatverein Jesberg e.V.","url":"https:\/\/buh-jesberg.de\/","logo":{"@type":"ImageObject","inLanguage":"de","@id":"https:\/\/buh-jesberg.de\/#\/schema\/logo\/image\/","url":"https:\/\/buh-jesberg.de\/wp-content\/uploads\/2023\/01\/Website_Logo-e1674580236324.jpg","contentUrl":"https:\/\/buh-jesberg.de\/wp-content\/uploads\/2023\/01\/Website_Logo-e1674580236324.jpg","width":500,"height":501,"caption":"Burg und Heimatverein Jesberg e.V."},"image":{"@id":"https:\/\/buh-jesberg.de\/#\/schema\/logo\/image\/"}}]}},"_links":{"self":[{"href":"https:\/\/buh-jesberg.de\/index.php\/wp-json\/wp\/v2\/pages\/4553","targetHints":{"allow":["GET"]}}],"collection":[{"href":"https:\/\/buh-jesberg.de\/index.php\/wp-json\/wp\/v2\/pages"}],"about":[{"href":"https:\/\/buh-jesberg.de\/index.php\/wp-json\/wp\/v2\/types\/page"}],"author":[{"embeddable":true,"href":"https:\/\/buh-jesberg.de\/index.php\/wp-json\/wp\/v2\/users\/2"}],"replies":[{"embeddable":true,"href":"https:\/\/buh-jesberg.de\/index.php\/wp-json\/wp\/v2\/comments?post=4553"}],"version-history":[{"count":4,"href":"https:\/\/buh-jesberg.de\/index.php\/wp-json\/wp\/v2\/pages\/4553\/revisions"}],"predecessor-version":[{"id":4557,"href":"https:\/\/buh-jesberg.de\/index.php\/wp-json\/wp\/v2\/pages\/4553\/revisions\/4557"}],"wp:attachment":[{"href":"https:\/\/buh-jesberg.de\/index.php\/wp-json\/wp\/v2\/media?parent=4553"}],"curies":[{"name":"wp","href":"https:\/\/api.w.org\/{rel}","templated":true}]}}