{"id":5486,"date":"2023-03-12T12:53:06","date_gmt":"2023-03-12T11:53:06","guid":{"rendered":"https:\/\/buh-jesberg.de\/?page_id=5486"},"modified":"2023-03-20T09:12:34","modified_gmt":"2023-03-20T08:12:34","slug":"konzert-klangrede-2","status":"publish","type":"page","link":"https:\/\/buh-jesberg.de\/index.php\/konzert-klangrede-2\/","title":{"rendered":"Konzert Klangrede"},"content":{"rendered":"\t\t<div data-elementor-type=\"wp-page\" data-elementor-id=\"5486\" class=\"elementor elementor-5486\" data-elementor-post-type=\"page\">\n\t\t\t\t\t\t<section class=\"elementor-section elementor-top-section elementor-element elementor-element-8e48a63 elementor-section-boxed elementor-section-height-default elementor-section-height-default\" data-id=\"8e48a63\" data-element_type=\"section\" data-e-type=\"section\">\n\t\t\t\t\t\t<div class=\"elementor-container elementor-column-gap-default\">\n\t\t\t\t\t<div class=\"elementor-column elementor-col-100 elementor-top-column elementor-element elementor-element-939d24d\" data-id=\"939d24d\" data-element_type=\"column\" data-e-type=\"column\">\n\t\t\t<div class=\"elementor-widget-wrap elementor-element-populated\">\n\t\t\t\t\t\t<div class=\"elementor-element elementor-element-7bf34fb elementor-widget elementor-widget-heading\" data-id=\"7bf34fb\" data-element_type=\"widget\" data-e-type=\"widget\" data-widget_type=\"heading.default\">\n\t\t\t\t<div class=\"elementor-widget-container\">\n\t\t\t\t\t<h2 class=\"elementor-heading-title elementor-size-default\">Musik f\u00fcr Maximilians T\u00f6chter<\/h2>\t\t\t\t<\/div>\n\t\t\t\t<\/div>\n\t\t\t\t\t<\/div>\n\t\t<\/div>\n\t\t\t\t\t<\/div>\n\t\t<\/section>\n\t\t\t\t<section class=\"elementor-section elementor-top-section elementor-element elementor-element-ce2c11d elementor-section-boxed elementor-section-height-default elementor-section-height-default\" data-id=\"ce2c11d\" data-element_type=\"section\" data-e-type=\"section\">\n\t\t\t\t\t\t<div class=\"elementor-container elementor-column-gap-default\">\n\t\t\t\t\t<div class=\"elementor-column elementor-col-100 elementor-top-column elementor-element elementor-element-6f4a263\" data-id=\"6f4a263\" data-element_type=\"column\" data-e-type=\"column\">\n\t\t\t<div class=\"elementor-widget-wrap elementor-element-populated\">\n\t\t\t\t\t\t<div class=\"elementor-element elementor-element-67bd852 elementor-widget elementor-widget-text-editor\" data-id=\"67bd852\" data-element_type=\"widget\" data-e-type=\"widget\" data-widget_type=\"text-editor.default\">\n\t\t\t\t<div class=\"elementor-widget-container\">\n\t\t\t\t\t\t\t\t\t<p>Das Ensemble \u201eKlangrede\u201c spielte am 11. M\u00e4rz 2023 im Saal des &#8222;Schl\u00f6sschens&#8220; Musik aus dem Barock und Rokoko. Nach der Begr\u00fc\u00dfung des Ensembles und der Besucher wurde noch einmal kurz auf den Hintergrund der Veranstaltung eingegangen.<\/p><p>Anschlie\u00dfend wurde Musik, wie sie auch Maximilians T\u00f6chter gesungen oder geh\u00f6rt haben k\u00f6nnten, pr\u00e4sentiert.<\/p><p>Cornelia Fiebig und Marion Linse erkl\u00e4rten den Ursprung und den Inhalt der St\u00fccke. Von Barbara Strozzi h\u00f6rten wir\u00a0 \u201eAmor dormiglione\u201c, \u201eHor che Apollo\u201c, \u201eSoccorete luci avare\u201c und \u201eChiamata a nuovi amori\u201c. Von Georg F. H\u00e4ndel wurden einige T\u00e4nze aus verschiedenen Triosonaten und \u201eFlammende\u201c Rose\u201c, sowie \u201eMeine Seele h\u00f6rt am Sehen\u201c aus den 9 deutschen Arien gespielt, weiterhin ein Solo f\u00fcr Cembalo, die Suite in As-Dur von J. Pachelbel.<\/p><p>Das Ensemble setzte sich zusammen aus:<br \/>Cornelia Fiebig (Sopran),\u00a0Marion Linse (Violine), Anja Schmidt (Cello), Christian Sch\u00e4fer (Cembalo)<\/p><p>Die Anzahl der Besucher war so gro\u00df, dass nur noch ein paar wenige Pl\u00e4tze frei waren. Die Zuh\u00f6rer waren von der Darbietung der K\u00fcnstler so begeistert, dass es noch eine Zugabe gab.<\/p><p>Nach dem Konzert konnten sich die Besucher bei Getr\u00e4nken und Snacks unterhalten und den gelungenen Abend ausklingen lassen.<\/p><p>Wir bedanken uns bei dem Ensemble und den Besuchern und hoffen auf weitere Konzerte mit solch hochkar\u00e4tigen Musikern. <\/p>\t\t\t\t\t\t\t\t<\/div>\n\t\t\t\t<\/div>\n\t\t\t\t\t<\/div>\n\t\t<\/div>\n\t\t\t\t\t<\/div>\n\t\t<\/section>\n\t\t\t\t<section class=\"elementor-section elementor-top-section elementor-element elementor-element-a169088 elementor-section-boxed elementor-section-height-default elementor-section-height-default\" data-id=\"a169088\" data-element_type=\"section\" data-e-type=\"section\">\n\t\t\t\t\t\t<div class=\"elementor-container elementor-column-gap-default\">\n\t\t\t\t\t<div class=\"elementor-column elementor-col-100 elementor-top-column elementor-element elementor-element-c41982c\" data-id=\"c41982c\" data-element_type=\"column\" data-e-type=\"column\">\n\t\t\t<div class=\"elementor-widget-wrap elementor-element-populated\">\n\t\t\t\t\t\t<div class=\"elementor-element elementor-element-260a4f5 elementor-widget elementor-widget-gallery\" data-id=\"260a4f5\" data-element_type=\"widget\" data-e-type=\"widget\" data-settings=\"{&quot;columns&quot;:5,&quot;aspect_ratio&quot;:&quot;16:9&quot;,&quot;lazyload&quot;:&quot;yes&quot;,&quot;gallery_layout&quot;:&quot;grid&quot;,&quot;columns_tablet&quot;:2,&quot;columns_mobile&quot;:1,&quot;gap&quot;:{&quot;unit&quot;:&quot;px&quot;,&quot;size&quot;:10,&quot;sizes&quot;:[]},&quot;gap_tablet&quot;:{&quot;unit&quot;:&quot;px&quot;,&quot;size&quot;:10,&quot;sizes&quot;:[]},&quot;gap_mobile&quot;:{&quot;unit&quot;:&quot;px&quot;,&quot;size&quot;:10,&quot;sizes&quot;:[]},&quot;link_to&quot;:&quot;file&quot;,&quot;overlay_background&quot;:&quot;yes&quot;,&quot;content_hover_animation&quot;:&quot;fade-in&quot;}\" data-widget_type=\"gallery.default\">\n\t\t\t\t<div class=\"elementor-widget-container\">\n\t\t\t\t\t\t\t<div class=\"elementor-gallery__container\">\n\t\t\t\t\t\t\t<a class=\"e-gallery-item elementor-gallery-item elementor-animated-content\" href=\"https:\/\/buh-jesberg.de\/wp-content\/uploads\/2023\/03\/2023-03-11_01.jpg\" data-elementor-open-lightbox=\"yes\" data-elementor-lightbox-slideshow=\"260a4f5\" data-elementor-lightbox-title=\"2023-03-11_01\" data-e-action-hash=\"#elementor-action%3Aaction%3Dlightbox%26settings%3DeyJpZCI6NTQ3NiwidXJsIjoiaHR0cHM6XC9cL2J1aC1qZXNiZXJnLmRlXC93cC1jb250ZW50XC91cGxvYWRzXC8yMDIzXC8wM1wvMjAyMy0wMy0xMV8wMS5qcGciLCJzbGlkZXNob3ciOiIyNjBhNGY1In0%3D\">\n\t\t\t\t\t<div class=\"e-gallery-image elementor-gallery-item__image\" data-thumbnail=\"https:\/\/buh-jesberg.de\/wp-content\/uploads\/2023\/03\/2023-03-11_01-300x169.jpg\" data-width=\"300\" data-height=\"169\" aria-label=\"\" role=\"img\" ><\/div>\n\t\t\t\t\t\t\t\t\t\t\t<div class=\"elementor-gallery-item__overlay\"><\/div>\n\t\t\t\t\t\t\t\t\t\t\t\t\t\t<\/a>\n\t\t\t\t\t\t\t<a class=\"e-gallery-item elementor-gallery-item elementor-animated-content\" href=\"https:\/\/buh-jesberg.de\/wp-content\/uploads\/2023\/03\/2023-03-11_03.jpg\" data-elementor-open-lightbox=\"yes\" data-elementor-lightbox-slideshow=\"260a4f5\" data-elementor-lightbox-title=\"2023-03-11_03\" data-e-action-hash=\"#elementor-action%3Aaction%3Dlightbox%26settings%3DeyJpZCI6NTQ3OCwidXJsIjoiaHR0cHM6XC9cL2J1aC1qZXNiZXJnLmRlXC93cC1jb250ZW50XC91cGxvYWRzXC8yMDIzXC8wM1wvMjAyMy0wMy0xMV8wMy5qcGciLCJzbGlkZXNob3ciOiIyNjBhNGY1In0%3D\">\n\t\t\t\t\t<div class=\"e-gallery-image elementor-gallery-item__image\" data-thumbnail=\"https:\/\/buh-jesberg.de\/wp-content\/uploads\/2023\/03\/2023-03-11_03-300x169.jpg\" data-width=\"300\" data-height=\"169\" aria-label=\"\" role=\"img\" ><\/div>\n\t\t\t\t\t\t\t\t\t\t\t<div class=\"elementor-gallery-item__overlay\"><\/div>\n\t\t\t\t\t\t\t\t\t\t\t\t\t\t<\/a>\n\t\t\t\t\t\t\t<a class=\"e-gallery-item elementor-gallery-item elementor-animated-content\" href=\"https:\/\/buh-jesberg.de\/wp-content\/uploads\/2023\/03\/2023-03-11_02.jpg\" data-elementor-open-lightbox=\"yes\" data-elementor-lightbox-slideshow=\"260a4f5\" data-elementor-lightbox-title=\"2023-03-11_02\" data-e-action-hash=\"#elementor-action%3Aaction%3Dlightbox%26settings%3DeyJpZCI6NTQ3NywidXJsIjoiaHR0cHM6XC9cL2J1aC1qZXNiZXJnLmRlXC93cC1jb250ZW50XC91cGxvYWRzXC8yMDIzXC8wM1wvMjAyMy0wMy0xMV8wMi5qcGciLCJzbGlkZXNob3ciOiIyNjBhNGY1In0%3D\">\n\t\t\t\t\t<div class=\"e-gallery-image elementor-gallery-item__image\" data-thumbnail=\"https:\/\/buh-jesberg.de\/wp-content\/uploads\/2023\/03\/2023-03-11_02-300x169.jpg\" data-width=\"300\" data-height=\"169\" aria-label=\"\" role=\"img\" ><\/div>\n\t\t\t\t\t\t\t\t\t\t\t<div class=\"elementor-gallery-item__overlay\"><\/div>\n\t\t\t\t\t\t\t\t\t\t\t\t\t\t<\/a>\n\t\t\t\t\t\t\t<a class=\"e-gallery-item elementor-gallery-item elementor-animated-content\" href=\"https:\/\/buh-jesberg.de\/wp-content\/uploads\/2023\/03\/2023-03-11_04.jpg\" data-elementor-open-lightbox=\"yes\" data-elementor-lightbox-slideshow=\"260a4f5\" data-elementor-lightbox-title=\"2023-03-11_04\" data-e-action-hash=\"#elementor-action%3Aaction%3Dlightbox%26settings%3DeyJpZCI6NTQ3OSwidXJsIjoiaHR0cHM6XC9cL2J1aC1qZXNiZXJnLmRlXC93cC1jb250ZW50XC91cGxvYWRzXC8yMDIzXC8wM1wvMjAyMy0wMy0xMV8wNC5qcGciLCJzbGlkZXNob3ciOiIyNjBhNGY1In0%3D\">\n\t\t\t\t\t<div class=\"e-gallery-image elementor-gallery-item__image\" data-thumbnail=\"https:\/\/buh-jesberg.de\/wp-content\/uploads\/2023\/03\/2023-03-11_04-300x169.jpg\" data-width=\"300\" data-height=\"169\" aria-label=\"\" role=\"img\" ><\/div>\n\t\t\t\t\t\t\t\t\t\t\t<div class=\"elementor-gallery-item__overlay\"><\/div>\n\t\t\t\t\t\t\t\t\t\t\t\t\t\t<\/a>\n\t\t\t\t\t\t\t<a class=\"e-gallery-item elementor-gallery-item elementor-animated-content\" href=\"https:\/\/buh-jesberg.de\/wp-content\/uploads\/2023\/03\/2023-03-11_08.jpg\" data-elementor-open-lightbox=\"yes\" data-elementor-lightbox-slideshow=\"260a4f5\" data-elementor-lightbox-title=\"2023-03-11_08\" data-e-action-hash=\"#elementor-action%3Aaction%3Dlightbox%26settings%3DeyJpZCI6NTQ4MywidXJsIjoiaHR0cHM6XC9cL2J1aC1qZXNiZXJnLmRlXC93cC1jb250ZW50XC91cGxvYWRzXC8yMDIzXC8wM1wvMjAyMy0wMy0xMV8wOC5qcGciLCJzbGlkZXNob3ciOiIyNjBhNGY1In0%3D\">\n\t\t\t\t\t<div class=\"e-gallery-image elementor-gallery-item__image\" data-thumbnail=\"https:\/\/buh-jesberg.de\/wp-content\/uploads\/2023\/03\/2023-03-11_08-300x169.jpg\" data-width=\"300\" data-height=\"169\" aria-label=\"\" role=\"img\" ><\/div>\n\t\t\t\t\t\t\t\t\t\t\t<div class=\"elementor-gallery-item__overlay\"><\/div>\n\t\t\t\t\t\t\t\t\t\t\t\t\t\t<\/a>\n\t\t\t\t\t\t\t<a class=\"e-gallery-item elementor-gallery-item elementor-animated-content\" href=\"https:\/\/buh-jesberg.de\/wp-content\/uploads\/2023\/03\/2023-03-11_07.jpg\" data-elementor-open-lightbox=\"yes\" data-elementor-lightbox-slideshow=\"260a4f5\" data-elementor-lightbox-title=\"2023-03-11_07\" data-e-action-hash=\"#elementor-action%3Aaction%3Dlightbox%26settings%3DeyJpZCI6NTQ4MiwidXJsIjoiaHR0cHM6XC9cL2J1aC1qZXNiZXJnLmRlXC93cC1jb250ZW50XC91cGxvYWRzXC8yMDIzXC8wM1wvMjAyMy0wMy0xMV8wNy5qcGciLCJzbGlkZXNob3ciOiIyNjBhNGY1In0%3D\">\n\t\t\t\t\t<div class=\"e-gallery-image elementor-gallery-item__image\" data-thumbnail=\"https:\/\/buh-jesberg.de\/wp-content\/uploads\/2023\/03\/2023-03-11_07-300x169.jpg\" data-width=\"300\" data-height=\"169\" aria-label=\"\" role=\"img\" ><\/div>\n\t\t\t\t\t\t\t\t\t\t\t<div class=\"elementor-gallery-item__overlay\"><\/div>\n\t\t\t\t\t\t\t\t\t\t\t\t\t\t<\/a>\n\t\t\t\t\t\t\t<a class=\"e-gallery-item elementor-gallery-item elementor-animated-content\" href=\"https:\/\/buh-jesberg.de\/wp-content\/uploads\/2023\/03\/2023-03-11_06.jpg\" data-elementor-open-lightbox=\"yes\" data-elementor-lightbox-slideshow=\"260a4f5\" data-elementor-lightbox-title=\"2023-03-11_06\" data-e-action-hash=\"#elementor-action%3Aaction%3Dlightbox%26settings%3DeyJpZCI6NTQ4MSwidXJsIjoiaHR0cHM6XC9cL2J1aC1qZXNiZXJnLmRlXC93cC1jb250ZW50XC91cGxvYWRzXC8yMDIzXC8wM1wvMjAyMy0wMy0xMV8wNi5qcGciLCJzbGlkZXNob3ciOiIyNjBhNGY1In0%3D\">\n\t\t\t\t\t<div class=\"e-gallery-image elementor-gallery-item__image\" data-thumbnail=\"https:\/\/buh-jesberg.de\/wp-content\/uploads\/2023\/03\/2023-03-11_06-300x169.jpg\" data-width=\"300\" data-height=\"169\" aria-label=\"\" role=\"img\" ><\/div>\n\t\t\t\t\t\t\t\t\t\t\t<div class=\"elementor-gallery-item__overlay\"><\/div>\n\t\t\t\t\t\t\t\t\t\t\t\t\t\t<\/a>\n\t\t\t\t\t\t\t<a class=\"e-gallery-item elementor-gallery-item elementor-animated-content\" href=\"https:\/\/buh-jesberg.de\/wp-content\/uploads\/2023\/03\/2023-03-11_05.jpg\" data-elementor-open-lightbox=\"yes\" data-elementor-lightbox-slideshow=\"260a4f5\" data-elementor-lightbox-title=\"2023-03-11_05\" data-e-action-hash=\"#elementor-action%3Aaction%3Dlightbox%26settings%3DeyJpZCI6NTQ4MCwidXJsIjoiaHR0cHM6XC9cL2J1aC1qZXNiZXJnLmRlXC93cC1jb250ZW50XC91cGxvYWRzXC8yMDIzXC8wM1wvMjAyMy0wMy0xMV8wNS5qcGciLCJzbGlkZXNob3ciOiIyNjBhNGY1In0%3D\">\n\t\t\t\t\t<div class=\"e-gallery-image elementor-gallery-item__image\" data-thumbnail=\"https:\/\/buh-jesberg.de\/wp-content\/uploads\/2023\/03\/2023-03-11_05-300x169.jpg\" data-width=\"300\" data-height=\"169\" aria-label=\"\" role=\"img\" ><\/div>\n\t\t\t\t\t\t\t\t\t\t\t<div class=\"elementor-gallery-item__overlay\"><\/div>\n\t\t\t\t\t\t\t\t\t\t\t\t\t\t<\/a>\n\t\t\t\t\t\t\t<a class=\"e-gallery-item elementor-gallery-item elementor-animated-content\" href=\"https:\/\/buh-jesberg.de\/wp-content\/uploads\/2023\/03\/2023-03-11_09.jpg\" data-elementor-open-lightbox=\"yes\" data-elementor-lightbox-slideshow=\"260a4f5\" data-elementor-lightbox-title=\"2023-03-11_09\" data-e-action-hash=\"#elementor-action%3Aaction%3Dlightbox%26settings%3DeyJpZCI6NTQ4NCwidXJsIjoiaHR0cHM6XC9cL2J1aC1qZXNiZXJnLmRlXC93cC1jb250ZW50XC91cGxvYWRzXC8yMDIzXC8wM1wvMjAyMy0wMy0xMV8wOS5qcGciLCJzbGlkZXNob3ciOiIyNjBhNGY1In0%3D\">\n\t\t\t\t\t<div class=\"e-gallery-image elementor-gallery-item__image\" data-thumbnail=\"https:\/\/buh-jesberg.de\/wp-content\/uploads\/2023\/03\/2023-03-11_09-300x169.jpg\" data-width=\"300\" data-height=\"169\" aria-label=\"\" role=\"img\" ><\/div>\n\t\t\t\t\t\t\t\t\t\t\t<div class=\"elementor-gallery-item__overlay\"><\/div>\n\t\t\t\t\t\t\t\t\t\t\t\t\t\t<\/a>\n\t\t\t\t\t\t\t<a class=\"e-gallery-item elementor-gallery-item elementor-animated-content\" href=\"https:\/\/buh-jesberg.de\/wp-content\/uploads\/2023\/03\/2023-03-11_10.jpg\" data-elementor-open-lightbox=\"yes\" data-elementor-lightbox-slideshow=\"260a4f5\" data-elementor-lightbox-title=\"2023-03-11_10\" data-e-action-hash=\"#elementor-action%3Aaction%3Dlightbox%26settings%3DeyJpZCI6NTQ4NSwidXJsIjoiaHR0cHM6XC9cL2J1aC1qZXNiZXJnLmRlXC93cC1jb250ZW50XC91cGxvYWRzXC8yMDIzXC8wM1wvMjAyMy0wMy0xMV8xMC5qcGciLCJzbGlkZXNob3ciOiIyNjBhNGY1In0%3D\">\n\t\t\t\t\t<div class=\"e-gallery-image elementor-gallery-item__image\" data-thumbnail=\"https:\/\/buh-jesberg.de\/wp-content\/uploads\/2023\/03\/2023-03-11_10-300x169.jpg\" data-width=\"300\" data-height=\"169\" aria-label=\"\" role=\"img\" ><\/div>\n\t\t\t\t\t\t\t\t\t\t\t<div class=\"elementor-gallery-item__overlay\"><\/div>\n\t\t\t\t\t\t\t\t\t\t\t\t\t\t<\/a>\n\t\t\t\t\t<\/div>\n\t\t\t\t\t<\/div>\n\t\t\t\t<\/div>\n\t\t\t\t\t<\/div>\n\t\t<\/div>\n\t\t\t\t\t<\/div>\n\t\t<\/section>\n\t\t\t\t<\/div>\n\t\t","protected":false},"excerpt":{"rendered":"<p>Musik f\u00fcr Maximilians T\u00f6chter Das Ensemble \u201eKlangrede\u201c spielte am 11. M\u00e4rz 2023 im Saal des &#8222;Schl\u00f6sschens&#8220; Musik aus dem Barock und Rokoko. Nach der Begr\u00fc\u00dfung des Ensembles und der Besucher [&hellip;]<\/p>\n","protected":false},"author":2,"featured_media":0,"parent":0,"menu_order":0,"comment_status":"closed","ping_status":"closed","template":"","meta":{"_monsterinsights_skip_tracking":false,"_monsterinsights_sitenote_active":false,"_monsterinsights_sitenote_note":"","_monsterinsights_sitenote_category":0,"footnotes":""},"class_list":["post-5486","page","type-page","status-publish","hentry"],"yoast_head":"<!-- This site is optimized with the Yoast SEO plugin v27.3 - https:\/\/yoast.com\/product\/yoast-seo-wordpress\/ -->\n<title>Konzert Klangrede - Burg und Heimatverein Jesberg e.V.<\/title>\n<meta name=\"robots\" content=\"index, follow, max-snippet:-1, max-image-preview:large, max-video-preview:-1\" \/>\n<link rel=\"canonical\" href=\"https:\/\/buh-jesberg.de\/index.php\/konzert-klangrede-2\/\" \/>\n<meta property=\"og:locale\" content=\"de_DE\" \/>\n<meta property=\"og:type\" content=\"article\" \/>\n<meta property=\"og:title\" content=\"Konzert Klangrede - Burg und Heimatverein Jesberg e.V.\" \/>\n<meta property=\"og:description\" content=\"Musik f\u00fcr Maximilians T\u00f6chter Das Ensemble \u201eKlangrede\u201c spielte am 11. M\u00e4rz 2023 im Saal des &#8222;Schl\u00f6sschens&#8220; Musik aus dem Barock und Rokoko. Nach der Begr\u00fc\u00dfung des Ensembles und der Besucher [&hellip;]\" \/>\n<meta property=\"og:url\" content=\"https:\/\/buh-jesberg.de\/index.php\/konzert-klangrede-2\/\" \/>\n<meta property=\"og:site_name\" content=\"Burg und Heimatverein Jesberg e.V.\" \/>\n<meta property=\"article:modified_time\" content=\"2023-03-20T08:12:34+00:00\" \/>\n<meta name=\"twitter:card\" content=\"summary_large_image\" \/>\n<meta name=\"twitter:label1\" content=\"Gesch\u00e4tzte Lesezeit\" \/>\n\t<meta name=\"twitter:data1\" content=\"2\u00a0Minuten\" \/>\n<script type=\"application\/ld+json\" class=\"yoast-schema-graph\">{\"@context\":\"https:\\\/\\\/schema.org\",\"@graph\":[{\"@type\":\"WebPage\",\"@id\":\"https:\\\/\\\/buh-jesberg.de\\\/index.php\\\/konzert-klangrede-2\\\/\",\"url\":\"https:\\\/\\\/buh-jesberg.de\\\/index.php\\\/konzert-klangrede-2\\\/\",\"name\":\"Konzert Klangrede - Burg und Heimatverein Jesberg e.V.\",\"isPartOf\":{\"@id\":\"https:\\\/\\\/buh-jesberg.de\\\/#website\"},\"datePublished\":\"2023-03-12T11:53:06+00:00\",\"dateModified\":\"2023-03-20T08:12:34+00:00\",\"breadcrumb\":{\"@id\":\"https:\\\/\\\/buh-jesberg.de\\\/index.php\\\/konzert-klangrede-2\\\/#breadcrumb\"},\"inLanguage\":\"de\",\"potentialAction\":[{\"@type\":\"ReadAction\",\"target\":[\"https:\\\/\\\/buh-jesberg.de\\\/index.php\\\/konzert-klangrede-2\\\/\"]}]},{\"@type\":\"BreadcrumbList\",\"@id\":\"https:\\\/\\\/buh-jesberg.de\\\/index.php\\\/konzert-klangrede-2\\\/#breadcrumb\",\"itemListElement\":[{\"@type\":\"ListItem\",\"position\":1,\"name\":\"Startseite\",\"item\":\"https:\\\/\\\/buh-jesberg.de\\\/\"},{\"@type\":\"ListItem\",\"position\":2,\"name\":\"Konzert Klangrede\"}]},{\"@type\":\"WebSite\",\"@id\":\"https:\\\/\\\/buh-jesberg.de\\\/#website\",\"url\":\"https:\\\/\\\/buh-jesberg.de\\\/\",\"name\":\"Burg und Heimatverein Jesberg e.V.\",\"description\":\"Gemeinn\u00fctziger Verein in Jesberg\",\"publisher\":{\"@id\":\"https:\\\/\\\/buh-jesberg.de\\\/#organization\"},\"potentialAction\":[{\"@type\":\"SearchAction\",\"target\":{\"@type\":\"EntryPoint\",\"urlTemplate\":\"https:\\\/\\\/buh-jesberg.de\\\/?s={search_term_string}\"},\"query-input\":{\"@type\":\"PropertyValueSpecification\",\"valueRequired\":true,\"valueName\":\"search_term_string\"}}],\"inLanguage\":\"de\"},{\"@type\":\"Organization\",\"@id\":\"https:\\\/\\\/buh-jesberg.de\\\/#organization\",\"name\":\"Burg und Heimatverein Jesberg e.V.\",\"url\":\"https:\\\/\\\/buh-jesberg.de\\\/\",\"logo\":{\"@type\":\"ImageObject\",\"inLanguage\":\"de\",\"@id\":\"https:\\\/\\\/buh-jesberg.de\\\/#\\\/schema\\\/logo\\\/image\\\/\",\"url\":\"https:\\\/\\\/buh-jesberg.de\\\/wp-content\\\/uploads\\\/2023\\\/01\\\/Website_Logo-e1674580236324.jpg\",\"contentUrl\":\"https:\\\/\\\/buh-jesberg.de\\\/wp-content\\\/uploads\\\/2023\\\/01\\\/Website_Logo-e1674580236324.jpg\",\"width\":500,\"height\":501,\"caption\":\"Burg und Heimatverein Jesberg e.V.\"},\"image\":{\"@id\":\"https:\\\/\\\/buh-jesberg.de\\\/#\\\/schema\\\/logo\\\/image\\\/\"}}]}<\/script>\n<!-- \/ Yoast SEO plugin. -->","yoast_head_json":{"title":"Konzert Klangrede - Burg und Heimatverein Jesberg e.V.","robots":{"index":"index","follow":"follow","max-snippet":"max-snippet:-1","max-image-preview":"max-image-preview:large","max-video-preview":"max-video-preview:-1"},"canonical":"https:\/\/buh-jesberg.de\/index.php\/konzert-klangrede-2\/","og_locale":"de_DE","og_type":"article","og_title":"Konzert Klangrede - Burg und Heimatverein Jesberg e.V.","og_description":"Musik f\u00fcr Maximilians T\u00f6chter Das Ensemble \u201eKlangrede\u201c spielte am 11. M\u00e4rz 2023 im Saal des &#8222;Schl\u00f6sschens&#8220; Musik aus dem Barock und Rokoko. Nach der Begr\u00fc\u00dfung des Ensembles und der Besucher [&hellip;]","og_url":"https:\/\/buh-jesberg.de\/index.php\/konzert-klangrede-2\/","og_site_name":"Burg und Heimatverein Jesberg e.V.","article_modified_time":"2023-03-20T08:12:34+00:00","twitter_card":"summary_large_image","twitter_misc":{"Gesch\u00e4tzte Lesezeit":"2\u00a0Minuten"},"schema":{"@context":"https:\/\/schema.org","@graph":[{"@type":"WebPage","@id":"https:\/\/buh-jesberg.de\/index.php\/konzert-klangrede-2\/","url":"https:\/\/buh-jesberg.de\/index.php\/konzert-klangrede-2\/","name":"Konzert Klangrede - Burg und Heimatverein Jesberg e.V.","isPartOf":{"@id":"https:\/\/buh-jesberg.de\/#website"},"datePublished":"2023-03-12T11:53:06+00:00","dateModified":"2023-03-20T08:12:34+00:00","breadcrumb":{"@id":"https:\/\/buh-jesberg.de\/index.php\/konzert-klangrede-2\/#breadcrumb"},"inLanguage":"de","potentialAction":[{"@type":"ReadAction","target":["https:\/\/buh-jesberg.de\/index.php\/konzert-klangrede-2\/"]}]},{"@type":"BreadcrumbList","@id":"https:\/\/buh-jesberg.de\/index.php\/konzert-klangrede-2\/#breadcrumb","itemListElement":[{"@type":"ListItem","position":1,"name":"Startseite","item":"https:\/\/buh-jesberg.de\/"},{"@type":"ListItem","position":2,"name":"Konzert Klangrede"}]},{"@type":"WebSite","@id":"https:\/\/buh-jesberg.de\/#website","url":"https:\/\/buh-jesberg.de\/","name":"Burg und Heimatverein Jesberg e.V.","description":"Gemeinn\u00fctziger Verein in Jesberg","publisher":{"@id":"https:\/\/buh-jesberg.de\/#organization"},"potentialAction":[{"@type":"SearchAction","target":{"@type":"EntryPoint","urlTemplate":"https:\/\/buh-jesberg.de\/?s={search_term_string}"},"query-input":{"@type":"PropertyValueSpecification","valueRequired":true,"valueName":"search_term_string"}}],"inLanguage":"de"},{"@type":"Organization","@id":"https:\/\/buh-jesberg.de\/#organization","name":"Burg und Heimatverein Jesberg e.V.","url":"https:\/\/buh-jesberg.de\/","logo":{"@type":"ImageObject","inLanguage":"de","@id":"https:\/\/buh-jesberg.de\/#\/schema\/logo\/image\/","url":"https:\/\/buh-jesberg.de\/wp-content\/uploads\/2023\/01\/Website_Logo-e1674580236324.jpg","contentUrl":"https:\/\/buh-jesberg.de\/wp-content\/uploads\/2023\/01\/Website_Logo-e1674580236324.jpg","width":500,"height":501,"caption":"Burg und Heimatverein Jesberg e.V."},"image":{"@id":"https:\/\/buh-jesberg.de\/#\/schema\/logo\/image\/"}}]}},"_links":{"self":[{"href":"https:\/\/buh-jesberg.de\/index.php\/wp-json\/wp\/v2\/pages\/5486","targetHints":{"allow":["GET"]}}],"collection":[{"href":"https:\/\/buh-jesberg.de\/index.php\/wp-json\/wp\/v2\/pages"}],"about":[{"href":"https:\/\/buh-jesberg.de\/index.php\/wp-json\/wp\/v2\/types\/page"}],"author":[{"embeddable":true,"href":"https:\/\/buh-jesberg.de\/index.php\/wp-json\/wp\/v2\/users\/2"}],"replies":[{"embeddable":true,"href":"https:\/\/buh-jesberg.de\/index.php\/wp-json\/wp\/v2\/comments?post=5486"}],"version-history":[{"count":13,"href":"https:\/\/buh-jesberg.de\/index.php\/wp-json\/wp\/v2\/pages\/5486\/revisions"}],"predecessor-version":[{"id":5556,"href":"https:\/\/buh-jesberg.de\/index.php\/wp-json\/wp\/v2\/pages\/5486\/revisions\/5556"}],"wp:attachment":[{"href":"https:\/\/buh-jesberg.de\/index.php\/wp-json\/wp\/v2\/media?parent=5486"}],"curies":[{"name":"wp","href":"https:\/\/api.w.org\/{rel}","templated":true}]}}