{"id":5639,"date":"2023-03-28T09:54:29","date_gmt":"2023-03-28T07:54:29","guid":{"rendered":"https:\/\/buh-jesberg.de\/?page_id=5639"},"modified":"2023-05-21T13:10:09","modified_gmt":"2023-05-21T11:10:09","slug":"wasserversorgung-jesberg","status":"publish","type":"page","link":"https:\/\/buh-jesberg.de\/index.php\/wasserversorgung-jesberg\/","title":{"rendered":"Wasserversorgung Jesberg"},"content":{"rendered":"\t\t<div data-elementor-type=\"wp-page\" data-elementor-id=\"5639\" class=\"elementor elementor-5639\" data-elementor-post-type=\"page\">\n\t\t\t\t\t\t<section class=\"elementor-section elementor-top-section elementor-element elementor-element-5453293 elementor-section-boxed elementor-section-height-default elementor-section-height-default\" data-id=\"5453293\" data-element_type=\"section\" data-e-type=\"section\">\n\t\t\t\t\t\t<div class=\"elementor-container elementor-column-gap-default\">\n\t\t\t\t\t<div class=\"elementor-column elementor-col-100 elementor-top-column elementor-element elementor-element-348d133\" data-id=\"348d133\" data-element_type=\"column\" data-e-type=\"column\">\n\t\t\t<div class=\"elementor-widget-wrap elementor-element-populated\">\n\t\t\t\t\t\t<div class=\"elementor-element elementor-element-429680e elementor-widget elementor-widget-heading\" data-id=\"429680e\" data-element_type=\"widget\" data-e-type=\"widget\" data-widget_type=\"heading.default\">\n\t\t\t\t<div class=\"elementor-widget-container\">\n\t\t\t\t\t<h2 class=\"elementor-heading-title elementor-size-default\">Die Wasserversorgung im Raum Jesberg<\/h2>\t\t\t\t<\/div>\n\t\t\t\t<\/div>\n\t\t\t\t\t<\/div>\n\t\t<\/div>\n\t\t\t\t\t<\/div>\n\t\t<\/section>\n\t\t\t\t<section class=\"elementor-section elementor-top-section elementor-element elementor-element-aaabd8d elementor-section-boxed elementor-section-height-default elementor-section-height-default\" data-id=\"aaabd8d\" data-element_type=\"section\" data-e-type=\"section\">\n\t\t\t\t\t\t<div class=\"elementor-container elementor-column-gap-default\">\n\t\t\t\t\t<div class=\"elementor-column elementor-col-100 elementor-top-column elementor-element elementor-element-3347043\" data-id=\"3347043\" data-element_type=\"column\" data-e-type=\"column\">\n\t\t\t<div class=\"elementor-widget-wrap elementor-element-populated\">\n\t\t\t\t\t\t<div class=\"elementor-element elementor-element-56b4afe elementor-widget elementor-widget-text-editor\" data-id=\"56b4afe\" data-element_type=\"widget\" data-e-type=\"widget\" data-widget_type=\"text-editor.default\">\n\t\t\t\t<div class=\"elementor-widget-container\">\n\t\t\t\t\t\t\t\t\t<p><a href=\"https:\/\/buh-jesberg.de\/wp-content\/uploads\/2023\/03\/Wasserversorgung1.pdf\"><img fetchpriority=\"high\" decoding=\"async\" class=\"alignleft wp-image-5637 size-medium\" src=\"https:\/\/buh-jesberg.de\/wp-content\/uploads\/2023\/03\/Deckblatt-209x300.png\" alt=\"\" width=\"209\" height=\"300\" srcset=\"https:\/\/buh-jesberg.de\/wp-content\/uploads\/2023\/03\/Deckblatt-209x300.png 209w, https:\/\/buh-jesberg.de\/wp-content\/uploads\/2023\/03\/Deckblatt.png 600w\" sizes=\"(max-width: 209px) 100vw, 209px\" \/><\/a><em>Otto Meyer<\/em><\/p><p>Die Wasserversorgung im Raum Jesberg<br \/>unter besonderer Ber\u00fccksichtigung<br \/>der geologischen und hydrologischen Verh\u00e4ltnisse<br \/>mit einem Ausblick auf<br \/>Iandschaftspflege Naturschutz und Landschaftsplanung.<\/p><p>Herausgeber: Gemeinde Jesberg<\/p>\t\t\t\t\t\t\t\t<\/div>\n\t\t\t\t<\/div>\n\t\t\t\t\t<\/div>\n\t\t<\/div>\n\t\t\t\t\t<\/div>\n\t\t<\/section>\n\t\t\t\t<section class=\"elementor-section elementor-top-section elementor-element elementor-element-dc74cb3 elementor-section-boxed elementor-section-height-default elementor-section-height-default\" data-id=\"dc74cb3\" data-element_type=\"section\" data-e-type=\"section\">\n\t\t\t\t\t\t<div class=\"elementor-container elementor-column-gap-default\">\n\t\t\t\t\t<div class=\"elementor-column elementor-col-100 elementor-top-column elementor-element elementor-element-6494224\" data-id=\"6494224\" data-element_type=\"column\" data-e-type=\"column\">\n\t\t\t<div class=\"elementor-widget-wrap elementor-element-populated\">\n\t\t\t\t\t\t<div class=\"elementor-element elementor-element-e5345b9 elementor-widget elementor-widget-text-editor\" data-id=\"e5345b9\" data-element_type=\"widget\" data-e-type=\"widget\" data-widget_type=\"text-editor.default\">\n\t\t\t\t<div class=\"elementor-widget-container\">\n\t\t\t\t\t\t\t\t\t<p>Das vorgelegte Werk ist mehr als nur eine blo\u00dfe Dokumentation \u00fcber die beiden Wasserversorgungsanlagen der Gemeinde Jesberg. Dargelegt wird der gro\u00dfe Kreislauf des alles Leben auf unserem Planeten mitbestimmenden Wassers und die mannigfachen Einfl\u00fcsse, die es dabei insbesondere auf der Strecke durch Kl\u00fcfte und<br \/>Pisse des Erdinneren bis zur Quelle erf\u00e4hrt, wo sich seine Eigenart, seine Unverwechselbarkeit herausentwickelt.<\/p><p>Es wird deutlich, da\u00df das in einem Sohiefergebirge erschlossene Wasser eine andere chemische Zusammensetzung &#8230; weiter zum <a href=\"https:\/\/buh-jesberg.de\/wp-content\/uploads\/2023\/03\/Wasserversorgung1.pdf\">PDF<\/a><\/p>\t\t\t\t\t\t\t\t<\/div>\n\t\t\t\t<\/div>\n\t\t\t\t\t<\/div>\n\t\t<\/div>\n\t\t\t\t\t<\/div>\n\t\t<\/section>\n\t\t\t\t<\/div>\n\t\t","protected":false},"excerpt":{"rendered":"<p>Die Wasserversorgung im Raum Jesberg Otto Meyer Die Wasserversorgung im Raum Jesbergunter besonderer Ber\u00fccksichtigungder geologischen und hydrologischen Verh\u00e4ltnissemit einem Ausblick aufIandschaftspflege Naturschutz und Landschaftsplanung. Herausgeber: Gemeinde Jesberg Das vorgelegte Werk [&hellip;]<\/p>\n","protected":false},"author":2,"featured_media":0,"parent":0,"menu_order":0,"comment_status":"closed","ping_status":"closed","template":"","meta":{"_monsterinsights_skip_tracking":false,"_monsterinsights_sitenote_active":false,"_monsterinsights_sitenote_note":"","_monsterinsights_sitenote_category":0,"footnotes":""},"class_list":["post-5639","page","type-page","status-publish","hentry"],"yoast_head":"<!-- This site is optimized with the Yoast SEO plugin v27.3 - https:\/\/yoast.com\/product\/yoast-seo-wordpress\/ -->\n<title>Wasserversorgung Jesberg - Burg und Heimatverein Jesberg e.V.<\/title>\n<meta name=\"robots\" content=\"index, follow, max-snippet:-1, max-image-preview:large, max-video-preview:-1\" \/>\n<link rel=\"canonical\" href=\"https:\/\/buh-jesberg.de\/index.php\/wasserversorgung-jesberg\/\" \/>\n<meta property=\"og:locale\" content=\"de_DE\" \/>\n<meta property=\"og:type\" content=\"article\" \/>\n<meta property=\"og:title\" content=\"Wasserversorgung Jesberg - Burg und Heimatverein Jesberg e.V.\" \/>\n<meta property=\"og:description\" content=\"Die Wasserversorgung im Raum Jesberg Otto Meyer Die Wasserversorgung im Raum Jesbergunter besonderer Ber\u00fccksichtigungder geologischen und hydrologischen Verh\u00e4ltnissemit einem Ausblick aufIandschaftspflege Naturschutz und Landschaftsplanung. Herausgeber: Gemeinde Jesberg Das vorgelegte Werk [&hellip;]\" \/>\n<meta property=\"og:url\" content=\"https:\/\/buh-jesberg.de\/index.php\/wasserversorgung-jesberg\/\" \/>\n<meta property=\"og:site_name\" content=\"Burg und Heimatverein Jesberg e.V.\" \/>\n<meta property=\"article:modified_time\" content=\"2023-05-21T11:10:09+00:00\" \/>\n<meta property=\"og:image\" content=\"https:\/\/buh-jesberg.de\/wp-content\/uploads\/2023\/03\/Deckblatt-209x300.png\" \/>\n<meta name=\"twitter:card\" content=\"summary_large_image\" \/>\n<meta name=\"twitter:label1\" content=\"Gesch\u00e4tzte Lesezeit\" \/>\n\t<meta name=\"twitter:data1\" content=\"1\u00a0Minute\" \/>\n<script type=\"application\/ld+json\" class=\"yoast-schema-graph\">{\"@context\":\"https:\\\/\\\/schema.org\",\"@graph\":[{\"@type\":\"WebPage\",\"@id\":\"https:\\\/\\\/buh-jesberg.de\\\/index.php\\\/wasserversorgung-jesberg\\\/\",\"url\":\"https:\\\/\\\/buh-jesberg.de\\\/index.php\\\/wasserversorgung-jesberg\\\/\",\"name\":\"Wasserversorgung Jesberg - Burg und Heimatverein Jesberg e.V.\",\"isPartOf\":{\"@id\":\"https:\\\/\\\/buh-jesberg.de\\\/#website\"},\"primaryImageOfPage\":{\"@id\":\"https:\\\/\\\/buh-jesberg.de\\\/index.php\\\/wasserversorgung-jesberg\\\/#primaryimage\"},\"image\":{\"@id\":\"https:\\\/\\\/buh-jesberg.de\\\/index.php\\\/wasserversorgung-jesberg\\\/#primaryimage\"},\"thumbnailUrl\":\"https:\\\/\\\/buh-jesberg.de\\\/wp-content\\\/uploads\\\/2023\\\/03\\\/Deckblatt-209x300.png\",\"datePublished\":\"2023-03-28T07:54:29+00:00\",\"dateModified\":\"2023-05-21T11:10:09+00:00\",\"breadcrumb\":{\"@id\":\"https:\\\/\\\/buh-jesberg.de\\\/index.php\\\/wasserversorgung-jesberg\\\/#breadcrumb\"},\"inLanguage\":\"de\",\"potentialAction\":[{\"@type\":\"ReadAction\",\"target\":[\"https:\\\/\\\/buh-jesberg.de\\\/index.php\\\/wasserversorgung-jesberg\\\/\"]}]},{\"@type\":\"ImageObject\",\"inLanguage\":\"de\",\"@id\":\"https:\\\/\\\/buh-jesberg.de\\\/index.php\\\/wasserversorgung-jesberg\\\/#primaryimage\",\"url\":\"https:\\\/\\\/buh-jesberg.de\\\/wp-content\\\/uploads\\\/2023\\\/03\\\/Deckblatt.png\",\"contentUrl\":\"https:\\\/\\\/buh-jesberg.de\\\/wp-content\\\/uploads\\\/2023\\\/03\\\/Deckblatt.png\",\"width\":600,\"height\":861},{\"@type\":\"BreadcrumbList\",\"@id\":\"https:\\\/\\\/buh-jesberg.de\\\/index.php\\\/wasserversorgung-jesberg\\\/#breadcrumb\",\"itemListElement\":[{\"@type\":\"ListItem\",\"position\":1,\"name\":\"Startseite\",\"item\":\"https:\\\/\\\/buh-jesberg.de\\\/\"},{\"@type\":\"ListItem\",\"position\":2,\"name\":\"Wasserversorgung Jesberg\"}]},{\"@type\":\"WebSite\",\"@id\":\"https:\\\/\\\/buh-jesberg.de\\\/#website\",\"url\":\"https:\\\/\\\/buh-jesberg.de\\\/\",\"name\":\"Burg und Heimatverein Jesberg e.V.\",\"description\":\"Gemeinn\u00fctziger Verein in Jesberg\",\"publisher\":{\"@id\":\"https:\\\/\\\/buh-jesberg.de\\\/#organization\"},\"potentialAction\":[{\"@type\":\"SearchAction\",\"target\":{\"@type\":\"EntryPoint\",\"urlTemplate\":\"https:\\\/\\\/buh-jesberg.de\\\/?s={search_term_string}\"},\"query-input\":{\"@type\":\"PropertyValueSpecification\",\"valueRequired\":true,\"valueName\":\"search_term_string\"}}],\"inLanguage\":\"de\"},{\"@type\":\"Organization\",\"@id\":\"https:\\\/\\\/buh-jesberg.de\\\/#organization\",\"name\":\"Burg und Heimatverein Jesberg e.V.\",\"url\":\"https:\\\/\\\/buh-jesberg.de\\\/\",\"logo\":{\"@type\":\"ImageObject\",\"inLanguage\":\"de\",\"@id\":\"https:\\\/\\\/buh-jesberg.de\\\/#\\\/schema\\\/logo\\\/image\\\/\",\"url\":\"https:\\\/\\\/buh-jesberg.de\\\/wp-content\\\/uploads\\\/2023\\\/01\\\/Website_Logo-e1674580236324.jpg\",\"contentUrl\":\"https:\\\/\\\/buh-jesberg.de\\\/wp-content\\\/uploads\\\/2023\\\/01\\\/Website_Logo-e1674580236324.jpg\",\"width\":500,\"height\":501,\"caption\":\"Burg und Heimatverein Jesberg e.V.\"},\"image\":{\"@id\":\"https:\\\/\\\/buh-jesberg.de\\\/#\\\/schema\\\/logo\\\/image\\\/\"}}]}<\/script>\n<!-- \/ Yoast SEO plugin. -->","yoast_head_json":{"title":"Wasserversorgung Jesberg - Burg und Heimatverein Jesberg e.V.","robots":{"index":"index","follow":"follow","max-snippet":"max-snippet:-1","max-image-preview":"max-image-preview:large","max-video-preview":"max-video-preview:-1"},"canonical":"https:\/\/buh-jesberg.de\/index.php\/wasserversorgung-jesberg\/","og_locale":"de_DE","og_type":"article","og_title":"Wasserversorgung Jesberg - Burg und Heimatverein Jesberg e.V.","og_description":"Die Wasserversorgung im Raum Jesberg Otto Meyer Die Wasserversorgung im Raum Jesbergunter besonderer Ber\u00fccksichtigungder geologischen und hydrologischen Verh\u00e4ltnissemit einem Ausblick aufIandschaftspflege Naturschutz und Landschaftsplanung. Herausgeber: Gemeinde Jesberg Das vorgelegte Werk [&hellip;]","og_url":"https:\/\/buh-jesberg.de\/index.php\/wasserversorgung-jesberg\/","og_site_name":"Burg und Heimatverein Jesberg e.V.","article_modified_time":"2023-05-21T11:10:09+00:00","og_image":[{"url":"https:\/\/buh-jesberg.de\/wp-content\/uploads\/2023\/03\/Deckblatt-209x300.png","type":"","width":"","height":""}],"twitter_card":"summary_large_image","twitter_misc":{"Gesch\u00e4tzte Lesezeit":"1\u00a0Minute"},"schema":{"@context":"https:\/\/schema.org","@graph":[{"@type":"WebPage","@id":"https:\/\/buh-jesberg.de\/index.php\/wasserversorgung-jesberg\/","url":"https:\/\/buh-jesberg.de\/index.php\/wasserversorgung-jesberg\/","name":"Wasserversorgung Jesberg - Burg und Heimatverein Jesberg e.V.","isPartOf":{"@id":"https:\/\/buh-jesberg.de\/#website"},"primaryImageOfPage":{"@id":"https:\/\/buh-jesberg.de\/index.php\/wasserversorgung-jesberg\/#primaryimage"},"image":{"@id":"https:\/\/buh-jesberg.de\/index.php\/wasserversorgung-jesberg\/#primaryimage"},"thumbnailUrl":"https:\/\/buh-jesberg.de\/wp-content\/uploads\/2023\/03\/Deckblatt-209x300.png","datePublished":"2023-03-28T07:54:29+00:00","dateModified":"2023-05-21T11:10:09+00:00","breadcrumb":{"@id":"https:\/\/buh-jesberg.de\/index.php\/wasserversorgung-jesberg\/#breadcrumb"},"inLanguage":"de","potentialAction":[{"@type":"ReadAction","target":["https:\/\/buh-jesberg.de\/index.php\/wasserversorgung-jesberg\/"]}]},{"@type":"ImageObject","inLanguage":"de","@id":"https:\/\/buh-jesberg.de\/index.php\/wasserversorgung-jesberg\/#primaryimage","url":"https:\/\/buh-jesberg.de\/wp-content\/uploads\/2023\/03\/Deckblatt.png","contentUrl":"https:\/\/buh-jesberg.de\/wp-content\/uploads\/2023\/03\/Deckblatt.png","width":600,"height":861},{"@type":"BreadcrumbList","@id":"https:\/\/buh-jesberg.de\/index.php\/wasserversorgung-jesberg\/#breadcrumb","itemListElement":[{"@type":"ListItem","position":1,"name":"Startseite","item":"https:\/\/buh-jesberg.de\/"},{"@type":"ListItem","position":2,"name":"Wasserversorgung Jesberg"}]},{"@type":"WebSite","@id":"https:\/\/buh-jesberg.de\/#website","url":"https:\/\/buh-jesberg.de\/","name":"Burg und Heimatverein Jesberg e.V.","description":"Gemeinn\u00fctziger Verein in Jesberg","publisher":{"@id":"https:\/\/buh-jesberg.de\/#organization"},"potentialAction":[{"@type":"SearchAction","target":{"@type":"EntryPoint","urlTemplate":"https:\/\/buh-jesberg.de\/?s={search_term_string}"},"query-input":{"@type":"PropertyValueSpecification","valueRequired":true,"valueName":"search_term_string"}}],"inLanguage":"de"},{"@type":"Organization","@id":"https:\/\/buh-jesberg.de\/#organization","name":"Burg und Heimatverein Jesberg e.V.","url":"https:\/\/buh-jesberg.de\/","logo":{"@type":"ImageObject","inLanguage":"de","@id":"https:\/\/buh-jesberg.de\/#\/schema\/logo\/image\/","url":"https:\/\/buh-jesberg.de\/wp-content\/uploads\/2023\/01\/Website_Logo-e1674580236324.jpg","contentUrl":"https:\/\/buh-jesberg.de\/wp-content\/uploads\/2023\/01\/Website_Logo-e1674580236324.jpg","width":500,"height":501,"caption":"Burg und Heimatverein Jesberg e.V."},"image":{"@id":"https:\/\/buh-jesberg.de\/#\/schema\/logo\/image\/"}}]}},"_links":{"self":[{"href":"https:\/\/buh-jesberg.de\/index.php\/wp-json\/wp\/v2\/pages\/5639","targetHints":{"allow":["GET"]}}],"collection":[{"href":"https:\/\/buh-jesberg.de\/index.php\/wp-json\/wp\/v2\/pages"}],"about":[{"href":"https:\/\/buh-jesberg.de\/index.php\/wp-json\/wp\/v2\/types\/page"}],"author":[{"embeddable":true,"href":"https:\/\/buh-jesberg.de\/index.php\/wp-json\/wp\/v2\/users\/2"}],"replies":[{"embeddable":true,"href":"https:\/\/buh-jesberg.de\/index.php\/wp-json\/wp\/v2\/comments?post=5639"}],"version-history":[{"count":7,"href":"https:\/\/buh-jesberg.de\/index.php\/wp-json\/wp\/v2\/pages\/5639\/revisions"}],"predecessor-version":[{"id":5837,"href":"https:\/\/buh-jesberg.de\/index.php\/wp-json\/wp\/v2\/pages\/5639\/revisions\/5837"}],"wp:attachment":[{"href":"https:\/\/buh-jesberg.de\/index.php\/wp-json\/wp\/v2\/media?parent=5639"}],"curies":[{"name":"wp","href":"https:\/\/api.w.org\/{rel}","templated":true}]}}