{"id":57,"date":"2013-05-01T15:04:38","date_gmt":"2013-05-01T13:04:38","guid":{"rendered":"http:\/\/hgv-jesberg.de\/?page_id=57"},"modified":"2023-05-22T10:31:34","modified_gmt":"2023-05-22T08:31:34","slug":"der-verein","status":"publish","type":"page","link":"https:\/\/buh-jesberg.de\/index.php\/der-verein\/","title":{"rendered":"Der Verein"},"content":{"rendered":"\t\t<div data-elementor-type=\"wp-page\" data-elementor-id=\"57\" class=\"elementor elementor-57\" data-elementor-post-type=\"page\">\n\t\t\t\t\t\t<section class=\"elementor-section elementor-top-section elementor-element elementor-element-70624782 elementor-section-boxed elementor-section-height-default elementor-section-height-default\" data-id=\"70624782\" data-element_type=\"section\" data-e-type=\"section\">\n\t\t\t\t\t\t<div class=\"elementor-container elementor-column-gap-default\">\n\t\t\t\t\t<div class=\"elementor-column elementor-col-100 elementor-top-column elementor-element elementor-element-6b942d78\" data-id=\"6b942d78\" data-element_type=\"column\" data-e-type=\"column\">\n\t\t\t<div class=\"elementor-widget-wrap elementor-element-populated\">\n\t\t\t\t\t\t<div class=\"elementor-element elementor-element-5a216851 elementor-widget elementor-widget-text-editor\" data-id=\"5a216851\" data-element_type=\"widget\" data-e-type=\"widget\" data-widget_type=\"text-editor.default\">\n\t\t\t\t<div class=\"elementor-widget-container\">\n\t\t\t\t\t\t\t\t\t<p><strong><img fetchpriority=\"high\" decoding=\"async\" class=\"size-medium wp-image-5886 alignleft\" src=\"https:\/\/buh-jesberg.de\/wp-content\/uploads\/2023\/05\/Logo-transparent_V2-300x188.png\" alt=\"\" width=\"300\" height=\"188\" srcset=\"https:\/\/buh-jesberg.de\/wp-content\/uploads\/2023\/05\/Logo-transparent_V2-300x188.png 300w, https:\/\/buh-jesberg.de\/wp-content\/uploads\/2023\/05\/Logo-transparent_V2-1720x1080.png 1720w, https:\/\/buh-jesberg.de\/wp-content\/uploads\/2023\/05\/Logo-transparent_V2-768x482.png 768w, https:\/\/buh-jesberg.de\/wp-content\/uploads\/2023\/05\/Logo-transparent_V2-1536x964.png 1536w, https:\/\/buh-jesberg.de\/wp-content\/uploads\/2023\/05\/Logo-transparent_V2.png 1792w\" sizes=\"(max-width: 300px) 100vw, 300px\" \/>Der Heimat- und Geschichtsverein Jesberg e.V. <\/strong>wurde im Jahr 1985 gegr\u00fcndet und konnte somit 2010 sein 25-j\u00e4hriges Bestehen feiern.<\/p><p>Unser Verein ist als gemeinn\u00fctzig anerkannt. Seine Aufgabe besteht darin, das Interesse der Bev\u00f6lkerung an der Heimatgeschichte zu beleben, das Wissen hier\u00fcber zu vertiefen und heimatliche Kenntnisse zu sammeln, um sie den B\u00fcrgerinnen und B\u00fcrgern zug\u00e4nglich zu machen und sie der Nachwelt zu erhalten. Er strebt einen Zusammenschluss aller in der Heimatforschung t\u00e4tigen und an ihr interessierten Personen an.<\/p><p>Der Zweck des Vereins soll insbesondere durch folgende T\u00e4tigkeiten bzw. deren F\u00f6rderung erreicht werden:<\/p><ul><li>Sammlung von Erkenntnissen aus Urkunden sowie aus m\u00fcndlichen \u00dcberlieferungen \u00fcber die heimatlichen Zusammenh\u00e4nge.<\/li><li>Bergung und Sicherung von Bodenfunden und kulturgeschichtlichen Gegenst\u00e4nden.<\/li><li>Freilegung und Dokumentation von heimatgeschichtlichen Merkmalen in Baudenkm\u00e4lern und anderen Geb\u00e4uden.<\/li><li>Dokumentation von heimatgeschichtlichen Vorg\u00e4ngen, die das Arbeitsgebiet betreffen.<\/li><li>Durchf\u00fchrung von Veranstaltungen, die Entwicklung des Vereins sowie Besichtigungen.<\/li><\/ul><p>Der Verein hat einen Raum im Rathaus mit verschiedenen geschichtlichen Gegenst\u00e4nden der Gemeinde. Nach telefonischer Vereinbarung (1. Vorsitzende:r) kann der Raum besichtigt werden.<\/p><p>In der Jahreshauptversammlung am 12.07.2021 wurde der Verein in Burg- und Heimatverein umbenannt. Daraus ergibt sich, dass die alte Satzung vom 03.02.2003 ihre G\u00fcltigkeit verloren hat. Die neue Satzung kann im Men\u00fc &#8222;Der Verein, <a href=\"https:\/\/buh-jesberg.de\/index.php\/der-verein\/download-bereich\/\">Download Bereich<\/a>,&#8220; heruntergeladen werden.<\/p>\t\t\t\t\t\t\t\t<\/div>\n\t\t\t\t<\/div>\n\t\t\t\t\t<\/div>\n\t\t<\/div>\n\t\t\t\t\t<\/div>\n\t\t<\/section>\n\t\t\t\t<\/div>\n\t\t","protected":false},"excerpt":{"rendered":"<p>Der Heimat- und Geschichtsverein Jesberg e.V. wurde im Jahr 1985 gegr\u00fcndet und konnte somit 2010 sein 25-j\u00e4hriges Bestehen feiern. Unser Verein ist als gemeinn\u00fctzig anerkannt. Seine Aufgabe besteht darin, das [&hellip;]<\/p>\n","protected":false},"author":2,"featured_media":0,"parent":0,"menu_order":0,"comment_status":"closed","ping_status":"closed","template":"","meta":{"_monsterinsights_skip_tracking":false,"_monsterinsights_sitenote_active":false,"_monsterinsights_sitenote_note":"","_monsterinsights_sitenote_category":0,"footnotes":""},"class_list":["post-57","page","type-page","status-publish","hentry"],"yoast_head":"<!-- This site is optimized with the Yoast SEO plugin v27.6 - https:\/\/yoast.com\/product\/yoast-seo-wordpress\/ -->\n<title>Der Verein - Burg und Heimatverein Jesberg e.V.<\/title>\n<meta name=\"robots\" content=\"index, follow, max-snippet:-1, max-image-preview:large, max-video-preview:-1\" \/>\n<link rel=\"canonical\" href=\"https:\/\/buh-jesberg.de\/index.php\/der-verein\/\" \/>\n<meta property=\"og:locale\" content=\"de_DE\" \/>\n<meta property=\"og:type\" content=\"article\" \/>\n<meta property=\"og:title\" content=\"Der Verein - Burg und Heimatverein Jesberg e.V.\" \/>\n<meta property=\"og:description\" content=\"Der Heimat- und Geschichtsverein Jesberg e.V. wurde im Jahr 1985 gegr\u00fcndet und konnte somit 2010 sein 25-j\u00e4hriges Bestehen feiern. Unser Verein ist als gemeinn\u00fctzig anerkannt. Seine Aufgabe besteht darin, das [&hellip;]\" \/>\n<meta property=\"og:url\" content=\"https:\/\/buh-jesberg.de\/index.php\/der-verein\/\" \/>\n<meta property=\"og:site_name\" content=\"Burg und Heimatverein Jesberg e.V.\" \/>\n<meta property=\"article:modified_time\" content=\"2023-05-22T08:31:34+00:00\" \/>\n<meta property=\"og:image\" content=\"https:\/\/buh-jesberg.de\/wp-content\/uploads\/2023\/05\/Logo-transparent_V2-300x188.png\" \/>\n<meta name=\"twitter:card\" content=\"summary_large_image\" \/>\n<meta name=\"twitter:label1\" content=\"Gesch\u00e4tzte Lesezeit\" \/>\n\t<meta name=\"twitter:data1\" content=\"2\u00a0Minuten\" \/>\n<script type=\"application\/ld+json\" class=\"yoast-schema-graph\">{\"@context\":\"https:\\\/\\\/schema.org\",\"@graph\":[{\"@type\":\"WebPage\",\"@id\":\"https:\\\/\\\/buh-jesberg.de\\\/index.php\\\/der-verein\\\/\",\"url\":\"https:\\\/\\\/buh-jesberg.de\\\/index.php\\\/der-verein\\\/\",\"name\":\"Der Verein - Burg und Heimatverein Jesberg e.V.\",\"isPartOf\":{\"@id\":\"https:\\\/\\\/buh-jesberg.de\\\/#website\"},\"primaryImageOfPage\":{\"@id\":\"https:\\\/\\\/buh-jesberg.de\\\/index.php\\\/der-verein\\\/#primaryimage\"},\"image\":{\"@id\":\"https:\\\/\\\/buh-jesberg.de\\\/index.php\\\/der-verein\\\/#primaryimage\"},\"thumbnailUrl\":\"https:\\\/\\\/buh-jesberg.de\\\/wp-content\\\/uploads\\\/2023\\\/05\\\/Logo-transparent_V2-300x188.png\",\"datePublished\":\"2013-05-01T13:04:38+00:00\",\"dateModified\":\"2023-05-22T08:31:34+00:00\",\"breadcrumb\":{\"@id\":\"https:\\\/\\\/buh-jesberg.de\\\/index.php\\\/der-verein\\\/#breadcrumb\"},\"inLanguage\":\"de\",\"potentialAction\":[{\"@type\":\"ReadAction\",\"target\":[\"https:\\\/\\\/buh-jesberg.de\\\/index.php\\\/der-verein\\\/\"]}]},{\"@type\":\"ImageObject\",\"inLanguage\":\"de\",\"@id\":\"https:\\\/\\\/buh-jesberg.de\\\/index.php\\\/der-verein\\\/#primaryimage\",\"url\":\"https:\\\/\\\/buh-jesberg.de\\\/wp-content\\\/uploads\\\/2023\\\/05\\\/Logo-transparent_V2.png\",\"contentUrl\":\"https:\\\/\\\/buh-jesberg.de\\\/wp-content\\\/uploads\\\/2023\\\/05\\\/Logo-transparent_V2.png\",\"width\":1792,\"height\":1125},{\"@type\":\"BreadcrumbList\",\"@id\":\"https:\\\/\\\/buh-jesberg.de\\\/index.php\\\/der-verein\\\/#breadcrumb\",\"itemListElement\":[{\"@type\":\"ListItem\",\"position\":1,\"name\":\"Startseite\",\"item\":\"https:\\\/\\\/buh-jesberg.de\\\/\"},{\"@type\":\"ListItem\",\"position\":2,\"name\":\"Der Verein\"}]},{\"@type\":\"WebSite\",\"@id\":\"https:\\\/\\\/buh-jesberg.de\\\/#website\",\"url\":\"https:\\\/\\\/buh-jesberg.de\\\/\",\"name\":\"Burg und Heimatverein Jesberg e.V.\",\"description\":\"Gemeinn\u00fctziger Verein in Jesberg\",\"publisher\":{\"@id\":\"https:\\\/\\\/buh-jesberg.de\\\/#organization\"},\"potentialAction\":[{\"@type\":\"SearchAction\",\"target\":{\"@type\":\"EntryPoint\",\"urlTemplate\":\"https:\\\/\\\/buh-jesberg.de\\\/?s={search_term_string}\"},\"query-input\":{\"@type\":\"PropertyValueSpecification\",\"valueRequired\":true,\"valueName\":\"search_term_string\"}}],\"inLanguage\":\"de\"},{\"@type\":\"Organization\",\"@id\":\"https:\\\/\\\/buh-jesberg.de\\\/#organization\",\"name\":\"Burg und Heimatverein Jesberg e.V.\",\"url\":\"https:\\\/\\\/buh-jesberg.de\\\/\",\"logo\":{\"@type\":\"ImageObject\",\"inLanguage\":\"de\",\"@id\":\"https:\\\/\\\/buh-jesberg.de\\\/#\\\/schema\\\/logo\\\/image\\\/\",\"url\":\"https:\\\/\\\/buh-jesberg.de\\\/wp-content\\\/uploads\\\/2023\\\/01\\\/Website_Logo-e1674580236324.jpg\",\"contentUrl\":\"https:\\\/\\\/buh-jesberg.de\\\/wp-content\\\/uploads\\\/2023\\\/01\\\/Website_Logo-e1674580236324.jpg\",\"width\":500,\"height\":501,\"caption\":\"Burg und Heimatverein Jesberg e.V.\"},\"image\":{\"@id\":\"https:\\\/\\\/buh-jesberg.de\\\/#\\\/schema\\\/logo\\\/image\\\/\"}}]}<\/script>\n<!-- \/ Yoast SEO plugin. -->","yoast_head_json":{"title":"Der Verein - Burg und Heimatverein Jesberg e.V.","robots":{"index":"index","follow":"follow","max-snippet":"max-snippet:-1","max-image-preview":"max-image-preview:large","max-video-preview":"max-video-preview:-1"},"canonical":"https:\/\/buh-jesberg.de\/index.php\/der-verein\/","og_locale":"de_DE","og_type":"article","og_title":"Der Verein - Burg und Heimatverein Jesberg e.V.","og_description":"Der Heimat- und Geschichtsverein Jesberg e.V. wurde im Jahr 1985 gegr\u00fcndet und konnte somit 2010 sein 25-j\u00e4hriges Bestehen feiern. Unser Verein ist als gemeinn\u00fctzig anerkannt. Seine Aufgabe besteht darin, das [&hellip;]","og_url":"https:\/\/buh-jesberg.de\/index.php\/der-verein\/","og_site_name":"Burg und Heimatverein Jesberg e.V.","article_modified_time":"2023-05-22T08:31:34+00:00","og_image":[{"url":"https:\/\/buh-jesberg.de\/wp-content\/uploads\/2023\/05\/Logo-transparent_V2-300x188.png","type":"","width":"","height":""}],"twitter_card":"summary_large_image","twitter_misc":{"Gesch\u00e4tzte Lesezeit":"2\u00a0Minuten"},"schema":{"@context":"https:\/\/schema.org","@graph":[{"@type":"WebPage","@id":"https:\/\/buh-jesberg.de\/index.php\/der-verein\/","url":"https:\/\/buh-jesberg.de\/index.php\/der-verein\/","name":"Der Verein - Burg und Heimatverein Jesberg e.V.","isPartOf":{"@id":"https:\/\/buh-jesberg.de\/#website"},"primaryImageOfPage":{"@id":"https:\/\/buh-jesberg.de\/index.php\/der-verein\/#primaryimage"},"image":{"@id":"https:\/\/buh-jesberg.de\/index.php\/der-verein\/#primaryimage"},"thumbnailUrl":"https:\/\/buh-jesberg.de\/wp-content\/uploads\/2023\/05\/Logo-transparent_V2-300x188.png","datePublished":"2013-05-01T13:04:38+00:00","dateModified":"2023-05-22T08:31:34+00:00","breadcrumb":{"@id":"https:\/\/buh-jesberg.de\/index.php\/der-verein\/#breadcrumb"},"inLanguage":"de","potentialAction":[{"@type":"ReadAction","target":["https:\/\/buh-jesberg.de\/index.php\/der-verein\/"]}]},{"@type":"ImageObject","inLanguage":"de","@id":"https:\/\/buh-jesberg.de\/index.php\/der-verein\/#primaryimage","url":"https:\/\/buh-jesberg.de\/wp-content\/uploads\/2023\/05\/Logo-transparent_V2.png","contentUrl":"https:\/\/buh-jesberg.de\/wp-content\/uploads\/2023\/05\/Logo-transparent_V2.png","width":1792,"height":1125},{"@type":"BreadcrumbList","@id":"https:\/\/buh-jesberg.de\/index.php\/der-verein\/#breadcrumb","itemListElement":[{"@type":"ListItem","position":1,"name":"Startseite","item":"https:\/\/buh-jesberg.de\/"},{"@type":"ListItem","position":2,"name":"Der Verein"}]},{"@type":"WebSite","@id":"https:\/\/buh-jesberg.de\/#website","url":"https:\/\/buh-jesberg.de\/","name":"Burg und Heimatverein Jesberg e.V.","description":"Gemeinn\u00fctziger Verein in Jesberg","publisher":{"@id":"https:\/\/buh-jesberg.de\/#organization"},"potentialAction":[{"@type":"SearchAction","target":{"@type":"EntryPoint","urlTemplate":"https:\/\/buh-jesberg.de\/?s={search_term_string}"},"query-input":{"@type":"PropertyValueSpecification","valueRequired":true,"valueName":"search_term_string"}}],"inLanguage":"de"},{"@type":"Organization","@id":"https:\/\/buh-jesberg.de\/#organization","name":"Burg und Heimatverein Jesberg e.V.","url":"https:\/\/buh-jesberg.de\/","logo":{"@type":"ImageObject","inLanguage":"de","@id":"https:\/\/buh-jesberg.de\/#\/schema\/logo\/image\/","url":"https:\/\/buh-jesberg.de\/wp-content\/uploads\/2023\/01\/Website_Logo-e1674580236324.jpg","contentUrl":"https:\/\/buh-jesberg.de\/wp-content\/uploads\/2023\/01\/Website_Logo-e1674580236324.jpg","width":500,"height":501,"caption":"Burg und Heimatverein Jesberg e.V."},"image":{"@id":"https:\/\/buh-jesberg.de\/#\/schema\/logo\/image\/"}}]}},"_links":{"self":[{"href":"https:\/\/buh-jesberg.de\/index.php\/wp-json\/wp\/v2\/pages\/57","targetHints":{"allow":["GET"]}}],"collection":[{"href":"https:\/\/buh-jesberg.de\/index.php\/wp-json\/wp\/v2\/pages"}],"about":[{"href":"https:\/\/buh-jesberg.de\/index.php\/wp-json\/wp\/v2\/types\/page"}],"author":[{"embeddable":true,"href":"https:\/\/buh-jesberg.de\/index.php\/wp-json\/wp\/v2\/users\/2"}],"replies":[{"embeddable":true,"href":"https:\/\/buh-jesberg.de\/index.php\/wp-json\/wp\/v2\/comments?post=57"}],"version-history":[{"count":9,"href":"https:\/\/buh-jesberg.de\/index.php\/wp-json\/wp\/v2\/pages\/57\/revisions"}],"predecessor-version":[{"id":5892,"href":"https:\/\/buh-jesberg.de\/index.php\/wp-json\/wp\/v2\/pages\/57\/revisions\/5892"}],"wp:attachment":[{"href":"https:\/\/buh-jesberg.de\/index.php\/wp-json\/wp\/v2\/media?parent=57"}],"curies":[{"name":"wp","href":"https:\/\/api.w.org\/{rel}","templated":true}]}}