{"id":5876,"date":"2023-05-22T10:10:25","date_gmt":"2023-05-22T08:10:25","guid":{"rendered":"https:\/\/buh-jesberg.de\/?page_id=5876"},"modified":"2023-05-22T10:11:56","modified_gmt":"2023-05-22T08:11:56","slug":"neuere-geschichte-jesberg","status":"publish","type":"page","link":"https:\/\/buh-jesberg.de\/index.php\/neuere-geschichte-jesberg\/","title":{"rendered":"Neuere Geschichte Jesberg"},"content":{"rendered":"\t\t<div data-elementor-type=\"wp-page\" data-elementor-id=\"5876\" class=\"elementor elementor-5876\" data-elementor-post-type=\"page\">\n\t\t\t\t\t\t<section class=\"elementor-section elementor-top-section elementor-element elementor-element-4483a68 elementor-section-boxed elementor-section-height-default elementor-section-height-default\" data-id=\"4483a68\" data-element_type=\"section\" data-e-type=\"section\">\n\t\t\t\t\t\t<div class=\"elementor-container elementor-column-gap-default\">\n\t\t\t\t\t<div class=\"elementor-column elementor-col-100 elementor-top-column elementor-element elementor-element-3f24193\" data-id=\"3f24193\" data-element_type=\"column\" data-e-type=\"column\">\n\t\t\t<div class=\"elementor-widget-wrap elementor-element-populated\">\n\t\t\t\t\t\t<div class=\"elementor-element elementor-element-bf8e971 elementor-widget elementor-widget-text-editor\" data-id=\"bf8e971\" data-element_type=\"widget\" data-e-type=\"widget\" data-widget_type=\"text-editor.default\">\n\t\t\t\t<div class=\"elementor-widget-container\">\n\t\t\t\t\t\t\t\t\t<p style=\"margin-top: 0cm; background: white;\"><span style=\"font-family: Roboto; color: #7a7a7a;\">An diesem Vereinsabend dem 18. Februar 2017, soll unser bei der 775-Jahrfeier am 2. Juli 2016 begonnene Vortrag \u00fcber die Geschichte von Jesberg endlich &#8211; auch einem vielfach ge\u00e4u\u00dferten Wunsch entsprechend &#8211; fortgef\u00fchrt und beendet werden. Nachdem die alte Ortsgeschichte vorgetragen ist, soll nun auf die neuere Geschichte eingegangen werden.<\/span><\/p><p style=\"margin-top: 0cm; background: white; box-sizing: border-box; margin-bottom: 0.9rem; font-variant-ligatures: normal; font-variant-caps: normal; orphans: 2; text-align: start; widows: 2; -webkit-text-stroke-width: 0px; text-decoration-thickness: initial; text-decoration-style: initial; text-decoration-color: initial; word-spacing: 0px;\"><span style=\"font-family: Roboto; color: #7a7a7a;\">Liebe Einwohner der Gro\u00dfgemeinde, Vereinsmitglieder und historisch Interessierte!<br style=\"box-sizing: border-box;\" \/>Zun\u00e4chst: ich bitte Sie um Geduld, diesen lang geratenen, aber f\u00fcr uns wichtigen Artikel in Ruhe durchzulesen.<br style=\"box-sizing: border-box;\" \/>Unser in der 51. Woche des vergangenen Jahres an dieser Stelle f\u00fcr Samstag, den 28. Januar angek\u00fcndigte gro\u00dfe Vereinsabend muss leider verlegt werden, nun der neue Termin:\u00a0 &#8230;.\u00a0<a style=\"box-sizing: border-box; box-shadow: none;\" href=\"https:\/\/buh-jesberg.de\/wp-content\/uploads\/2023\/02\/HGV-KWB-2KW-Einladung-18-2-17.pdf\" target=\"_blank\" rel=\"noopener\"><span style=\"color: black;\">weiterlesen<\/span><\/a><\/span><\/p>\t\t\t\t\t\t\t\t<\/div>\n\t\t\t\t<\/div>\n\t\t\t\t\t<\/div>\n\t\t<\/div>\n\t\t\t\t\t<\/div>\n\t\t<\/section>\n\t\t\t\t<\/div>\n\t\t","protected":false},"excerpt":{"rendered":"<p>An diesem Vereinsabend dem 18. Februar 2017, soll unser bei der 775-Jahrfeier am 2. Juli 2016 begonnene Vortrag \u00fcber die Geschichte von Jesberg endlich &#8211; auch einem vielfach ge\u00e4u\u00dferten Wunsch [&hellip;]<\/p>\n","protected":false},"author":2,"featured_media":0,"parent":0,"menu_order":0,"comment_status":"closed","ping_status":"closed","template":"","meta":{"_monsterinsights_skip_tracking":false,"_monsterinsights_sitenote_active":false,"_monsterinsights_sitenote_note":"","_monsterinsights_sitenote_category":0,"footnotes":""},"class_list":["post-5876","page","type-page","status-publish","hentry"],"yoast_head":"<!-- This site is optimized with the Yoast SEO plugin v27.5 - https:\/\/yoast.com\/product\/yoast-seo-wordpress\/ -->\n<title>Neuere Geschichte Jesberg - Burg und Heimatverein Jesberg e.V.<\/title>\n<meta name=\"robots\" content=\"index, follow, max-snippet:-1, max-image-preview:large, max-video-preview:-1\" \/>\n<link rel=\"canonical\" href=\"https:\/\/buh-jesberg.de\/index.php\/neuere-geschichte-jesberg\/\" \/>\n<meta property=\"og:locale\" content=\"de_DE\" \/>\n<meta property=\"og:type\" content=\"article\" \/>\n<meta property=\"og:title\" content=\"Neuere Geschichte Jesberg - Burg und Heimatverein Jesberg e.V.\" \/>\n<meta property=\"og:description\" content=\"An diesem Vereinsabend dem 18. Februar 2017, soll unser bei der 775-Jahrfeier am 2. Juli 2016 begonnene Vortrag \u00fcber die Geschichte von Jesberg endlich &#8211; auch einem vielfach ge\u00e4u\u00dferten Wunsch [&hellip;]\" \/>\n<meta property=\"og:url\" content=\"https:\/\/buh-jesberg.de\/index.php\/neuere-geschichte-jesberg\/\" \/>\n<meta property=\"og:site_name\" content=\"Burg und Heimatverein Jesberg e.V.\" \/>\n<meta property=\"article:modified_time\" content=\"2023-05-22T08:11:56+00:00\" \/>\n<meta name=\"twitter:card\" content=\"summary_large_image\" \/>\n<meta name=\"twitter:label1\" content=\"Gesch\u00e4tzte Lesezeit\" \/>\n\t<meta name=\"twitter:data1\" content=\"1\u00a0Minute\" \/>\n<script type=\"application\/ld+json\" class=\"yoast-schema-graph\">{\"@context\":\"https:\\\/\\\/schema.org\",\"@graph\":[{\"@type\":\"WebPage\",\"@id\":\"https:\\\/\\\/buh-jesberg.de\\\/index.php\\\/neuere-geschichte-jesberg\\\/\",\"url\":\"https:\\\/\\\/buh-jesberg.de\\\/index.php\\\/neuere-geschichte-jesberg\\\/\",\"name\":\"Neuere Geschichte Jesberg - Burg und Heimatverein Jesberg e.V.\",\"isPartOf\":{\"@id\":\"https:\\\/\\\/buh-jesberg.de\\\/#website\"},\"datePublished\":\"2023-05-22T08:10:25+00:00\",\"dateModified\":\"2023-05-22T08:11:56+00:00\",\"breadcrumb\":{\"@id\":\"https:\\\/\\\/buh-jesberg.de\\\/index.php\\\/neuere-geschichte-jesberg\\\/#breadcrumb\"},\"inLanguage\":\"de\",\"potentialAction\":[{\"@type\":\"ReadAction\",\"target\":[\"https:\\\/\\\/buh-jesberg.de\\\/index.php\\\/neuere-geschichte-jesberg\\\/\"]}]},{\"@type\":\"BreadcrumbList\",\"@id\":\"https:\\\/\\\/buh-jesberg.de\\\/index.php\\\/neuere-geschichte-jesberg\\\/#breadcrumb\",\"itemListElement\":[{\"@type\":\"ListItem\",\"position\":1,\"name\":\"Startseite\",\"item\":\"https:\\\/\\\/buh-jesberg.de\\\/\"},{\"@type\":\"ListItem\",\"position\":2,\"name\":\"Neuere Geschichte Jesberg\"}]},{\"@type\":\"WebSite\",\"@id\":\"https:\\\/\\\/buh-jesberg.de\\\/#website\",\"url\":\"https:\\\/\\\/buh-jesberg.de\\\/\",\"name\":\"Burg und Heimatverein Jesberg e.V.\",\"description\":\"Gemeinn\u00fctziger Verein in Jesberg\",\"publisher\":{\"@id\":\"https:\\\/\\\/buh-jesberg.de\\\/#organization\"},\"potentialAction\":[{\"@type\":\"SearchAction\",\"target\":{\"@type\":\"EntryPoint\",\"urlTemplate\":\"https:\\\/\\\/buh-jesberg.de\\\/?s={search_term_string}\"},\"query-input\":{\"@type\":\"PropertyValueSpecification\",\"valueRequired\":true,\"valueName\":\"search_term_string\"}}],\"inLanguage\":\"de\"},{\"@type\":\"Organization\",\"@id\":\"https:\\\/\\\/buh-jesberg.de\\\/#organization\",\"name\":\"Burg und Heimatverein Jesberg e.V.\",\"url\":\"https:\\\/\\\/buh-jesberg.de\\\/\",\"logo\":{\"@type\":\"ImageObject\",\"inLanguage\":\"de\",\"@id\":\"https:\\\/\\\/buh-jesberg.de\\\/#\\\/schema\\\/logo\\\/image\\\/\",\"url\":\"https:\\\/\\\/buh-jesberg.de\\\/wp-content\\\/uploads\\\/2023\\\/01\\\/Website_Logo-e1674580236324.jpg\",\"contentUrl\":\"https:\\\/\\\/buh-jesberg.de\\\/wp-content\\\/uploads\\\/2023\\\/01\\\/Website_Logo-e1674580236324.jpg\",\"width\":500,\"height\":501,\"caption\":\"Burg und Heimatverein Jesberg e.V.\"},\"image\":{\"@id\":\"https:\\\/\\\/buh-jesberg.de\\\/#\\\/schema\\\/logo\\\/image\\\/\"}}]}<\/script>\n<!-- \/ Yoast SEO plugin. -->","yoast_head_json":{"title":"Neuere Geschichte Jesberg - Burg und Heimatverein Jesberg e.V.","robots":{"index":"index","follow":"follow","max-snippet":"max-snippet:-1","max-image-preview":"max-image-preview:large","max-video-preview":"max-video-preview:-1"},"canonical":"https:\/\/buh-jesberg.de\/index.php\/neuere-geschichte-jesberg\/","og_locale":"de_DE","og_type":"article","og_title":"Neuere Geschichte Jesberg - Burg und Heimatverein Jesberg e.V.","og_description":"An diesem Vereinsabend dem 18. Februar 2017, soll unser bei der 775-Jahrfeier am 2. Juli 2016 begonnene Vortrag \u00fcber die Geschichte von Jesberg endlich &#8211; auch einem vielfach ge\u00e4u\u00dferten Wunsch [&hellip;]","og_url":"https:\/\/buh-jesberg.de\/index.php\/neuere-geschichte-jesberg\/","og_site_name":"Burg und Heimatverein Jesberg e.V.","article_modified_time":"2023-05-22T08:11:56+00:00","twitter_card":"summary_large_image","twitter_misc":{"Gesch\u00e4tzte Lesezeit":"1\u00a0Minute"},"schema":{"@context":"https:\/\/schema.org","@graph":[{"@type":"WebPage","@id":"https:\/\/buh-jesberg.de\/index.php\/neuere-geschichte-jesberg\/","url":"https:\/\/buh-jesberg.de\/index.php\/neuere-geschichte-jesberg\/","name":"Neuere Geschichte Jesberg - Burg und Heimatverein Jesberg e.V.","isPartOf":{"@id":"https:\/\/buh-jesberg.de\/#website"},"datePublished":"2023-05-22T08:10:25+00:00","dateModified":"2023-05-22T08:11:56+00:00","breadcrumb":{"@id":"https:\/\/buh-jesberg.de\/index.php\/neuere-geschichte-jesberg\/#breadcrumb"},"inLanguage":"de","potentialAction":[{"@type":"ReadAction","target":["https:\/\/buh-jesberg.de\/index.php\/neuere-geschichte-jesberg\/"]}]},{"@type":"BreadcrumbList","@id":"https:\/\/buh-jesberg.de\/index.php\/neuere-geschichte-jesberg\/#breadcrumb","itemListElement":[{"@type":"ListItem","position":1,"name":"Startseite","item":"https:\/\/buh-jesberg.de\/"},{"@type":"ListItem","position":2,"name":"Neuere Geschichte Jesberg"}]},{"@type":"WebSite","@id":"https:\/\/buh-jesberg.de\/#website","url":"https:\/\/buh-jesberg.de\/","name":"Burg und Heimatverein Jesberg e.V.","description":"Gemeinn\u00fctziger Verein in Jesberg","publisher":{"@id":"https:\/\/buh-jesberg.de\/#organization"},"potentialAction":[{"@type":"SearchAction","target":{"@type":"EntryPoint","urlTemplate":"https:\/\/buh-jesberg.de\/?s={search_term_string}"},"query-input":{"@type":"PropertyValueSpecification","valueRequired":true,"valueName":"search_term_string"}}],"inLanguage":"de"},{"@type":"Organization","@id":"https:\/\/buh-jesberg.de\/#organization","name":"Burg und Heimatverein Jesberg e.V.","url":"https:\/\/buh-jesberg.de\/","logo":{"@type":"ImageObject","inLanguage":"de","@id":"https:\/\/buh-jesberg.de\/#\/schema\/logo\/image\/","url":"https:\/\/buh-jesberg.de\/wp-content\/uploads\/2023\/01\/Website_Logo-e1674580236324.jpg","contentUrl":"https:\/\/buh-jesberg.de\/wp-content\/uploads\/2023\/01\/Website_Logo-e1674580236324.jpg","width":500,"height":501,"caption":"Burg und Heimatverein Jesberg e.V."},"image":{"@id":"https:\/\/buh-jesberg.de\/#\/schema\/logo\/image\/"}}]}},"_links":{"self":[{"href":"https:\/\/buh-jesberg.de\/index.php\/wp-json\/wp\/v2\/pages\/5876","targetHints":{"allow":["GET"]}}],"collection":[{"href":"https:\/\/buh-jesberg.de\/index.php\/wp-json\/wp\/v2\/pages"}],"about":[{"href":"https:\/\/buh-jesberg.de\/index.php\/wp-json\/wp\/v2\/types\/page"}],"author":[{"embeddable":true,"href":"https:\/\/buh-jesberg.de\/index.php\/wp-json\/wp\/v2\/users\/2"}],"replies":[{"embeddable":true,"href":"https:\/\/buh-jesberg.de\/index.php\/wp-json\/wp\/v2\/comments?post=5876"}],"version-history":[{"count":4,"href":"https:\/\/buh-jesberg.de\/index.php\/wp-json\/wp\/v2\/pages\/5876\/revisions"}],"predecessor-version":[{"id":5880,"href":"https:\/\/buh-jesberg.de\/index.php\/wp-json\/wp\/v2\/pages\/5876\/revisions\/5880"}],"wp:attachment":[{"href":"https:\/\/buh-jesberg.de\/index.php\/wp-json\/wp\/v2\/media?parent=5876"}],"curies":[{"name":"wp","href":"https:\/\/api.w.org\/{rel}","templated":true}]}}