{"id":6648,"date":"2023-09-14T21:09:04","date_gmt":"2023-09-14T19:09:04","guid":{"rendered":"https:\/\/buh-jesberg.de\/?page_id=6648"},"modified":"2023-09-15T12:13:58","modified_gmt":"2023-09-15T10:13:58","slug":"burgflohmarkt-10-09-2023","status":"publish","type":"page","link":"https:\/\/buh-jesberg.de\/index.php\/burgflohmarkt-10-09-2023\/","title":{"rendered":"Burgflohmarkt 10-09-2023"},"content":{"rendered":"\t\t<div data-elementor-type=\"wp-page\" data-elementor-id=\"6648\" class=\"elementor elementor-6648\" data-elementor-post-type=\"page\">\n\t\t\t\t\t\t<section class=\"elementor-section elementor-top-section elementor-element elementor-element-2d683eb5 elementor-section-boxed elementor-section-height-default elementor-section-height-default\" data-id=\"2d683eb5\" data-element_type=\"section\" data-e-type=\"section\">\n\t\t\t\t\t\t<div class=\"elementor-container elementor-column-gap-default\">\n\t\t\t\t\t<div class=\"elementor-column elementor-col-100 elementor-top-column elementor-element elementor-element-7dc6cedf\" data-id=\"7dc6cedf\" data-element_type=\"column\" data-e-type=\"column\">\n\t\t\t<div class=\"elementor-widget-wrap elementor-element-populated\">\n\t\t\t\t\t\t<div class=\"elementor-element elementor-element-66f865e5 elementor-widget elementor-widget-text-editor\" data-id=\"66f865e5\" data-element_type=\"widget\" data-e-type=\"widget\" data-widget_type=\"text-editor.default\">\n\t\t\t\t<div class=\"elementor-widget-container\">\n\t\t\t\t\t\t\t\t\t<p>Der diesj\u00e4hrige Burgflohmarkt begann bei sehr sch\u00f6nem Wetter um 9:00 Uhr mit dem Aufbau der St\u00e4nde. Ab 10:00 Uhr konnten die Teilnehmer und Besucher sich das leckere Fr\u00fchst\u00fcck schmecken lassen. Wir hatten dazu verschieden Leckereien, wie R\u00fchrei, Schmalzbrot, R\u00e4uberbr\u00f6tchen, Pizzaschnecken und Muffins, im Angebot.<\/p><p>Gegen Mittag gab es dann Bratwurst vom Grill. Nachmittags wurden die zahlreich gespendeten\u00a0 und sehr leckeren Kuchen angeboten.<\/p><p>Bei bestem Wetter, gutem Essen und k\u00fchlen Getr\u00e4nken, hatten wir alle einen sch\u00f6nen Tag.<\/p><p>Unser Dank gilt den zahlreichen Helfern, Teilnehmern und Besuchern!<\/p><p>Wir freuen uns schon jetzt auf den n\u00e4chsten Flohmarkt, der wahrscheinlich am 08.09. 2024 stattfinden wird.<\/p><p>Ihr Burg- und Heimatverein Jesberg e.V.<\/p>\t\t\t\t\t\t\t\t<\/div>\n\t\t\t\t<\/div>\n\t\t\t\t\t<\/div>\n\t\t<\/div>\n\t\t\t\t\t<\/div>\n\t\t<\/section>\n\t\t\t\t<section class=\"elementor-section elementor-top-section elementor-element elementor-element-ee0fd24 elementor-section-boxed elementor-section-height-default elementor-section-height-default\" data-id=\"ee0fd24\" data-element_type=\"section\" data-e-type=\"section\">\n\t\t\t\t\t\t<div class=\"elementor-container elementor-column-gap-default\">\n\t\t\t\t\t<div class=\"elementor-column elementor-col-33 elementor-top-column elementor-element elementor-element-3c583a5\" data-id=\"3c583a5\" data-element_type=\"column\" data-e-type=\"column\">\n\t\t\t<div class=\"elementor-widget-wrap elementor-element-populated\">\n\t\t\t\t\t\t<div class=\"elementor-element elementor-element-3e79015 elementor-widget elementor-widget-image\" data-id=\"3e79015\" data-element_type=\"widget\" data-e-type=\"widget\" data-widget_type=\"image.default\">\n\t\t\t\t<div class=\"elementor-widget-container\">\n\t\t\t\t\t\t\t\t\t\t\t\t<figure class=\"wp-caption\">\n\t\t\t\t\t\t\t\t\t\t\t<a href=\"https:\/\/buh-jesberg.de\/index.php\/bilder-burgflohmarkt-10-09-2023\/\">\n\t\t\t\t\t\t\t<img fetchpriority=\"high\" decoding=\"async\" width=\"300\" height=\"169\" src=\"https:\/\/buh-jesberg.de\/wp-content\/uploads\/2023\/09\/2023-09-10_001-300x169.jpg\" class=\"attachment-medium size-medium wp-image-6661\" alt=\"Burgflohmarkt auf der Burg, dem Tor zum Kellerwald\" srcset=\"https:\/\/buh-jesberg.de\/wp-content\/uploads\/2023\/09\/2023-09-10_001-300x169.jpg 300w, https:\/\/buh-jesberg.de\/wp-content\/uploads\/2023\/09\/2023-09-10_001-768x432.jpg 768w, https:\/\/buh-jesberg.de\/wp-content\/uploads\/2023\/09\/2023-09-10_001-1536x864.jpg 1536w, https:\/\/buh-jesberg.de\/wp-content\/uploads\/2023\/09\/2023-09-10_001.jpg 1920w\" sizes=\"(max-width: 300px) 100vw, 300px\" \/>\t\t\t\t\t\t\t\t<\/a>\n\t\t\t\t\t\t\t\t\t\t\t<figcaption class=\"widget-image-caption wp-caption-text\">Zur Galerie<\/figcaption>\n\t\t\t\t\t\t\t\t\t\t<\/figure>\n\t\t\t\t\t\t\t\t\t<\/div>\n\t\t\t\t<\/div>\n\t\t\t\t\t<\/div>\n\t\t<\/div>\n\t\t\t\t<div class=\"elementor-column elementor-col-33 elementor-top-column elementor-element elementor-element-856e65c\" data-id=\"856e65c\" data-element_type=\"column\" data-e-type=\"column\">\n\t\t\t<div class=\"elementor-widget-wrap elementor-element-populated\">\n\t\t\t\t\t\t<div class=\"elementor-element elementor-element-1d4c5aa elementor-widget elementor-widget-image\" data-id=\"1d4c5aa\" data-element_type=\"widget\" data-e-type=\"widget\" data-widget_type=\"image.default\">\n\t\t\t\t<div class=\"elementor-widget-container\">\n\t\t\t\t\t\t\t\t\t\t\t\t<figure class=\"wp-caption\">\n\t\t\t\t\t\t\t\t\t\t\t<a href=\"https:\/\/buh-jesberg.de\/index.php\/bilder-burgflohmarkt-10-09-2023\/\">\n\t\t\t\t\t\t\t<img decoding=\"async\" width=\"300\" height=\"169\" src=\"https:\/\/buh-jesberg.de\/wp-content\/uploads\/2023\/09\/2023-09-10_002-300x169.jpg\" class=\"attachment-medium size-medium wp-image-6662\" alt=\"G\u00e4ste am Fr\u00fcchst\u00fccksbuffet\" srcset=\"https:\/\/buh-jesberg.de\/wp-content\/uploads\/2023\/09\/2023-09-10_002-300x169.jpg 300w, https:\/\/buh-jesberg.de\/wp-content\/uploads\/2023\/09\/2023-09-10_002-768x432.jpg 768w, https:\/\/buh-jesberg.de\/wp-content\/uploads\/2023\/09\/2023-09-10_002-1536x864.jpg 1536w, https:\/\/buh-jesberg.de\/wp-content\/uploads\/2023\/09\/2023-09-10_002.jpg 1920w\" sizes=\"(max-width: 300px) 100vw, 300px\" \/>\t\t\t\t\t\t\t\t<\/a>\n\t\t\t\t\t\t\t\t\t\t\t<figcaption class=\"widget-image-caption wp-caption-text\">Zur Galerie<\/figcaption>\n\t\t\t\t\t\t\t\t\t\t<\/figure>\n\t\t\t\t\t\t\t\t\t<\/div>\n\t\t\t\t<\/div>\n\t\t\t\t\t<\/div>\n\t\t<\/div>\n\t\t\t\t<div class=\"elementor-column elementor-col-33 elementor-top-column elementor-element elementor-element-f74cfa5\" data-id=\"f74cfa5\" data-element_type=\"column\" data-e-type=\"column\">\n\t\t\t<div class=\"elementor-widget-wrap elementor-element-populated\">\n\t\t\t\t\t\t<div class=\"elementor-element elementor-element-134b442 elementor-widget elementor-widget-image\" data-id=\"134b442\" data-element_type=\"widget\" data-e-type=\"widget\" data-widget_type=\"image.default\">\n\t\t\t\t<div class=\"elementor-widget-container\">\n\t\t\t\t\t\t\t\t\t\t\t\t<figure class=\"wp-caption\">\n\t\t\t\t\t\t\t\t\t\t\t<a href=\"https:\/\/buh-jesberg.de\/index.php\/bilder-burgflohmarkt-10-09-2023\/\">\n\t\t\t\t\t\t\t<img decoding=\"async\" width=\"300\" height=\"169\" src=\"https:\/\/buh-jesberg.de\/wp-content\/uploads\/2023\/09\/2023-09-10_010-300x169.jpg\" class=\"attachment-medium size-medium wp-image-6670\" alt=\"St\u00e4nde der Aussteller\" srcset=\"https:\/\/buh-jesberg.de\/wp-content\/uploads\/2023\/09\/2023-09-10_010-300x169.jpg 300w, https:\/\/buh-jesberg.de\/wp-content\/uploads\/2023\/09\/2023-09-10_010-768x432.jpg 768w, https:\/\/buh-jesberg.de\/wp-content\/uploads\/2023\/09\/2023-09-10_010-1536x864.jpg 1536w, https:\/\/buh-jesberg.de\/wp-content\/uploads\/2023\/09\/2023-09-10_010.jpg 1920w\" sizes=\"(max-width: 300px) 100vw, 300px\" \/>\t\t\t\t\t\t\t\t<\/a>\n\t\t\t\t\t\t\t\t\t\t\t<figcaption class=\"widget-image-caption wp-caption-text\">Zur Galerie<\/figcaption>\n\t\t\t\t\t\t\t\t\t\t<\/figure>\n\t\t\t\t\t\t\t\t\t<\/div>\n\t\t\t\t<\/div>\n\t\t\t\t\t<\/div>\n\t\t<\/div>\n\t\t\t\t\t<\/div>\n\t\t<\/section>\n\t\t\t\t<\/div>\n\t\t","protected":false},"excerpt":{"rendered":"<p>Der diesj\u00e4hrige Burgflohmarkt begann bei sehr sch\u00f6nem Wetter um 9:00 Uhr mit dem Aufbau der St\u00e4nde. Ab 10:00 Uhr konnten die Teilnehmer und Besucher sich das leckere Fr\u00fchst\u00fcck schmecken lassen. [&hellip;]<\/p>\n","protected":false},"author":2,"featured_media":0,"parent":0,"menu_order":0,"comment_status":"closed","ping_status":"closed","template":"","meta":{"_monsterinsights_skip_tracking":false,"_monsterinsights_sitenote_active":false,"_monsterinsights_sitenote_note":"","_monsterinsights_sitenote_category":0,"footnotes":""},"class_list":["post-6648","page","type-page","status-publish","hentry"],"yoast_head":"<!-- This site is optimized with the Yoast SEO plugin v27.5 - https:\/\/yoast.com\/product\/yoast-seo-wordpress\/ -->\n<title>Burgflohmarkt 10-09-2023 - Burg und Heimatverein Jesberg e.V.<\/title>\n<meta name=\"robots\" content=\"index, follow, max-snippet:-1, max-image-preview:large, max-video-preview:-1\" \/>\n<link rel=\"canonical\" href=\"https:\/\/buh-jesberg.de\/index.php\/burgflohmarkt-10-09-2023\/\" \/>\n<meta property=\"og:locale\" content=\"de_DE\" \/>\n<meta property=\"og:type\" content=\"article\" \/>\n<meta property=\"og:title\" content=\"Burgflohmarkt 10-09-2023 - Burg und Heimatverein Jesberg e.V.\" \/>\n<meta property=\"og:description\" content=\"Der diesj\u00e4hrige Burgflohmarkt begann bei sehr sch\u00f6nem Wetter um 9:00 Uhr mit dem Aufbau der St\u00e4nde. Ab 10:00 Uhr konnten die Teilnehmer und Besucher sich das leckere Fr\u00fchst\u00fcck schmecken lassen. [&hellip;]\" \/>\n<meta property=\"og:url\" content=\"https:\/\/buh-jesberg.de\/index.php\/burgflohmarkt-10-09-2023\/\" \/>\n<meta property=\"og:site_name\" content=\"Burg und Heimatverein Jesberg e.V.\" \/>\n<meta property=\"article:modified_time\" content=\"2023-09-15T10:13:58+00:00\" \/>\n<meta property=\"og:image\" content=\"https:\/\/buh-jesberg.de\/wp-content\/uploads\/2023\/09\/2023-09-10_001-300x169.jpg\" \/>\n<meta name=\"twitter:card\" content=\"summary_large_image\" \/>\n<meta name=\"twitter:label1\" content=\"Gesch\u00e4tzte Lesezeit\" \/>\n\t<meta name=\"twitter:data1\" content=\"2\u00a0Minuten\" \/>\n<script type=\"application\/ld+json\" class=\"yoast-schema-graph\">{\"@context\":\"https:\\\/\\\/schema.org\",\"@graph\":[{\"@type\":\"WebPage\",\"@id\":\"https:\\\/\\\/buh-jesberg.de\\\/index.php\\\/burgflohmarkt-10-09-2023\\\/\",\"url\":\"https:\\\/\\\/buh-jesberg.de\\\/index.php\\\/burgflohmarkt-10-09-2023\\\/\",\"name\":\"Burgflohmarkt 10-09-2023 - Burg und Heimatverein Jesberg e.V.\",\"isPartOf\":{\"@id\":\"https:\\\/\\\/buh-jesberg.de\\\/#website\"},\"primaryImageOfPage\":{\"@id\":\"https:\\\/\\\/buh-jesberg.de\\\/index.php\\\/burgflohmarkt-10-09-2023\\\/#primaryimage\"},\"image\":{\"@id\":\"https:\\\/\\\/buh-jesberg.de\\\/index.php\\\/burgflohmarkt-10-09-2023\\\/#primaryimage\"},\"thumbnailUrl\":\"https:\\\/\\\/buh-jesberg.de\\\/wp-content\\\/uploads\\\/2023\\\/09\\\/2023-09-10_001-300x169.jpg\",\"datePublished\":\"2023-09-14T19:09:04+00:00\",\"dateModified\":\"2023-09-15T10:13:58+00:00\",\"breadcrumb\":{\"@id\":\"https:\\\/\\\/buh-jesberg.de\\\/index.php\\\/burgflohmarkt-10-09-2023\\\/#breadcrumb\"},\"inLanguage\":\"de\",\"potentialAction\":[{\"@type\":\"ReadAction\",\"target\":[\"https:\\\/\\\/buh-jesberg.de\\\/index.php\\\/burgflohmarkt-10-09-2023\\\/\"]}]},{\"@type\":\"ImageObject\",\"inLanguage\":\"de\",\"@id\":\"https:\\\/\\\/buh-jesberg.de\\\/index.php\\\/burgflohmarkt-10-09-2023\\\/#primaryimage\",\"url\":\"https:\\\/\\\/buh-jesberg.de\\\/wp-content\\\/uploads\\\/2023\\\/09\\\/2023-09-10_001.jpg\",\"contentUrl\":\"https:\\\/\\\/buh-jesberg.de\\\/wp-content\\\/uploads\\\/2023\\\/09\\\/2023-09-10_001.jpg\",\"width\":1920,\"height\":1080,\"caption\":\"Burgflohmarkt auf der Burg, dem Tor zum Kellerwald\"},{\"@type\":\"BreadcrumbList\",\"@id\":\"https:\\\/\\\/buh-jesberg.de\\\/index.php\\\/burgflohmarkt-10-09-2023\\\/#breadcrumb\",\"itemListElement\":[{\"@type\":\"ListItem\",\"position\":1,\"name\":\"Startseite\",\"item\":\"https:\\\/\\\/buh-jesberg.de\\\/\"},{\"@type\":\"ListItem\",\"position\":2,\"name\":\"Burgflohmarkt 10-09-2023\"}]},{\"@type\":\"WebSite\",\"@id\":\"https:\\\/\\\/buh-jesberg.de\\\/#website\",\"url\":\"https:\\\/\\\/buh-jesberg.de\\\/\",\"name\":\"Burg und Heimatverein Jesberg e.V.\",\"description\":\"Gemeinn\u00fctziger Verein in Jesberg\",\"publisher\":{\"@id\":\"https:\\\/\\\/buh-jesberg.de\\\/#organization\"},\"potentialAction\":[{\"@type\":\"SearchAction\",\"target\":{\"@type\":\"EntryPoint\",\"urlTemplate\":\"https:\\\/\\\/buh-jesberg.de\\\/?s={search_term_string}\"},\"query-input\":{\"@type\":\"PropertyValueSpecification\",\"valueRequired\":true,\"valueName\":\"search_term_string\"}}],\"inLanguage\":\"de\"},{\"@type\":\"Organization\",\"@id\":\"https:\\\/\\\/buh-jesberg.de\\\/#organization\",\"name\":\"Burg und Heimatverein Jesberg e.V.\",\"url\":\"https:\\\/\\\/buh-jesberg.de\\\/\",\"logo\":{\"@type\":\"ImageObject\",\"inLanguage\":\"de\",\"@id\":\"https:\\\/\\\/buh-jesberg.de\\\/#\\\/schema\\\/logo\\\/image\\\/\",\"url\":\"https:\\\/\\\/buh-jesberg.de\\\/wp-content\\\/uploads\\\/2023\\\/01\\\/Website_Logo-e1674580236324.jpg\",\"contentUrl\":\"https:\\\/\\\/buh-jesberg.de\\\/wp-content\\\/uploads\\\/2023\\\/01\\\/Website_Logo-e1674580236324.jpg\",\"width\":500,\"height\":501,\"caption\":\"Burg und Heimatverein Jesberg e.V.\"},\"image\":{\"@id\":\"https:\\\/\\\/buh-jesberg.de\\\/#\\\/schema\\\/logo\\\/image\\\/\"}}]}<\/script>\n<!-- \/ Yoast SEO plugin. -->","yoast_head_json":{"title":"Burgflohmarkt 10-09-2023 - Burg und Heimatverein Jesberg e.V.","robots":{"index":"index","follow":"follow","max-snippet":"max-snippet:-1","max-image-preview":"max-image-preview:large","max-video-preview":"max-video-preview:-1"},"canonical":"https:\/\/buh-jesberg.de\/index.php\/burgflohmarkt-10-09-2023\/","og_locale":"de_DE","og_type":"article","og_title":"Burgflohmarkt 10-09-2023 - Burg und Heimatverein Jesberg e.V.","og_description":"Der diesj\u00e4hrige Burgflohmarkt begann bei sehr sch\u00f6nem Wetter um 9:00 Uhr mit dem Aufbau der St\u00e4nde. Ab 10:00 Uhr konnten die Teilnehmer und Besucher sich das leckere Fr\u00fchst\u00fcck schmecken lassen. [&hellip;]","og_url":"https:\/\/buh-jesberg.de\/index.php\/burgflohmarkt-10-09-2023\/","og_site_name":"Burg und Heimatverein Jesberg e.V.","article_modified_time":"2023-09-15T10:13:58+00:00","og_image":[{"url":"https:\/\/buh-jesberg.de\/wp-content\/uploads\/2023\/09\/2023-09-10_001-300x169.jpg","type":"","width":"","height":""}],"twitter_card":"summary_large_image","twitter_misc":{"Gesch\u00e4tzte Lesezeit":"2\u00a0Minuten"},"schema":{"@context":"https:\/\/schema.org","@graph":[{"@type":"WebPage","@id":"https:\/\/buh-jesberg.de\/index.php\/burgflohmarkt-10-09-2023\/","url":"https:\/\/buh-jesberg.de\/index.php\/burgflohmarkt-10-09-2023\/","name":"Burgflohmarkt 10-09-2023 - Burg und Heimatverein Jesberg e.V.","isPartOf":{"@id":"https:\/\/buh-jesberg.de\/#website"},"primaryImageOfPage":{"@id":"https:\/\/buh-jesberg.de\/index.php\/burgflohmarkt-10-09-2023\/#primaryimage"},"image":{"@id":"https:\/\/buh-jesberg.de\/index.php\/burgflohmarkt-10-09-2023\/#primaryimage"},"thumbnailUrl":"https:\/\/buh-jesberg.de\/wp-content\/uploads\/2023\/09\/2023-09-10_001-300x169.jpg","datePublished":"2023-09-14T19:09:04+00:00","dateModified":"2023-09-15T10:13:58+00:00","breadcrumb":{"@id":"https:\/\/buh-jesberg.de\/index.php\/burgflohmarkt-10-09-2023\/#breadcrumb"},"inLanguage":"de","potentialAction":[{"@type":"ReadAction","target":["https:\/\/buh-jesberg.de\/index.php\/burgflohmarkt-10-09-2023\/"]}]},{"@type":"ImageObject","inLanguage":"de","@id":"https:\/\/buh-jesberg.de\/index.php\/burgflohmarkt-10-09-2023\/#primaryimage","url":"https:\/\/buh-jesberg.de\/wp-content\/uploads\/2023\/09\/2023-09-10_001.jpg","contentUrl":"https:\/\/buh-jesberg.de\/wp-content\/uploads\/2023\/09\/2023-09-10_001.jpg","width":1920,"height":1080,"caption":"Burgflohmarkt auf der Burg, dem Tor zum Kellerwald"},{"@type":"BreadcrumbList","@id":"https:\/\/buh-jesberg.de\/index.php\/burgflohmarkt-10-09-2023\/#breadcrumb","itemListElement":[{"@type":"ListItem","position":1,"name":"Startseite","item":"https:\/\/buh-jesberg.de\/"},{"@type":"ListItem","position":2,"name":"Burgflohmarkt 10-09-2023"}]},{"@type":"WebSite","@id":"https:\/\/buh-jesberg.de\/#website","url":"https:\/\/buh-jesberg.de\/","name":"Burg und Heimatverein Jesberg e.V.","description":"Gemeinn\u00fctziger Verein in Jesberg","publisher":{"@id":"https:\/\/buh-jesberg.de\/#organization"},"potentialAction":[{"@type":"SearchAction","target":{"@type":"EntryPoint","urlTemplate":"https:\/\/buh-jesberg.de\/?s={search_term_string}"},"query-input":{"@type":"PropertyValueSpecification","valueRequired":true,"valueName":"search_term_string"}}],"inLanguage":"de"},{"@type":"Organization","@id":"https:\/\/buh-jesberg.de\/#organization","name":"Burg und Heimatverein Jesberg e.V.","url":"https:\/\/buh-jesberg.de\/","logo":{"@type":"ImageObject","inLanguage":"de","@id":"https:\/\/buh-jesberg.de\/#\/schema\/logo\/image\/","url":"https:\/\/buh-jesberg.de\/wp-content\/uploads\/2023\/01\/Website_Logo-e1674580236324.jpg","contentUrl":"https:\/\/buh-jesberg.de\/wp-content\/uploads\/2023\/01\/Website_Logo-e1674580236324.jpg","width":500,"height":501,"caption":"Burg und Heimatverein Jesberg e.V."},"image":{"@id":"https:\/\/buh-jesberg.de\/#\/schema\/logo\/image\/"}}]}},"_links":{"self":[{"href":"https:\/\/buh-jesberg.de\/index.php\/wp-json\/wp\/v2\/pages\/6648","targetHints":{"allow":["GET"]}}],"collection":[{"href":"https:\/\/buh-jesberg.de\/index.php\/wp-json\/wp\/v2\/pages"}],"about":[{"href":"https:\/\/buh-jesberg.de\/index.php\/wp-json\/wp\/v2\/types\/page"}],"author":[{"embeddable":true,"href":"https:\/\/buh-jesberg.de\/index.php\/wp-json\/wp\/v2\/users\/2"}],"replies":[{"embeddable":true,"href":"https:\/\/buh-jesberg.de\/index.php\/wp-json\/wp\/v2\/comments?post=6648"}],"version-history":[{"count":30,"href":"https:\/\/buh-jesberg.de\/index.php\/wp-json\/wp\/v2\/pages\/6648\/revisions"}],"predecessor-version":[{"id":6721,"href":"https:\/\/buh-jesberg.de\/index.php\/wp-json\/wp\/v2\/pages\/6648\/revisions\/6721"}],"wp:attachment":[{"href":"https:\/\/buh-jesberg.de\/index.php\/wp-json\/wp\/v2\/media?parent=6648"}],"curies":[{"name":"wp","href":"https:\/\/api.w.org\/{rel}","templated":true}]}}