{"id":7310,"date":"2024-02-03T11:38:59","date_gmt":"2024-02-03T10:38:59","guid":{"rendered":"https:\/\/buh-jesberg.de\/?page_id=7310"},"modified":"2024-02-03T11:52:37","modified_gmt":"2024-02-03T10:52:37","slug":"jahreshauptversammlung-18-01-2024","status":"publish","type":"page","link":"https:\/\/buh-jesberg.de\/index.php\/jahreshauptversammlung-18-01-2024\/","title":{"rendered":"Jahreshauptversammlung 18-01-2024"},"content":{"rendered":"\t\t<div data-elementor-type=\"wp-page\" data-elementor-id=\"7310\" class=\"elementor elementor-7310\" data-elementor-post-type=\"page\">\n\t\t\t\t\t\t<section class=\"elementor-section elementor-top-section elementor-element elementor-element-85f09ba elementor-section-boxed elementor-section-height-default elementor-section-height-default\" data-id=\"85f09ba\" data-element_type=\"section\" data-e-type=\"section\">\n\t\t\t\t\t\t<div class=\"elementor-container elementor-column-gap-default\">\n\t\t\t\t\t<div class=\"elementor-column elementor-col-100 elementor-top-column elementor-element elementor-element-20a2aa1\" data-id=\"20a2aa1\" data-element_type=\"column\" data-e-type=\"column\">\n\t\t\t<div class=\"elementor-widget-wrap elementor-element-populated\">\n\t\t\t\t\t\t<div class=\"elementor-element elementor-element-b0a8953 elementor-widget elementor-widget-text-editor\" data-id=\"b0a8953\" data-element_type=\"widget\" data-e-type=\"widget\" data-widget_type=\"text-editor.default\">\n\t\t\t\t<div class=\"elementor-widget-container\">\n\t\t\t\t\t\t\t\t\t<p>Jahreshauptversammlung vom 18.01.2024<\/p><p>Die Vorsitzende Susanne Bannenberg begann p\u00fcnktlich um 19:00 Uhr mit der Jahreshauptversammlung. Die Tagesordnung wurde z\u00fcgig durchgegangen. Im Verlauf der Sitzung wurde der Vorstand neu gew\u00e4hlt. Drei Vorstandmitglieder, der 2. Vorsitzende Ernst Kurzrock, die Schriftf\u00fchrerin Sandra Kurzrock und der Beisitzer Heiko Manz standen nicht mehr zur Wahl. Diese Posten wurden durch Wahlen neu besetzt. Susanne Bannenberg bedankte sich bei den ausgeschiedenen Mitgliedern f\u00fcr die geleistete Arbeit und \u00fcberreichte Geschenke. Den Verlauf der Sitzung entnehmen Sie bitte dem <a href=\"https:\/\/buh-jesberg.de\/wp-content\/uploads\/2024\/02\/Protokoll-JHV_2024.pdf\">Protokoll<\/a>.<\/p><p>Nach der Jahreshauptversammlung war noch viel Zeit f\u00fcr anregende Gespr\u00e4che.<\/p><p>Hier k\u00f6nnen Sie <a href=\"https:\/\/buh-jesberg.de\/index.php\/bilder-jhv-2024\/\">Bilder<\/a> des Abends sehen.<\/p>\t\t\t\t\t\t\t\t<\/div>\n\t\t\t\t<\/div>\n\t\t\t\t\t<\/div>\n\t\t<\/div>\n\t\t\t\t\t<\/div>\n\t\t<\/section>\n\t\t\t\t<\/div>\n\t\t","protected":false},"excerpt":{"rendered":"<p>Jahreshauptversammlung vom 18.01.2024 Die Vorsitzende Susanne Bannenberg begann p\u00fcnktlich um 19:00 Uhr mit der Jahreshauptversammlung. Die Tagesordnung wurde z\u00fcgig durchgegangen. Im Verlauf der Sitzung wurde der Vorstand neu gew\u00e4hlt. Drei [&hellip;]<\/p>\n","protected":false},"author":2,"featured_media":0,"parent":0,"menu_order":0,"comment_status":"closed","ping_status":"closed","template":"","meta":{"_monsterinsights_skip_tracking":false,"_monsterinsights_sitenote_active":false,"_monsterinsights_sitenote_note":"","_monsterinsights_sitenote_category":0,"footnotes":""},"class_list":["post-7310","page","type-page","status-publish","hentry"],"yoast_head":"<!-- This site is optimized with the Yoast SEO plugin v27.5 - https:\/\/yoast.com\/product\/yoast-seo-wordpress\/ -->\n<title>Jahreshauptversammlung 18-01-2024 - Burg und Heimatverein Jesberg e.V.<\/title>\n<meta name=\"robots\" content=\"index, follow, max-snippet:-1, max-image-preview:large, max-video-preview:-1\" \/>\n<link rel=\"canonical\" href=\"https:\/\/buh-jesberg.de\/index.php\/jahreshauptversammlung-18-01-2024\/\" \/>\n<meta property=\"og:locale\" content=\"de_DE\" \/>\n<meta property=\"og:type\" content=\"article\" \/>\n<meta property=\"og:title\" content=\"Jahreshauptversammlung 18-01-2024 - Burg und Heimatverein Jesberg e.V.\" \/>\n<meta property=\"og:description\" content=\"Jahreshauptversammlung vom 18.01.2024 Die Vorsitzende Susanne Bannenberg begann p\u00fcnktlich um 19:00 Uhr mit der Jahreshauptversammlung. Die Tagesordnung wurde z\u00fcgig durchgegangen. Im Verlauf der Sitzung wurde der Vorstand neu gew\u00e4hlt. Drei [&hellip;]\" \/>\n<meta property=\"og:url\" content=\"https:\/\/buh-jesberg.de\/index.php\/jahreshauptversammlung-18-01-2024\/\" \/>\n<meta property=\"og:site_name\" content=\"Burg und Heimatverein Jesberg e.V.\" \/>\n<meta property=\"article:modified_time\" content=\"2024-02-03T10:52:37+00:00\" \/>\n<meta name=\"twitter:card\" content=\"summary_large_image\" \/>\n<meta name=\"twitter:label1\" content=\"Gesch\u00e4tzte Lesezeit\" \/>\n\t<meta name=\"twitter:data1\" content=\"1\u00a0Minute\" \/>\n<script type=\"application\/ld+json\" class=\"yoast-schema-graph\">{\"@context\":\"https:\\\/\\\/schema.org\",\"@graph\":[{\"@type\":\"WebPage\",\"@id\":\"https:\\\/\\\/buh-jesberg.de\\\/index.php\\\/jahreshauptversammlung-18-01-2024\\\/\",\"url\":\"https:\\\/\\\/buh-jesberg.de\\\/index.php\\\/jahreshauptversammlung-18-01-2024\\\/\",\"name\":\"Jahreshauptversammlung 18-01-2024 - Burg und Heimatverein Jesberg e.V.\",\"isPartOf\":{\"@id\":\"https:\\\/\\\/buh-jesberg.de\\\/#website\"},\"datePublished\":\"2024-02-03T10:38:59+00:00\",\"dateModified\":\"2024-02-03T10:52:37+00:00\",\"breadcrumb\":{\"@id\":\"https:\\\/\\\/buh-jesberg.de\\\/index.php\\\/jahreshauptversammlung-18-01-2024\\\/#breadcrumb\"},\"inLanguage\":\"de\",\"potentialAction\":[{\"@type\":\"ReadAction\",\"target\":[\"https:\\\/\\\/buh-jesberg.de\\\/index.php\\\/jahreshauptversammlung-18-01-2024\\\/\"]}]},{\"@type\":\"BreadcrumbList\",\"@id\":\"https:\\\/\\\/buh-jesberg.de\\\/index.php\\\/jahreshauptversammlung-18-01-2024\\\/#breadcrumb\",\"itemListElement\":[{\"@type\":\"ListItem\",\"position\":1,\"name\":\"Startseite\",\"item\":\"https:\\\/\\\/buh-jesberg.de\\\/\"},{\"@type\":\"ListItem\",\"position\":2,\"name\":\"Jahreshauptversammlung 18-01-2024\"}]},{\"@type\":\"WebSite\",\"@id\":\"https:\\\/\\\/buh-jesberg.de\\\/#website\",\"url\":\"https:\\\/\\\/buh-jesberg.de\\\/\",\"name\":\"Burg und Heimatverein Jesberg e.V.\",\"description\":\"Gemeinn\u00fctziger Verein in Jesberg\",\"publisher\":{\"@id\":\"https:\\\/\\\/buh-jesberg.de\\\/#organization\"},\"potentialAction\":[{\"@type\":\"SearchAction\",\"target\":{\"@type\":\"EntryPoint\",\"urlTemplate\":\"https:\\\/\\\/buh-jesberg.de\\\/?s={search_term_string}\"},\"query-input\":{\"@type\":\"PropertyValueSpecification\",\"valueRequired\":true,\"valueName\":\"search_term_string\"}}],\"inLanguage\":\"de\"},{\"@type\":\"Organization\",\"@id\":\"https:\\\/\\\/buh-jesberg.de\\\/#organization\",\"name\":\"Burg und Heimatverein Jesberg e.V.\",\"url\":\"https:\\\/\\\/buh-jesberg.de\\\/\",\"logo\":{\"@type\":\"ImageObject\",\"inLanguage\":\"de\",\"@id\":\"https:\\\/\\\/buh-jesberg.de\\\/#\\\/schema\\\/logo\\\/image\\\/\",\"url\":\"https:\\\/\\\/buh-jesberg.de\\\/wp-content\\\/uploads\\\/2023\\\/01\\\/Website_Logo-e1674580236324.jpg\",\"contentUrl\":\"https:\\\/\\\/buh-jesberg.de\\\/wp-content\\\/uploads\\\/2023\\\/01\\\/Website_Logo-e1674580236324.jpg\",\"width\":500,\"height\":501,\"caption\":\"Burg und Heimatverein Jesberg e.V.\"},\"image\":{\"@id\":\"https:\\\/\\\/buh-jesberg.de\\\/#\\\/schema\\\/logo\\\/image\\\/\"}}]}<\/script>\n<!-- \/ Yoast SEO plugin. -->","yoast_head_json":{"title":"Jahreshauptversammlung 18-01-2024 - Burg und Heimatverein Jesberg e.V.","robots":{"index":"index","follow":"follow","max-snippet":"max-snippet:-1","max-image-preview":"max-image-preview:large","max-video-preview":"max-video-preview:-1"},"canonical":"https:\/\/buh-jesberg.de\/index.php\/jahreshauptversammlung-18-01-2024\/","og_locale":"de_DE","og_type":"article","og_title":"Jahreshauptversammlung 18-01-2024 - Burg und Heimatverein Jesberg e.V.","og_description":"Jahreshauptversammlung vom 18.01.2024 Die Vorsitzende Susanne Bannenberg begann p\u00fcnktlich um 19:00 Uhr mit der Jahreshauptversammlung. Die Tagesordnung wurde z\u00fcgig durchgegangen. Im Verlauf der Sitzung wurde der Vorstand neu gew\u00e4hlt. Drei [&hellip;]","og_url":"https:\/\/buh-jesberg.de\/index.php\/jahreshauptversammlung-18-01-2024\/","og_site_name":"Burg und Heimatverein Jesberg e.V.","article_modified_time":"2024-02-03T10:52:37+00:00","twitter_card":"summary_large_image","twitter_misc":{"Gesch\u00e4tzte Lesezeit":"1\u00a0Minute"},"schema":{"@context":"https:\/\/schema.org","@graph":[{"@type":"WebPage","@id":"https:\/\/buh-jesberg.de\/index.php\/jahreshauptversammlung-18-01-2024\/","url":"https:\/\/buh-jesberg.de\/index.php\/jahreshauptversammlung-18-01-2024\/","name":"Jahreshauptversammlung 18-01-2024 - Burg und Heimatverein Jesberg e.V.","isPartOf":{"@id":"https:\/\/buh-jesberg.de\/#website"},"datePublished":"2024-02-03T10:38:59+00:00","dateModified":"2024-02-03T10:52:37+00:00","breadcrumb":{"@id":"https:\/\/buh-jesberg.de\/index.php\/jahreshauptversammlung-18-01-2024\/#breadcrumb"},"inLanguage":"de","potentialAction":[{"@type":"ReadAction","target":["https:\/\/buh-jesberg.de\/index.php\/jahreshauptversammlung-18-01-2024\/"]}]},{"@type":"BreadcrumbList","@id":"https:\/\/buh-jesberg.de\/index.php\/jahreshauptversammlung-18-01-2024\/#breadcrumb","itemListElement":[{"@type":"ListItem","position":1,"name":"Startseite","item":"https:\/\/buh-jesberg.de\/"},{"@type":"ListItem","position":2,"name":"Jahreshauptversammlung 18-01-2024"}]},{"@type":"WebSite","@id":"https:\/\/buh-jesberg.de\/#website","url":"https:\/\/buh-jesberg.de\/","name":"Burg und Heimatverein Jesberg e.V.","description":"Gemeinn\u00fctziger Verein in Jesberg","publisher":{"@id":"https:\/\/buh-jesberg.de\/#organization"},"potentialAction":[{"@type":"SearchAction","target":{"@type":"EntryPoint","urlTemplate":"https:\/\/buh-jesberg.de\/?s={search_term_string}"},"query-input":{"@type":"PropertyValueSpecification","valueRequired":true,"valueName":"search_term_string"}}],"inLanguage":"de"},{"@type":"Organization","@id":"https:\/\/buh-jesberg.de\/#organization","name":"Burg und Heimatverein Jesberg e.V.","url":"https:\/\/buh-jesberg.de\/","logo":{"@type":"ImageObject","inLanguage":"de","@id":"https:\/\/buh-jesberg.de\/#\/schema\/logo\/image\/","url":"https:\/\/buh-jesberg.de\/wp-content\/uploads\/2023\/01\/Website_Logo-e1674580236324.jpg","contentUrl":"https:\/\/buh-jesberg.de\/wp-content\/uploads\/2023\/01\/Website_Logo-e1674580236324.jpg","width":500,"height":501,"caption":"Burg und Heimatverein Jesberg e.V."},"image":{"@id":"https:\/\/buh-jesberg.de\/#\/schema\/logo\/image\/"}}]}},"_links":{"self":[{"href":"https:\/\/buh-jesberg.de\/index.php\/wp-json\/wp\/v2\/pages\/7310","targetHints":{"allow":["GET"]}}],"collection":[{"href":"https:\/\/buh-jesberg.de\/index.php\/wp-json\/wp\/v2\/pages"}],"about":[{"href":"https:\/\/buh-jesberg.de\/index.php\/wp-json\/wp\/v2\/types\/page"}],"author":[{"embeddable":true,"href":"https:\/\/buh-jesberg.de\/index.php\/wp-json\/wp\/v2\/users\/2"}],"replies":[{"embeddable":true,"href":"https:\/\/buh-jesberg.de\/index.php\/wp-json\/wp\/v2\/comments?post=7310"}],"version-history":[{"count":6,"href":"https:\/\/buh-jesberg.de\/index.php\/wp-json\/wp\/v2\/pages\/7310\/revisions"}],"predecessor-version":[{"id":7332,"href":"https:\/\/buh-jesberg.de\/index.php\/wp-json\/wp\/v2\/pages\/7310\/revisions\/7332"}],"wp:attachment":[{"href":"https:\/\/buh-jesberg.de\/index.php\/wp-json\/wp\/v2\/media?parent=7310"}],"curies":[{"name":"wp","href":"https:\/\/api.w.org\/{rel}","templated":true}]}}