{"id":7456,"date":"2024-06-17T18:20:34","date_gmt":"2024-06-17T16:20:34","guid":{"rendered":"https:\/\/buh-jesberg.de\/?page_id=7456"},"modified":"2024-07-10T16:12:13","modified_gmt":"2024-07-10T14:12:13","slug":"sommerwanderung-16-06-2024","status":"publish","type":"page","link":"https:\/\/buh-jesberg.de\/index.php\/sommerwanderung-16-06-2024\/","title":{"rendered":"Sommerwanderung 16-06-2024"},"content":{"rendered":"\t\t<div data-elementor-type=\"wp-page\" data-elementor-id=\"7456\" class=\"elementor elementor-7456\" data-elementor-post-type=\"page\">\n\t\t\t\t\t\t<section class=\"elementor-section elementor-top-section elementor-element elementor-element-602404a elementor-section-boxed elementor-section-height-default elementor-section-height-default\" data-id=\"602404a\" data-element_type=\"section\" data-e-type=\"section\">\n\t\t\t\t\t\t<div class=\"elementor-container elementor-column-gap-default\">\n\t\t\t\t\t<div class=\"elementor-column elementor-col-100 elementor-top-column elementor-element elementor-element-cf6a826\" data-id=\"cf6a826\" data-element_type=\"column\" data-e-type=\"column\">\n\t\t\t<div class=\"elementor-widget-wrap elementor-element-populated\">\n\t\t\t\t\t\t<div class=\"elementor-element elementor-element-8eb294a elementor-widget elementor-widget-text-editor\" data-id=\"8eb294a\" data-element_type=\"widget\" data-e-type=\"widget\" data-widget_type=\"text-editor.default\">\n\t\t\t\t<div class=\"elementor-widget-container\">\n\t\t\t\t\t\t\t\t\t<p>Der Burg und Heimatverein Jesberg hatte am 16.06.2024 zur Sommerwanderung eingeladen. Alle Teilnehmenden hatten sich um 11:00 Uhr auf dem Parkplatz an der Burg getroffen. Der Vorstand begr\u00fc\u00dfte die Wandergruppe und stellte die Wandertour vor. Der Wanderweg f\u00fchrt uns zun\u00e4chst \u00fcber die Siedlung zum Potsdamer Platz. Nach ein paar Gehminuten auf dem Waldweg R\u00f6the hatten wir einen sch\u00f6nen Ausblick auf Hundshausen. Zur\u00fcck am Potsdamer Platz sind wir zum Mammutbaum gewandert. Der steht in Richtung Strang ca.300 m auf der rechten Seite.\u00a0 Von hier aus wandernten wir zum Prinzessinnengarten. Hier hat uns leider eine heftige Regenschauer \u00fcberrascht. Alle Wanderer waren aber gut ausgestattet und so konnte uns der Regen die gute Laune nicht verderben. Am Prinzessinnengarten angekommen war der Regen schon vergessen. Die Wandergruppe konnte sich die Eiche und die Nachbildung des Prinzessinnengarten anschauen.<\/p><p>Hier konnten sich die Wanderer f\u00fcr den kurzen oder langen Weg entscheiden. Alle Teilnehmer wollten die lange Strecke wandern. Der Wanderweg f\u00fchrte uns dann \u00fcber den Sommerberg, vorbei an der Sandgrube um den Moseberg zum Ziegenkopf. \u00dcber die Kanzel Stra\u00dfe und den Landsburg Weg ging es zur\u00fcck zum Prinzessinnengarten und dann \u00fcber die Eichenallee zur\u00fcck zur Burg.\u00a0<\/p><p>Hier konnte sich die Wandergruppe bei gutem Wetter frischen Kaffee und leckeren Kuchen aussuchen und genie\u00dfen.<\/p><p>Es war eine gelungene Wanderung mit vielen gleichgesinnten und gut gelaunten Personen.<\/p><p>Hier geht es zur <a href=\"https:\/\/buh-jesberg.de\/index.php\/bilder-sommerwanderung-16-06-2024\/\">Bildergalerie<\/a><\/p>\t\t\t\t\t\t\t\t<\/div>\n\t\t\t\t<\/div>\n\t\t\t\t\t<\/div>\n\t\t<\/div>\n\t\t\t\t\t<\/div>\n\t\t<\/section>\n\t\t\t\t<\/div>\n\t\t","protected":false},"excerpt":{"rendered":"<p>Der Burg und Heimatverein Jesberg hatte am 16.06.2024 zur Sommerwanderung eingeladen. Alle Teilnehmenden hatten sich um 11:00 Uhr auf dem Parkplatz an der Burg getroffen. Der Vorstand begr\u00fc\u00dfte die Wandergruppe [&hellip;]<\/p>\n","protected":false},"author":2,"featured_media":0,"parent":0,"menu_order":0,"comment_status":"closed","ping_status":"closed","template":"","meta":{"_monsterinsights_skip_tracking":false,"_monsterinsights_sitenote_active":false,"_monsterinsights_sitenote_note":"","_monsterinsights_sitenote_category":0,"footnotes":""},"class_list":["post-7456","page","type-page","status-publish","hentry"],"yoast_head":"<!-- This site is optimized with the Yoast SEO plugin v27.5 - https:\/\/yoast.com\/product\/yoast-seo-wordpress\/ -->\n<title>Sommerwanderung 16-06-2024 - Burg und Heimatverein Jesberg e.V.<\/title>\n<meta name=\"robots\" content=\"index, follow, max-snippet:-1, max-image-preview:large, max-video-preview:-1\" \/>\n<link rel=\"canonical\" href=\"https:\/\/buh-jesberg.de\/index.php\/sommerwanderung-16-06-2024\/\" \/>\n<meta property=\"og:locale\" content=\"de_DE\" \/>\n<meta property=\"og:type\" content=\"article\" \/>\n<meta property=\"og:title\" content=\"Sommerwanderung 16-06-2024 - Burg und Heimatverein Jesberg e.V.\" \/>\n<meta property=\"og:description\" content=\"Der Burg und Heimatverein Jesberg hatte am 16.06.2024 zur Sommerwanderung eingeladen. Alle Teilnehmenden hatten sich um 11:00 Uhr auf dem Parkplatz an der Burg getroffen. Der Vorstand begr\u00fc\u00dfte die Wandergruppe [&hellip;]\" \/>\n<meta property=\"og:url\" content=\"https:\/\/buh-jesberg.de\/index.php\/sommerwanderung-16-06-2024\/\" \/>\n<meta property=\"og:site_name\" content=\"Burg und Heimatverein Jesberg e.V.\" \/>\n<meta property=\"article:modified_time\" content=\"2024-07-10T14:12:13+00:00\" \/>\n<meta name=\"twitter:card\" content=\"summary_large_image\" \/>\n<meta name=\"twitter:label1\" content=\"Gesch\u00e4tzte Lesezeit\" \/>\n\t<meta name=\"twitter:data1\" content=\"2\u00a0Minuten\" \/>\n<script type=\"application\/ld+json\" class=\"yoast-schema-graph\">{\"@context\":\"https:\\\/\\\/schema.org\",\"@graph\":[{\"@type\":\"WebPage\",\"@id\":\"https:\\\/\\\/buh-jesberg.de\\\/index.php\\\/sommerwanderung-16-06-2024\\\/\",\"url\":\"https:\\\/\\\/buh-jesberg.de\\\/index.php\\\/sommerwanderung-16-06-2024\\\/\",\"name\":\"Sommerwanderung 16-06-2024 - Burg und Heimatverein Jesberg e.V.\",\"isPartOf\":{\"@id\":\"https:\\\/\\\/buh-jesberg.de\\\/#website\"},\"datePublished\":\"2024-06-17T16:20:34+00:00\",\"dateModified\":\"2024-07-10T14:12:13+00:00\",\"breadcrumb\":{\"@id\":\"https:\\\/\\\/buh-jesberg.de\\\/index.php\\\/sommerwanderung-16-06-2024\\\/#breadcrumb\"},\"inLanguage\":\"de\",\"potentialAction\":[{\"@type\":\"ReadAction\",\"target\":[\"https:\\\/\\\/buh-jesberg.de\\\/index.php\\\/sommerwanderung-16-06-2024\\\/\"]}]},{\"@type\":\"BreadcrumbList\",\"@id\":\"https:\\\/\\\/buh-jesberg.de\\\/index.php\\\/sommerwanderung-16-06-2024\\\/#breadcrumb\",\"itemListElement\":[{\"@type\":\"ListItem\",\"position\":1,\"name\":\"Startseite\",\"item\":\"https:\\\/\\\/buh-jesberg.de\\\/\"},{\"@type\":\"ListItem\",\"position\":2,\"name\":\"Sommerwanderung 16-06-2024\"}]},{\"@type\":\"WebSite\",\"@id\":\"https:\\\/\\\/buh-jesberg.de\\\/#website\",\"url\":\"https:\\\/\\\/buh-jesberg.de\\\/\",\"name\":\"Burg und Heimatverein Jesberg e.V.\",\"description\":\"Gemeinn\u00fctziger Verein in Jesberg\",\"publisher\":{\"@id\":\"https:\\\/\\\/buh-jesberg.de\\\/#organization\"},\"potentialAction\":[{\"@type\":\"SearchAction\",\"target\":{\"@type\":\"EntryPoint\",\"urlTemplate\":\"https:\\\/\\\/buh-jesberg.de\\\/?s={search_term_string}\"},\"query-input\":{\"@type\":\"PropertyValueSpecification\",\"valueRequired\":true,\"valueName\":\"search_term_string\"}}],\"inLanguage\":\"de\"},{\"@type\":\"Organization\",\"@id\":\"https:\\\/\\\/buh-jesberg.de\\\/#organization\",\"name\":\"Burg und Heimatverein Jesberg e.V.\",\"url\":\"https:\\\/\\\/buh-jesberg.de\\\/\",\"logo\":{\"@type\":\"ImageObject\",\"inLanguage\":\"de\",\"@id\":\"https:\\\/\\\/buh-jesberg.de\\\/#\\\/schema\\\/logo\\\/image\\\/\",\"url\":\"https:\\\/\\\/buh-jesberg.de\\\/wp-content\\\/uploads\\\/2023\\\/01\\\/Website_Logo-e1674580236324.jpg\",\"contentUrl\":\"https:\\\/\\\/buh-jesberg.de\\\/wp-content\\\/uploads\\\/2023\\\/01\\\/Website_Logo-e1674580236324.jpg\",\"width\":500,\"height\":501,\"caption\":\"Burg und Heimatverein Jesberg e.V.\"},\"image\":{\"@id\":\"https:\\\/\\\/buh-jesberg.de\\\/#\\\/schema\\\/logo\\\/image\\\/\"}}]}<\/script>\n<!-- \/ Yoast SEO plugin. -->","yoast_head_json":{"title":"Sommerwanderung 16-06-2024 - Burg und Heimatverein Jesberg e.V.","robots":{"index":"index","follow":"follow","max-snippet":"max-snippet:-1","max-image-preview":"max-image-preview:large","max-video-preview":"max-video-preview:-1"},"canonical":"https:\/\/buh-jesberg.de\/index.php\/sommerwanderung-16-06-2024\/","og_locale":"de_DE","og_type":"article","og_title":"Sommerwanderung 16-06-2024 - Burg und Heimatverein Jesberg e.V.","og_description":"Der Burg und Heimatverein Jesberg hatte am 16.06.2024 zur Sommerwanderung eingeladen. Alle Teilnehmenden hatten sich um 11:00 Uhr auf dem Parkplatz an der Burg getroffen. Der Vorstand begr\u00fc\u00dfte die Wandergruppe [&hellip;]","og_url":"https:\/\/buh-jesberg.de\/index.php\/sommerwanderung-16-06-2024\/","og_site_name":"Burg und Heimatverein Jesberg e.V.","article_modified_time":"2024-07-10T14:12:13+00:00","twitter_card":"summary_large_image","twitter_misc":{"Gesch\u00e4tzte Lesezeit":"2\u00a0Minuten"},"schema":{"@context":"https:\/\/schema.org","@graph":[{"@type":"WebPage","@id":"https:\/\/buh-jesberg.de\/index.php\/sommerwanderung-16-06-2024\/","url":"https:\/\/buh-jesberg.de\/index.php\/sommerwanderung-16-06-2024\/","name":"Sommerwanderung 16-06-2024 - Burg und Heimatverein Jesberg e.V.","isPartOf":{"@id":"https:\/\/buh-jesberg.de\/#website"},"datePublished":"2024-06-17T16:20:34+00:00","dateModified":"2024-07-10T14:12:13+00:00","breadcrumb":{"@id":"https:\/\/buh-jesberg.de\/index.php\/sommerwanderung-16-06-2024\/#breadcrumb"},"inLanguage":"de","potentialAction":[{"@type":"ReadAction","target":["https:\/\/buh-jesberg.de\/index.php\/sommerwanderung-16-06-2024\/"]}]},{"@type":"BreadcrumbList","@id":"https:\/\/buh-jesberg.de\/index.php\/sommerwanderung-16-06-2024\/#breadcrumb","itemListElement":[{"@type":"ListItem","position":1,"name":"Startseite","item":"https:\/\/buh-jesberg.de\/"},{"@type":"ListItem","position":2,"name":"Sommerwanderung 16-06-2024"}]},{"@type":"WebSite","@id":"https:\/\/buh-jesberg.de\/#website","url":"https:\/\/buh-jesberg.de\/","name":"Burg und Heimatverein Jesberg e.V.","description":"Gemeinn\u00fctziger Verein in Jesberg","publisher":{"@id":"https:\/\/buh-jesberg.de\/#organization"},"potentialAction":[{"@type":"SearchAction","target":{"@type":"EntryPoint","urlTemplate":"https:\/\/buh-jesberg.de\/?s={search_term_string}"},"query-input":{"@type":"PropertyValueSpecification","valueRequired":true,"valueName":"search_term_string"}}],"inLanguage":"de"},{"@type":"Organization","@id":"https:\/\/buh-jesberg.de\/#organization","name":"Burg und Heimatverein Jesberg e.V.","url":"https:\/\/buh-jesberg.de\/","logo":{"@type":"ImageObject","inLanguage":"de","@id":"https:\/\/buh-jesberg.de\/#\/schema\/logo\/image\/","url":"https:\/\/buh-jesberg.de\/wp-content\/uploads\/2023\/01\/Website_Logo-e1674580236324.jpg","contentUrl":"https:\/\/buh-jesberg.de\/wp-content\/uploads\/2023\/01\/Website_Logo-e1674580236324.jpg","width":500,"height":501,"caption":"Burg und Heimatverein Jesberg e.V."},"image":{"@id":"https:\/\/buh-jesberg.de\/#\/schema\/logo\/image\/"}}]}},"_links":{"self":[{"href":"https:\/\/buh-jesberg.de\/index.php\/wp-json\/wp\/v2\/pages\/7456","targetHints":{"allow":["GET"]}}],"collection":[{"href":"https:\/\/buh-jesberg.de\/index.php\/wp-json\/wp\/v2\/pages"}],"about":[{"href":"https:\/\/buh-jesberg.de\/index.php\/wp-json\/wp\/v2\/types\/page"}],"author":[{"embeddable":true,"href":"https:\/\/buh-jesberg.de\/index.php\/wp-json\/wp\/v2\/users\/2"}],"replies":[{"embeddable":true,"href":"https:\/\/buh-jesberg.de\/index.php\/wp-json\/wp\/v2\/comments?post=7456"}],"version-history":[{"count":8,"href":"https:\/\/buh-jesberg.de\/index.php\/wp-json\/wp\/v2\/pages\/7456\/revisions"}],"predecessor-version":[{"id":7609,"href":"https:\/\/buh-jesberg.de\/index.php\/wp-json\/wp\/v2\/pages\/7456\/revisions\/7609"}],"wp:attachment":[{"href":"https:\/\/buh-jesberg.de\/index.php\/wp-json\/wp\/v2\/media?parent=7456"}],"curies":[{"name":"wp","href":"https:\/\/api.w.org\/{rel}","templated":true}]}}