{"id":7788,"date":"2024-09-23T15:57:57","date_gmt":"2024-09-23T13:57:57","guid":{"rendered":"https:\/\/buh-jesberg.de\/?page_id=7788"},"modified":"2024-09-23T17:02:27","modified_gmt":"2024-09-23T15:02:27","slug":"fahrradtour-22-09-2024","status":"publish","type":"page","link":"https:\/\/buh-jesberg.de\/index.php\/fahrradtour-22-09-2024\/","title":{"rendered":"Fahrradtour 22-09-2024"},"content":{"rendered":"\t\t<div data-elementor-type=\"wp-page\" data-elementor-id=\"7788\" class=\"elementor elementor-7788\" data-elementor-post-type=\"page\">\n\t\t\t\t\t\t<section class=\"elementor-section elementor-top-section elementor-element elementor-element-b899b46 elementor-section-boxed elementor-section-height-default elementor-section-height-default\" data-id=\"b899b46\" data-element_type=\"section\" data-e-type=\"section\">\n\t\t\t\t\t\t<div class=\"elementor-container elementor-column-gap-default\">\n\t\t\t\t\t<div class=\"elementor-column elementor-col-100 elementor-top-column elementor-element elementor-element-b8e5f0f\" data-id=\"b8e5f0f\" data-element_type=\"column\" data-e-type=\"column\">\n\t\t\t<div class=\"elementor-widget-wrap elementor-element-populated\">\n\t\t\t\t\t\t<div class=\"elementor-element elementor-element-843df82 elementor-widget elementor-widget-text-editor\" data-id=\"843df82\" data-element_type=\"widget\" data-e-type=\"widget\" data-widget_type=\"text-editor.default\">\n\t\t\t\t<div class=\"elementor-widget-container\">\n\t\t\t\t\t\t\t\t\t<p>Am 22.09.2024 haben wir die geplante Fahrradtour durchgef\u00fchrt. Das Wetter war sehr sch\u00f6n und so konnte die Fahrradtour p\u00fcnktlich um 11:00 Uhr starten.\u00a0<\/p><p>Start- und Zielpunkt war der Schlossberg. Das n\u00e4chste Ziel war die Hohle Eiche am\u00a0 Wanderparkplatz in Elnrode-Strang. Nach einer kurzen Pause und dem Hinweis auf die Besonderheit der Eiche setzen wir die Tour fort. \u00dcber die Diebelsbornstra\u00dfe fuhren wir zum K\u00f6hlerhaus Jesberg. Nach Besichtigung des K\u00f6hlerplatzes und einer Trinkpause fuhren wir nach Sebbeterode, dann nach Gilserberg und zur\u00a0Sch\u00f6nauer Schutzh\u00fctte. Hier wurde wieder eine kleine Pause eingelegt. Auf dem Weg nach Densberg wurde noch die die Burgruine Sch\u00f6nstein besichtigt. In Densberg angekommen ging es es auf dem Radweg zur\u00fcck nach Jesberg. Am\u00a0Zielpunkt Schlossberg gab es\u00a0 Kaffee, Kuchen und andere Getr\u00e4nke.<\/p><p>Die Streckenl\u00e4nge betrug 26 km und 380 H\u00f6henmeter. Die Fahrzeit mit Pausen betrug ca. 2,5 Stunden.<\/p><p>Es war eine sehr sch\u00f6ne Tour mit tollen G\u00e4sten.<\/p><p>Hier geht es zu den <a href=\"https:\/\/buh-jesberg.de\/index.php\/bilder-fahrradtour-22-09-2024\/\">Bildern<\/a>.<\/p>\t\t\t\t\t\t\t\t<\/div>\n\t\t\t\t<\/div>\n\t\t\t\t\t<\/div>\n\t\t<\/div>\n\t\t\t\t\t<\/div>\n\t\t<\/section>\n\t\t\t\t<\/div>\n\t\t","protected":false},"excerpt":{"rendered":"<p>Am 22.09.2024 haben wir die geplante Fahrradtour durchgef\u00fchrt. Das Wetter war sehr sch\u00f6n und so konnte die Fahrradtour p\u00fcnktlich um 11:00 Uhr starten.\u00a0 Start- und Zielpunkt war der Schlossberg. Das [&hellip;]<\/p>\n","protected":false},"author":2,"featured_media":0,"parent":0,"menu_order":0,"comment_status":"closed","ping_status":"closed","template":"","meta":{"_monsterinsights_skip_tracking":false,"_monsterinsights_sitenote_active":false,"_monsterinsights_sitenote_note":"","_monsterinsights_sitenote_category":0,"footnotes":""},"class_list":["post-7788","page","type-page","status-publish","hentry"],"yoast_head":"<!-- This site is optimized with the Yoast SEO plugin v27.3 - https:\/\/yoast.com\/product\/yoast-seo-wordpress\/ -->\n<title>Fahrradtour 22-09-2024 - Burg und Heimatverein Jesberg e.V.<\/title>\n<meta name=\"robots\" content=\"index, follow, max-snippet:-1, max-image-preview:large, max-video-preview:-1\" \/>\n<link rel=\"canonical\" href=\"https:\/\/buh-jesberg.de\/index.php\/fahrradtour-22-09-2024\/\" \/>\n<meta property=\"og:locale\" content=\"de_DE\" \/>\n<meta property=\"og:type\" content=\"article\" \/>\n<meta property=\"og:title\" content=\"Fahrradtour 22-09-2024 - Burg und Heimatverein Jesberg e.V.\" \/>\n<meta property=\"og:description\" content=\"Am 22.09.2024 haben wir die geplante Fahrradtour durchgef\u00fchrt. Das Wetter war sehr sch\u00f6n und so konnte die Fahrradtour p\u00fcnktlich um 11:00 Uhr starten.\u00a0 Start- und Zielpunkt war der Schlossberg. Das [&hellip;]\" \/>\n<meta property=\"og:url\" content=\"https:\/\/buh-jesberg.de\/index.php\/fahrradtour-22-09-2024\/\" \/>\n<meta property=\"og:site_name\" content=\"Burg und Heimatverein Jesberg e.V.\" \/>\n<meta property=\"article:modified_time\" content=\"2024-09-23T15:02:27+00:00\" \/>\n<meta name=\"twitter:card\" content=\"summary_large_image\" \/>\n<meta name=\"twitter:label1\" content=\"Gesch\u00e4tzte Lesezeit\" \/>\n\t<meta name=\"twitter:data1\" content=\"1\u00a0Minute\" \/>\n<script type=\"application\/ld+json\" class=\"yoast-schema-graph\">{\"@context\":\"https:\\\/\\\/schema.org\",\"@graph\":[{\"@type\":\"WebPage\",\"@id\":\"https:\\\/\\\/buh-jesberg.de\\\/index.php\\\/fahrradtour-22-09-2024\\\/\",\"url\":\"https:\\\/\\\/buh-jesberg.de\\\/index.php\\\/fahrradtour-22-09-2024\\\/\",\"name\":\"Fahrradtour 22-09-2024 - Burg und Heimatverein Jesberg e.V.\",\"isPartOf\":{\"@id\":\"https:\\\/\\\/buh-jesberg.de\\\/#website\"},\"datePublished\":\"2024-09-23T13:57:57+00:00\",\"dateModified\":\"2024-09-23T15:02:27+00:00\",\"breadcrumb\":{\"@id\":\"https:\\\/\\\/buh-jesberg.de\\\/index.php\\\/fahrradtour-22-09-2024\\\/#breadcrumb\"},\"inLanguage\":\"de\",\"potentialAction\":[{\"@type\":\"ReadAction\",\"target\":[\"https:\\\/\\\/buh-jesberg.de\\\/index.php\\\/fahrradtour-22-09-2024\\\/\"]}]},{\"@type\":\"BreadcrumbList\",\"@id\":\"https:\\\/\\\/buh-jesberg.de\\\/index.php\\\/fahrradtour-22-09-2024\\\/#breadcrumb\",\"itemListElement\":[{\"@type\":\"ListItem\",\"position\":1,\"name\":\"Startseite\",\"item\":\"https:\\\/\\\/buh-jesberg.de\\\/\"},{\"@type\":\"ListItem\",\"position\":2,\"name\":\"Fahrradtour 22-09-2024\"}]},{\"@type\":\"WebSite\",\"@id\":\"https:\\\/\\\/buh-jesberg.de\\\/#website\",\"url\":\"https:\\\/\\\/buh-jesberg.de\\\/\",\"name\":\"Burg und Heimatverein Jesberg e.V.\",\"description\":\"Gemeinn\u00fctziger Verein in Jesberg\",\"publisher\":{\"@id\":\"https:\\\/\\\/buh-jesberg.de\\\/#organization\"},\"potentialAction\":[{\"@type\":\"SearchAction\",\"target\":{\"@type\":\"EntryPoint\",\"urlTemplate\":\"https:\\\/\\\/buh-jesberg.de\\\/?s={search_term_string}\"},\"query-input\":{\"@type\":\"PropertyValueSpecification\",\"valueRequired\":true,\"valueName\":\"search_term_string\"}}],\"inLanguage\":\"de\"},{\"@type\":\"Organization\",\"@id\":\"https:\\\/\\\/buh-jesberg.de\\\/#organization\",\"name\":\"Burg und Heimatverein Jesberg e.V.\",\"url\":\"https:\\\/\\\/buh-jesberg.de\\\/\",\"logo\":{\"@type\":\"ImageObject\",\"inLanguage\":\"de\",\"@id\":\"https:\\\/\\\/buh-jesberg.de\\\/#\\\/schema\\\/logo\\\/image\\\/\",\"url\":\"https:\\\/\\\/buh-jesberg.de\\\/wp-content\\\/uploads\\\/2023\\\/01\\\/Website_Logo-e1674580236324.jpg\",\"contentUrl\":\"https:\\\/\\\/buh-jesberg.de\\\/wp-content\\\/uploads\\\/2023\\\/01\\\/Website_Logo-e1674580236324.jpg\",\"width\":500,\"height\":501,\"caption\":\"Burg und Heimatverein Jesberg e.V.\"},\"image\":{\"@id\":\"https:\\\/\\\/buh-jesberg.de\\\/#\\\/schema\\\/logo\\\/image\\\/\"}}]}<\/script>\n<!-- \/ Yoast SEO plugin. -->","yoast_head_json":{"title":"Fahrradtour 22-09-2024 - Burg und Heimatverein Jesberg e.V.","robots":{"index":"index","follow":"follow","max-snippet":"max-snippet:-1","max-image-preview":"max-image-preview:large","max-video-preview":"max-video-preview:-1"},"canonical":"https:\/\/buh-jesberg.de\/index.php\/fahrradtour-22-09-2024\/","og_locale":"de_DE","og_type":"article","og_title":"Fahrradtour 22-09-2024 - Burg und Heimatverein Jesberg e.V.","og_description":"Am 22.09.2024 haben wir die geplante Fahrradtour durchgef\u00fchrt. Das Wetter war sehr sch\u00f6n und so konnte die Fahrradtour p\u00fcnktlich um 11:00 Uhr starten.\u00a0 Start- und Zielpunkt war der Schlossberg. Das [&hellip;]","og_url":"https:\/\/buh-jesberg.de\/index.php\/fahrradtour-22-09-2024\/","og_site_name":"Burg und Heimatverein Jesberg e.V.","article_modified_time":"2024-09-23T15:02:27+00:00","twitter_card":"summary_large_image","twitter_misc":{"Gesch\u00e4tzte Lesezeit":"1\u00a0Minute"},"schema":{"@context":"https:\/\/schema.org","@graph":[{"@type":"WebPage","@id":"https:\/\/buh-jesberg.de\/index.php\/fahrradtour-22-09-2024\/","url":"https:\/\/buh-jesberg.de\/index.php\/fahrradtour-22-09-2024\/","name":"Fahrradtour 22-09-2024 - Burg und Heimatverein Jesberg e.V.","isPartOf":{"@id":"https:\/\/buh-jesberg.de\/#website"},"datePublished":"2024-09-23T13:57:57+00:00","dateModified":"2024-09-23T15:02:27+00:00","breadcrumb":{"@id":"https:\/\/buh-jesberg.de\/index.php\/fahrradtour-22-09-2024\/#breadcrumb"},"inLanguage":"de","potentialAction":[{"@type":"ReadAction","target":["https:\/\/buh-jesberg.de\/index.php\/fahrradtour-22-09-2024\/"]}]},{"@type":"BreadcrumbList","@id":"https:\/\/buh-jesberg.de\/index.php\/fahrradtour-22-09-2024\/#breadcrumb","itemListElement":[{"@type":"ListItem","position":1,"name":"Startseite","item":"https:\/\/buh-jesberg.de\/"},{"@type":"ListItem","position":2,"name":"Fahrradtour 22-09-2024"}]},{"@type":"WebSite","@id":"https:\/\/buh-jesberg.de\/#website","url":"https:\/\/buh-jesberg.de\/","name":"Burg und Heimatverein Jesberg e.V.","description":"Gemeinn\u00fctziger Verein in Jesberg","publisher":{"@id":"https:\/\/buh-jesberg.de\/#organization"},"potentialAction":[{"@type":"SearchAction","target":{"@type":"EntryPoint","urlTemplate":"https:\/\/buh-jesberg.de\/?s={search_term_string}"},"query-input":{"@type":"PropertyValueSpecification","valueRequired":true,"valueName":"search_term_string"}}],"inLanguage":"de"},{"@type":"Organization","@id":"https:\/\/buh-jesberg.de\/#organization","name":"Burg und Heimatverein Jesberg e.V.","url":"https:\/\/buh-jesberg.de\/","logo":{"@type":"ImageObject","inLanguage":"de","@id":"https:\/\/buh-jesberg.de\/#\/schema\/logo\/image\/","url":"https:\/\/buh-jesberg.de\/wp-content\/uploads\/2023\/01\/Website_Logo-e1674580236324.jpg","contentUrl":"https:\/\/buh-jesberg.de\/wp-content\/uploads\/2023\/01\/Website_Logo-e1674580236324.jpg","width":500,"height":501,"caption":"Burg und Heimatverein Jesberg e.V."},"image":{"@id":"https:\/\/buh-jesberg.de\/#\/schema\/logo\/image\/"}}]}},"_links":{"self":[{"href":"https:\/\/buh-jesberg.de\/index.php\/wp-json\/wp\/v2\/pages\/7788","targetHints":{"allow":["GET"]}}],"collection":[{"href":"https:\/\/buh-jesberg.de\/index.php\/wp-json\/wp\/v2\/pages"}],"about":[{"href":"https:\/\/buh-jesberg.de\/index.php\/wp-json\/wp\/v2\/types\/page"}],"author":[{"embeddable":true,"href":"https:\/\/buh-jesberg.de\/index.php\/wp-json\/wp\/v2\/users\/2"}],"replies":[{"embeddable":true,"href":"https:\/\/buh-jesberg.de\/index.php\/wp-json\/wp\/v2\/comments?post=7788"}],"version-history":[{"count":9,"href":"https:\/\/buh-jesberg.de\/index.php\/wp-json\/wp\/v2\/pages\/7788\/revisions"}],"predecessor-version":[{"id":7828,"href":"https:\/\/buh-jesberg.de\/index.php\/wp-json\/wp\/v2\/pages\/7788\/revisions\/7828"}],"wp:attachment":[{"href":"https:\/\/buh-jesberg.de\/index.php\/wp-json\/wp\/v2\/media?parent=7788"}],"curies":[{"name":"wp","href":"https:\/\/api.w.org\/{rel}","templated":true}]}}