{"id":8021,"date":"2024-12-21T14:35:01","date_gmt":"2024-12-21T13:35:01","guid":{"rendered":"https:\/\/buh-jesberg.de\/?page_id=8021"},"modified":"2024-12-21T14:38:08","modified_gmt":"2024-12-21T13:38:08","slug":"weihnachtsfeier-2024","status":"publish","type":"page","link":"https:\/\/buh-jesberg.de\/index.php\/weihnachtsfeier-2024\/","title":{"rendered":"Weihnachtsfeier 2024"},"content":{"rendered":"\t\t<div data-elementor-type=\"wp-page\" data-elementor-id=\"8021\" class=\"elementor elementor-8021\" data-elementor-post-type=\"page\">\n\t\t\t\t\t\t<section class=\"elementor-section elementor-top-section elementor-element elementor-element-8eec01e elementor-section-boxed elementor-section-height-default elementor-section-height-default\" data-id=\"8eec01e\" data-element_type=\"section\" data-e-type=\"section\">\n\t\t\t\t\t\t<div class=\"elementor-container elementor-column-gap-default\">\n\t\t\t\t\t<div class=\"elementor-column elementor-col-100 elementor-top-column elementor-element elementor-element-b674a96\" data-id=\"b674a96\" data-element_type=\"column\" data-e-type=\"column\">\n\t\t\t<div class=\"elementor-widget-wrap elementor-element-populated\">\n\t\t\t\t\t\t<div class=\"elementor-element elementor-element-d52c3a4 elementor-widget elementor-widget-text-editor\" data-id=\"d52c3a4\" data-element_type=\"widget\" data-e-type=\"widget\" data-widget_type=\"text-editor.default\">\n\t\t\t\t<div class=\"elementor-widget-container\">\n\t\t\t\t\t\t\t\t\t<p>Die Weihnachtsfeier fand in der Arche statt. Die festlich dekorierten Tische sorgten f\u00fcr die weihnachtliche Stimmung.<\/p><p>Harald England begr\u00fc\u00dft p\u00fcnktlich um 19:30 Uhr alle Vereinsmitglieder und G\u00e4ste zur Weihnachtsfeier und zum Jahresabschluss.<\/p><p>Nach der Begr\u00fc\u00dfung wurde der Verlauf des Abends bekannt gegeben. Folgende Punkte wurden, immer mit kleinen Unterbrechungen \u00fcber den Abend verteilt, pr\u00e4sentiert und besprochen.<\/p><ul><li>Jahresr\u00fcckblick auf Veranstaltungen<\/li><li>Pr\u00e4sentation der Homepage<\/li><li>Termine f\u00fcr das n\u00e4chste Jahr<\/li><li>Unbekannte Bilder, wer kennt das Haus?<\/li><li>Fragen zu einer E-Mail von Herrn Markwart Lindenthal<\/li><\/ul><p>Die Begr\u00fc\u00dfung endet mit einem Weihnachtsgru\u00df an alle Anwesenden und der Er\u00f6ffnung des warmen B\u00fcfetts.<\/p><p>Es war ein gelungener Abend mit guten Gespr\u00e4chen und vielen neuen Informationen. Die Weihnachtsfeier endete um 0:15 Uhr.<\/p><p>Der Vorstand dankt allen Helfern f\u00fcr das Engagement.<\/p><p>Noch ein Hinweis f\u00fcr alle Vereinsmitglieder und Freunde des Vereins. Wir sind auf der Suche nach \u00e4lteren Bildern, die den Prinzessinnengarten und die Burg mit Veranstaltungen zeigen. Dieses Bildmaterial k\u00f6nnen Sie bei Herrn England \u2014 <a href=\"mailto:he.jesberg@outlook.de\">he.jesberg@outlook.de<\/a> \u2014 anmelden und dann einen \u00dcbergabetermin vereinbaren.<\/p><p>Viele weihnachtliche Gr\u00fc\u00dfe<\/p><p>Der Vorstand des<\/p><p>Burg- und Heimatverein Jesberg e.V.<\/p>\t\t\t\t\t\t\t\t<\/div>\n\t\t\t\t<\/div>\n\t\t\t\t\t<\/div>\n\t\t<\/div>\n\t\t\t\t\t<\/div>\n\t\t<\/section>\n\t\t\t\t<\/div>\n\t\t","protected":false},"excerpt":{"rendered":"<p>Die Weihnachtsfeier fand in der Arche statt. Die festlich dekorierten Tische sorgten f\u00fcr die weihnachtliche Stimmung. Harald England begr\u00fc\u00dft p\u00fcnktlich um 19:30 Uhr alle Vereinsmitglieder und G\u00e4ste zur Weihnachtsfeier und [&hellip;]<\/p>\n","protected":false},"author":2,"featured_media":0,"parent":0,"menu_order":0,"comment_status":"closed","ping_status":"closed","template":"","meta":{"_monsterinsights_skip_tracking":false,"_monsterinsights_sitenote_active":false,"_monsterinsights_sitenote_note":"","_monsterinsights_sitenote_category":0,"footnotes":""},"class_list":["post-8021","page","type-page","status-publish","hentry"],"yoast_head":"<!-- This site is optimized with the Yoast SEO plugin v27.5 - https:\/\/yoast.com\/product\/yoast-seo-wordpress\/ -->\n<title>Weihnachtsfeier 2024 - Burg und Heimatverein Jesberg e.V.<\/title>\n<meta name=\"robots\" content=\"index, follow, max-snippet:-1, max-image-preview:large, max-video-preview:-1\" \/>\n<link rel=\"canonical\" href=\"https:\/\/buh-jesberg.de\/index.php\/weihnachtsfeier-2024\/\" \/>\n<meta property=\"og:locale\" content=\"de_DE\" \/>\n<meta property=\"og:type\" content=\"article\" \/>\n<meta property=\"og:title\" content=\"Weihnachtsfeier 2024 - Burg und Heimatverein Jesberg e.V.\" \/>\n<meta property=\"og:description\" content=\"Die Weihnachtsfeier fand in der Arche statt. Die festlich dekorierten Tische sorgten f\u00fcr die weihnachtliche Stimmung. Harald England begr\u00fc\u00dft p\u00fcnktlich um 19:30 Uhr alle Vereinsmitglieder und G\u00e4ste zur Weihnachtsfeier und [&hellip;]\" \/>\n<meta property=\"og:url\" content=\"https:\/\/buh-jesberg.de\/index.php\/weihnachtsfeier-2024\/\" \/>\n<meta property=\"og:site_name\" content=\"Burg und Heimatverein Jesberg e.V.\" \/>\n<meta property=\"article:modified_time\" content=\"2024-12-21T13:38:08+00:00\" \/>\n<meta name=\"twitter:card\" content=\"summary_large_image\" \/>\n<meta name=\"twitter:label1\" content=\"Gesch\u00e4tzte Lesezeit\" \/>\n\t<meta name=\"twitter:data1\" content=\"1\u00a0Minute\" \/>\n<script type=\"application\/ld+json\" class=\"yoast-schema-graph\">{\"@context\":\"https:\\\/\\\/schema.org\",\"@graph\":[{\"@type\":\"WebPage\",\"@id\":\"https:\\\/\\\/buh-jesberg.de\\\/index.php\\\/weihnachtsfeier-2024\\\/\",\"url\":\"https:\\\/\\\/buh-jesberg.de\\\/index.php\\\/weihnachtsfeier-2024\\\/\",\"name\":\"Weihnachtsfeier 2024 - Burg und Heimatverein Jesberg e.V.\",\"isPartOf\":{\"@id\":\"https:\\\/\\\/buh-jesberg.de\\\/#website\"},\"datePublished\":\"2024-12-21T13:35:01+00:00\",\"dateModified\":\"2024-12-21T13:38:08+00:00\",\"breadcrumb\":{\"@id\":\"https:\\\/\\\/buh-jesberg.de\\\/index.php\\\/weihnachtsfeier-2024\\\/#breadcrumb\"},\"inLanguage\":\"de\",\"potentialAction\":[{\"@type\":\"ReadAction\",\"target\":[\"https:\\\/\\\/buh-jesberg.de\\\/index.php\\\/weihnachtsfeier-2024\\\/\"]}]},{\"@type\":\"BreadcrumbList\",\"@id\":\"https:\\\/\\\/buh-jesberg.de\\\/index.php\\\/weihnachtsfeier-2024\\\/#breadcrumb\",\"itemListElement\":[{\"@type\":\"ListItem\",\"position\":1,\"name\":\"Startseite\",\"item\":\"https:\\\/\\\/buh-jesberg.de\\\/\"},{\"@type\":\"ListItem\",\"position\":2,\"name\":\"Weihnachtsfeier 2024\"}]},{\"@type\":\"WebSite\",\"@id\":\"https:\\\/\\\/buh-jesberg.de\\\/#website\",\"url\":\"https:\\\/\\\/buh-jesberg.de\\\/\",\"name\":\"Burg und Heimatverein Jesberg e.V.\",\"description\":\"Gemeinn\u00fctziger Verein in Jesberg\",\"publisher\":{\"@id\":\"https:\\\/\\\/buh-jesberg.de\\\/#organization\"},\"potentialAction\":[{\"@type\":\"SearchAction\",\"target\":{\"@type\":\"EntryPoint\",\"urlTemplate\":\"https:\\\/\\\/buh-jesberg.de\\\/?s={search_term_string}\"},\"query-input\":{\"@type\":\"PropertyValueSpecification\",\"valueRequired\":true,\"valueName\":\"search_term_string\"}}],\"inLanguage\":\"de\"},{\"@type\":\"Organization\",\"@id\":\"https:\\\/\\\/buh-jesberg.de\\\/#organization\",\"name\":\"Burg und Heimatverein Jesberg e.V.\",\"url\":\"https:\\\/\\\/buh-jesberg.de\\\/\",\"logo\":{\"@type\":\"ImageObject\",\"inLanguage\":\"de\",\"@id\":\"https:\\\/\\\/buh-jesberg.de\\\/#\\\/schema\\\/logo\\\/image\\\/\",\"url\":\"https:\\\/\\\/buh-jesberg.de\\\/wp-content\\\/uploads\\\/2023\\\/01\\\/Website_Logo-e1674580236324.jpg\",\"contentUrl\":\"https:\\\/\\\/buh-jesberg.de\\\/wp-content\\\/uploads\\\/2023\\\/01\\\/Website_Logo-e1674580236324.jpg\",\"width\":500,\"height\":501,\"caption\":\"Burg und Heimatverein Jesberg e.V.\"},\"image\":{\"@id\":\"https:\\\/\\\/buh-jesberg.de\\\/#\\\/schema\\\/logo\\\/image\\\/\"}}]}<\/script>\n<!-- \/ Yoast SEO plugin. -->","yoast_head_json":{"title":"Weihnachtsfeier 2024 - Burg und Heimatverein Jesberg e.V.","robots":{"index":"index","follow":"follow","max-snippet":"max-snippet:-1","max-image-preview":"max-image-preview:large","max-video-preview":"max-video-preview:-1"},"canonical":"https:\/\/buh-jesberg.de\/index.php\/weihnachtsfeier-2024\/","og_locale":"de_DE","og_type":"article","og_title":"Weihnachtsfeier 2024 - Burg und Heimatverein Jesberg e.V.","og_description":"Die Weihnachtsfeier fand in der Arche statt. Die festlich dekorierten Tische sorgten f\u00fcr die weihnachtliche Stimmung. Harald England begr\u00fc\u00dft p\u00fcnktlich um 19:30 Uhr alle Vereinsmitglieder und G\u00e4ste zur Weihnachtsfeier und [&hellip;]","og_url":"https:\/\/buh-jesberg.de\/index.php\/weihnachtsfeier-2024\/","og_site_name":"Burg und Heimatverein Jesberg e.V.","article_modified_time":"2024-12-21T13:38:08+00:00","twitter_card":"summary_large_image","twitter_misc":{"Gesch\u00e4tzte Lesezeit":"1\u00a0Minute"},"schema":{"@context":"https:\/\/schema.org","@graph":[{"@type":"WebPage","@id":"https:\/\/buh-jesberg.de\/index.php\/weihnachtsfeier-2024\/","url":"https:\/\/buh-jesberg.de\/index.php\/weihnachtsfeier-2024\/","name":"Weihnachtsfeier 2024 - Burg und Heimatverein Jesberg e.V.","isPartOf":{"@id":"https:\/\/buh-jesberg.de\/#website"},"datePublished":"2024-12-21T13:35:01+00:00","dateModified":"2024-12-21T13:38:08+00:00","breadcrumb":{"@id":"https:\/\/buh-jesberg.de\/index.php\/weihnachtsfeier-2024\/#breadcrumb"},"inLanguage":"de","potentialAction":[{"@type":"ReadAction","target":["https:\/\/buh-jesberg.de\/index.php\/weihnachtsfeier-2024\/"]}]},{"@type":"BreadcrumbList","@id":"https:\/\/buh-jesberg.de\/index.php\/weihnachtsfeier-2024\/#breadcrumb","itemListElement":[{"@type":"ListItem","position":1,"name":"Startseite","item":"https:\/\/buh-jesberg.de\/"},{"@type":"ListItem","position":2,"name":"Weihnachtsfeier 2024"}]},{"@type":"WebSite","@id":"https:\/\/buh-jesberg.de\/#website","url":"https:\/\/buh-jesberg.de\/","name":"Burg und Heimatverein Jesberg e.V.","description":"Gemeinn\u00fctziger Verein in Jesberg","publisher":{"@id":"https:\/\/buh-jesberg.de\/#organization"},"potentialAction":[{"@type":"SearchAction","target":{"@type":"EntryPoint","urlTemplate":"https:\/\/buh-jesberg.de\/?s={search_term_string}"},"query-input":{"@type":"PropertyValueSpecification","valueRequired":true,"valueName":"search_term_string"}}],"inLanguage":"de"},{"@type":"Organization","@id":"https:\/\/buh-jesberg.de\/#organization","name":"Burg und Heimatverein Jesberg e.V.","url":"https:\/\/buh-jesberg.de\/","logo":{"@type":"ImageObject","inLanguage":"de","@id":"https:\/\/buh-jesberg.de\/#\/schema\/logo\/image\/","url":"https:\/\/buh-jesberg.de\/wp-content\/uploads\/2023\/01\/Website_Logo-e1674580236324.jpg","contentUrl":"https:\/\/buh-jesberg.de\/wp-content\/uploads\/2023\/01\/Website_Logo-e1674580236324.jpg","width":500,"height":501,"caption":"Burg und Heimatverein Jesberg e.V."},"image":{"@id":"https:\/\/buh-jesberg.de\/#\/schema\/logo\/image\/"}}]}},"_links":{"self":[{"href":"https:\/\/buh-jesberg.de\/index.php\/wp-json\/wp\/v2\/pages\/8021","targetHints":{"allow":["GET"]}}],"collection":[{"href":"https:\/\/buh-jesberg.de\/index.php\/wp-json\/wp\/v2\/pages"}],"about":[{"href":"https:\/\/buh-jesberg.de\/index.php\/wp-json\/wp\/v2\/types\/page"}],"author":[{"embeddable":true,"href":"https:\/\/buh-jesberg.de\/index.php\/wp-json\/wp\/v2\/users\/2"}],"replies":[{"embeddable":true,"href":"https:\/\/buh-jesberg.de\/index.php\/wp-json\/wp\/v2\/comments?post=8021"}],"version-history":[{"count":6,"href":"https:\/\/buh-jesberg.de\/index.php\/wp-json\/wp\/v2\/pages\/8021\/revisions"}],"predecessor-version":[{"id":8027,"href":"https:\/\/buh-jesberg.de\/index.php\/wp-json\/wp\/v2\/pages\/8021\/revisions\/8027"}],"wp:attachment":[{"href":"https:\/\/buh-jesberg.de\/index.php\/wp-json\/wp\/v2\/media?parent=8021"}],"curies":[{"name":"wp","href":"https:\/\/api.w.org\/{rel}","templated":true}]}}