{"id":8265,"date":"2025-05-02T11:05:29","date_gmt":"2025-05-02T09:05:29","guid":{"rendered":"https:\/\/buh-jesberg.de\/?page_id=8265"},"modified":"2025-05-02T11:29:23","modified_gmt":"2025-05-02T09:29:23","slug":"burgflohmarkt-tag-der-burgen-schloesser","status":"publish","type":"page","link":"https:\/\/buh-jesberg.de\/index.php\/burgflohmarkt-tag-der-burgen-schloesser\/","title":{"rendered":"Burgflohmarkt-Tag der Burgen &#038; Schl\u00f6sser"},"content":{"rendered":"\t\t<div data-elementor-type=\"wp-page\" data-elementor-id=\"8265\" class=\"elementor elementor-8265\" data-elementor-post-type=\"page\">\n\t\t\t\t\t\t<section class=\"elementor-section elementor-top-section elementor-element elementor-element-990a718 elementor-section-boxed elementor-section-height-default elementor-section-height-default\" data-id=\"990a718\" data-element_type=\"section\" data-e-type=\"section\">\n\t\t\t\t\t\t<div class=\"elementor-container elementor-column-gap-default\">\n\t\t\t\t\t<div class=\"elementor-column elementor-col-100 elementor-top-column elementor-element elementor-element-ad6b310\" data-id=\"ad6b310\" data-element_type=\"column\" data-e-type=\"column\">\n\t\t\t<div class=\"elementor-widget-wrap elementor-element-populated\">\n\t\t\t\t\t\t<div class=\"elementor-element elementor-element-fd9ba1d elementor-widget elementor-widget-text-editor\" data-id=\"fd9ba1d\" data-element_type=\"widget\" data-e-type=\"widget\" data-widget_type=\"text-editor.default\">\n\t\t\t\t<div class=\"elementor-widget-container\">\n\t\t\t\t\t\t\t\t\t<p><strong>Bericht: Tag der Burgen und Schl\u00f6sser in Jesberg<\/strong><\/p><p>Am Sonntag, den 27.04.2025 fand in Jesberg der j\u00e4hrliche Tag der Burgen und Schl\u00f6sser statt, der wieder zahlreiche Besucher anzog. Die Veranstaltung begann um 10:00 Uhr mit einem herzhaften Fr\u00fchst\u00fcck, bei dem belegte Br\u00f6tchen und gebackene Eier angeboten wurden. Dieses kulinarische Willkommen schuf eine gem\u00fctliche Atmosph\u00e4re und l\u00e4utete den Tag vielversprechend ein.<\/p><p>Der gut besuchte Flohmarkt war das Herzst\u00fcck der Veranstaltung, bei dem etwa 250 Personen durch die liebevoll gestalteten St\u00e4nde schlenderten. Das Angebot war vielseitig und reichte von antiken Sch\u00e4tzen \u00fcber handgefertigte Kunstwerke bis hin zu allt\u00e4glichen Gegenst\u00e4nden. F\u00fcr die Besucher war es nicht nur eine Gelegenheit, besondere Fundst\u00fccke zu entdecken, sondern auch, in entspannter Umgebung ins Gespr\u00e4ch zu kommen.<\/p><p>Zum Mittagessen wurden Bratw\u00fcrste mit frischen Br\u00f6tchen serviert, was die G\u00e4ste sichtlich genossen. Die Zeit verging wie im Flug, und gegen 15:00 Uhr begannen die Standbetreiber, ihre Auslagen abzubauen. Die Besucher verlie\u00dfen die Veranstaltung mit sehr positiver Stimmung.<\/p><p>Der Tag der Burgen und Schl\u00f6sser und der Burgflohmarkt in Jesberg war ein voller Erfolg und zeigte erneut, wie historische Schaupl\u00e4tze und gemeinschaftliches Engagement zu einem unvergesslichen Erlebnis beitragen k\u00f6nnen. Ein gro\u00dfer Dank gilt den Helfern, die diesen besonderen Tag erm\u00f6glicht haben.<\/p><p>Hier geht es zu den <a href=\"https:\/\/buh-jesberg.de\/index.php\/bilder-burgflohmarkt-2025-04-27\/\">Bildern<\/a><\/p><p>Der Vorstand<\/p><p>Burg- und Heimatverein Jesberg e.V.<\/p>\t\t\t\t\t\t\t\t<\/div>\n\t\t\t\t<\/div>\n\t\t\t\t\t<\/div>\n\t\t<\/div>\n\t\t\t\t\t<\/div>\n\t\t<\/section>\n\t\t\t\t<\/div>\n\t\t","protected":false},"excerpt":{"rendered":"<p>Bericht: Tag der Burgen und Schl\u00f6sser in Jesberg Am Sonntag, den 27.04.2025 fand in Jesberg der j\u00e4hrliche Tag der Burgen und Schl\u00f6sser statt, der wieder zahlreiche Besucher anzog. Die Veranstaltung [&hellip;]<\/p>\n","protected":false},"author":2,"featured_media":0,"parent":0,"menu_order":0,"comment_status":"closed","ping_status":"closed","template":"","meta":{"_monsterinsights_skip_tracking":false,"_monsterinsights_sitenote_active":false,"_monsterinsights_sitenote_note":"","_monsterinsights_sitenote_category":0,"footnotes":""},"class_list":["post-8265","page","type-page","status-publish","hentry"],"yoast_head":"<!-- This site is optimized with the Yoast SEO plugin v27.5 - https:\/\/yoast.com\/product\/yoast-seo-wordpress\/ -->\n<title>Burgflohmarkt-Tag der Burgen &amp; Schl\u00f6sser - Burg und Heimatverein Jesberg e.V.<\/title>\n<meta name=\"robots\" content=\"index, follow, max-snippet:-1, max-image-preview:large, max-video-preview:-1\" \/>\n<link rel=\"canonical\" href=\"https:\/\/buh-jesberg.de\/index.php\/burgflohmarkt-tag-der-burgen-schloesser\/\" \/>\n<meta property=\"og:locale\" content=\"de_DE\" \/>\n<meta property=\"og:type\" content=\"article\" \/>\n<meta property=\"og:title\" content=\"Burgflohmarkt-Tag der Burgen &amp; Schl\u00f6sser - Burg und Heimatverein Jesberg e.V.\" \/>\n<meta property=\"og:description\" content=\"Bericht: Tag der Burgen und Schl\u00f6sser in Jesberg Am Sonntag, den 27.04.2025 fand in Jesberg der j\u00e4hrliche Tag der Burgen und Schl\u00f6sser statt, der wieder zahlreiche Besucher anzog. Die Veranstaltung [&hellip;]\" \/>\n<meta property=\"og:url\" content=\"https:\/\/buh-jesberg.de\/index.php\/burgflohmarkt-tag-der-burgen-schloesser\/\" \/>\n<meta property=\"og:site_name\" content=\"Burg und Heimatverein Jesberg e.V.\" \/>\n<meta property=\"article:modified_time\" content=\"2025-05-02T09:29:23+00:00\" \/>\n<meta name=\"twitter:card\" content=\"summary_large_image\" \/>\n<meta name=\"twitter:label1\" content=\"Gesch\u00e4tzte Lesezeit\" \/>\n\t<meta name=\"twitter:data1\" content=\"2\u00a0Minuten\" \/>\n<script type=\"application\/ld+json\" class=\"yoast-schema-graph\">{\"@context\":\"https:\\\/\\\/schema.org\",\"@graph\":[{\"@type\":\"WebPage\",\"@id\":\"https:\\\/\\\/buh-jesberg.de\\\/index.php\\\/burgflohmarkt-tag-der-burgen-schloesser\\\/\",\"url\":\"https:\\\/\\\/buh-jesberg.de\\\/index.php\\\/burgflohmarkt-tag-der-burgen-schloesser\\\/\",\"name\":\"Burgflohmarkt-Tag der Burgen & Schl\u00f6sser - Burg und Heimatverein Jesberg e.V.\",\"isPartOf\":{\"@id\":\"https:\\\/\\\/buh-jesberg.de\\\/#website\"},\"datePublished\":\"2025-05-02T09:05:29+00:00\",\"dateModified\":\"2025-05-02T09:29:23+00:00\",\"breadcrumb\":{\"@id\":\"https:\\\/\\\/buh-jesberg.de\\\/index.php\\\/burgflohmarkt-tag-der-burgen-schloesser\\\/#breadcrumb\"},\"inLanguage\":\"de\",\"potentialAction\":[{\"@type\":\"ReadAction\",\"target\":[\"https:\\\/\\\/buh-jesberg.de\\\/index.php\\\/burgflohmarkt-tag-der-burgen-schloesser\\\/\"]}]},{\"@type\":\"BreadcrumbList\",\"@id\":\"https:\\\/\\\/buh-jesberg.de\\\/index.php\\\/burgflohmarkt-tag-der-burgen-schloesser\\\/#breadcrumb\",\"itemListElement\":[{\"@type\":\"ListItem\",\"position\":1,\"name\":\"Startseite\",\"item\":\"https:\\\/\\\/buh-jesberg.de\\\/\"},{\"@type\":\"ListItem\",\"position\":2,\"name\":\"Burgflohmarkt-Tag der Burgen &#038; Schl\u00f6sser\"}]},{\"@type\":\"WebSite\",\"@id\":\"https:\\\/\\\/buh-jesberg.de\\\/#website\",\"url\":\"https:\\\/\\\/buh-jesberg.de\\\/\",\"name\":\"Burg und Heimatverein Jesberg e.V.\",\"description\":\"Gemeinn\u00fctziger Verein in Jesberg\",\"publisher\":{\"@id\":\"https:\\\/\\\/buh-jesberg.de\\\/#organization\"},\"potentialAction\":[{\"@type\":\"SearchAction\",\"target\":{\"@type\":\"EntryPoint\",\"urlTemplate\":\"https:\\\/\\\/buh-jesberg.de\\\/?s={search_term_string}\"},\"query-input\":{\"@type\":\"PropertyValueSpecification\",\"valueRequired\":true,\"valueName\":\"search_term_string\"}}],\"inLanguage\":\"de\"},{\"@type\":\"Organization\",\"@id\":\"https:\\\/\\\/buh-jesberg.de\\\/#organization\",\"name\":\"Burg und Heimatverein Jesberg e.V.\",\"url\":\"https:\\\/\\\/buh-jesberg.de\\\/\",\"logo\":{\"@type\":\"ImageObject\",\"inLanguage\":\"de\",\"@id\":\"https:\\\/\\\/buh-jesberg.de\\\/#\\\/schema\\\/logo\\\/image\\\/\",\"url\":\"https:\\\/\\\/buh-jesberg.de\\\/wp-content\\\/uploads\\\/2023\\\/01\\\/Website_Logo-e1674580236324.jpg\",\"contentUrl\":\"https:\\\/\\\/buh-jesberg.de\\\/wp-content\\\/uploads\\\/2023\\\/01\\\/Website_Logo-e1674580236324.jpg\",\"width\":500,\"height\":501,\"caption\":\"Burg und Heimatverein Jesberg e.V.\"},\"image\":{\"@id\":\"https:\\\/\\\/buh-jesberg.de\\\/#\\\/schema\\\/logo\\\/image\\\/\"}}]}<\/script>\n<!-- \/ Yoast SEO plugin. -->","yoast_head_json":{"title":"Burgflohmarkt-Tag der Burgen & Schl\u00f6sser - Burg und Heimatverein Jesberg e.V.","robots":{"index":"index","follow":"follow","max-snippet":"max-snippet:-1","max-image-preview":"max-image-preview:large","max-video-preview":"max-video-preview:-1"},"canonical":"https:\/\/buh-jesberg.de\/index.php\/burgflohmarkt-tag-der-burgen-schloesser\/","og_locale":"de_DE","og_type":"article","og_title":"Burgflohmarkt-Tag der Burgen & Schl\u00f6sser - Burg und Heimatverein Jesberg e.V.","og_description":"Bericht: Tag der Burgen und Schl\u00f6sser in Jesberg Am Sonntag, den 27.04.2025 fand in Jesberg der j\u00e4hrliche Tag der Burgen und Schl\u00f6sser statt, der wieder zahlreiche Besucher anzog. Die Veranstaltung [&hellip;]","og_url":"https:\/\/buh-jesberg.de\/index.php\/burgflohmarkt-tag-der-burgen-schloesser\/","og_site_name":"Burg und Heimatverein Jesberg e.V.","article_modified_time":"2025-05-02T09:29:23+00:00","twitter_card":"summary_large_image","twitter_misc":{"Gesch\u00e4tzte Lesezeit":"2\u00a0Minuten"},"schema":{"@context":"https:\/\/schema.org","@graph":[{"@type":"WebPage","@id":"https:\/\/buh-jesberg.de\/index.php\/burgflohmarkt-tag-der-burgen-schloesser\/","url":"https:\/\/buh-jesberg.de\/index.php\/burgflohmarkt-tag-der-burgen-schloesser\/","name":"Burgflohmarkt-Tag der Burgen & Schl\u00f6sser - Burg und Heimatverein Jesberg e.V.","isPartOf":{"@id":"https:\/\/buh-jesberg.de\/#website"},"datePublished":"2025-05-02T09:05:29+00:00","dateModified":"2025-05-02T09:29:23+00:00","breadcrumb":{"@id":"https:\/\/buh-jesberg.de\/index.php\/burgflohmarkt-tag-der-burgen-schloesser\/#breadcrumb"},"inLanguage":"de","potentialAction":[{"@type":"ReadAction","target":["https:\/\/buh-jesberg.de\/index.php\/burgflohmarkt-tag-der-burgen-schloesser\/"]}]},{"@type":"BreadcrumbList","@id":"https:\/\/buh-jesberg.de\/index.php\/burgflohmarkt-tag-der-burgen-schloesser\/#breadcrumb","itemListElement":[{"@type":"ListItem","position":1,"name":"Startseite","item":"https:\/\/buh-jesberg.de\/"},{"@type":"ListItem","position":2,"name":"Burgflohmarkt-Tag der Burgen &#038; Schl\u00f6sser"}]},{"@type":"WebSite","@id":"https:\/\/buh-jesberg.de\/#website","url":"https:\/\/buh-jesberg.de\/","name":"Burg und Heimatverein Jesberg e.V.","description":"Gemeinn\u00fctziger Verein in Jesberg","publisher":{"@id":"https:\/\/buh-jesberg.de\/#organization"},"potentialAction":[{"@type":"SearchAction","target":{"@type":"EntryPoint","urlTemplate":"https:\/\/buh-jesberg.de\/?s={search_term_string}"},"query-input":{"@type":"PropertyValueSpecification","valueRequired":true,"valueName":"search_term_string"}}],"inLanguage":"de"},{"@type":"Organization","@id":"https:\/\/buh-jesberg.de\/#organization","name":"Burg und Heimatverein Jesberg e.V.","url":"https:\/\/buh-jesberg.de\/","logo":{"@type":"ImageObject","inLanguage":"de","@id":"https:\/\/buh-jesberg.de\/#\/schema\/logo\/image\/","url":"https:\/\/buh-jesberg.de\/wp-content\/uploads\/2023\/01\/Website_Logo-e1674580236324.jpg","contentUrl":"https:\/\/buh-jesberg.de\/wp-content\/uploads\/2023\/01\/Website_Logo-e1674580236324.jpg","width":500,"height":501,"caption":"Burg und Heimatverein Jesberg e.V."},"image":{"@id":"https:\/\/buh-jesberg.de\/#\/schema\/logo\/image\/"}}]}},"_links":{"self":[{"href":"https:\/\/buh-jesberg.de\/index.php\/wp-json\/wp\/v2\/pages\/8265","targetHints":{"allow":["GET"]}}],"collection":[{"href":"https:\/\/buh-jesberg.de\/index.php\/wp-json\/wp\/v2\/pages"}],"about":[{"href":"https:\/\/buh-jesberg.de\/index.php\/wp-json\/wp\/v2\/types\/page"}],"author":[{"embeddable":true,"href":"https:\/\/buh-jesberg.de\/index.php\/wp-json\/wp\/v2\/users\/2"}],"replies":[{"embeddable":true,"href":"https:\/\/buh-jesberg.de\/index.php\/wp-json\/wp\/v2\/comments?post=8265"}],"version-history":[{"count":9,"href":"https:\/\/buh-jesberg.de\/index.php\/wp-json\/wp\/v2\/pages\/8265\/revisions"}],"predecessor-version":[{"id":8282,"href":"https:\/\/buh-jesberg.de\/index.php\/wp-json\/wp\/v2\/pages\/8265\/revisions\/8282"}],"wp:attachment":[{"href":"https:\/\/buh-jesberg.de\/index.php\/wp-json\/wp\/v2\/media?parent=8265"}],"curies":[{"name":"wp","href":"https:\/\/api.w.org\/{rel}","templated":true}]}}