{"id":83,"date":"2013-05-01T15:37:34","date_gmt":"2013-05-01T13:37:34","guid":{"rendered":"http:\/\/hgv-jesberg.de\/?page_id=83"},"modified":"2023-05-21T19:25:42","modified_gmt":"2023-05-21T17:25:42","slug":"maximilianschloss","status":"publish","type":"page","link":"https:\/\/buh-jesberg.de\/index.php\/museen\/maximilianschloss\/","title":{"rendered":"Maximilianschloss"},"content":{"rendered":"\t\t<div data-elementor-type=\"wp-page\" data-elementor-id=\"83\" class=\"elementor elementor-83\" data-elementor-post-type=\"page\">\n\t\t\t\t\t\t<section class=\"elementor-section elementor-top-section elementor-element elementor-element-45e616e3 elementor-section-boxed elementor-section-height-default elementor-section-height-default\" data-id=\"45e616e3\" data-element_type=\"section\" data-e-type=\"section\">\n\t\t\t\t\t\t<div class=\"elementor-container elementor-column-gap-default\">\n\t\t\t\t\t<div class=\"elementor-column elementor-col-100 elementor-top-column elementor-element elementor-element-6e4cd311\" data-id=\"6e4cd311\" data-element_type=\"column\" data-e-type=\"column\">\n\t\t\t<div class=\"elementor-widget-wrap elementor-element-populated\">\n\t\t\t\t\t\t<div class=\"elementor-element elementor-element-6f1f8b2d elementor-widget elementor-widget-text-editor\" data-id=\"6f1f8b2d\" data-element_type=\"widget\" data-e-type=\"widget\" data-widget_type=\"text-editor.default\">\n\t\t\t\t<div class=\"elementor-widget-container\">\n\t\t\t\t\t\t\t\t\t<p>Das Maximilianschloss zu Jesberg<\/p><p>Zu den geschichtstr\u00e4chtigsten Geb\u00e4uden in Jesberg geh\u00f6rt das vom Prinzen <em>Maximilian von Hessen<\/em> im Jahre 1723 im Treisbachgrund am Fu\u00df des Burgbergs erbaute Schloss. Maximilian (1689-1753) war der dritte Sohn des Landgrafen Karl von Hessen-Kassel. Er erhielt die Jesberger G\u00fcter von seinem Vater zu Lehen, dem diese 1721 nach dem Tod des letzten Mitgliedes der hessichen Linie des Geschlechts derer von Linsingen \u2013\u00a0Ludwig Eitel von Linsingen\u00a0\u2013\u00a0 heimgefallen waren.<br \/>Maximilian hatte dieses Erbe, zu dem er noch drei Viertel hinzu gekauft hatte, bis zu seinem Tod im Jahre 1753 inne. Nachdem er sich im Jahre 1720 mit Prinzessin Friederike Charlotte, der Tochter des Landgrafen Ernst Ludwig von Hessen Darmstadt verm\u00e4hlt hatte, die ihm 4 T\u00f6chter schenkte, lebte er noch 30 Jahre mit seiner Familie auf seinem Sommersitz in Jesberg.<br \/>Das Schloss ist ein schlichter Hauptbau mit einem Mansarddach. Die Mittelachsen sind hofseitig \u00fcberh\u00f6ht und von einem Rundgiebel bekr\u00f6nt. Auf der Gartenseite springt der Bau an drei Seiten hervor und tr\u00e4gt einen Balkon. Er ist den Kasseler Palaisbauten des fr\u00fchen 18. Jahrhunderts verwandt.<br \/>Au\u00dfer dem Hauptbau gab es noch zwei Nebengeb\u00e4ude, die den Hof seitlich flankierten. Seitlich an den Schlossgarten schloss sich ein Lustgarten im holl\u00e4ndischen Stil an, der mit einem Tiergarten endete. Auf dem Gel\u00e4nde des Lustgartens befindet sich heute das Seniorenzentrum Kellerwald.<br \/>Das Schl\u00f6sschen Maximilian blickt auf eine wechselvolle Geschichte zur\u00fcck. Es diente als Kriegsgefangenenlager, Kaserne, Zellentrakt, Amtsgericht, Altenheim, Mietwohnungshaus und Asylbewerberheim. Ein Raum wurde zeitweise von der katholischen Kirchengemeinde als Gottesdienstraum genutzt.<br \/>Sp\u00e4ter stand das unter Denkmalschutz stehende Geb\u00e4ude leer und drohte in seiner Bausubstanz zu verfallen. Um dies zu verhindern, haben der Schwalm-Eder-Kreis und die Gemeinde Jesberg intensiv nach einer Nutzungsm\u00f6glichkeit gesucht. F\u00fcr den symbolischen Preis von einem Euro konnte das Geb\u00e4ude an das Deutsche Rote Kreuz, welches das benachbarte Seniorenzentrum betreibt, mit der Bedingung einer grundlegenden Sanierung verkauft werden. Im Jahr 2006 wurde das Schloss zu einer Begegnungsst\u00e4tte f\u00fcr Jung und Alt umbaut.<br \/>Im Erdgeschoss befinden sich die Gemeindeb\u00fccherei, eine K\u00fcche, ein gro\u00dfer Versammlungsraum, der aufgrund seiner technischen Ausstattung auch zu Tagungszwecken genutzt werden kann, eine behindertengerechte Toilettenanlage sowie verschiedene Arbeits- und Abstellr\u00e4ume. In den beiden oberen Etagen sind 6 Seniorenwohnungen f\u00fcr betreutes Wohnen eingerichtet worden, die bequem mit einem Fahrstuhl erreichbar sind. Alle Wohnungen sind inzwischen vermietet. Durch die zentrale Lage des Schl\u00f6sschens haben die Bewohner alle Einkaufsm\u00f6glichkeiten in unmittelbarer N\u00e4he.<\/p><p>\u00a0<\/p><p>\u00a0<\/p>\t\t\t\t\t\t\t\t<\/div>\n\t\t\t\t<\/div>\n\t\t\t\t\t<\/div>\n\t\t<\/div>\n\t\t\t\t\t<\/div>\n\t\t<\/section>\n\t\t\t\t<section class=\"elementor-section elementor-top-section elementor-element elementor-element-66c7de0 elementor-section-boxed elementor-section-height-default elementor-section-height-default\" data-id=\"66c7de0\" data-element_type=\"section\" data-e-type=\"section\">\n\t\t\t\t\t\t<div class=\"elementor-container elementor-column-gap-default\">\n\t\t\t\t\t<div class=\"elementor-column elementor-col-100 elementor-top-column elementor-element elementor-element-9ddd81b\" data-id=\"9ddd81b\" data-element_type=\"column\" data-e-type=\"column\">\n\t\t\t<div class=\"elementor-widget-wrap elementor-element-populated\">\n\t\t\t\t\t\t<div class=\"elementor-element elementor-element-b5a4553 elementor-widget__width-auto elementor-widget elementor-widget-image-gallery\" data-id=\"b5a4553\" data-element_type=\"widget\" data-e-type=\"widget\" data-widget_type=\"image-gallery.default\">\n\t\t\t\t<div class=\"elementor-widget-container\">\n\t\t\t\t\t\t\t<div class=\"elementor-image-gallery\">\n\t\t\t\t\t<\/div>\n\t\t\t\t\t\t<\/div>\n\t\t\t\t<\/div>\n\t\t\t\t\t<\/div>\n\t\t<\/div>\n\t\t\t\t\t<\/div>\n\t\t<\/section>\n\t\t\t\t<section class=\"elementor-section elementor-top-section elementor-element elementor-element-e00f719 elementor-section-boxed elementor-section-height-default elementor-section-height-default\" data-id=\"e00f719\" data-element_type=\"section\" data-e-type=\"section\">\n\t\t\t\t\t\t<div class=\"elementor-container elementor-column-gap-default\">\n\t\t\t\t\t<div class=\"elementor-column elementor-col-100 elementor-top-column elementor-element elementor-element-757e3e8\" data-id=\"757e3e8\" data-element_type=\"column\" data-e-type=\"column\">\n\t\t\t<div class=\"elementor-widget-wrap elementor-element-populated\">\n\t\t\t\t\t\t<div class=\"elementor-element elementor-element-6bf5a5d elementor-widget elementor-widget-gallery\" data-id=\"6bf5a5d\" data-element_type=\"widget\" data-e-type=\"widget\" data-settings=\"{&quot;columns&quot;:5,&quot;aspect_ratio&quot;:&quot;16:9&quot;,&quot;overlay_description&quot;:&quot;description&quot;,&quot;gallery_layout&quot;:&quot;grid&quot;,&quot;columns_tablet&quot;:2,&quot;columns_mobile&quot;:1,&quot;gap&quot;:{&quot;unit&quot;:&quot;px&quot;,&quot;size&quot;:10,&quot;sizes&quot;:[]},&quot;gap_tablet&quot;:{&quot;unit&quot;:&quot;px&quot;,&quot;size&quot;:10,&quot;sizes&quot;:[]},&quot;gap_mobile&quot;:{&quot;unit&quot;:&quot;px&quot;,&quot;size&quot;:10,&quot;sizes&quot;:[]},&quot;link_to&quot;:&quot;file&quot;,&quot;overlay_background&quot;:&quot;yes&quot;,&quot;content_hover_animation&quot;:&quot;fade-in&quot;}\" data-widget_type=\"gallery.default\">\n\t\t\t\t<div class=\"elementor-widget-container\">\n\t\t\t\t\t\t\t<div class=\"elementor-gallery__container\">\n\t\t\t\t\t\t\t<a class=\"e-gallery-item elementor-gallery-item elementor-animated-content\" href=\"https:\/\/buh-jesberg.de\/wp-content\/uploads\/2023\/01\/s1.png\" data-elementor-open-lightbox=\"yes\" data-elementor-lightbox-slideshow=\"6bf5a5d\" data-elementor-lightbox-title=\"s1\" data-elementor-lightbox-description=\"Schloss Jesberg\" data-e-action-hash=\"#elementor-action%3Aaction%3Dlightbox%26settings%3DeyJpZCI6NDI2NywidXJsIjoiaHR0cHM6XC9cL2J1aC1qZXNiZXJnLmRlXC93cC1jb250ZW50XC91cGxvYWRzXC8yMDIzXC8wMVwvczEucG5nIiwic2xpZGVzaG93IjoiNmJmNWE1ZCJ9\">\n\t\t\t\t\t<div class=\"e-gallery-image elementor-gallery-item__image\" data-thumbnail=\"https:\/\/buh-jesberg.de\/wp-content\/uploads\/2023\/01\/s1-300x169.png\" data-width=\"300\" data-height=\"169\" aria-label=\"Schloss Jesberg\" role=\"img\" ><\/div>\n\t\t\t\t\t\t\t\t\t\t\t<div class=\"elementor-gallery-item__overlay\"><\/div>\n\t\t\t\t\t\t\t\t\t\t\t\t\t\t\t<div class=\"elementor-gallery-item__content\">\n\t\t\t\t\t\t\t\t\t\t\t\t\t\t<div class=\"elementor-gallery-item__description\">\n\t\t\t\t\t\t\t\t\t\t\t\t\t\t\t\t\t\tSchloss Jesberg\t\t\t\t\t\t\t\t<\/div>\n\t\t\t\t\t\t\t\t\t\t\t\t<\/div>\n\t\t\t\t\t\t\t\t\t<\/a>\n\t\t\t\t\t\t\t<a class=\"e-gallery-item elementor-gallery-item elementor-animated-content\" href=\"https:\/\/buh-jesberg.de\/wp-content\/uploads\/2023\/01\/s2.png\" data-elementor-open-lightbox=\"yes\" data-elementor-lightbox-slideshow=\"6bf5a5d\" data-elementor-lightbox-title=\"s2\" data-elementor-lightbox-description=\"Schloss Jesberg\" data-e-action-hash=\"#elementor-action%3Aaction%3Dlightbox%26settings%3DeyJpZCI6NDI2OCwidXJsIjoiaHR0cHM6XC9cL2J1aC1qZXNiZXJnLmRlXC93cC1jb250ZW50XC91cGxvYWRzXC8yMDIzXC8wMVwvczIucG5nIiwic2xpZGVzaG93IjoiNmJmNWE1ZCJ9\">\n\t\t\t\t\t<div class=\"e-gallery-image elementor-gallery-item__image\" data-thumbnail=\"https:\/\/buh-jesberg.de\/wp-content\/uploads\/2023\/01\/s2-300x169.png\" data-width=\"300\" data-height=\"169\" aria-label=\"Schloss Jesberg\" role=\"img\" ><\/div>\n\t\t\t\t\t\t\t\t\t\t\t<div class=\"elementor-gallery-item__overlay\"><\/div>\n\t\t\t\t\t\t\t\t\t\t\t\t\t\t\t<div class=\"elementor-gallery-item__content\">\n\t\t\t\t\t\t\t\t\t\t\t\t\t\t<div class=\"elementor-gallery-item__description\">\n\t\t\t\t\t\t\t\t\t\t\t\t\t\t\t\t\t\tSchloss Jesberg\t\t\t\t\t\t\t\t<\/div>\n\t\t\t\t\t\t\t\t\t\t\t\t<\/div>\n\t\t\t\t\t\t\t\t\t<\/a>\n\t\t\t\t\t\t\t<a class=\"e-gallery-item elementor-gallery-item elementor-animated-content\" href=\"https:\/\/buh-jesberg.de\/wp-content\/uploads\/2023\/01\/s3.png\" data-elementor-open-lightbox=\"yes\" data-elementor-lightbox-slideshow=\"6bf5a5d\" data-elementor-lightbox-title=\"s3\" data-elementor-lightbox-description=\"Schloss Jesberg\" data-e-action-hash=\"#elementor-action%3Aaction%3Dlightbox%26settings%3DeyJpZCI6NDI2OSwidXJsIjoiaHR0cHM6XC9cL2J1aC1qZXNiZXJnLmRlXC93cC1jb250ZW50XC91cGxvYWRzXC8yMDIzXC8wMVwvczMucG5nIiwic2xpZGVzaG93IjoiNmJmNWE1ZCJ9\">\n\t\t\t\t\t<div class=\"e-gallery-image elementor-gallery-item__image\" data-thumbnail=\"https:\/\/buh-jesberg.de\/wp-content\/uploads\/2023\/01\/s3-300x169.png\" data-width=\"300\" data-height=\"169\" aria-label=\"Schloss Jesberg\" role=\"img\" ><\/div>\n\t\t\t\t\t\t\t\t\t\t\t<div class=\"elementor-gallery-item__overlay\"><\/div>\n\t\t\t\t\t\t\t\t\t\t\t\t\t\t\t<div class=\"elementor-gallery-item__content\">\n\t\t\t\t\t\t\t\t\t\t\t\t\t\t<div class=\"elementor-gallery-item__description\">\n\t\t\t\t\t\t\t\t\t\t\t\t\t\t\t\t\t\tSchloss Jesberg\t\t\t\t\t\t\t\t<\/div>\n\t\t\t\t\t\t\t\t\t\t\t\t<\/div>\n\t\t\t\t\t\t\t\t\t<\/a>\n\t\t\t\t\t\t\t<a class=\"e-gallery-item elementor-gallery-item elementor-animated-content\" href=\"https:\/\/buh-jesberg.de\/wp-content\/uploads\/2023\/01\/s4.png\" data-elementor-open-lightbox=\"yes\" data-elementor-lightbox-slideshow=\"6bf5a5d\" data-elementor-lightbox-title=\"Schloss Jesberg\" data-elementor-lightbox-description=\"Schloss Jesberg\" data-e-action-hash=\"#elementor-action%3Aaction%3Dlightbox%26settings%3DeyJpZCI6NDI3MCwidXJsIjoiaHR0cHM6XC9cL2J1aC1qZXNiZXJnLmRlXC93cC1jb250ZW50XC91cGxvYWRzXC8yMDIzXC8wMVwvczQucG5nIiwic2xpZGVzaG93IjoiNmJmNWE1ZCJ9\">\n\t\t\t\t\t<div class=\"e-gallery-image elementor-gallery-item__image\" data-thumbnail=\"https:\/\/buh-jesberg.de\/wp-content\/uploads\/2023\/01\/s4-300x169.png\" data-width=\"300\" data-height=\"169\" aria-label=\"Schloss Jesberg\" role=\"img\" ><\/div>\n\t\t\t\t\t\t\t\t\t\t\t<div class=\"elementor-gallery-item__overlay\"><\/div>\n\t\t\t\t\t\t\t\t\t\t\t\t\t\t\t<div class=\"elementor-gallery-item__content\">\n\t\t\t\t\t\t\t\t\t\t\t\t\t\t<div class=\"elementor-gallery-item__description\">\n\t\t\t\t\t\t\t\t\t\t\t\t\t\t\t\t\t\tSchloss Jesberg\t\t\t\t\t\t\t\t<\/div>\n\t\t\t\t\t\t\t\t\t\t\t\t<\/div>\n\t\t\t\t\t\t\t\t\t<\/a>\n\t\t\t\t\t\t\t<a class=\"e-gallery-item elementor-gallery-item elementor-animated-content\" href=\"https:\/\/buh-jesberg.de\/wp-content\/uploads\/2023\/01\/s5.png\" data-elementor-open-lightbox=\"yes\" data-elementor-lightbox-slideshow=\"6bf5a5d\" data-elementor-lightbox-title=\"s5\" data-elementor-lightbox-description=\"Schloss Jesberg\" data-e-action-hash=\"#elementor-action%3Aaction%3Dlightbox%26settings%3DeyJpZCI6NDI3MSwidXJsIjoiaHR0cHM6XC9cL2J1aC1qZXNiZXJnLmRlXC93cC1jb250ZW50XC91cGxvYWRzXC8yMDIzXC8wMVwvczUucG5nIiwic2xpZGVzaG93IjoiNmJmNWE1ZCJ9\">\n\t\t\t\t\t<div class=\"e-gallery-image elementor-gallery-item__image\" data-thumbnail=\"https:\/\/buh-jesberg.de\/wp-content\/uploads\/2023\/01\/s5-300x188.png\" data-width=\"300\" data-height=\"188\" aria-label=\"Schloss Jesberg\" role=\"img\" ><\/div>\n\t\t\t\t\t\t\t\t\t\t\t<div class=\"elementor-gallery-item__overlay\"><\/div>\n\t\t\t\t\t\t\t\t\t\t\t\t\t\t\t<div class=\"elementor-gallery-item__content\">\n\t\t\t\t\t\t\t\t\t\t\t\t\t\t<div class=\"elementor-gallery-item__description\">\n\t\t\t\t\t\t\t\t\t\t\t\t\t\t\t\t\t\tSchloss Jesberg\t\t\t\t\t\t\t\t<\/div>\n\t\t\t\t\t\t\t\t\t\t\t\t<\/div>\n\t\t\t\t\t\t\t\t\t<\/a>\n\t\t\t\t\t\t\t<a class=\"e-gallery-item elementor-gallery-item elementor-animated-content\" href=\"https:\/\/buh-jesberg.de\/wp-content\/uploads\/2023\/01\/B3_Schloss-.png\" data-elementor-open-lightbox=\"yes\" data-elementor-lightbox-slideshow=\"6bf5a5d\" data-elementor-lightbox-title=\"B3_Schloss-\" data-elementor-lightbox-description=\"Hellbraun, der Schlossgarten um 1750, rote Linie Bundesstr. 3\" data-e-action-hash=\"#elementor-action%3Aaction%3Dlightbox%26settings%3DeyJpZCI6NDI2NiwidXJsIjoiaHR0cHM6XC9cL2J1aC1qZXNiZXJnLmRlXC93cC1jb250ZW50XC91cGxvYWRzXC8yMDIzXC8wMVwvQjNfU2NobG9zcy0ucG5nIiwic2xpZGVzaG93IjoiNmJmNWE1ZCJ9\">\n\t\t\t\t\t<div class=\"e-gallery-image elementor-gallery-item__image\" data-thumbnail=\"https:\/\/buh-jesberg.de\/wp-content\/uploads\/2023\/01\/B3_Schloss--300x249.png\" data-width=\"300\" data-height=\"249\" aria-label=\"Lageplan\" role=\"img\" ><\/div>\n\t\t\t\t\t\t\t\t\t\t\t<div class=\"elementor-gallery-item__overlay\"><\/div>\n\t\t\t\t\t\t\t\t\t\t\t\t\t\t\t<div class=\"elementor-gallery-item__content\">\n\t\t\t\t\t\t\t\t\t\t\t\t\t\t<div class=\"elementor-gallery-item__description\">\n\t\t\t\t\t\t\t\t\t\t\t\t\t\t\t\t\t\tHellbraun, der Schlossgarten um 1750, rote Linie Bundesstr. 3\t\t\t\t\t\t\t\t<\/div>\n\t\t\t\t\t\t\t\t\t\t\t\t<\/div>\n\t\t\t\t\t\t\t\t\t<\/a>\n\t\t\t\t\t\t\t<a class=\"e-gallery-item elementor-gallery-item elementor-animated-content\" href=\"https:\/\/buh-jesberg.de\/wp-content\/uploads\/2023\/02\/s6.png\" data-elementor-open-lightbox=\"yes\" data-elementor-lightbox-slideshow=\"6bf5a5d\" data-elementor-lightbox-title=\"s6\" data-elementor-lightbox-description=\"1 Schloss DRK Altenheim,\n2 Wohnhaus\n3 Nicht mehr vorhanden\" data-e-action-hash=\"#elementor-action%3Aaction%3Dlightbox%26settings%3DeyJpZCI6NDI3NiwidXJsIjoiaHR0cHM6XC9cL2J1aC1qZXNiZXJnLmRlXC93cC1jb250ZW50XC91cGxvYWRzXC8yMDIzXC8wMlwvczYucG5nIiwic2xpZGVzaG93IjoiNmJmNWE1ZCJ9\">\n\t\t\t\t\t<div class=\"e-gallery-image elementor-gallery-item__image\" data-thumbnail=\"https:\/\/buh-jesberg.de\/wp-content\/uploads\/2023\/02\/s6-300x261.png\" data-width=\"300\" data-height=\"261\" aria-label=\"Lageplan\" role=\"img\" ><\/div>\n\t\t\t\t\t\t\t\t\t\t\t<div class=\"elementor-gallery-item__overlay\"><\/div>\n\t\t\t\t\t\t\t\t\t\t\t\t\t\t\t<div class=\"elementor-gallery-item__content\">\n\t\t\t\t\t\t\t\t\t\t\t\t\t\t<div class=\"elementor-gallery-item__description\">\n\t\t\t\t\t\t\t\t\t\t\t\t\t\t\t\t\t\t1 Schloss DRK Altenheim,\n2 Wohnhaus\n3 Nicht mehr vorhanden\t\t\t\t\t\t\t\t<\/div>\n\t\t\t\t\t\t\t\t\t\t\t\t<\/div>\n\t\t\t\t\t\t\t\t\t<\/a>\n\t\t\t\t\t<\/div>\n\t\t\t\t\t<\/div>\n\t\t\t\t<\/div>\n\t\t\t\t\t<\/div>\n\t\t<\/div>\n\t\t\t\t\t<\/div>\n\t\t<\/section>\n\t\t\t\t<\/div>\n\t\t","protected":false},"excerpt":{"rendered":"<p>Das Maximilianschloss zu Jesberg Zu den geschichtstr\u00e4chtigsten Geb\u00e4uden in Jesberg geh\u00f6rt das vom Prinzen Maximilian von Hessen im Jahre 1723 im Treisbachgrund am Fu\u00df des Burgbergs erbaute Schloss. Maximilian (1689-1753) [&hellip;]<\/p>\n","protected":false},"author":2,"featured_media":0,"parent":62,"menu_order":0,"comment_status":"closed","ping_status":"closed","template":"","meta":{"_monsterinsights_skip_tracking":false,"_monsterinsights_sitenote_active":false,"_monsterinsights_sitenote_note":"","_monsterinsights_sitenote_category":0,"footnotes":""},"class_list":["post-83","page","type-page","status-publish","hentry"],"yoast_head":"<!-- This site is optimized with the Yoast SEO plugin v27.3 - https:\/\/yoast.com\/product\/yoast-seo-wordpress\/ -->\n<title>Maximilianschloss - Burg und Heimatverein Jesberg e.V.<\/title>\n<meta name=\"robots\" content=\"index, follow, max-snippet:-1, max-image-preview:large, max-video-preview:-1\" \/>\n<link rel=\"canonical\" href=\"https:\/\/buh-jesberg.de\/index.php\/museen\/maximilianschloss\/\" \/>\n<meta property=\"og:locale\" content=\"de_DE\" \/>\n<meta property=\"og:type\" content=\"article\" \/>\n<meta property=\"og:title\" content=\"Maximilianschloss - Burg und Heimatverein Jesberg e.V.\" \/>\n<meta property=\"og:description\" content=\"Das Maximilianschloss zu Jesberg Zu den geschichtstr\u00e4chtigsten Geb\u00e4uden in Jesberg geh\u00f6rt das vom Prinzen Maximilian von Hessen im Jahre 1723 im Treisbachgrund am Fu\u00df des Burgbergs erbaute Schloss. Maximilian (1689-1753) [&hellip;]\" \/>\n<meta property=\"og:url\" content=\"https:\/\/buh-jesberg.de\/index.php\/museen\/maximilianschloss\/\" \/>\n<meta property=\"og:site_name\" content=\"Burg und Heimatverein Jesberg e.V.\" \/>\n<meta property=\"article:modified_time\" content=\"2023-05-21T17:25:42+00:00\" \/>\n<meta name=\"twitter:card\" content=\"summary_large_image\" \/>\n<meta name=\"twitter:label1\" content=\"Gesch\u00e4tzte Lesezeit\" \/>\n\t<meta name=\"twitter:data1\" content=\"3\u00a0Minuten\" \/>\n<script type=\"application\/ld+json\" class=\"yoast-schema-graph\">{\"@context\":\"https:\\\/\\\/schema.org\",\"@graph\":[{\"@type\":\"WebPage\",\"@id\":\"https:\\\/\\\/buh-jesberg.de\\\/index.php\\\/museen\\\/maximilianschloss\\\/\",\"url\":\"https:\\\/\\\/buh-jesberg.de\\\/index.php\\\/museen\\\/maximilianschloss\\\/\",\"name\":\"Maximilianschloss - Burg und Heimatverein Jesberg e.V.\",\"isPartOf\":{\"@id\":\"https:\\\/\\\/buh-jesberg.de\\\/#website\"},\"datePublished\":\"2013-05-01T13:37:34+00:00\",\"dateModified\":\"2023-05-21T17:25:42+00:00\",\"breadcrumb\":{\"@id\":\"https:\\\/\\\/buh-jesberg.de\\\/index.php\\\/museen\\\/maximilianschloss\\\/#breadcrumb\"},\"inLanguage\":\"de\",\"potentialAction\":[{\"@type\":\"ReadAction\",\"target\":[\"https:\\\/\\\/buh-jesberg.de\\\/index.php\\\/museen\\\/maximilianschloss\\\/\"]}]},{\"@type\":\"BreadcrumbList\",\"@id\":\"https:\\\/\\\/buh-jesberg.de\\\/index.php\\\/museen\\\/maximilianschloss\\\/#breadcrumb\",\"itemListElement\":[{\"@type\":\"ListItem\",\"position\":1,\"name\":\"Startseite\",\"item\":\"https:\\\/\\\/buh-jesberg.de\\\/\"},{\"@type\":\"ListItem\",\"position\":2,\"name\":\"Museen\",\"item\":\"https:\\\/\\\/buh-jesberg.de\\\/index.php\\\/museen\\\/\"},{\"@type\":\"ListItem\",\"position\":3,\"name\":\"Maximilianschloss\"}]},{\"@type\":\"WebSite\",\"@id\":\"https:\\\/\\\/buh-jesberg.de\\\/#website\",\"url\":\"https:\\\/\\\/buh-jesberg.de\\\/\",\"name\":\"Burg und Heimatverein Jesberg e.V.\",\"description\":\"Gemeinn\u00fctziger Verein in Jesberg\",\"publisher\":{\"@id\":\"https:\\\/\\\/buh-jesberg.de\\\/#organization\"},\"potentialAction\":[{\"@type\":\"SearchAction\",\"target\":{\"@type\":\"EntryPoint\",\"urlTemplate\":\"https:\\\/\\\/buh-jesberg.de\\\/?s={search_term_string}\"},\"query-input\":{\"@type\":\"PropertyValueSpecification\",\"valueRequired\":true,\"valueName\":\"search_term_string\"}}],\"inLanguage\":\"de\"},{\"@type\":\"Organization\",\"@id\":\"https:\\\/\\\/buh-jesberg.de\\\/#organization\",\"name\":\"Burg und Heimatverein Jesberg e.V.\",\"url\":\"https:\\\/\\\/buh-jesberg.de\\\/\",\"logo\":{\"@type\":\"ImageObject\",\"inLanguage\":\"de\",\"@id\":\"https:\\\/\\\/buh-jesberg.de\\\/#\\\/schema\\\/logo\\\/image\\\/\",\"url\":\"https:\\\/\\\/buh-jesberg.de\\\/wp-content\\\/uploads\\\/2023\\\/01\\\/Website_Logo-e1674580236324.jpg\",\"contentUrl\":\"https:\\\/\\\/buh-jesberg.de\\\/wp-content\\\/uploads\\\/2023\\\/01\\\/Website_Logo-e1674580236324.jpg\",\"width\":500,\"height\":501,\"caption\":\"Burg und Heimatverein Jesberg e.V.\"},\"image\":{\"@id\":\"https:\\\/\\\/buh-jesberg.de\\\/#\\\/schema\\\/logo\\\/image\\\/\"}}]}<\/script>\n<!-- \/ Yoast SEO plugin. -->","yoast_head_json":{"title":"Maximilianschloss - Burg und Heimatverein Jesberg e.V.","robots":{"index":"index","follow":"follow","max-snippet":"max-snippet:-1","max-image-preview":"max-image-preview:large","max-video-preview":"max-video-preview:-1"},"canonical":"https:\/\/buh-jesberg.de\/index.php\/museen\/maximilianschloss\/","og_locale":"de_DE","og_type":"article","og_title":"Maximilianschloss - Burg und Heimatverein Jesberg e.V.","og_description":"Das Maximilianschloss zu Jesberg Zu den geschichtstr\u00e4chtigsten Geb\u00e4uden in Jesberg geh\u00f6rt das vom Prinzen Maximilian von Hessen im Jahre 1723 im Treisbachgrund am Fu\u00df des Burgbergs erbaute Schloss. Maximilian (1689-1753) [&hellip;]","og_url":"https:\/\/buh-jesberg.de\/index.php\/museen\/maximilianschloss\/","og_site_name":"Burg und Heimatverein Jesberg e.V.","article_modified_time":"2023-05-21T17:25:42+00:00","twitter_card":"summary_large_image","twitter_misc":{"Gesch\u00e4tzte Lesezeit":"3\u00a0Minuten"},"schema":{"@context":"https:\/\/schema.org","@graph":[{"@type":"WebPage","@id":"https:\/\/buh-jesberg.de\/index.php\/museen\/maximilianschloss\/","url":"https:\/\/buh-jesberg.de\/index.php\/museen\/maximilianschloss\/","name":"Maximilianschloss - Burg und Heimatverein Jesberg e.V.","isPartOf":{"@id":"https:\/\/buh-jesberg.de\/#website"},"datePublished":"2013-05-01T13:37:34+00:00","dateModified":"2023-05-21T17:25:42+00:00","breadcrumb":{"@id":"https:\/\/buh-jesberg.de\/index.php\/museen\/maximilianschloss\/#breadcrumb"},"inLanguage":"de","potentialAction":[{"@type":"ReadAction","target":["https:\/\/buh-jesberg.de\/index.php\/museen\/maximilianschloss\/"]}]},{"@type":"BreadcrumbList","@id":"https:\/\/buh-jesberg.de\/index.php\/museen\/maximilianschloss\/#breadcrumb","itemListElement":[{"@type":"ListItem","position":1,"name":"Startseite","item":"https:\/\/buh-jesberg.de\/"},{"@type":"ListItem","position":2,"name":"Museen","item":"https:\/\/buh-jesberg.de\/index.php\/museen\/"},{"@type":"ListItem","position":3,"name":"Maximilianschloss"}]},{"@type":"WebSite","@id":"https:\/\/buh-jesberg.de\/#website","url":"https:\/\/buh-jesberg.de\/","name":"Burg und Heimatverein Jesberg e.V.","description":"Gemeinn\u00fctziger Verein in Jesberg","publisher":{"@id":"https:\/\/buh-jesberg.de\/#organization"},"potentialAction":[{"@type":"SearchAction","target":{"@type":"EntryPoint","urlTemplate":"https:\/\/buh-jesberg.de\/?s={search_term_string}"},"query-input":{"@type":"PropertyValueSpecification","valueRequired":true,"valueName":"search_term_string"}}],"inLanguage":"de"},{"@type":"Organization","@id":"https:\/\/buh-jesberg.de\/#organization","name":"Burg und Heimatverein Jesberg e.V.","url":"https:\/\/buh-jesberg.de\/","logo":{"@type":"ImageObject","inLanguage":"de","@id":"https:\/\/buh-jesberg.de\/#\/schema\/logo\/image\/","url":"https:\/\/buh-jesberg.de\/wp-content\/uploads\/2023\/01\/Website_Logo-e1674580236324.jpg","contentUrl":"https:\/\/buh-jesberg.de\/wp-content\/uploads\/2023\/01\/Website_Logo-e1674580236324.jpg","width":500,"height":501,"caption":"Burg und Heimatverein Jesberg e.V."},"image":{"@id":"https:\/\/buh-jesberg.de\/#\/schema\/logo\/image\/"}}]}},"_links":{"self":[{"href":"https:\/\/buh-jesberg.de\/index.php\/wp-json\/wp\/v2\/pages\/83","targetHints":{"allow":["GET"]}}],"collection":[{"href":"https:\/\/buh-jesberg.de\/index.php\/wp-json\/wp\/v2\/pages"}],"about":[{"href":"https:\/\/buh-jesberg.de\/index.php\/wp-json\/wp\/v2\/types\/page"}],"author":[{"embeddable":true,"href":"https:\/\/buh-jesberg.de\/index.php\/wp-json\/wp\/v2\/users\/2"}],"replies":[{"embeddable":true,"href":"https:\/\/buh-jesberg.de\/index.php\/wp-json\/wp\/v2\/comments?post=83"}],"version-history":[{"count":15,"href":"https:\/\/buh-jesberg.de\/index.php\/wp-json\/wp\/v2\/pages\/83\/revisions"}],"predecessor-version":[{"id":5840,"href":"https:\/\/buh-jesberg.de\/index.php\/wp-json\/wp\/v2\/pages\/83\/revisions\/5840"}],"up":[{"embeddable":true,"href":"https:\/\/buh-jesberg.de\/index.php\/wp-json\/wp\/v2\/pages\/62"}],"wp:attachment":[{"href":"https:\/\/buh-jesberg.de\/index.php\/wp-json\/wp\/v2\/media?parent=83"}],"curies":[{"name":"wp","href":"https:\/\/api.w.org\/{rel}","templated":true}]}}