{"id":8303,"date":"2025-05-16T09:57:38","date_gmt":"2025-05-16T07:57:38","guid":{"rendered":"https:\/\/buh-jesberg.de\/?page_id=8303"},"modified":"2025-05-16T10:16:39","modified_gmt":"2025-05-16T08:16:39","slug":"open-air-kino-sieger-sein","status":"publish","type":"page","link":"https:\/\/buh-jesberg.de\/index.php\/open-air-kino-sieger-sein\/","title":{"rendered":"Open Air Kino -Sieger sein-"},"content":{"rendered":"\t\t<div data-elementor-type=\"wp-page\" data-elementor-id=\"8303\" class=\"elementor elementor-8303\" data-elementor-post-type=\"page\">\n\t\t\t\t\t\t<section class=\"elementor-section elementor-top-section elementor-element elementor-element-0dfe48a elementor-section-boxed elementor-section-height-default elementor-section-height-default\" data-id=\"0dfe48a\" data-element_type=\"section\" data-e-type=\"section\">\n\t\t\t\t\t\t<div class=\"elementor-container elementor-column-gap-default\">\n\t\t\t\t\t<div class=\"elementor-column elementor-col-100 elementor-top-column elementor-element elementor-element-5753074\" data-id=\"5753074\" data-element_type=\"column\" data-e-type=\"column\">\n\t\t\t<div class=\"elementor-widget-wrap elementor-element-populated\">\n\t\t\t\t\t\t<div class=\"elementor-element elementor-element-3e83b05 elementor-widget elementor-widget-text-editor\" data-id=\"3e83b05\" data-element_type=\"widget\" data-e-type=\"widget\" data-widget_type=\"text-editor.default\">\n\t\t\t\t<div class=\"elementor-widget-container\">\n\t\t\t\t\t\t\t\t\t<p><img decoding=\"async\" class=\" wp-image-8292 alignleft\" src=\"https:\/\/buh-jesberg.de\/wp-content\/uploads\/2025\/05\/2025-05-10_OpenAir-Kino_00-300x278.jpg\" alt=\"\" width=\"116\" height=\"108\" srcset=\"https:\/\/buh-jesberg.de\/wp-content\/uploads\/2025\/05\/2025-05-10_OpenAir-Kino_00-300x278.jpg 300w, https:\/\/buh-jesberg.de\/wp-content\/uploads\/2025\/05\/2025-05-10_OpenAir-Kino_00-768x711.jpg 768w, https:\/\/buh-jesberg.de\/wp-content\/uploads\/2025\/05\/2025-05-10_OpenAir-Kino_00.jpg 1166w\" sizes=\"(max-width: 116px) 100vw, 116px\" \/><strong>Bericht \u00fcber das erste Open-Air-Kino auf der Burg Jesberg am 10. Mai 2025<\/strong><\/p><p>Am Samstag, dem 10. Mai 2025, fand auf der historischen Burg Jesberg das erste Open-Air-Kino statt \u2013 ein Ereignis, das trotz k\u00fchler Temperaturen von etwa 8 Grad zahlreiche Besucher anzog. Rund 50 Filmbegeisterte lie\u00dfen sich von der besonderen Atmosph\u00e4re des Freiluftkinos verzaubern und genossen einen Abend voller Spannung und Genuss.<\/p><p>Der Einlass begann um 19:00 Uhr, sodass die G\u00e4ste ausreichend Zeit hatten, sich mit Getr\u00e4nken und Speisen zu versorgen. Auf der kulinarischen Karte standen deftige Bratw\u00fcrste mit Br\u00f6tchen, w\u00e4hrend Bier, Wasser, Cola und Fanta als Erfrischungen angeboten wurden.<\/p><p>Um 21:30 Uhr begann die Vorstellung des Films \u201eSieger sein\u201c. Die Zuschauer verfolgten gebannt die packende Geschichte auf der gro\u00dfen Leinwand, die sich perfekt in Pavillon einf\u00fcgte. Trotz der frischen Abendluft war die Stimmung ausgelassen, und die Begeisterung der G\u00e4ste war sp\u00fcrbar.<\/p><p>Gegen 23:00 Uhr endete der Film, und die Besucher verlie\u00dfen zufrieden das Gel\u00e4nde. Die Veranstaltung wurde durchweg positiv aufgenommen \u2013 die Kombination aus Film, Verpflegung und einmaliger Atmosph\u00e4re machte den Abend zu einem besonderen Erlebnis. Die Premiere des Open-Air-Kinos auf der Burg Jesberg war ein voller Erfolg und l\u00e4sst darauf hoffen, dass \u00e4hnliche Veranstaltungen in Zukunft folgen werden.<\/p><p>Ein gro\u00dfer Dank gilt den Helfern, die diesen besonderen Tag erm\u00f6glicht haben.<\/p><p>Hier geht es zu den\u00a0<a href=\"https:\/\/buh-jesberg.de\/index.php\/bilder-film-sieger-sein\/\">Bildern<\/a><\/p><p>Der Vorstand<\/p><p>Burg- und Heimatverein Jesberg e.V.<\/p>\t\t\t\t\t\t\t\t<\/div>\n\t\t\t\t<\/div>\n\t\t\t\t\t<\/div>\n\t\t<\/div>\n\t\t\t\t\t<\/div>\n\t\t<\/section>\n\t\t\t\t<\/div>\n\t\t","protected":false},"excerpt":{"rendered":"<p>Bericht \u00fcber das erste Open-Air-Kino auf der Burg Jesberg am 10. Mai 2025 Am Samstag, dem 10. Mai 2025, fand auf der historischen Burg Jesberg das erste Open-Air-Kino statt \u2013 [&hellip;]<\/p>\n","protected":false},"author":2,"featured_media":0,"parent":0,"menu_order":0,"comment_status":"closed","ping_status":"closed","template":"","meta":{"_monsterinsights_skip_tracking":false,"_monsterinsights_sitenote_active":false,"_monsterinsights_sitenote_note":"","_monsterinsights_sitenote_category":0,"footnotes":""},"class_list":["post-8303","page","type-page","status-publish","hentry"],"yoast_head":"<!-- This site is optimized with the Yoast SEO plugin v27.3 - https:\/\/yoast.com\/product\/yoast-seo-wordpress\/ -->\n<title>Open Air Kino -Sieger sein- Burg und Heimatverein Jesberg e.V.<\/title>\n<meta name=\"robots\" content=\"index, follow, max-snippet:-1, max-image-preview:large, max-video-preview:-1\" \/>\n<link rel=\"canonical\" href=\"https:\/\/buh-jesberg.de\/index.php\/open-air-kino-sieger-sein\/\" \/>\n<meta property=\"og:locale\" content=\"de_DE\" \/>\n<meta property=\"og:type\" content=\"article\" \/>\n<meta property=\"og:title\" content=\"Open Air Kino -Sieger sein- Burg und Heimatverein Jesberg e.V.\" \/>\n<meta property=\"og:description\" content=\"Bericht \u00fcber das erste Open-Air-Kino auf der Burg Jesberg am 10. Mai 2025 Am Samstag, dem 10. Mai 2025, fand auf der historischen Burg Jesberg das erste Open-Air-Kino statt \u2013 [&hellip;]\" \/>\n<meta property=\"og:url\" content=\"https:\/\/buh-jesberg.de\/index.php\/open-air-kino-sieger-sein\/\" \/>\n<meta property=\"og:site_name\" content=\"Burg und Heimatverein Jesberg e.V.\" \/>\n<meta property=\"article:modified_time\" content=\"2025-05-16T08:16:39+00:00\" \/>\n<meta property=\"og:image\" content=\"https:\/\/buh-jesberg.de\/wp-content\/uploads\/2025\/05\/2025-05-10_OpenAir-Kino_00.jpg\" \/>\n\t<meta property=\"og:image:width\" content=\"1166\" \/>\n\t<meta property=\"og:image:height\" content=\"1080\" \/>\n\t<meta property=\"og:image:type\" content=\"image\/jpeg\" \/>\n<meta name=\"twitter:card\" content=\"summary_large_image\" \/>\n<meta name=\"twitter:label1\" content=\"Gesch\u00e4tzte Lesezeit\" \/>\n\t<meta name=\"twitter:data1\" content=\"2\u00a0Minuten\" \/>\n<script type=\"application\/ld+json\" class=\"yoast-schema-graph\">{\"@context\":\"https:\\\/\\\/schema.org\",\"@graph\":[{\"@type\":\"WebPage\",\"@id\":\"https:\\\/\\\/buh-jesberg.de\\\/index.php\\\/open-air-kino-sieger-sein\\\/\",\"url\":\"https:\\\/\\\/buh-jesberg.de\\\/index.php\\\/open-air-kino-sieger-sein\\\/\",\"name\":\"Open Air Kino -Sieger sein- Burg und Heimatverein Jesberg e.V.\",\"isPartOf\":{\"@id\":\"https:\\\/\\\/buh-jesberg.de\\\/#website\"},\"primaryImageOfPage\":{\"@id\":\"https:\\\/\\\/buh-jesberg.de\\\/index.php\\\/open-air-kino-sieger-sein\\\/#primaryimage\"},\"image\":{\"@id\":\"https:\\\/\\\/buh-jesberg.de\\\/index.php\\\/open-air-kino-sieger-sein\\\/#primaryimage\"},\"thumbnailUrl\":\"https:\\\/\\\/buh-jesberg.de\\\/wp-content\\\/uploads\\\/2025\\\/05\\\/2025-05-10_OpenAir-Kino_00-300x278.jpg\",\"datePublished\":\"2025-05-16T07:57:38+00:00\",\"dateModified\":\"2025-05-16T08:16:39+00:00\",\"breadcrumb\":{\"@id\":\"https:\\\/\\\/buh-jesberg.de\\\/index.php\\\/open-air-kino-sieger-sein\\\/#breadcrumb\"},\"inLanguage\":\"de\",\"potentialAction\":[{\"@type\":\"ReadAction\",\"target\":[\"https:\\\/\\\/buh-jesberg.de\\\/index.php\\\/open-air-kino-sieger-sein\\\/\"]}]},{\"@type\":\"ImageObject\",\"inLanguage\":\"de\",\"@id\":\"https:\\\/\\\/buh-jesberg.de\\\/index.php\\\/open-air-kino-sieger-sein\\\/#primaryimage\",\"url\":\"https:\\\/\\\/buh-jesberg.de\\\/wp-content\\\/uploads\\\/2025\\\/05\\\/2025-05-10_OpenAir-Kino_00.jpg\",\"contentUrl\":\"https:\\\/\\\/buh-jesberg.de\\\/wp-content\\\/uploads\\\/2025\\\/05\\\/2025-05-10_OpenAir-Kino_00.jpg\",\"width\":1166,\"height\":1080,\"caption\":\"Plakat\"},{\"@type\":\"BreadcrumbList\",\"@id\":\"https:\\\/\\\/buh-jesberg.de\\\/index.php\\\/open-air-kino-sieger-sein\\\/#breadcrumb\",\"itemListElement\":[{\"@type\":\"ListItem\",\"position\":1,\"name\":\"Startseite\",\"item\":\"https:\\\/\\\/buh-jesberg.de\\\/\"},{\"@type\":\"ListItem\",\"position\":2,\"name\":\"Open Air Kino -Sieger sein-\"}]},{\"@type\":\"WebSite\",\"@id\":\"https:\\\/\\\/buh-jesberg.de\\\/#website\",\"url\":\"https:\\\/\\\/buh-jesberg.de\\\/\",\"name\":\"Burg und Heimatverein Jesberg e.V.\",\"description\":\"Gemeinn\u00fctziger Verein in Jesberg\",\"publisher\":{\"@id\":\"https:\\\/\\\/buh-jesberg.de\\\/#organization\"},\"potentialAction\":[{\"@type\":\"SearchAction\",\"target\":{\"@type\":\"EntryPoint\",\"urlTemplate\":\"https:\\\/\\\/buh-jesberg.de\\\/?s={search_term_string}\"},\"query-input\":{\"@type\":\"PropertyValueSpecification\",\"valueRequired\":true,\"valueName\":\"search_term_string\"}}],\"inLanguage\":\"de\"},{\"@type\":\"Organization\",\"@id\":\"https:\\\/\\\/buh-jesberg.de\\\/#organization\",\"name\":\"Burg und Heimatverein Jesberg e.V.\",\"url\":\"https:\\\/\\\/buh-jesberg.de\\\/\",\"logo\":{\"@type\":\"ImageObject\",\"inLanguage\":\"de\",\"@id\":\"https:\\\/\\\/buh-jesberg.de\\\/#\\\/schema\\\/logo\\\/image\\\/\",\"url\":\"https:\\\/\\\/buh-jesberg.de\\\/wp-content\\\/uploads\\\/2023\\\/01\\\/Website_Logo-e1674580236324.jpg\",\"contentUrl\":\"https:\\\/\\\/buh-jesberg.de\\\/wp-content\\\/uploads\\\/2023\\\/01\\\/Website_Logo-e1674580236324.jpg\",\"width\":500,\"height\":501,\"caption\":\"Burg und Heimatverein Jesberg e.V.\"},\"image\":{\"@id\":\"https:\\\/\\\/buh-jesberg.de\\\/#\\\/schema\\\/logo\\\/image\\\/\"}}]}<\/script>\n<!-- \/ Yoast SEO plugin. -->","yoast_head_json":{"title":"Open Air Kino -Sieger sein- Burg und Heimatverein Jesberg e.V.","robots":{"index":"index","follow":"follow","max-snippet":"max-snippet:-1","max-image-preview":"max-image-preview:large","max-video-preview":"max-video-preview:-1"},"canonical":"https:\/\/buh-jesberg.de\/index.php\/open-air-kino-sieger-sein\/","og_locale":"de_DE","og_type":"article","og_title":"Open Air Kino -Sieger sein- Burg und Heimatverein Jesberg e.V.","og_description":"Bericht \u00fcber das erste Open-Air-Kino auf der Burg Jesberg am 10. Mai 2025 Am Samstag, dem 10. Mai 2025, fand auf der historischen Burg Jesberg das erste Open-Air-Kino statt \u2013 [&hellip;]","og_url":"https:\/\/buh-jesberg.de\/index.php\/open-air-kino-sieger-sein\/","og_site_name":"Burg und Heimatverein Jesberg e.V.","article_modified_time":"2025-05-16T08:16:39+00:00","og_image":[{"width":1166,"height":1080,"url":"https:\/\/buh-jesberg.de\/wp-content\/uploads\/2025\/05\/2025-05-10_OpenAir-Kino_00.jpg","type":"image\/jpeg"}],"twitter_card":"summary_large_image","twitter_misc":{"Gesch\u00e4tzte Lesezeit":"2\u00a0Minuten"},"schema":{"@context":"https:\/\/schema.org","@graph":[{"@type":"WebPage","@id":"https:\/\/buh-jesberg.de\/index.php\/open-air-kino-sieger-sein\/","url":"https:\/\/buh-jesberg.de\/index.php\/open-air-kino-sieger-sein\/","name":"Open Air Kino -Sieger sein- Burg und Heimatverein Jesberg e.V.","isPartOf":{"@id":"https:\/\/buh-jesberg.de\/#website"},"primaryImageOfPage":{"@id":"https:\/\/buh-jesberg.de\/index.php\/open-air-kino-sieger-sein\/#primaryimage"},"image":{"@id":"https:\/\/buh-jesberg.de\/index.php\/open-air-kino-sieger-sein\/#primaryimage"},"thumbnailUrl":"https:\/\/buh-jesberg.de\/wp-content\/uploads\/2025\/05\/2025-05-10_OpenAir-Kino_00-300x278.jpg","datePublished":"2025-05-16T07:57:38+00:00","dateModified":"2025-05-16T08:16:39+00:00","breadcrumb":{"@id":"https:\/\/buh-jesberg.de\/index.php\/open-air-kino-sieger-sein\/#breadcrumb"},"inLanguage":"de","potentialAction":[{"@type":"ReadAction","target":["https:\/\/buh-jesberg.de\/index.php\/open-air-kino-sieger-sein\/"]}]},{"@type":"ImageObject","inLanguage":"de","@id":"https:\/\/buh-jesberg.de\/index.php\/open-air-kino-sieger-sein\/#primaryimage","url":"https:\/\/buh-jesberg.de\/wp-content\/uploads\/2025\/05\/2025-05-10_OpenAir-Kino_00.jpg","contentUrl":"https:\/\/buh-jesberg.de\/wp-content\/uploads\/2025\/05\/2025-05-10_OpenAir-Kino_00.jpg","width":1166,"height":1080,"caption":"Plakat"},{"@type":"BreadcrumbList","@id":"https:\/\/buh-jesberg.de\/index.php\/open-air-kino-sieger-sein\/#breadcrumb","itemListElement":[{"@type":"ListItem","position":1,"name":"Startseite","item":"https:\/\/buh-jesberg.de\/"},{"@type":"ListItem","position":2,"name":"Open Air Kino -Sieger sein-"}]},{"@type":"WebSite","@id":"https:\/\/buh-jesberg.de\/#website","url":"https:\/\/buh-jesberg.de\/","name":"Burg und Heimatverein Jesberg e.V.","description":"Gemeinn\u00fctziger Verein in Jesberg","publisher":{"@id":"https:\/\/buh-jesberg.de\/#organization"},"potentialAction":[{"@type":"SearchAction","target":{"@type":"EntryPoint","urlTemplate":"https:\/\/buh-jesberg.de\/?s={search_term_string}"},"query-input":{"@type":"PropertyValueSpecification","valueRequired":true,"valueName":"search_term_string"}}],"inLanguage":"de"},{"@type":"Organization","@id":"https:\/\/buh-jesberg.de\/#organization","name":"Burg und Heimatverein Jesberg e.V.","url":"https:\/\/buh-jesberg.de\/","logo":{"@type":"ImageObject","inLanguage":"de","@id":"https:\/\/buh-jesberg.de\/#\/schema\/logo\/image\/","url":"https:\/\/buh-jesberg.de\/wp-content\/uploads\/2023\/01\/Website_Logo-e1674580236324.jpg","contentUrl":"https:\/\/buh-jesberg.de\/wp-content\/uploads\/2023\/01\/Website_Logo-e1674580236324.jpg","width":500,"height":501,"caption":"Burg und Heimatverein Jesberg e.V."},"image":{"@id":"https:\/\/buh-jesberg.de\/#\/schema\/logo\/image\/"}}]}},"_links":{"self":[{"href":"https:\/\/buh-jesberg.de\/index.php\/wp-json\/wp\/v2\/pages\/8303","targetHints":{"allow":["GET"]}}],"collection":[{"href":"https:\/\/buh-jesberg.de\/index.php\/wp-json\/wp\/v2\/pages"}],"about":[{"href":"https:\/\/buh-jesberg.de\/index.php\/wp-json\/wp\/v2\/types\/page"}],"author":[{"embeddable":true,"href":"https:\/\/buh-jesberg.de\/index.php\/wp-json\/wp\/v2\/users\/2"}],"replies":[{"embeddable":true,"href":"https:\/\/buh-jesberg.de\/index.php\/wp-json\/wp\/v2\/comments?post=8303"}],"version-history":[{"count":9,"href":"https:\/\/buh-jesberg.de\/index.php\/wp-json\/wp\/v2\/pages\/8303\/revisions"}],"predecessor-version":[{"id":8323,"href":"https:\/\/buh-jesberg.de\/index.php\/wp-json\/wp\/v2\/pages\/8303\/revisions\/8323"}],"wp:attachment":[{"href":"https:\/\/buh-jesberg.de\/index.php\/wp-json\/wp\/v2\/media?parent=8303"}],"curies":[{"name":"wp","href":"https:\/\/api.w.org\/{rel}","templated":true}]}}