{"id":8397,"date":"2025-06-22T19:24:25","date_gmt":"2025-06-22T17:24:25","guid":{"rendered":"https:\/\/buh-jesberg.de\/?page_id=8397"},"modified":"2025-06-30T11:59:09","modified_gmt":"2025-06-30T09:59:09","slug":"stolpersteine","status":"publish","type":"page","link":"https:\/\/buh-jesberg.de\/index.php\/stolpersteine\/","title":{"rendered":"Stolpersteine"},"content":{"rendered":"\t\t<div data-elementor-type=\"wp-page\" data-elementor-id=\"8397\" class=\"elementor elementor-8397\" data-elementor-post-type=\"page\">\n\t\t\t\t\t\t<section class=\"elementor-section elementor-top-section elementor-element elementor-element-cb124d8 elementor-section-boxed elementor-section-height-default elementor-section-height-default\" data-id=\"cb124d8\" data-element_type=\"section\" data-e-type=\"section\">\n\t\t\t\t\t\t<div class=\"elementor-container elementor-column-gap-default\">\n\t\t\t\t\t<div class=\"elementor-column elementor-col-100 elementor-top-column elementor-element elementor-element-3e51cca\" data-id=\"3e51cca\" data-element_type=\"column\" data-e-type=\"column\">\n\t\t\t<div class=\"elementor-widget-wrap elementor-element-populated\">\n\t\t\t\t\t\t<div class=\"elementor-element elementor-element-0a90952 elementor-widget elementor-widget-text-editor\" data-id=\"0a90952\" data-element_type=\"widget\" data-e-type=\"widget\" data-widget_type=\"text-editor.default\">\n\t\t\t\t<div class=\"elementor-widget-container\">\n\t\t\t\t\t\t\t\t\t<h4><strong>Gedenken in Jesberg: Verlegung der Stolpersteine und bewegende Erinnerungen<\/strong><\/h4><p>Am Nachmittag des 16.06.2025 fand in Jesberg eine w\u00fcrdevolle Gedenkveranstaltung zur Verlegung der ersten Stolpersteine statt. Beginn war um 16 Uhr vor dem Haus in der Bahnhofstra\u00dfe 13, wo Andreas und Cornelia Fiebig mit einem j\u00fcdischen Musikst\u00fcck auf dem Saxophon einen feierlichen musikalischen Auftakt setzten.<\/p><p>B\u00fcrgermeister Heiko Manz richtete anschlie\u00dfend pers\u00f6nliche und nachdenkliche Worte an die Anwesenden, in denen er die Geschichte und Bedeutung des Judentums in Jesberg w\u00fcrdigte. Im Anschluss gab Herr Schattner einen eindrucksvollen Einblick in das Leben der j\u00fcdischen Familie, die einst in diesem Haus wohnte. Frau Regina Ochs, die sich schon viele Jahre mit der Erforschung der Jesberger Juden besch\u00e4ftigt, erg\u00e4nzte mit Ihrer Ansprache die Familiengeschichten. Alle Anwesenden waren ersch\u00fcttert, was w\u00e4hrend der Nazizeit auch in Jesberg f\u00fcr Gr\u00e4ueltaten passierten und wie sich die j\u00fcdische Bev\u00f6lkerung durch Wegzug in andere St\u00e4dte davor sch\u00fctzen wollten.<\/p><p>Daraufhin wurden die Stolpersteine von Herrn Demnig vor den H\u00e4usern Bahnhofstra\u00dfe 13 und 15 verlegt. Die Anwesenden gingen dann zum Wohnhaus der Familie Eckhardt, um dort weitere Stolpersteine zu setzen. W\u00e4hrend dessen wurden nachdenkliche Worte von der Familie Eckhardt gelesen. Im Anschluss wurde der Text von Pfarrer Keller, der leider verhindert war, von Pfarrer Gra\u00df, inzwischen B\u00fcrger von Jesberg, gelesen. B\u00fcrgermeister Heiko Manz erinnerte in seinem Schlusswort noch einmal an die Opfer. Zum Abschluss der Stolpersteinverlegung wurde von den Anwesenden ein j\u00fcdisches Lied gesungen. Cornelia und Andreas Fiebig danach noch ein weiters j\u00fcdisches Musikst\u00fcck.<\/p><p>Die Teilnehmenden gingen anschlie\u00dfend ins Gemeindehaus, wo bei belegten Broten und Kuchen Zeit f\u00fcr Gespr\u00e4che und Innehalten war. Den Abschluss bildete ein bewegender Vortrag von K\u00fcnstler Gunter Demnig, der \u00fcber seinen Werdegang und die Entstehung seines Kunstprojekts &#8222;Stolpersteine&#8220; sprach.<\/p><p>Alle Vortr\u00e4ge und Darbietungen wurden mit gro\u00dfem Applaus gew\u00fcrdigt.<\/p><p>An der Veranstaltung, die von der Gemeinde, der evangelischen Kirche, dem Nachbarschaftsnetzwerk und dem Burg- und Heimatverein Jesberg e.V. organisiert wurde, nahmen ca. 85 Personen teil.<\/p><p>Hier geht es zu den <a href=\"https:\/\/buh-jesberg.de\/index.php\/bilder-stolpersteine\/\">Bildern und Videos<\/a><\/p>\t\t\t\t\t\t\t\t<\/div>\n\t\t\t\t<\/div>\n\t\t\t\t\t<\/div>\n\t\t<\/div>\n\t\t\t\t\t<\/div>\n\t\t<\/section>\n\t\t\t\t<\/div>\n\t\t","protected":false},"excerpt":{"rendered":"<p>Gedenken in Jesberg: Verlegung der Stolpersteine und bewegende Erinnerungen Am Nachmittag des 16.06.2025 fand in Jesberg eine w\u00fcrdevolle Gedenkveranstaltung zur Verlegung der ersten Stolpersteine statt. Beginn war um 16 Uhr [&hellip;]<\/p>\n","protected":false},"author":2,"featured_media":0,"parent":0,"menu_order":0,"comment_status":"closed","ping_status":"closed","template":"","meta":{"_monsterinsights_skip_tracking":false,"_monsterinsights_sitenote_active":false,"_monsterinsights_sitenote_note":"","_monsterinsights_sitenote_category":0,"footnotes":""},"class_list":["post-8397","page","type-page","status-publish","hentry"],"yoast_head":"<!-- This site is optimized with the Yoast SEO plugin v27.3 - https:\/\/yoast.com\/product\/yoast-seo-wordpress\/ -->\n<title>Stolpersteine - Burg und Heimatverein Jesberg e.V.<\/title>\n<meta name=\"robots\" content=\"index, follow, max-snippet:-1, max-image-preview:large, max-video-preview:-1\" \/>\n<link rel=\"canonical\" href=\"https:\/\/buh-jesberg.de\/index.php\/stolpersteine\/\" \/>\n<meta property=\"og:locale\" content=\"de_DE\" \/>\n<meta property=\"og:type\" content=\"article\" \/>\n<meta property=\"og:title\" content=\"Stolpersteine - Burg und Heimatverein Jesberg e.V.\" \/>\n<meta property=\"og:description\" content=\"Gedenken in Jesberg: Verlegung der Stolpersteine und bewegende Erinnerungen Am Nachmittag des 16.06.2025 fand in Jesberg eine w\u00fcrdevolle Gedenkveranstaltung zur Verlegung der ersten Stolpersteine statt. Beginn war um 16 Uhr [&hellip;]\" \/>\n<meta property=\"og:url\" content=\"https:\/\/buh-jesberg.de\/index.php\/stolpersteine\/\" \/>\n<meta property=\"og:site_name\" content=\"Burg und Heimatverein Jesberg e.V.\" \/>\n<meta property=\"article:modified_time\" content=\"2025-06-30T09:59:09+00:00\" \/>\n<meta name=\"twitter:card\" content=\"summary_large_image\" \/>\n<meta name=\"twitter:label1\" content=\"Gesch\u00e4tzte Lesezeit\" \/>\n\t<meta name=\"twitter:data1\" content=\"2\u00a0Minuten\" \/>\n<script type=\"application\/ld+json\" class=\"yoast-schema-graph\">{\"@context\":\"https:\\\/\\\/schema.org\",\"@graph\":[{\"@type\":\"WebPage\",\"@id\":\"https:\\\/\\\/buh-jesberg.de\\\/index.php\\\/stolpersteine\\\/\",\"url\":\"https:\\\/\\\/buh-jesberg.de\\\/index.php\\\/stolpersteine\\\/\",\"name\":\"Stolpersteine - Burg und Heimatverein Jesberg e.V.\",\"isPartOf\":{\"@id\":\"https:\\\/\\\/buh-jesberg.de\\\/#website\"},\"datePublished\":\"2025-06-22T17:24:25+00:00\",\"dateModified\":\"2025-06-30T09:59:09+00:00\",\"breadcrumb\":{\"@id\":\"https:\\\/\\\/buh-jesberg.de\\\/index.php\\\/stolpersteine\\\/#breadcrumb\"},\"inLanguage\":\"de\",\"potentialAction\":[{\"@type\":\"ReadAction\",\"target\":[\"https:\\\/\\\/buh-jesberg.de\\\/index.php\\\/stolpersteine\\\/\"]}]},{\"@type\":\"BreadcrumbList\",\"@id\":\"https:\\\/\\\/buh-jesberg.de\\\/index.php\\\/stolpersteine\\\/#breadcrumb\",\"itemListElement\":[{\"@type\":\"ListItem\",\"position\":1,\"name\":\"Startseite\",\"item\":\"https:\\\/\\\/buh-jesberg.de\\\/\"},{\"@type\":\"ListItem\",\"position\":2,\"name\":\"Stolpersteine\"}]},{\"@type\":\"WebSite\",\"@id\":\"https:\\\/\\\/buh-jesberg.de\\\/#website\",\"url\":\"https:\\\/\\\/buh-jesberg.de\\\/\",\"name\":\"Burg und Heimatverein Jesberg e.V.\",\"description\":\"Gemeinn\u00fctziger Verein in Jesberg\",\"publisher\":{\"@id\":\"https:\\\/\\\/buh-jesberg.de\\\/#organization\"},\"potentialAction\":[{\"@type\":\"SearchAction\",\"target\":{\"@type\":\"EntryPoint\",\"urlTemplate\":\"https:\\\/\\\/buh-jesberg.de\\\/?s={search_term_string}\"},\"query-input\":{\"@type\":\"PropertyValueSpecification\",\"valueRequired\":true,\"valueName\":\"search_term_string\"}}],\"inLanguage\":\"de\"},{\"@type\":\"Organization\",\"@id\":\"https:\\\/\\\/buh-jesberg.de\\\/#organization\",\"name\":\"Burg und Heimatverein Jesberg e.V.\",\"url\":\"https:\\\/\\\/buh-jesberg.de\\\/\",\"logo\":{\"@type\":\"ImageObject\",\"inLanguage\":\"de\",\"@id\":\"https:\\\/\\\/buh-jesberg.de\\\/#\\\/schema\\\/logo\\\/image\\\/\",\"url\":\"https:\\\/\\\/buh-jesberg.de\\\/wp-content\\\/uploads\\\/2023\\\/01\\\/Website_Logo-e1674580236324.jpg\",\"contentUrl\":\"https:\\\/\\\/buh-jesberg.de\\\/wp-content\\\/uploads\\\/2023\\\/01\\\/Website_Logo-e1674580236324.jpg\",\"width\":500,\"height\":501,\"caption\":\"Burg und Heimatverein Jesberg e.V.\"},\"image\":{\"@id\":\"https:\\\/\\\/buh-jesberg.de\\\/#\\\/schema\\\/logo\\\/image\\\/\"}}]}<\/script>\n<!-- \/ Yoast SEO plugin. -->","yoast_head_json":{"title":"Stolpersteine - Burg und Heimatverein Jesberg e.V.","robots":{"index":"index","follow":"follow","max-snippet":"max-snippet:-1","max-image-preview":"max-image-preview:large","max-video-preview":"max-video-preview:-1"},"canonical":"https:\/\/buh-jesberg.de\/index.php\/stolpersteine\/","og_locale":"de_DE","og_type":"article","og_title":"Stolpersteine - Burg und Heimatverein Jesberg e.V.","og_description":"Gedenken in Jesberg: Verlegung der Stolpersteine und bewegende Erinnerungen Am Nachmittag des 16.06.2025 fand in Jesberg eine w\u00fcrdevolle Gedenkveranstaltung zur Verlegung der ersten Stolpersteine statt. Beginn war um 16 Uhr [&hellip;]","og_url":"https:\/\/buh-jesberg.de\/index.php\/stolpersteine\/","og_site_name":"Burg und Heimatverein Jesberg e.V.","article_modified_time":"2025-06-30T09:59:09+00:00","twitter_card":"summary_large_image","twitter_misc":{"Gesch\u00e4tzte Lesezeit":"2\u00a0Minuten"},"schema":{"@context":"https:\/\/schema.org","@graph":[{"@type":"WebPage","@id":"https:\/\/buh-jesberg.de\/index.php\/stolpersteine\/","url":"https:\/\/buh-jesberg.de\/index.php\/stolpersteine\/","name":"Stolpersteine - Burg und Heimatverein Jesberg e.V.","isPartOf":{"@id":"https:\/\/buh-jesberg.de\/#website"},"datePublished":"2025-06-22T17:24:25+00:00","dateModified":"2025-06-30T09:59:09+00:00","breadcrumb":{"@id":"https:\/\/buh-jesberg.de\/index.php\/stolpersteine\/#breadcrumb"},"inLanguage":"de","potentialAction":[{"@type":"ReadAction","target":["https:\/\/buh-jesberg.de\/index.php\/stolpersteine\/"]}]},{"@type":"BreadcrumbList","@id":"https:\/\/buh-jesberg.de\/index.php\/stolpersteine\/#breadcrumb","itemListElement":[{"@type":"ListItem","position":1,"name":"Startseite","item":"https:\/\/buh-jesberg.de\/"},{"@type":"ListItem","position":2,"name":"Stolpersteine"}]},{"@type":"WebSite","@id":"https:\/\/buh-jesberg.de\/#website","url":"https:\/\/buh-jesberg.de\/","name":"Burg und Heimatverein Jesberg e.V.","description":"Gemeinn\u00fctziger Verein in Jesberg","publisher":{"@id":"https:\/\/buh-jesberg.de\/#organization"},"potentialAction":[{"@type":"SearchAction","target":{"@type":"EntryPoint","urlTemplate":"https:\/\/buh-jesberg.de\/?s={search_term_string}"},"query-input":{"@type":"PropertyValueSpecification","valueRequired":true,"valueName":"search_term_string"}}],"inLanguage":"de"},{"@type":"Organization","@id":"https:\/\/buh-jesberg.de\/#organization","name":"Burg und Heimatverein Jesberg e.V.","url":"https:\/\/buh-jesberg.de\/","logo":{"@type":"ImageObject","inLanguage":"de","@id":"https:\/\/buh-jesberg.de\/#\/schema\/logo\/image\/","url":"https:\/\/buh-jesberg.de\/wp-content\/uploads\/2023\/01\/Website_Logo-e1674580236324.jpg","contentUrl":"https:\/\/buh-jesberg.de\/wp-content\/uploads\/2023\/01\/Website_Logo-e1674580236324.jpg","width":500,"height":501,"caption":"Burg und Heimatverein Jesberg e.V."},"image":{"@id":"https:\/\/buh-jesberg.de\/#\/schema\/logo\/image\/"}}]}},"_links":{"self":[{"href":"https:\/\/buh-jesberg.de\/index.php\/wp-json\/wp\/v2\/pages\/8397","targetHints":{"allow":["GET"]}}],"collection":[{"href":"https:\/\/buh-jesberg.de\/index.php\/wp-json\/wp\/v2\/pages"}],"about":[{"href":"https:\/\/buh-jesberg.de\/index.php\/wp-json\/wp\/v2\/types\/page"}],"author":[{"embeddable":true,"href":"https:\/\/buh-jesberg.de\/index.php\/wp-json\/wp\/v2\/users\/2"}],"replies":[{"embeddable":true,"href":"https:\/\/buh-jesberg.de\/index.php\/wp-json\/wp\/v2\/comments?post=8397"}],"version-history":[{"count":9,"href":"https:\/\/buh-jesberg.de\/index.php\/wp-json\/wp\/v2\/pages\/8397\/revisions"}],"predecessor-version":[{"id":8429,"href":"https:\/\/buh-jesberg.de\/index.php\/wp-json\/wp\/v2\/pages\/8397\/revisions\/8429"}],"wp:attachment":[{"href":"https:\/\/buh-jesberg.de\/index.php\/wp-json\/wp\/v2\/media?parent=8397"}],"curies":[{"name":"wp","href":"https:\/\/api.w.org\/{rel}","templated":true}]}}