{"id":8494,"date":"2025-07-03T11:33:25","date_gmt":"2025-07-03T09:33:25","guid":{"rendered":"https:\/\/buh-jesberg.de\/?page_id=8494"},"modified":"2025-07-03T11:42:47","modified_gmt":"2025-07-03T09:42:47","slug":"burgfest-2025","status":"publish","type":"page","link":"https:\/\/buh-jesberg.de\/index.php\/burgfest-2025\/","title":{"rendered":"Burgfest 2025"},"content":{"rendered":"\t\t<div data-elementor-type=\"wp-page\" data-elementor-id=\"8494\" class=\"elementor elementor-8494\" data-elementor-post-type=\"page\">\n\t\t\t\t\t\t<section class=\"elementor-section elementor-top-section elementor-element elementor-element-31f2e98 elementor-section-boxed elementor-section-height-default elementor-section-height-default\" data-id=\"31f2e98\" data-element_type=\"section\" data-e-type=\"section\">\n\t\t\t\t\t\t<div class=\"elementor-container elementor-column-gap-default\">\n\t\t\t\t\t<div class=\"elementor-column elementor-col-100 elementor-top-column elementor-element elementor-element-46a768e\" data-id=\"46a768e\" data-element_type=\"column\" data-e-type=\"column\">\n\t\t\t<div class=\"elementor-widget-wrap elementor-element-populated\">\n\t\t\t\t\t\t<div class=\"elementor-element elementor-element-a995398 elementor-widget elementor-widget-text-editor\" data-id=\"a995398\" data-element_type=\"widget\" data-e-type=\"widget\" data-widget_type=\"text-editor.default\">\n\t\t\t\t<div class=\"elementor-widget-container\">\n\t\t\t\t\t\t\t\t\t<h3><span style=\"color: #99ccff;\"><strong>Burgfest der Gemeinde Jesberg<\/strong><\/span><\/h3><figure id=\"attachment_8462\" aria-describedby=\"caption-attachment-8462\" style=\"width: 248px\" class=\"wp-caption alignleft\"><img decoding=\"async\" class=\" wp-image-8462\" src=\"https:\/\/buh-jesberg.de\/wp-content\/uploads\/2025\/07\/8-Vorfuehrung-300x169.jpg\" alt=\"Burgfest 2025\" width=\"248\" height=\"140\" srcset=\"https:\/\/buh-jesberg.de\/wp-content\/uploads\/2025\/07\/8-Vorfuehrung-300x169.jpg 300w, https:\/\/buh-jesberg.de\/wp-content\/uploads\/2025\/07\/8-Vorfuehrung-768x432.jpg 768w, https:\/\/buh-jesberg.de\/wp-content\/uploads\/2025\/07\/8-Vorfuehrung-1536x864.jpg 1536w, https:\/\/buh-jesberg.de\/wp-content\/uploads\/2025\/07\/8-Vorfuehrung.jpg 1920w\" sizes=\"(max-width: 248px) 100vw, 248px\" \/><figcaption id=\"caption-attachment-8462\" class=\"wp-caption-text\">Burgfest 2025<\/figcaption><\/figure><p>Auch in diesem Jahr fand auf dem Schlossberg bei sehr hei\u00dfem Wetter das Burgfest statt. Das Motto war \u201eGlanz und Gloria\u201c! Alle Standbetreiberinnen und Standbetreiber hatten sich zu diesem Motto etwas einfallen lassen.<\/p><p>Am 28.06.2025 spielte die Band <a href=\"http:\/\/nextchapter.de\/02_band\/band.html\">Next Chapter<\/a> hei\u00dfe Musik, die auch das Publikum zum Kochen brachte. Hier wurde bis sp\u00e4t in die Nacht bei sehr guter Laune zu rockiger Musik getanzt. Nach dem Konzert gab es noch k\u00fchle Getr\u00e4nke am Bierpilz.<\/p><p>Der zweite Tag begann mit einem Gottesdienst, den Herr Pfarrer Keller zusammen mit Mitgliedern des Kirchenvorstandes und dem Ev. Posaunenchor Elnrode-Strang und dem Ev. Kinderchor gestaltete.<\/p><p>Anschlie\u00dfend er\u00f6ffnete B\u00fcrgermeister Heiko Manz den zweiten Tag des Burgfestes. Am Nachmittag gab es viele verschiedene Darbietungen. Mit dabei waren: die Kinder der Kellerwaldschule, der Kita \u201eHand in Hand\u201c, der Kinderchor der evangelischen Kirchengemeinde Jesberg sowie die Cheerleading-Gruppe \u201eSchwalmstadt Dynamites\u201c, in Begleitung ihrer \u201eMini-Mites\u201c und die Line-Dance-Gruppe Reptich.<\/p><p>Die Marktst\u00e4nde, die wie immer \u00fcber das Burggel\u00e4nde verteilt aufgebaut waren, wurden ebenfalls gut besucht. Hier gab es regionale Speisen, s\u00fc\u00dfe Verlockungen, Bier, alkoholfreie Getr\u00e4nke und handwerkliche Kunstgegenst\u00e4nde zu kaufen. F\u00fcr die Kinder war ein Goldsch\u00fcrfanlage aufgebaut, um im k\u00fchlen Kies nach \u201eGold\u201c zu suchen.<\/p><p>Der Burg- und Heimatverein lud traditionell im zur Weintaverne umfunktionierten fr\u00fcheren Burgpalas zu gek\u00fchltem Wein und anderen Leckereien ein. Ein Highlight war das Abseilen vom Burgturm. Mut und Vertrauen waren hier gefragt.<\/p><p>Das gelungene Fest endete dann gegen 18.00 Uhr.<\/p><p>Hier sind die <a href=\"https:\/\/buh-jesberg.de\/index.php\/bilder-burgfest-2025\/\">Bilder<\/a> der zwei Tage zu sehen.<\/p>\t\t\t\t\t\t\t\t<\/div>\n\t\t\t\t<\/div>\n\t\t\t\t\t<\/div>\n\t\t<\/div>\n\t\t\t\t\t<\/div>\n\t\t<\/section>\n\t\t\t\t<\/div>\n\t\t","protected":false},"excerpt":{"rendered":"<p>Burgfest der Gemeinde Jesberg Auch in diesem Jahr fand auf dem Schlossberg bei sehr hei\u00dfem Wetter das Burgfest statt. Das Motto war \u201eGlanz und Gloria\u201c! Alle Standbetreiberinnen und Standbetreiber hatten [&hellip;]<\/p>\n","protected":false},"author":2,"featured_media":0,"parent":0,"menu_order":0,"comment_status":"closed","ping_status":"closed","template":"","meta":{"_monsterinsights_skip_tracking":false,"_monsterinsights_sitenote_active":false,"_monsterinsights_sitenote_note":"","_monsterinsights_sitenote_category":0,"footnotes":""},"class_list":["post-8494","page","type-page","status-publish","hentry"],"yoast_head":"<!-- This site is optimized with the Yoast SEO plugin v27.3 - https:\/\/yoast.com\/product\/yoast-seo-wordpress\/ -->\n<title>Burgfest 2025 - Burg und Heimatverein Jesberg e.V.<\/title>\n<meta name=\"robots\" content=\"index, follow, max-snippet:-1, max-image-preview:large, max-video-preview:-1\" \/>\n<link rel=\"canonical\" href=\"https:\/\/buh-jesberg.de\/index.php\/burgfest-2025\/\" \/>\n<meta property=\"og:locale\" content=\"de_DE\" \/>\n<meta property=\"og:type\" content=\"article\" \/>\n<meta property=\"og:title\" content=\"Burgfest 2025 - Burg und Heimatverein Jesberg e.V.\" \/>\n<meta property=\"og:description\" content=\"Burgfest der Gemeinde Jesberg Auch in diesem Jahr fand auf dem Schlossberg bei sehr hei\u00dfem Wetter das Burgfest statt. Das Motto war \u201eGlanz und Gloria\u201c! Alle Standbetreiberinnen und Standbetreiber hatten [&hellip;]\" \/>\n<meta property=\"og:url\" content=\"https:\/\/buh-jesberg.de\/index.php\/burgfest-2025\/\" \/>\n<meta property=\"og:site_name\" content=\"Burg und Heimatverein Jesberg e.V.\" \/>\n<meta property=\"article:modified_time\" content=\"2025-07-03T09:42:47+00:00\" \/>\n<meta property=\"og:image\" content=\"https:\/\/buh-jesberg.de\/wp-content\/uploads\/2025\/07\/8-Vorfuehrung.jpg\" \/>\n\t<meta property=\"og:image:width\" content=\"1920\" \/>\n\t<meta property=\"og:image:height\" content=\"1080\" \/>\n\t<meta property=\"og:image:type\" content=\"image\/jpeg\" \/>\n<meta name=\"twitter:card\" content=\"summary_large_image\" \/>\n<meta name=\"twitter:label1\" content=\"Gesch\u00e4tzte Lesezeit\" \/>\n\t<meta name=\"twitter:data1\" content=\"2\u00a0Minuten\" \/>\n<script type=\"application\/ld+json\" class=\"yoast-schema-graph\">{\"@context\":\"https:\\\/\\\/schema.org\",\"@graph\":[{\"@type\":\"WebPage\",\"@id\":\"https:\\\/\\\/buh-jesberg.de\\\/index.php\\\/burgfest-2025\\\/\",\"url\":\"https:\\\/\\\/buh-jesberg.de\\\/index.php\\\/burgfest-2025\\\/\",\"name\":\"Burgfest 2025 - Burg und Heimatverein Jesberg e.V.\",\"isPartOf\":{\"@id\":\"https:\\\/\\\/buh-jesberg.de\\\/#website\"},\"primaryImageOfPage\":{\"@id\":\"https:\\\/\\\/buh-jesberg.de\\\/index.php\\\/burgfest-2025\\\/#primaryimage\"},\"image\":{\"@id\":\"https:\\\/\\\/buh-jesberg.de\\\/index.php\\\/burgfest-2025\\\/#primaryimage\"},\"thumbnailUrl\":\"https:\\\/\\\/buh-jesberg.de\\\/wp-content\\\/uploads\\\/2025\\\/07\\\/8-Vorfuehrung-300x169.jpg\",\"datePublished\":\"2025-07-03T09:33:25+00:00\",\"dateModified\":\"2025-07-03T09:42:47+00:00\",\"breadcrumb\":{\"@id\":\"https:\\\/\\\/buh-jesberg.de\\\/index.php\\\/burgfest-2025\\\/#breadcrumb\"},\"inLanguage\":\"de\",\"potentialAction\":[{\"@type\":\"ReadAction\",\"target\":[\"https:\\\/\\\/buh-jesberg.de\\\/index.php\\\/burgfest-2025\\\/\"]}]},{\"@type\":\"ImageObject\",\"inLanguage\":\"de\",\"@id\":\"https:\\\/\\\/buh-jesberg.de\\\/index.php\\\/burgfest-2025\\\/#primaryimage\",\"url\":\"https:\\\/\\\/buh-jesberg.de\\\/wp-content\\\/uploads\\\/2025\\\/07\\\/8-Vorfuehrung.jpg\",\"contentUrl\":\"https:\\\/\\\/buh-jesberg.de\\\/wp-content\\\/uploads\\\/2025\\\/07\\\/8-Vorfuehrung.jpg\",\"width\":1920,\"height\":1080,\"caption\":\"Burgfest 2025\"},{\"@type\":\"BreadcrumbList\",\"@id\":\"https:\\\/\\\/buh-jesberg.de\\\/index.php\\\/burgfest-2025\\\/#breadcrumb\",\"itemListElement\":[{\"@type\":\"ListItem\",\"position\":1,\"name\":\"Startseite\",\"item\":\"https:\\\/\\\/buh-jesberg.de\\\/\"},{\"@type\":\"ListItem\",\"position\":2,\"name\":\"Burgfest 2025\"}]},{\"@type\":\"WebSite\",\"@id\":\"https:\\\/\\\/buh-jesberg.de\\\/#website\",\"url\":\"https:\\\/\\\/buh-jesberg.de\\\/\",\"name\":\"Burg und Heimatverein Jesberg e.V.\",\"description\":\"Gemeinn\u00fctziger Verein in Jesberg\",\"publisher\":{\"@id\":\"https:\\\/\\\/buh-jesberg.de\\\/#organization\"},\"potentialAction\":[{\"@type\":\"SearchAction\",\"target\":{\"@type\":\"EntryPoint\",\"urlTemplate\":\"https:\\\/\\\/buh-jesberg.de\\\/?s={search_term_string}\"},\"query-input\":{\"@type\":\"PropertyValueSpecification\",\"valueRequired\":true,\"valueName\":\"search_term_string\"}}],\"inLanguage\":\"de\"},{\"@type\":\"Organization\",\"@id\":\"https:\\\/\\\/buh-jesberg.de\\\/#organization\",\"name\":\"Burg und Heimatverein Jesberg e.V.\",\"url\":\"https:\\\/\\\/buh-jesberg.de\\\/\",\"logo\":{\"@type\":\"ImageObject\",\"inLanguage\":\"de\",\"@id\":\"https:\\\/\\\/buh-jesberg.de\\\/#\\\/schema\\\/logo\\\/image\\\/\",\"url\":\"https:\\\/\\\/buh-jesberg.de\\\/wp-content\\\/uploads\\\/2023\\\/01\\\/Website_Logo-e1674580236324.jpg\",\"contentUrl\":\"https:\\\/\\\/buh-jesberg.de\\\/wp-content\\\/uploads\\\/2023\\\/01\\\/Website_Logo-e1674580236324.jpg\",\"width\":500,\"height\":501,\"caption\":\"Burg und Heimatverein Jesberg e.V.\"},\"image\":{\"@id\":\"https:\\\/\\\/buh-jesberg.de\\\/#\\\/schema\\\/logo\\\/image\\\/\"}}]}<\/script>\n<!-- \/ Yoast SEO plugin. -->","yoast_head_json":{"title":"Burgfest 2025 - Burg und Heimatverein Jesberg e.V.","robots":{"index":"index","follow":"follow","max-snippet":"max-snippet:-1","max-image-preview":"max-image-preview:large","max-video-preview":"max-video-preview:-1"},"canonical":"https:\/\/buh-jesberg.de\/index.php\/burgfest-2025\/","og_locale":"de_DE","og_type":"article","og_title":"Burgfest 2025 - Burg und Heimatverein Jesberg e.V.","og_description":"Burgfest der Gemeinde Jesberg Auch in diesem Jahr fand auf dem Schlossberg bei sehr hei\u00dfem Wetter das Burgfest statt. Das Motto war \u201eGlanz und Gloria\u201c! Alle Standbetreiberinnen und Standbetreiber hatten [&hellip;]","og_url":"https:\/\/buh-jesberg.de\/index.php\/burgfest-2025\/","og_site_name":"Burg und Heimatverein Jesberg e.V.","article_modified_time":"2025-07-03T09:42:47+00:00","og_image":[{"width":1920,"height":1080,"url":"https:\/\/buh-jesberg.de\/wp-content\/uploads\/2025\/07\/8-Vorfuehrung.jpg","type":"image\/jpeg"}],"twitter_card":"summary_large_image","twitter_misc":{"Gesch\u00e4tzte Lesezeit":"2\u00a0Minuten"},"schema":{"@context":"https:\/\/schema.org","@graph":[{"@type":"WebPage","@id":"https:\/\/buh-jesberg.de\/index.php\/burgfest-2025\/","url":"https:\/\/buh-jesberg.de\/index.php\/burgfest-2025\/","name":"Burgfest 2025 - Burg und Heimatverein Jesberg e.V.","isPartOf":{"@id":"https:\/\/buh-jesberg.de\/#website"},"primaryImageOfPage":{"@id":"https:\/\/buh-jesberg.de\/index.php\/burgfest-2025\/#primaryimage"},"image":{"@id":"https:\/\/buh-jesberg.de\/index.php\/burgfest-2025\/#primaryimage"},"thumbnailUrl":"https:\/\/buh-jesberg.de\/wp-content\/uploads\/2025\/07\/8-Vorfuehrung-300x169.jpg","datePublished":"2025-07-03T09:33:25+00:00","dateModified":"2025-07-03T09:42:47+00:00","breadcrumb":{"@id":"https:\/\/buh-jesberg.de\/index.php\/burgfest-2025\/#breadcrumb"},"inLanguage":"de","potentialAction":[{"@type":"ReadAction","target":["https:\/\/buh-jesberg.de\/index.php\/burgfest-2025\/"]}]},{"@type":"ImageObject","inLanguage":"de","@id":"https:\/\/buh-jesberg.de\/index.php\/burgfest-2025\/#primaryimage","url":"https:\/\/buh-jesberg.de\/wp-content\/uploads\/2025\/07\/8-Vorfuehrung.jpg","contentUrl":"https:\/\/buh-jesberg.de\/wp-content\/uploads\/2025\/07\/8-Vorfuehrung.jpg","width":1920,"height":1080,"caption":"Burgfest 2025"},{"@type":"BreadcrumbList","@id":"https:\/\/buh-jesberg.de\/index.php\/burgfest-2025\/#breadcrumb","itemListElement":[{"@type":"ListItem","position":1,"name":"Startseite","item":"https:\/\/buh-jesberg.de\/"},{"@type":"ListItem","position":2,"name":"Burgfest 2025"}]},{"@type":"WebSite","@id":"https:\/\/buh-jesberg.de\/#website","url":"https:\/\/buh-jesberg.de\/","name":"Burg und Heimatverein Jesberg e.V.","description":"Gemeinn\u00fctziger Verein in Jesberg","publisher":{"@id":"https:\/\/buh-jesberg.de\/#organization"},"potentialAction":[{"@type":"SearchAction","target":{"@type":"EntryPoint","urlTemplate":"https:\/\/buh-jesberg.de\/?s={search_term_string}"},"query-input":{"@type":"PropertyValueSpecification","valueRequired":true,"valueName":"search_term_string"}}],"inLanguage":"de"},{"@type":"Organization","@id":"https:\/\/buh-jesberg.de\/#organization","name":"Burg und Heimatverein Jesberg e.V.","url":"https:\/\/buh-jesberg.de\/","logo":{"@type":"ImageObject","inLanguage":"de","@id":"https:\/\/buh-jesberg.de\/#\/schema\/logo\/image\/","url":"https:\/\/buh-jesberg.de\/wp-content\/uploads\/2023\/01\/Website_Logo-e1674580236324.jpg","contentUrl":"https:\/\/buh-jesberg.de\/wp-content\/uploads\/2023\/01\/Website_Logo-e1674580236324.jpg","width":500,"height":501,"caption":"Burg und Heimatverein Jesberg e.V."},"image":{"@id":"https:\/\/buh-jesberg.de\/#\/schema\/logo\/image\/"}}]}},"_links":{"self":[{"href":"https:\/\/buh-jesberg.de\/index.php\/wp-json\/wp\/v2\/pages\/8494","targetHints":{"allow":["GET"]}}],"collection":[{"href":"https:\/\/buh-jesberg.de\/index.php\/wp-json\/wp\/v2\/pages"}],"about":[{"href":"https:\/\/buh-jesberg.de\/index.php\/wp-json\/wp\/v2\/types\/page"}],"author":[{"embeddable":true,"href":"https:\/\/buh-jesberg.de\/index.php\/wp-json\/wp\/v2\/users\/2"}],"replies":[{"embeddable":true,"href":"https:\/\/buh-jesberg.de\/index.php\/wp-json\/wp\/v2\/comments?post=8494"}],"version-history":[{"count":27,"href":"https:\/\/buh-jesberg.de\/index.php\/wp-json\/wp\/v2\/pages\/8494\/revisions"}],"predecessor-version":[{"id":8521,"href":"https:\/\/buh-jesberg.de\/index.php\/wp-json\/wp\/v2\/pages\/8494\/revisions\/8521"}],"wp:attachment":[{"href":"https:\/\/buh-jesberg.de\/index.php\/wp-json\/wp\/v2\/media?parent=8494"}],"curies":[{"name":"wp","href":"https:\/\/api.w.org\/{rel}","templated":true}]}}