{"id":8987,"date":"2026-03-17T12:08:27","date_gmt":"2026-03-17T11:08:27","guid":{"rendered":"https:\/\/buh-jesberg.de\/?page_id=8987"},"modified":"2026-03-17T12:18:40","modified_gmt":"2026-03-17T11:18:40","slug":"renaturierung-der-gilsa-auf-hoehe-des-campingplatzes","status":"publish","type":"page","link":"https:\/\/buh-jesberg.de\/index.php\/renaturierung-der-gilsa-auf-hoehe-des-campingplatzes\/","title":{"rendered":"Renaturierung der Gilsa auf H\u00f6he des Campingplatzes im Oktober 2022"},"content":{"rendered":"\t\t<div data-elementor-type=\"wp-page\" data-elementor-id=\"8987\" class=\"elementor elementor-8987\" data-elementor-post-type=\"page\">\n\t\t\t\t\t\t<section class=\"elementor-section elementor-top-section elementor-element elementor-element-d7cd90d elementor-section-boxed elementor-section-height-default elementor-section-height-default\" data-id=\"d7cd90d\" data-element_type=\"section\" data-e-type=\"section\">\n\t\t\t\t\t\t<div class=\"elementor-container elementor-column-gap-default\">\n\t\t\t\t\t<div class=\"elementor-column elementor-col-100 elementor-top-column elementor-element elementor-element-c56dab2\" data-id=\"c56dab2\" data-element_type=\"column\" data-e-type=\"column\">\n\t\t\t<div class=\"elementor-widget-wrap elementor-element-populated\">\n\t\t\t\t\t\t<div class=\"elementor-element elementor-element-c9f1fe8 elementor-widget elementor-widget-text-editor\" data-id=\"c9f1fe8\" data-element_type=\"widget\" data-e-type=\"widget\" data-widget_type=\"text-editor.default\">\n\t\t\t\t<div class=\"elementor-widget-container\">\n\t\t\t\t\t\t\t\t\t<p>Die W\u00e4lle werden in Flie\u00dfrichtung vor dem Campingplatz Jesberg angelegt um einen Sicherheitsabstand stromabw\u00e4rts zum Campingplatz einzuhalten und um einen R\u00fcckstau in diesem Gebiet zu vermeiden. Die Vorlandw\u00e4lle sind als flache Erdw\u00e4lle mit einer Schulterh\u00f6he von ca. 0,50 m und einer B\u00f6schungsneigung von 1: 10 vorgesehen, so dass sie in die landwirtschaftliche M\u00e4hwiesennutzung integriert werden k\u00f6nnen. Der Standort der Anlage ist direkt entlang der vorhandenen H\u00f6henlinien. Nach der Profilierung des Dammk\u00f6rpers wird der Oberboden, zusammen mit n\u00e4hrstoffarmem Unterboden, wieder aufgetragen.<br \/>Dabei wird kein ortsfremder Boden verwendet.<\/p><p><a href=\"https:\/\/buh-jesberg.de\/index.php\/bilder_renaturierung-gilsa\/\">Hier sehen Sie ein paar ausgew\u00e4hle Bilder!<\/a><\/p>\t\t\t\t\t\t\t\t<\/div>\n\t\t\t\t<\/div>\n\t\t\t\t\t<\/div>\n\t\t<\/div>\n\t\t\t\t\t<\/div>\n\t\t<\/section>\n\t\t\t\t<\/div>\n\t\t","protected":false},"excerpt":{"rendered":"<p>Die W\u00e4lle werden in Flie\u00dfrichtung vor dem Campingplatz Jesberg angelegt um einen Sicherheitsabstand stromabw\u00e4rts zum Campingplatz einzuhalten und um einen R\u00fcckstau in diesem Gebiet zu vermeiden. Die Vorlandw\u00e4lle sind als [&hellip;]<\/p>\n","protected":false},"author":2,"featured_media":0,"parent":0,"menu_order":0,"comment_status":"closed","ping_status":"closed","template":"","meta":{"_monsterinsights_skip_tracking":false,"_monsterinsights_sitenote_active":false,"_monsterinsights_sitenote_note":"","_monsterinsights_sitenote_category":0,"footnotes":""},"class_list":["post-8987","page","type-page","status-publish","hentry"],"yoast_head":"<!-- This site is optimized with the Yoast SEO plugin v27.5 - https:\/\/yoast.com\/product\/yoast-seo-wordpress\/ -->\n<title>Renaturierung der Gilsa auf H\u00f6he des Campingplatzes im Oktober 2022 - Burg und Heimatverein Jesberg e.V.<\/title>\n<meta name=\"robots\" content=\"index, follow, max-snippet:-1, max-image-preview:large, max-video-preview:-1\" \/>\n<link rel=\"canonical\" href=\"https:\/\/buh-jesberg.de\/index.php\/renaturierung-der-gilsa-auf-hoehe-des-campingplatzes\/\" \/>\n<meta property=\"og:locale\" content=\"de_DE\" \/>\n<meta property=\"og:type\" content=\"article\" \/>\n<meta property=\"og:title\" content=\"Renaturierung der Gilsa auf H\u00f6he des Campingplatzes im Oktober 2022 - Burg und Heimatverein Jesberg e.V.\" \/>\n<meta property=\"og:description\" content=\"Die W\u00e4lle werden in Flie\u00dfrichtung vor dem Campingplatz Jesberg angelegt um einen Sicherheitsabstand stromabw\u00e4rts zum Campingplatz einzuhalten und um einen R\u00fcckstau in diesem Gebiet zu vermeiden. Die Vorlandw\u00e4lle sind als [&hellip;]\" \/>\n<meta property=\"og:url\" content=\"https:\/\/buh-jesberg.de\/index.php\/renaturierung-der-gilsa-auf-hoehe-des-campingplatzes\/\" \/>\n<meta property=\"og:site_name\" content=\"Burg und Heimatverein Jesberg e.V.\" \/>\n<meta property=\"article:modified_time\" content=\"2026-03-17T11:18:40+00:00\" \/>\n<meta name=\"twitter:card\" content=\"summary_large_image\" \/>\n<meta name=\"twitter:label1\" content=\"Gesch\u00e4tzte Lesezeit\" \/>\n\t<meta name=\"twitter:data1\" content=\"1\u00a0Minute\" \/>\n<script type=\"application\/ld+json\" class=\"yoast-schema-graph\">{\"@context\":\"https:\\\/\\\/schema.org\",\"@graph\":[{\"@type\":\"WebPage\",\"@id\":\"https:\\\/\\\/buh-jesberg.de\\\/index.php\\\/renaturierung-der-gilsa-auf-hoehe-des-campingplatzes\\\/\",\"url\":\"https:\\\/\\\/buh-jesberg.de\\\/index.php\\\/renaturierung-der-gilsa-auf-hoehe-des-campingplatzes\\\/\",\"name\":\"Renaturierung der Gilsa auf H\u00f6he des Campingplatzes im Oktober 2022 - Burg und Heimatverein Jesberg e.V.\",\"isPartOf\":{\"@id\":\"https:\\\/\\\/buh-jesberg.de\\\/#website\"},\"datePublished\":\"2026-03-17T11:08:27+00:00\",\"dateModified\":\"2026-03-17T11:18:40+00:00\",\"breadcrumb\":{\"@id\":\"https:\\\/\\\/buh-jesberg.de\\\/index.php\\\/renaturierung-der-gilsa-auf-hoehe-des-campingplatzes\\\/#breadcrumb\"},\"inLanguage\":\"de\",\"potentialAction\":[{\"@type\":\"ReadAction\",\"target\":[\"https:\\\/\\\/buh-jesberg.de\\\/index.php\\\/renaturierung-der-gilsa-auf-hoehe-des-campingplatzes\\\/\"]}]},{\"@type\":\"BreadcrumbList\",\"@id\":\"https:\\\/\\\/buh-jesberg.de\\\/index.php\\\/renaturierung-der-gilsa-auf-hoehe-des-campingplatzes\\\/#breadcrumb\",\"itemListElement\":[{\"@type\":\"ListItem\",\"position\":1,\"name\":\"Startseite\",\"item\":\"https:\\\/\\\/buh-jesberg.de\\\/\"},{\"@type\":\"ListItem\",\"position\":2,\"name\":\"Renaturierung der Gilsa auf H\u00f6he des Campingplatzes im Oktober 2022\"}]},{\"@type\":\"WebSite\",\"@id\":\"https:\\\/\\\/buh-jesberg.de\\\/#website\",\"url\":\"https:\\\/\\\/buh-jesberg.de\\\/\",\"name\":\"Burg und Heimatverein Jesberg e.V.\",\"description\":\"Gemeinn\u00fctziger Verein in Jesberg\",\"publisher\":{\"@id\":\"https:\\\/\\\/buh-jesberg.de\\\/#organization\"},\"potentialAction\":[{\"@type\":\"SearchAction\",\"target\":{\"@type\":\"EntryPoint\",\"urlTemplate\":\"https:\\\/\\\/buh-jesberg.de\\\/?s={search_term_string}\"},\"query-input\":{\"@type\":\"PropertyValueSpecification\",\"valueRequired\":true,\"valueName\":\"search_term_string\"}}],\"inLanguage\":\"de\"},{\"@type\":\"Organization\",\"@id\":\"https:\\\/\\\/buh-jesberg.de\\\/#organization\",\"name\":\"Burg und Heimatverein Jesberg e.V.\",\"url\":\"https:\\\/\\\/buh-jesberg.de\\\/\",\"logo\":{\"@type\":\"ImageObject\",\"inLanguage\":\"de\",\"@id\":\"https:\\\/\\\/buh-jesberg.de\\\/#\\\/schema\\\/logo\\\/image\\\/\",\"url\":\"https:\\\/\\\/buh-jesberg.de\\\/wp-content\\\/uploads\\\/2023\\\/01\\\/Website_Logo-e1674580236324.jpg\",\"contentUrl\":\"https:\\\/\\\/buh-jesberg.de\\\/wp-content\\\/uploads\\\/2023\\\/01\\\/Website_Logo-e1674580236324.jpg\",\"width\":500,\"height\":501,\"caption\":\"Burg und Heimatverein Jesberg e.V.\"},\"image\":{\"@id\":\"https:\\\/\\\/buh-jesberg.de\\\/#\\\/schema\\\/logo\\\/image\\\/\"}}]}<\/script>\n<!-- \/ Yoast SEO plugin. -->","yoast_head_json":{"title":"Renaturierung der Gilsa auf H\u00f6he des Campingplatzes im Oktober 2022 - Burg und Heimatverein Jesberg e.V.","robots":{"index":"index","follow":"follow","max-snippet":"max-snippet:-1","max-image-preview":"max-image-preview:large","max-video-preview":"max-video-preview:-1"},"canonical":"https:\/\/buh-jesberg.de\/index.php\/renaturierung-der-gilsa-auf-hoehe-des-campingplatzes\/","og_locale":"de_DE","og_type":"article","og_title":"Renaturierung der Gilsa auf H\u00f6he des Campingplatzes im Oktober 2022 - Burg und Heimatverein Jesberg e.V.","og_description":"Die W\u00e4lle werden in Flie\u00dfrichtung vor dem Campingplatz Jesberg angelegt um einen Sicherheitsabstand stromabw\u00e4rts zum Campingplatz einzuhalten und um einen R\u00fcckstau in diesem Gebiet zu vermeiden. Die Vorlandw\u00e4lle sind als [&hellip;]","og_url":"https:\/\/buh-jesberg.de\/index.php\/renaturierung-der-gilsa-auf-hoehe-des-campingplatzes\/","og_site_name":"Burg und Heimatverein Jesberg e.V.","article_modified_time":"2026-03-17T11:18:40+00:00","twitter_card":"summary_large_image","twitter_misc":{"Gesch\u00e4tzte Lesezeit":"1\u00a0Minute"},"schema":{"@context":"https:\/\/schema.org","@graph":[{"@type":"WebPage","@id":"https:\/\/buh-jesberg.de\/index.php\/renaturierung-der-gilsa-auf-hoehe-des-campingplatzes\/","url":"https:\/\/buh-jesberg.de\/index.php\/renaturierung-der-gilsa-auf-hoehe-des-campingplatzes\/","name":"Renaturierung der Gilsa auf H\u00f6he des Campingplatzes im Oktober 2022 - Burg und Heimatverein Jesberg e.V.","isPartOf":{"@id":"https:\/\/buh-jesberg.de\/#website"},"datePublished":"2026-03-17T11:08:27+00:00","dateModified":"2026-03-17T11:18:40+00:00","breadcrumb":{"@id":"https:\/\/buh-jesberg.de\/index.php\/renaturierung-der-gilsa-auf-hoehe-des-campingplatzes\/#breadcrumb"},"inLanguage":"de","potentialAction":[{"@type":"ReadAction","target":["https:\/\/buh-jesberg.de\/index.php\/renaturierung-der-gilsa-auf-hoehe-des-campingplatzes\/"]}]},{"@type":"BreadcrumbList","@id":"https:\/\/buh-jesberg.de\/index.php\/renaturierung-der-gilsa-auf-hoehe-des-campingplatzes\/#breadcrumb","itemListElement":[{"@type":"ListItem","position":1,"name":"Startseite","item":"https:\/\/buh-jesberg.de\/"},{"@type":"ListItem","position":2,"name":"Renaturierung der Gilsa auf H\u00f6he des Campingplatzes im Oktober 2022"}]},{"@type":"WebSite","@id":"https:\/\/buh-jesberg.de\/#website","url":"https:\/\/buh-jesberg.de\/","name":"Burg und Heimatverein Jesberg e.V.","description":"Gemeinn\u00fctziger Verein in Jesberg","publisher":{"@id":"https:\/\/buh-jesberg.de\/#organization"},"potentialAction":[{"@type":"SearchAction","target":{"@type":"EntryPoint","urlTemplate":"https:\/\/buh-jesberg.de\/?s={search_term_string}"},"query-input":{"@type":"PropertyValueSpecification","valueRequired":true,"valueName":"search_term_string"}}],"inLanguage":"de"},{"@type":"Organization","@id":"https:\/\/buh-jesberg.de\/#organization","name":"Burg und Heimatverein Jesberg e.V.","url":"https:\/\/buh-jesberg.de\/","logo":{"@type":"ImageObject","inLanguage":"de","@id":"https:\/\/buh-jesberg.de\/#\/schema\/logo\/image\/","url":"https:\/\/buh-jesberg.de\/wp-content\/uploads\/2023\/01\/Website_Logo-e1674580236324.jpg","contentUrl":"https:\/\/buh-jesberg.de\/wp-content\/uploads\/2023\/01\/Website_Logo-e1674580236324.jpg","width":500,"height":501,"caption":"Burg und Heimatverein Jesberg e.V."},"image":{"@id":"https:\/\/buh-jesberg.de\/#\/schema\/logo\/image\/"}}]}},"_links":{"self":[{"href":"https:\/\/buh-jesberg.de\/index.php\/wp-json\/wp\/v2\/pages\/8987","targetHints":{"allow":["GET"]}}],"collection":[{"href":"https:\/\/buh-jesberg.de\/index.php\/wp-json\/wp\/v2\/pages"}],"about":[{"href":"https:\/\/buh-jesberg.de\/index.php\/wp-json\/wp\/v2\/types\/page"}],"author":[{"embeddable":true,"href":"https:\/\/buh-jesberg.de\/index.php\/wp-json\/wp\/v2\/users\/2"}],"replies":[{"embeddable":true,"href":"https:\/\/buh-jesberg.de\/index.php\/wp-json\/wp\/v2\/comments?post=8987"}],"version-history":[{"count":7,"href":"https:\/\/buh-jesberg.de\/index.php\/wp-json\/wp\/v2\/pages\/8987\/revisions"}],"predecessor-version":[{"id":9002,"href":"https:\/\/buh-jesberg.de\/index.php\/wp-json\/wp\/v2\/pages\/8987\/revisions\/9002"}],"wp:attachment":[{"href":"https:\/\/buh-jesberg.de\/index.php\/wp-json\/wp\/v2\/media?parent=8987"}],"curies":[{"name":"wp","href":"https:\/\/api.w.org\/{rel}","templated":true}]}}