{"id":9043,"date":"2026-03-17T13:13:46","date_gmt":"2026-03-17T12:13:46","guid":{"rendered":"https:\/\/buh-jesberg.de\/?page_id=9043"},"modified":"2026-03-17T13:16:25","modified_gmt":"2026-03-17T12:16:25","slug":"neuer-strassenbelag-b3-zwischen-jesberg-und-richerode","status":"publish","type":"page","link":"https:\/\/buh-jesberg.de\/index.php\/neuer-strassenbelag-b3-zwischen-jesberg-und-richerode\/","title":{"rendered":"Neuer Stra\u00dfenbelag B3 zwischen Jesberg und Richerode"},"content":{"rendered":"\t\t<div data-elementor-type=\"wp-page\" data-elementor-id=\"9043\" class=\"elementor elementor-9043\" data-elementor-post-type=\"page\">\n\t\t\t\t\t\t<section class=\"elementor-section elementor-top-section elementor-element elementor-element-7a28eb0 elementor-section-boxed elementor-section-height-default elementor-section-height-default\" data-id=\"7a28eb0\" data-element_type=\"section\" data-e-type=\"section\">\n\t\t\t\t\t\t<div class=\"elementor-container elementor-column-gap-default\">\n\t\t\t\t\t<div class=\"elementor-column elementor-col-100 elementor-top-column elementor-element elementor-element-0103653\" data-id=\"0103653\" data-element_type=\"column\" data-e-type=\"column\">\n\t\t\t<div class=\"elementor-widget-wrap elementor-element-populated\">\n\t\t\t\t\t\t<div class=\"elementor-element elementor-element-1132668 elementor-widget elementor-widget-text-editor\" data-id=\"1132668\" data-element_type=\"widget\" data-e-type=\"widget\" data-widget_type=\"text-editor.default\">\n\t\t\t\t<div class=\"elementor-widget-container\">\n\t\t\t\t\t\t\t\t\t<p>Die Fahrbahn zwischen Jesberg und Richerode wurde in der Zeit vom 07.06.2025 bis zum 05.12.2026 auf einer Gesamtl\u00e4nge von 3,6 Kilometern erneuert. Der alte Asphalt wurde komplett entfernt und neu belegt. Die kalkulierte Zeit von 6 Wochen wurde deutlich \u00fcberschritten, da Sch\u00e4den am Unterbau sichtbar wurden. Auch die Stra\u00dfenentw\u00e4sserung wurde je nach Zustand erneuert oder ausgebessert.<\/p><p><a href=\"https:\/\/buh-jesberg.de\/index.php\/bilder-b3-neu-von-jesberg-nach-richerode-2025-07\/\">Hier sind ausgew\u00e4hlte Bilder zu sehen!<\/a><\/p>\t\t\t\t\t\t\t\t<\/div>\n\t\t\t\t<\/div>\n\t\t\t\t\t<\/div>\n\t\t<\/div>\n\t\t\t\t\t<\/div>\n\t\t<\/section>\n\t\t\t\t<\/div>\n\t\t","protected":false},"excerpt":{"rendered":"<p>Die Fahrbahn zwischen Jesberg und Richerode wurde in der Zeit vom 07.06.2025 bis zum 05.12.2026 auf einer Gesamtl\u00e4nge von 3,6 Kilometern erneuert. Der alte Asphalt wurde komplett entfernt und neu [&hellip;]<\/p>\n","protected":false},"author":2,"featured_media":0,"parent":0,"menu_order":0,"comment_status":"closed","ping_status":"closed","template":"","meta":{"_monsterinsights_skip_tracking":false,"_monsterinsights_sitenote_active":false,"_monsterinsights_sitenote_note":"","_monsterinsights_sitenote_category":0,"footnotes":""},"class_list":["post-9043","page","type-page","status-publish","hentry"],"yoast_head":"<!-- This site is optimized with the Yoast SEO plugin v27.5 - https:\/\/yoast.com\/product\/yoast-seo-wordpress\/ -->\n<title>Neuer Stra\u00dfenbelag B3 zwischen Jesberg und Richerode - Burg und Heimatverein Jesberg e.V.<\/title>\n<meta name=\"robots\" content=\"index, follow, max-snippet:-1, max-image-preview:large, max-video-preview:-1\" \/>\n<link rel=\"canonical\" href=\"https:\/\/buh-jesberg.de\/index.php\/neuer-strassenbelag-b3-zwischen-jesberg-und-richerode\/\" \/>\n<meta property=\"og:locale\" content=\"de_DE\" \/>\n<meta property=\"og:type\" content=\"article\" \/>\n<meta property=\"og:title\" content=\"Neuer Stra\u00dfenbelag B3 zwischen Jesberg und Richerode - Burg und Heimatverein Jesberg e.V.\" \/>\n<meta property=\"og:description\" content=\"Die Fahrbahn zwischen Jesberg und Richerode wurde in der Zeit vom 07.06.2025 bis zum 05.12.2026 auf einer Gesamtl\u00e4nge von 3,6 Kilometern erneuert. Der alte Asphalt wurde komplett entfernt und neu [&hellip;]\" \/>\n<meta property=\"og:url\" content=\"https:\/\/buh-jesberg.de\/index.php\/neuer-strassenbelag-b3-zwischen-jesberg-und-richerode\/\" \/>\n<meta property=\"og:site_name\" content=\"Burg und Heimatverein Jesberg e.V.\" \/>\n<meta property=\"article:modified_time\" content=\"2026-03-17T12:16:25+00:00\" \/>\n<meta name=\"twitter:card\" content=\"summary_large_image\" \/>\n<meta name=\"twitter:label1\" content=\"Gesch\u00e4tzte Lesezeit\" \/>\n\t<meta name=\"twitter:data1\" content=\"1\u00a0Minute\" \/>\n<script type=\"application\/ld+json\" class=\"yoast-schema-graph\">{\"@context\":\"https:\\\/\\\/schema.org\",\"@graph\":[{\"@type\":\"WebPage\",\"@id\":\"https:\\\/\\\/buh-jesberg.de\\\/index.php\\\/neuer-strassenbelag-b3-zwischen-jesberg-und-richerode\\\/\",\"url\":\"https:\\\/\\\/buh-jesberg.de\\\/index.php\\\/neuer-strassenbelag-b3-zwischen-jesberg-und-richerode\\\/\",\"name\":\"Neuer Stra\u00dfenbelag B3 zwischen Jesberg und Richerode - Burg und Heimatverein Jesberg e.V.\",\"isPartOf\":{\"@id\":\"https:\\\/\\\/buh-jesberg.de\\\/#website\"},\"datePublished\":\"2026-03-17T12:13:46+00:00\",\"dateModified\":\"2026-03-17T12:16:25+00:00\",\"breadcrumb\":{\"@id\":\"https:\\\/\\\/buh-jesberg.de\\\/index.php\\\/neuer-strassenbelag-b3-zwischen-jesberg-und-richerode\\\/#breadcrumb\"},\"inLanguage\":\"de\",\"potentialAction\":[{\"@type\":\"ReadAction\",\"target\":[\"https:\\\/\\\/buh-jesberg.de\\\/index.php\\\/neuer-strassenbelag-b3-zwischen-jesberg-und-richerode\\\/\"]}]},{\"@type\":\"BreadcrumbList\",\"@id\":\"https:\\\/\\\/buh-jesberg.de\\\/index.php\\\/neuer-strassenbelag-b3-zwischen-jesberg-und-richerode\\\/#breadcrumb\",\"itemListElement\":[{\"@type\":\"ListItem\",\"position\":1,\"name\":\"Startseite\",\"item\":\"https:\\\/\\\/buh-jesberg.de\\\/\"},{\"@type\":\"ListItem\",\"position\":2,\"name\":\"Neuer Stra\u00dfenbelag B3 zwischen Jesberg und Richerode\"}]},{\"@type\":\"WebSite\",\"@id\":\"https:\\\/\\\/buh-jesberg.de\\\/#website\",\"url\":\"https:\\\/\\\/buh-jesberg.de\\\/\",\"name\":\"Burg und Heimatverein Jesberg e.V.\",\"description\":\"Gemeinn\u00fctziger Verein in Jesberg\",\"publisher\":{\"@id\":\"https:\\\/\\\/buh-jesberg.de\\\/#organization\"},\"potentialAction\":[{\"@type\":\"SearchAction\",\"target\":{\"@type\":\"EntryPoint\",\"urlTemplate\":\"https:\\\/\\\/buh-jesberg.de\\\/?s={search_term_string}\"},\"query-input\":{\"@type\":\"PropertyValueSpecification\",\"valueRequired\":true,\"valueName\":\"search_term_string\"}}],\"inLanguage\":\"de\"},{\"@type\":\"Organization\",\"@id\":\"https:\\\/\\\/buh-jesberg.de\\\/#organization\",\"name\":\"Burg und Heimatverein Jesberg e.V.\",\"url\":\"https:\\\/\\\/buh-jesberg.de\\\/\",\"logo\":{\"@type\":\"ImageObject\",\"inLanguage\":\"de\",\"@id\":\"https:\\\/\\\/buh-jesberg.de\\\/#\\\/schema\\\/logo\\\/image\\\/\",\"url\":\"https:\\\/\\\/buh-jesberg.de\\\/wp-content\\\/uploads\\\/2023\\\/01\\\/Website_Logo-e1674580236324.jpg\",\"contentUrl\":\"https:\\\/\\\/buh-jesberg.de\\\/wp-content\\\/uploads\\\/2023\\\/01\\\/Website_Logo-e1674580236324.jpg\",\"width\":500,\"height\":501,\"caption\":\"Burg und Heimatverein Jesberg e.V.\"},\"image\":{\"@id\":\"https:\\\/\\\/buh-jesberg.de\\\/#\\\/schema\\\/logo\\\/image\\\/\"}}]}<\/script>\n<!-- \/ Yoast SEO plugin. -->","yoast_head_json":{"title":"Neuer Stra\u00dfenbelag B3 zwischen Jesberg und Richerode - Burg und Heimatverein Jesberg e.V.","robots":{"index":"index","follow":"follow","max-snippet":"max-snippet:-1","max-image-preview":"max-image-preview:large","max-video-preview":"max-video-preview:-1"},"canonical":"https:\/\/buh-jesberg.de\/index.php\/neuer-strassenbelag-b3-zwischen-jesberg-und-richerode\/","og_locale":"de_DE","og_type":"article","og_title":"Neuer Stra\u00dfenbelag B3 zwischen Jesberg und Richerode - Burg und Heimatverein Jesberg e.V.","og_description":"Die Fahrbahn zwischen Jesberg und Richerode wurde in der Zeit vom 07.06.2025 bis zum 05.12.2026 auf einer Gesamtl\u00e4nge von 3,6 Kilometern erneuert. Der alte Asphalt wurde komplett entfernt und neu [&hellip;]","og_url":"https:\/\/buh-jesberg.de\/index.php\/neuer-strassenbelag-b3-zwischen-jesberg-und-richerode\/","og_site_name":"Burg und Heimatverein Jesberg e.V.","article_modified_time":"2026-03-17T12:16:25+00:00","twitter_card":"summary_large_image","twitter_misc":{"Gesch\u00e4tzte Lesezeit":"1\u00a0Minute"},"schema":{"@context":"https:\/\/schema.org","@graph":[{"@type":"WebPage","@id":"https:\/\/buh-jesberg.de\/index.php\/neuer-strassenbelag-b3-zwischen-jesberg-und-richerode\/","url":"https:\/\/buh-jesberg.de\/index.php\/neuer-strassenbelag-b3-zwischen-jesberg-und-richerode\/","name":"Neuer Stra\u00dfenbelag B3 zwischen Jesberg und Richerode - Burg und Heimatverein Jesberg e.V.","isPartOf":{"@id":"https:\/\/buh-jesberg.de\/#website"},"datePublished":"2026-03-17T12:13:46+00:00","dateModified":"2026-03-17T12:16:25+00:00","breadcrumb":{"@id":"https:\/\/buh-jesberg.de\/index.php\/neuer-strassenbelag-b3-zwischen-jesberg-und-richerode\/#breadcrumb"},"inLanguage":"de","potentialAction":[{"@type":"ReadAction","target":["https:\/\/buh-jesberg.de\/index.php\/neuer-strassenbelag-b3-zwischen-jesberg-und-richerode\/"]}]},{"@type":"BreadcrumbList","@id":"https:\/\/buh-jesberg.de\/index.php\/neuer-strassenbelag-b3-zwischen-jesberg-und-richerode\/#breadcrumb","itemListElement":[{"@type":"ListItem","position":1,"name":"Startseite","item":"https:\/\/buh-jesberg.de\/"},{"@type":"ListItem","position":2,"name":"Neuer Stra\u00dfenbelag B3 zwischen Jesberg und Richerode"}]},{"@type":"WebSite","@id":"https:\/\/buh-jesberg.de\/#website","url":"https:\/\/buh-jesberg.de\/","name":"Burg und Heimatverein Jesberg e.V.","description":"Gemeinn\u00fctziger Verein in Jesberg","publisher":{"@id":"https:\/\/buh-jesberg.de\/#organization"},"potentialAction":[{"@type":"SearchAction","target":{"@type":"EntryPoint","urlTemplate":"https:\/\/buh-jesberg.de\/?s={search_term_string}"},"query-input":{"@type":"PropertyValueSpecification","valueRequired":true,"valueName":"search_term_string"}}],"inLanguage":"de"},{"@type":"Organization","@id":"https:\/\/buh-jesberg.de\/#organization","name":"Burg und Heimatverein Jesberg e.V.","url":"https:\/\/buh-jesberg.de\/","logo":{"@type":"ImageObject","inLanguage":"de","@id":"https:\/\/buh-jesberg.de\/#\/schema\/logo\/image\/","url":"https:\/\/buh-jesberg.de\/wp-content\/uploads\/2023\/01\/Website_Logo-e1674580236324.jpg","contentUrl":"https:\/\/buh-jesberg.de\/wp-content\/uploads\/2023\/01\/Website_Logo-e1674580236324.jpg","width":500,"height":501,"caption":"Burg und Heimatverein Jesberg e.V."},"image":{"@id":"https:\/\/buh-jesberg.de\/#\/schema\/logo\/image\/"}}]}},"_links":{"self":[{"href":"https:\/\/buh-jesberg.de\/index.php\/wp-json\/wp\/v2\/pages\/9043","targetHints":{"allow":["GET"]}}],"collection":[{"href":"https:\/\/buh-jesberg.de\/index.php\/wp-json\/wp\/v2\/pages"}],"about":[{"href":"https:\/\/buh-jesberg.de\/index.php\/wp-json\/wp\/v2\/types\/page"}],"author":[{"embeddable":true,"href":"https:\/\/buh-jesberg.de\/index.php\/wp-json\/wp\/v2\/users\/2"}],"replies":[{"embeddable":true,"href":"https:\/\/buh-jesberg.de\/index.php\/wp-json\/wp\/v2\/comments?post=9043"}],"version-history":[{"count":6,"href":"https:\/\/buh-jesberg.de\/index.php\/wp-json\/wp\/v2\/pages\/9043\/revisions"}],"predecessor-version":[{"id":9049,"href":"https:\/\/buh-jesberg.de\/index.php\/wp-json\/wp\/v2\/pages\/9043\/revisions\/9049"}],"wp:attachment":[{"href":"https:\/\/buh-jesberg.de\/index.php\/wp-json\/wp\/v2\/media?parent=9043"}],"curies":[{"name":"wp","href":"https:\/\/api.w.org\/{rel}","templated":true}]}}